{"id":9049,"date":"2023-05-03T14:14:14","date_gmt":"2023-05-03T12:14:14","guid":{"rendered":"https:\/\/www.alivitpharm.com\/?page_id=9049"},"modified":"2023-05-04T08:32:14","modified_gmt":"2023-05-04T06:32:14","slug":"nettle","status":"publish","type":"page","link":"https:\/\/www.alivitpharm.com\/pt\/nettle\/","title":{"rendered":"Urtiga"},"content":{"rendered":"<div data-elementor-type=\"wp-page\" data-elementor-id=\"9049\" class=\"elementor elementor-9049\">\n\t\t\t\t\t\t<section class=\"elementor-section elementor-top-section elementor-element elementor-element-f45c3fe elementor-section-content-middle elementor-section-boxed elementor-section-height-default elementor-section-height-default\" data-id=\"f45c3fe\" data-element_type=\"section\" data-e-type=\"section\" data-settings=\"{&quot;background_background&quot;:&quot;classic&quot;}\">\n\t\t\t\t\t\t\t<div class=\"elementor-background-overlay\"><\/div>\n\t\t\t\t\t\t\t<div class=\"elementor-container elementor-column-gap-default\">\n\t\t\t\t\t<div class=\"elementor-column elementor-col-100 elementor-top-column elementor-element elementor-element-32e93a7\" data-id=\"32e93a7\" data-element_type=\"column\" data-e-type=\"column\">\n\t\t\t<div class=\"elementor-widget-wrap elementor-element-populated\">\n\t\t\t\t\t\t<div class=\"elementor-element elementor-element-7e0c237 elementor-widget elementor-widget-heading\" data-id=\"7e0c237\" data-element_type=\"widget\" data-e-type=\"widget\" data-widget_type=\"heading.default\">\n\t\t\t\t<div class=\"elementor-widget-container\">\n\t\t\t\t\t<h1 class=\"elementor-heading-title elementor-size-default\">Urtiga<\/h1>\t\t\t\t<\/div>\n\t\t\t\t<\/div>\n\t\t\t\t<div class=\"elementor-element elementor-element-295dd0c elementor-widget elementor-widget-image\" data-id=\"295dd0c\" data-element_type=\"widget\" data-e-type=\"widget\" data-widget_type=\"image.default\">\n\t\t\t\t<div class=\"elementor-widget-container\">\n\t\t\t\t\t\t\t\t\t\t\t\t\t\t\t<img decoding=\"async\" width=\"75\" height=\"33\" src=\"https:\/\/www.alivitpharm.com\/wp-content\/uploads\/2019\/07\/logo-leaf-new.png\" class=\"attachment-large size-large wp-image-2518\" alt=\"\" \/>\t\t\t\t\t\t\t\t\t\t\t\t\t\t\t<\/div>\n\t\t\t\t<\/div>\n\t\t\t\t<div class=\"elementor-element elementor-element-4eaace3 elementor-widget elementor-widget-text-editor\" data-id=\"4eaace3\" data-element_type=\"widget\" data-e-type=\"widget\" data-widget_type=\"text-editor.default\">\n\t\t\t\t<div class=\"elementor-widget-container\">\n\t\t\t\t\t\t\t\t\t<p><em>Urtica dioica L. &#8211; Urticaceae<\/em><\/p>\t\t\t\t\t\t\t\t<\/div>\n\t\t\t\t<\/div>\n\t\t\t\t\t<\/div>\n\t\t<\/div>\n\t\t\t\t\t<\/div>\n\t\t<\/section>\n\t\t\t\t<section class=\"elementor-section elementor-top-section elementor-element elementor-element-b1420ef elementor-section-boxed elementor-section-height-default elementor-section-height-default\" data-id=\"b1420ef\" data-element_type=\"section\" data-e-type=\"section\" data-settings=\"{&quot;background_background&quot;:&quot;classic&quot;}\">\n\t\t\t\t\t\t<div class=\"elementor-container elementor-column-gap-default\">\n\t\t\t\t\t<div class=\"elementor-column elementor-col-100 elementor-top-column elementor-element elementor-element-fc7a4fc\" data-id=\"fc7a4fc\" data-element_type=\"column\" data-e-type=\"column\">\n\t\t\t<div class=\"elementor-widget-wrap elementor-element-populated\">\n\t\t\t\t\t\t<div class=\"elementor-element elementor-element-0a08528 elementor-widget elementor-widget-image\" data-id=\"0a08528\" data-element_type=\"widget\" data-e-type=\"widget\" data-widget_type=\"image.default\">\n\t\t\t\t<div class=\"elementor-widget-container\">\n\t\t\t\t\t\t\t\t\t\t\t\t\t\t\t<img decoding=\"async\" src=\"https:\/\/www.alivitpharm.com\/wp-content\/uploads\/2023\/05\/nettle.png\" title=\"nettle\" alt=\"Urtiga\" loading=\"lazy\" \/>\t\t\t\t\t\t\t\t\t\t\t\t\t\t\t<\/div>\n\t\t\t\t<\/div>\n\t\t\t\t<div class=\"elementor-element elementor-element-8a79aef elementor-widget elementor-widget-text-editor\" data-id=\"8a79aef\" data-element_type=\"widget\" data-e-type=\"widget\" data-widget_type=\"text-editor.default\">\n\t\t\t\t<div class=\"elementor-widget-container\">\n\t\t\t\t\t\t\t\t\t<p><span class=\"jCAhz ChMk0b\"><span class=\"ryNqvb\"><strong>Urtiga<\/strong> uma planta herb\u00e1cea perene, pertencente \u00e0 <em>Urticaceae<\/em> fam\u00edlia.<\/span><\/span> <span class=\"jCAhz ChMk0b\"><span class=\"ryNqvb\">O caule \u00e9 ereto e quadrangular, e as folhas s\u00e3o opostas, ovado-lanceoladas, com pec\u00edolos.<\/span><\/span> <span class=\"jCAhz ChMk0b\"><span class=\"ryNqvb\">Tanto os caules quanto as folhas est\u00e3o cobertos de pelos.<\/span><\/span> <span class=\"jCAhz ChMk0b\"><span class=\"ryNqvb\">As flores s\u00e3o esverdeadas e agrupadas em infloresc\u00eancias, e o fruto \u00e9 uma n\u00facula.<\/span><\/span> <span class=\"jCAhz ChMk0b\"><span class=\"ryNqvb\">Esta esp\u00e9cie cosmopolita cresce em torno de casas, ao longo de estradas, em habitats ricos em nitratos. <\/span><\/span><span class=\"jCAhz ChMk0b\"><span class=\"ryNqvb\">\u00c9 encontrada em muitos pa\u00edses da \u00c1sia Meridional, no subcontinente indiano, e tem sido usada h\u00e1 muito tempo como planta medicinal na medicina tradicional.<\/span><\/span><\/p><p><span class=\"jCAhz ChMk0b\"><span class=\"ryNqvb\">As partes medicinais da planta s\u00e3o as sementes, folhas e ra\u00edzes.<\/span><\/span> <span class=\"jCAhz ChMk0b\"><span class=\"ryNqvb\">No nosso preparado, utilizamos o extrato de uma mistura de folhas e ra\u00edzes de urtiga.<\/span><\/span> <span class=\"jCAhz ChMk0b\"><span class=\"ryNqvb\">A urtiga \u00e9 usada como auxiliar no tratamento de v\u00e1rias doen\u00e7as, como nefrite, hemat\u00faria, icter\u00edcia, artrite e reumatismo.<\/span><\/span> <span class=\"jCAhz ChMk0b\"><span class=\"ryNqvb\">A folha da urtiga cont\u00e9m \u00e1cidos org\u00e2nicos (f\u00f3rmico e ox\u00e1lico), aminas livres (acetilcolina, beta\u00edna, colina, histamina, serotonina), flavonoides, carotenoides, taninos e cumarinas, enquanto a raiz cont\u00e9m polissacar\u00eddeos, lectinas, cumarinas e triterpenos.<\/span><\/span>\u00a0<span class=\"jCAhz ChMk0b\"><span class=\"ryNqvb\">Al\u00e9m disso, a urtiga \u00e9 rica em ferro e vitamina C.<\/span><\/span><\/p>\t\t\t\t\t\t\t\t<\/div>\n\t\t\t\t<\/div>\n\t\t\t\t<div class=\"elementor-element elementor-element-10bc6f2 elementor-widget elementor-widget-image\" data-id=\"10bc6f2\" data-element_type=\"widget\" data-e-type=\"widget\" data-widget_type=\"image.default\">\n\t\t\t\t<div class=\"elementor-widget-container\">\n\t\t\t\t\t\t\t\t\t\t\t\t\t\t\t<img decoding=\"async\" src=\"https:\/\/www.alivitpharm.com\/wp-content\/uploads\/2022\/09\/leaves.png\" title=\"leaves\" alt=\"Leaves\" loading=\"lazy\" \/>\t\t\t\t\t\t\t\t\t\t\t\t\t\t\t<\/div>\n\t\t\t\t<\/div>\n\t\t\t\t<div class=\"elementor-element elementor-element-39d2f54 elementor-widget elementor-widget-text-editor\" data-id=\"39d2f54\" data-element_type=\"widget\" data-e-type=\"widget\" data-widget_type=\"text-editor.default\">\n\t\t\t\t<div class=\"elementor-widget-container\">\n\t\t\t\t\t\t\t\t\t<p>Devido ao grande n\u00famero de compostos bioativos, a urtiga apresenta diversas atividades farmacol\u00f3gicas, como antibacteriana, antioxidante, analg\u00e9sica, anti-inflamat\u00f3ria, antiviral, imunomoduladora, hepatoprotetora, anticancer\u00edgena e antial\u00e9rgica. Os extratos das folhas e ra\u00edzes da urtiga t\u00eam sido objeto de estudo em muitas pesquisas, pelo que as suas atividades farmacol\u00f3gicas s\u00e3o conhecidas h\u00e1 muito tempo. Estudos demonstraram que a urtiga \u00e9 tradicionalmente utilizada no controlo de doen\u00e7as cardiovasculares, especialmente hipertens\u00e3o. Tamb\u00e9m foi comprovado que o extrato das folhas da urtiga tem efeito ben\u00e9fico sobre os n\u00edveis de glicose no sangue, sendo igualmente usado como anti-inflamat\u00f3rio no tratamento da artrite reumatoide. Um dado muito relevante \u00e9 que o extrato desta planta mostrou efeito significativo no tratamento do c\u00e2ncer de mama, especialmente em pacientes em terapia com paclitaxel, pois a urtiga aumentou a sensibilidade das c\u00e9lulas tumorais ao medicamento. <span class=\"jCAhz ChMk0b\"><span class=\"ryNqvb\">A urtiga pode ser recomendada em casos de hemorragias menstruais intensas, hemorragias hemorroid\u00e1rias, como diur\u00e9tico (promove a elimina\u00e7\u00e3o de l\u00edquidos do organismo, podendo tamb\u00e9m ser \u00fatil em infe\u00e7\u00f5es urin\u00e1rias de diferentes tipos), e tem aplica\u00e7\u00e3o como coadjuvante no tratamento de adenomas benignos ou malignos da pr\u00f3stata<\/span><\/span> <span class=\"jCAhz ChMk0b\"><span class=\"ryNqvb\">.<\/span><\/span><\/p>\t\t\t\t\t\t\t\t<\/div>\n\t\t\t\t<\/div>\n\t\t\t\t<div class=\"elementor-element elementor-element-98ec0d6 elementor-widget elementor-widget-heading\" data-id=\"98ec0d6\" data-element_type=\"widget\" data-e-type=\"widget\" data-widget_type=\"heading.default\">\n\t\t\t\t<div class=\"elementor-widget-container\">\n\t\t\t\t\t<h4 class=\"elementor-heading-title elementor-size-default\">Refer\u00eancias<\/h4>\t\t\t\t<\/div>\n\t\t\t\t<\/div>\n\t\t\t\t<div class=\"elementor-element elementor-element-93dfb46 elementor-widget elementor-widget-text-editor\" data-id=\"93dfb46\" data-element_type=\"widget\" data-e-type=\"widget\" data-widget_type=\"text-editor.default\">\n\t\t\t\t<div class=\"elementor-widget-container\">\n\t\t\t\t\t\t\t\t\t<ul><li><a class=\"reference-link\" href=\"https:\/\/pubmed.ncbi.nlm.nih.gov\/32981268\/\" target=\"_blank\" rel=\"noopener\">Urtica Dioica Root Extract on Clinical and Biochemical Parameters in Patients with Benign Prostatic Hyperplasia, Randomized Controlled Trial<\/a><\/li><li><a class=\"reference-link\" href=\"http:\/\/www.greenpharmacy.info\/index.php\/ijgp\/article\/view\/414\" target=\"_blank\" rel=\"noopener\">PHARMACOGNOSTICAL REVIEW OF URTICA DIOICA L.<\/a><\/li><li><a class=\"reference-link\" href=\"https:\/\/www.sciencedirect.com\/science\/article\/abs\/pii\/S0079610719300987\" target=\"_blank\" rel=\"noopener\">Screening of pharmacological uses of Urtica dioica and others benefits<\/a><\/li><li><a class=\"reference-link\" href=\"https:\/\/www.scirp.org\/html\/4-8801106_22709.htm\" target=\"_blank\" rel=\"noopener\">Pharmacognostic Evaluation and Antioxidant Activity of Urtica dioica L.<\/a><\/li><\/ul>\t\t\t\t\t\t\t\t<\/div>\n\t\t\t\t<\/div>\n\t\t\t\t\t<\/div>\n\t\t<\/div>\n\t\t\t\t\t<\/div>\n\t\t<\/section>\n\t\t\t\t<\/div>","protected":false},"excerpt":{"rendered":"<p>Nettle Urtica dioica L. &#8211; Urticaceae Nettle is a herbaceous, perennial plant that belongs to the Urticaceae family. The tree is upright and square, the leaves are on petioles, opposite, ovate-lanceolate. Stems and leaves are covered with hairs. The flowers are greenish, collected in inflorescences, and the fruit is a nut. The cosmopolitan species grows &hellip;<\/p>\n<p class=\"read-more\"> <a class=\"\" href=\"https:\/\/www.alivitpharm.com\/pt\/nettle\/\"> <span class=\"screen-reader-text\">Urtiga<\/span> Read More &raquo;<\/a><\/p>","protected":false},"author":9,"featured_media":0,"parent":0,"menu_order":0,"comment_status":"closed","ping_status":"closed","template":"","meta":{"site-sidebar-layout":"no-sidebar","site-content-layout":"page-builder","ast-global-header-display":"","ast-main-header-display":"","ast-hfb-above-header-display":"","ast-hfb-below-header-display":"","ast-hfb-mobile-header-display":"","site-post-title":"disabled","ast-breadcrumbs-content":"","ast-featured-img":"disabled","footer-sml-layout":"","theme-transparent-header-meta":"","adv-header-id-meta":"","stick-header-meta":"","header-above-stick-meta":"","header-main-stick-meta":"","header-below-stick-meta":"","footnotes":""},"class_list":["post-9049","page","type-page","status-publish","hentry"],"_links":{"self":[{"href":"https:\/\/www.alivitpharm.com\/pt\/wp-json\/wp\/v2\/pages\/9049","targetHints":{"allow":["GET"]}}],"collection":[{"href":"https:\/\/www.alivitpharm.com\/pt\/wp-json\/wp\/v2\/pages"}],"about":[{"href":"https:\/\/www.alivitpharm.com\/pt\/wp-json\/wp\/v2\/types\/page"}],"author":[{"embeddable":true,"href":"https:\/\/www.alivitpharm.com\/pt\/wp-json\/wp\/v2\/users\/9"}],"replies":[{"embeddable":true,"href":"https:\/\/www.alivitpharm.com\/pt\/wp-json\/wp\/v2\/comments?post=9049"}],"version-history":[{"count":0,"href":"https:\/\/www.alivitpharm.com\/pt\/wp-json\/wp\/v2\/pages\/9049\/revisions"}],"wp:attachment":[{"href":"https:\/\/www.alivitpharm.com\/pt\/wp-json\/wp\/v2\/media?parent=9049"}],"curies":[{"name":"wp","href":"https:\/\/api.w.org\/{rel}","templated":true}]}}