{"id":9078,"date":"2023-05-04T09:48:25","date_gmt":"2023-05-04T07:48:25","guid":{"rendered":"https:\/\/www.alivitpharm.com\/?page_id=9078"},"modified":"2023-05-04T13:00:38","modified_gmt":"2023-05-04T11:00:38","slug":"hoary-willowherb","status":"publish","type":"page","link":"https:\/\/www.alivitpharm.com\/pt\/hoary-willowherb\/","title":{"rendered":"Verbena"},"content":{"rendered":"<div data-elementor-type=\"wp-page\" data-elementor-id=\"9078\" class=\"elementor elementor-9078\">\n\t\t\t\t\t\t<section class=\"elementor-section elementor-top-section elementor-element elementor-element-8b91b07 elementor-section-content-middle elementor-section-boxed elementor-section-height-default elementor-section-height-default\" data-id=\"8b91b07\" data-element_type=\"section\" data-e-type=\"section\" data-settings=\"{&quot;background_background&quot;:&quot;classic&quot;}\">\n\t\t\t\t\t\t\t<div class=\"elementor-background-overlay\"><\/div>\n\t\t\t\t\t\t\t<div class=\"elementor-container elementor-column-gap-default\">\n\t\t\t\t\t<div class=\"elementor-column elementor-col-100 elementor-top-column elementor-element elementor-element-3d8d1c0\" data-id=\"3d8d1c0\" data-element_type=\"column\" data-e-type=\"column\">\n\t\t\t<div class=\"elementor-widget-wrap elementor-element-populated\">\n\t\t\t\t\t\t<div class=\"elementor-element elementor-element-84f16a6 elementor-widget elementor-widget-heading\" data-id=\"84f16a6\" data-element_type=\"widget\" data-e-type=\"widget\" data-widget_type=\"heading.default\">\n\t\t\t\t<div class=\"elementor-widget-container\">\n\t\t\t\t\t<h1 class=\"elementor-heading-title elementor-size-default\">Verbena<\/h1>\t\t\t\t<\/div>\n\t\t\t\t<\/div>\n\t\t\t\t<div class=\"elementor-element elementor-element-e79260b elementor-widget elementor-widget-image\" data-id=\"e79260b\" data-element_type=\"widget\" data-e-type=\"widget\" data-widget_type=\"image.default\">\n\t\t\t\t<div class=\"elementor-widget-container\">\n\t\t\t\t\t\t\t\t\t\t\t\t\t\t\t<img decoding=\"async\" width=\"75\" height=\"33\" src=\"https:\/\/www.alivitpharm.com\/wp-content\/uploads\/2019\/07\/logo-leaf-new.png\" class=\"attachment-large size-large wp-image-2518\" alt=\"\" \/>\t\t\t\t\t\t\t\t\t\t\t\t\t\t\t<\/div>\n\t\t\t\t<\/div>\n\t\t\t\t<div class=\"elementor-element elementor-element-636e740 elementor-widget elementor-widget-text-editor\" data-id=\"636e740\" data-element_type=\"widget\" data-e-type=\"widget\" data-widget_type=\"text-editor.default\">\n\t\t\t\t<div class=\"elementor-widget-container\">\n\t\t\t\t\t\t\t\t\t<p><em>Epilobium parviflorum L. &#8211; Onagraceae<\/em><\/p>\t\t\t\t\t\t\t\t<\/div>\n\t\t\t\t<\/div>\n\t\t\t\t\t<\/div>\n\t\t<\/div>\n\t\t\t\t\t<\/div>\n\t\t<\/section>\n\t\t\t\t<section class=\"elementor-section elementor-top-section elementor-element elementor-element-32f898c elementor-section-boxed elementor-section-height-default elementor-section-height-default\" data-id=\"32f898c\" data-element_type=\"section\" data-e-type=\"section\" data-settings=\"{&quot;background_background&quot;:&quot;classic&quot;}\">\n\t\t\t\t\t\t<div class=\"elementor-container elementor-column-gap-default\">\n\t\t\t\t\t<div class=\"elementor-column elementor-col-100 elementor-top-column elementor-element elementor-element-4c2299e\" data-id=\"4c2299e\" data-element_type=\"column\" data-e-type=\"column\">\n\t\t\t<div class=\"elementor-widget-wrap elementor-element-populated\">\n\t\t\t\t\t\t<div class=\"elementor-element elementor-element-7386a41 elementor-widget elementor-widget-image\" data-id=\"7386a41\" data-element_type=\"widget\" data-e-type=\"widget\" data-widget_type=\"image.default\">\n\t\t\t\t<div class=\"elementor-widget-container\">\n\t\t\t\t\t\t\t\t\t\t\t\t\t\t\t<img decoding=\"async\" src=\"https:\/\/www.alivitpharm.com\/wp-content\/uploads\/2023\/05\/hoary-willowherb.jpg\" title=\"hoary-willowherb\" alt=\"Verbena\" loading=\"lazy\" \/>\t\t\t\t\t\t\t\t\t\t\t\t\t\t\t<\/div>\n\t\t\t\t<\/div>\n\t\t\t\t<div class=\"elementor-element elementor-element-b4475f1 elementor-widget elementor-widget-text-editor\" data-id=\"b4475f1\" data-element_type=\"widget\" data-e-type=\"widget\" data-widget_type=\"text-editor.default\">\n\t\t\t\t<div class=\"elementor-widget-container\">\n\t\t\t\t\t\t\t\t\t<p><span class=\"jCAhz ChMk0b\"><span class=\"ryNqvb\"><strong>A Verbena<\/strong> \u00e9 geralmente utilizada como planta medicinal na Europa Central.<\/span><\/span> <span class=\"jCAhz ChMk0b\"><span class=\"ryNqvb\">\u00c9 uma planta perene, amplamente distribu\u00edda por toda a Europa.<\/span><\/span> <span class=\"jCAhz ChMk0b\"><span class=\"ryNqvb\">O seu caule atinge entre 30 cm e 80 cm de altura, \u00e9 ereto e coberto de pelos.<\/span><\/span> <span class=\"jCAhz ChMk0b\"><span class=\"ryNqvb\">As folhas s\u00e3o longas, ovais e dentadas, crescendo opostas umas \u00e0s outras.<\/span><\/span> <span class=\"jCAhz ChMk0b\"><span class=\"ryNqvb\">As pequenas flores t\u00eam quatro p\u00e9talas, de cor rosa p\u00e1lido ou lil\u00e1s, e geralmente florescem de junho a agosto.<\/span><\/span> <span class=\"jCAhz ChMk0b\"><span class=\"ryNqvb\">O fruto \u00e9 uma c\u00e1psula que cont\u00e9m pequenas sementes pretas.<\/span><\/span><\/p><p><span class=\"jCAhz ChMk0b\"><span class=\"ryNqvb\">A parte medicinal da verbena \u00e9 a parte a\u00e9rea da planta e cont\u00e9m numerosos componentes ativos, tais como: fitoester\u00f3is, polifen\u00f3is, taninos, flavonoides (miricetina, quercetina, kaempferol), beta-sitoster\u00f3is e os seus \u00e9steres e glicos\u00eddeos, bem como \u00e1cidos org\u00e2nicos (\u00e1cido g\u00e1lico, el\u00e1gico, cafeico<\/span><\/span><span class=\"jCAhz ChMk0b\"><span class=\"ryNqvb\">, clorog\u00e9nico).<\/span><\/span> <span class=\"jCAhz ChMk0b\"><span class=\"ryNqvb\">Pesquisas demonstraram que o principal tanino presente na verbena \u00e9 o tanino macroc\u00edclico oenote\u00edna B, enquanto o principal flavonoide \u00e9 o miricitrina.<\/span><\/span><\/p>\t\t\t\t\t\t\t\t<\/div>\n\t\t\t\t<\/div>\n\t\t\t\t<div class=\"elementor-element elementor-element-f274646 elementor-widget elementor-widget-image\" data-id=\"f274646\" data-element_type=\"widget\" data-e-type=\"widget\" data-widget_type=\"image.default\">\n\t\t\t\t<div class=\"elementor-widget-container\">\n\t\t\t\t\t\t\t\t\t\t\t\t\t\t\t<img decoding=\"async\" src=\"https:\/\/www.alivitpharm.com\/wp-content\/uploads\/2022\/09\/leaves.png\" title=\"leaves\" alt=\"Leaves\" loading=\"lazy\" \/>\t\t\t\t\t\t\t\t\t\t\t\t\t\t\t<\/div>\n\t\t\t\t<\/div>\n\t\t\t\t<div class=\"elementor-element elementor-element-df45833 elementor-widget elementor-widget-text-editor\" data-id=\"df45833\" data-element_type=\"widget\" data-e-type=\"widget\" data-widget_type=\"text-editor.default\">\n\t\t\t\t<div class=\"elementor-widget-container\">\n\t\t\t\t\t\t\t\t\t<p><span class=\"jCAhz ChMk0b\"><span class=\"ryNqvb\">Esta planta \u00e9 utilizada no tratamento de dist\u00farbios da pr\u00f3stata e o seu uso \u00e9 especialmente recomendado para pacientes diagnosticados com hiperplasia benigna da pr\u00f3stata (HBP).<\/span><\/span> <span class=\"jCAhz ChMk0b\"><span class=\"ryNqvb\">Na literatura, \u00e9 mencionada a atividade antimicrobiana e anti-inflamat\u00f3ria (inibidor da COX) do epil\u00f3bio, pelo que, al\u00e9m de ter efeitos positivos em doen\u00e7as da pr\u00f3stata, tamb\u00e9m \u00e9 recomendado em doen\u00e7as da bexiga e rins.<\/span><\/span> <span class=\"jCAhz ChMk0b\"><span class=\"ryNqvb\">No que diz respeito \u00e0 atividade antimicrobiana, foi demonstrado que o epil\u00f3bio atua fortemente contra bact\u00e9rias e fungos, tais como: <em>Staphylococcus aureus<\/em>, <em>Enterococcus faecalis<\/em>, <em>Escherichia coli<\/em>, <em>Pseudomonas aeruginosa<\/em> e <em>Candida albicans<\/em>.<\/span><\/span> <span class=\"jCAhz ChMk0b\"><span class=\"ryNqvb\">A presen\u00e7a de flavonoides e fitoster\u00f3is inibe a s\u00edntese de prostaglandinas e, assim, previne a ocorr\u00eancia de processos inflamat\u00f3rios.<\/span><\/span> <span class=\"jCAhz ChMk0b\"><span class=\"ryNqvb\">Foi demonstrado que o principal componente t\u00e2nico, oenote\u00edna B, inibe a enzima 5\u03b1-redutase, um dos principais mecanismos de a\u00e7\u00e3o dos medicamentos convencionais para o tratamento da HBP.<\/span><\/span> <span class=\"jCAhz ChMk0b\"><span class=\"ryNqvb\">A hiperplasia benigna da pr\u00f3stata \u00e9 considerada uma doen\u00e7a complexa, com m\u00faltiplos sintomas.<\/span><\/span> <span class=\"jCAhz ChMk0b\"><span class=\"ryNqvb\">Acredita-se que seja um dist\u00farbio end\u00f3crino causado pelo desequil\u00edbrio hormonal e pelo aumento da concentra\u00e7\u00e3o de prostaglandinas e leucotrienos.<\/span><\/span> <span class=\"jCAhz ChMk0b\"><span class=\"ryNqvb\">Tudo isto sugere que o epil\u00f3bio tem uma aplica\u00e7\u00e3o muito justificada nestas condi\u00e7\u00f5es, devido ao seu efeito anti-inflamat\u00f3rio e antioxidante.<\/span><\/span><\/p><p><span class=\"jCAhz ChMk0b\"><span class=\"ryNqvb\">O cancro \u00e9 a segunda principal causa de morte no mundo, ap\u00f3s as doen\u00e7as cardiovasculares.<\/span><\/span> <span class=\"jCAhz ChMk0b\"><span class=\"ryNqvb\">Os procedimentos terap\u00eauticos atuais para o tratamento do cancro envolvem v\u00e1rios efeitos adversos, pelo que h\u00e1 um interesse crescente no desenvolvimento de produtos naturais que possam ter grande import\u00e2ncia tanto na preven\u00e7\u00e3o como no tratamento destas doen\u00e7as.<\/span><\/span> <span class=\"jCAhz ChMk0b\"><span class=\"ryNqvb\">Entre estas plantas, o epil\u00f3bio, esp\u00e9cie <em>Epilobium parviflorum<\/em>, demonstrou um efeito positivo significativo no tratamento do cancro da pr\u00f3stata, devido \u00e0 sua a\u00e7\u00e3o antiproliferativa e apopt\u00f3tica.<\/span><\/span><\/p>\t\t\t\t\t\t\t\t<\/div>\n\t\t\t\t<\/div>\n\t\t\t\t<div class=\"elementor-element elementor-element-d0ee5bf elementor-widget elementor-widget-heading\" data-id=\"d0ee5bf\" data-element_type=\"widget\" data-e-type=\"widget\" data-widget_type=\"heading.default\">\n\t\t\t\t<div class=\"elementor-widget-container\">\n\t\t\t\t\t<h4 class=\"elementor-heading-title elementor-size-default\">Refer\u00eancias<\/h4>\t\t\t\t<\/div>\n\t\t\t\t<\/div>\n\t\t\t\t<div class=\"elementor-element elementor-element-87bfaf1 elementor-widget elementor-widget-text-editor\" data-id=\"87bfaf1\" data-element_type=\"widget\" data-e-type=\"widget\" data-widget_type=\"text-editor.default\">\n\t\t\t\t<div class=\"elementor-widget-container\">\n\t\t\t\t\t\t\t\t\t<ul><li><a class=\"reference-link\" href=\"https:\/\/pubmed.ncbi.nlm.nih.gov\/19107731\/\" target=\"_blank\" rel=\"noopener\">Antioxidant and antiinflammatory effect of Epilobium parviflorum Schreb<\/a><\/li><li><a class=\"reference-link\" href=\"https:\/\/europepmc.org\/article\/med\/19526676\" target=\"_blank\" rel=\"noopener\">Epilobium parviflorum&#8211;in vitro study of biological action<\/a><\/li><li><a class=\"reference-link\" href=\"http:\/\/ijt.arakmu.ac.ir\/browse.php?a_id=918&amp;slc_lang=en&amp;sid=1&amp;ftxt=1&amp;html=1\" target=\"_blank\" rel=\"noopener\">The Extracts of Epilobium Parviflorum Inhibit MCF-7 Breast Cancer Cells<\/a><\/li><\/ul>\t\t\t\t\t\t\t\t<\/div>\n\t\t\t\t<\/div>\n\t\t\t\t\t<\/div>\n\t\t<\/div>\n\t\t\t\t\t<\/div>\n\t\t<\/section>\n\t\t\t\t<\/div>","protected":false},"excerpt":{"rendered":"<p>Hoary Willowherb Epilobium parviflorum L. &#8211; Onagraceae Hoary willowherb is commonly used as a medicinal plant in Central Europe. It is a perennial plant, and it is widespread throughout Europe. Its tree reaches a height of 30 cm to 80 cm, it is upright and covered with hairs. The leaves are long, oval and toothed, &hellip;<\/p>\n<p class=\"read-more\"> <a class=\"\" href=\"https:\/\/www.alivitpharm.com\/pt\/hoary-willowherb\/\"> <span class=\"screen-reader-text\">Verbena<\/span> Read More &raquo;<\/a><\/p>","protected":false},"author":9,"featured_media":0,"parent":0,"menu_order":0,"comment_status":"closed","ping_status":"closed","template":"","meta":{"site-sidebar-layout":"no-sidebar","site-content-layout":"page-builder","ast-global-header-display":"","ast-main-header-display":"","ast-hfb-above-header-display":"","ast-hfb-below-header-display":"","ast-hfb-mobile-header-display":"","site-post-title":"disabled","ast-breadcrumbs-content":"","ast-featured-img":"disabled","footer-sml-layout":"","theme-transparent-header-meta":"","adv-header-id-meta":"","stick-header-meta":"","header-above-stick-meta":"","header-main-stick-meta":"","header-below-stick-meta":"","footnotes":""},"class_list":["post-9078","page","type-page","status-publish","hentry"],"_links":{"self":[{"href":"https:\/\/www.alivitpharm.com\/pt\/wp-json\/wp\/v2\/pages\/9078","targetHints":{"allow":["GET"]}}],"collection":[{"href":"https:\/\/www.alivitpharm.com\/pt\/wp-json\/wp\/v2\/pages"}],"about":[{"href":"https:\/\/www.alivitpharm.com\/pt\/wp-json\/wp\/v2\/types\/page"}],"author":[{"embeddable":true,"href":"https:\/\/www.alivitpharm.com\/pt\/wp-json\/wp\/v2\/users\/9"}],"replies":[{"embeddable":true,"href":"https:\/\/www.alivitpharm.com\/pt\/wp-json\/wp\/v2\/comments?post=9078"}],"version-history":[{"count":0,"href":"https:\/\/www.alivitpharm.com\/pt\/wp-json\/wp\/v2\/pages\/9078\/revisions"}],"wp:attachment":[{"href":"https:\/\/www.alivitpharm.com\/pt\/wp-json\/wp\/v2\/media?parent=9078"}],"curies":[{"name":"wp","href":"https:\/\/api.w.org\/{rel}","templated":true}]}}