{"id":9896,"date":"2023-12-21T09:34:45","date_gmt":"2023-12-21T07:34:45","guid":{"rendered":"https:\/\/www.alivitpharm.com\/?page_id=9896"},"modified":"2023-12-22T09:09:35","modified_gmt":"2023-12-22T07:09:35","slug":"parsley","status":"publish","type":"page","link":"https:\/\/www.alivitpharm.com\/pt\/parsley\/","title":{"rendered":"Salsa"},"content":{"rendered":"<div data-elementor-type=\"wp-page\" data-elementor-id=\"9896\" class=\"elementor elementor-9896\">\n\t\t\t\t\t\t<section class=\"elementor-section elementor-top-section elementor-element elementor-element-442d962 elementor-section-content-middle elementor-section-boxed elementor-section-height-default elementor-section-height-default\" data-id=\"442d962\" data-element_type=\"section\" data-e-type=\"section\" data-settings=\"{&quot;background_background&quot;:&quot;classic&quot;}\">\n\t\t\t\t\t\t\t<div class=\"elementor-background-overlay\"><\/div>\n\t\t\t\t\t\t\t<div class=\"elementor-container elementor-column-gap-default\">\n\t\t\t\t\t<div class=\"elementor-column elementor-col-100 elementor-top-column elementor-element elementor-element-d0dcbed\" data-id=\"d0dcbed\" data-element_type=\"column\" data-e-type=\"column\">\n\t\t\t<div class=\"elementor-widget-wrap elementor-element-populated\">\n\t\t\t\t\t\t<div class=\"elementor-element elementor-element-50ce098 elementor-widget elementor-widget-heading\" data-id=\"50ce098\" data-element_type=\"widget\" data-e-type=\"widget\" data-widget_type=\"heading.default\">\n\t\t\t\t<div class=\"elementor-widget-container\">\n\t\t\t\t\t<h1 class=\"elementor-heading-title elementor-size-default\">Salsa<\/h1>\t\t\t\t<\/div>\n\t\t\t\t<\/div>\n\t\t\t\t<div class=\"elementor-element elementor-element-fb6294f elementor-widget elementor-widget-image\" data-id=\"fb6294f\" data-element_type=\"widget\" data-e-type=\"widget\" data-widget_type=\"image.default\">\n\t\t\t\t<div class=\"elementor-widget-container\">\n\t\t\t\t\t\t\t\t\t\t\t\t\t\t\t<img decoding=\"async\" width=\"75\" height=\"33\" src=\"https:\/\/www.alivitpharm.com\/wp-content\/uploads\/2019\/07\/logo-leaf-new.png\" class=\"attachment-large size-large wp-image-2518\" alt=\"\" \/>\t\t\t\t\t\t\t\t\t\t\t\t\t\t\t<\/div>\n\t\t\t\t<\/div>\n\t\t\t\t<div class=\"elementor-element elementor-element-2d0cb70 elementor-widget elementor-widget-text-editor\" data-id=\"2d0cb70\" data-element_type=\"widget\" data-e-type=\"widget\" data-widget_type=\"text-editor.default\">\n\t\t\t\t<div class=\"elementor-widget-container\">\n\t\t\t\t\t\t\t\t\t<p><em>Petroselinum crispus L. &#8211; Apiaceae<\/em><\/p>\t\t\t\t\t\t\t\t<\/div>\n\t\t\t\t<\/div>\n\t\t\t\t\t<\/div>\n\t\t<\/div>\n\t\t\t\t\t<\/div>\n\t\t<\/section>\n\t\t\t\t<section class=\"elementor-section elementor-top-section elementor-element elementor-element-9e3776a elementor-section-boxed elementor-section-height-default elementor-section-height-default\" data-id=\"9e3776a\" data-element_type=\"section\" data-e-type=\"section\" data-settings=\"{&quot;background_background&quot;:&quot;classic&quot;}\">\n\t\t\t\t\t\t<div class=\"elementor-container elementor-column-gap-default\">\n\t\t\t\t\t<div class=\"elementor-column elementor-col-100 elementor-top-column elementor-element elementor-element-85c3258\" data-id=\"85c3258\" data-element_type=\"column\" data-e-type=\"column\">\n\t\t\t<div class=\"elementor-widget-wrap elementor-element-populated\">\n\t\t\t\t\t\t<div class=\"elementor-element elementor-element-209e9a7 elementor-widget elementor-widget-image\" data-id=\"209e9a7\" data-element_type=\"widget\" data-e-type=\"widget\" data-widget_type=\"image.default\">\n\t\t\t\t<div class=\"elementor-widget-container\">\n\t\t\t\t\t\t\t\t\t\t\t\t\t\t\t<img decoding=\"async\" src=\"https:\/\/www.alivitpharm.com\/wp-content\/uploads\/2023\/12\/parsley.png\" title=\"parsley\" alt=\"Salsa\" loading=\"lazy\" \/>\t\t\t\t\t\t\t\t\t\t\t\t\t\t\t<\/div>\n\t\t\t\t<\/div>\n\t\t\t\t<div class=\"elementor-element elementor-element-ad3e4c1 elementor-widget elementor-widget-text-editor\" data-id=\"ad3e4c1\" data-element_type=\"widget\" data-e-type=\"widget\" data-widget_type=\"text-editor.default\">\n\t\t\t\t<div class=\"elementor-widget-container\">\n\t\t\t\t\t\t\t\t\t<p><span class=\"JLqJ4b ChMk0b\"><span class=\"Q4iAWc\"><strong>Salsa<\/strong> i<span class=\"jCAhz ChMk0b\"><span class=\"ryNqvb\">\u00e9 uma planta bienal cultivada.<\/span><\/span> <span class=\"jCAhz ChMk0b\"><span class=\"ryNqvb\">A raiz \u00e9 fusiforme.<\/span><\/span> <span class=\"jCAhz ChMk0b\"><span class=\"ryNqvb\">No primeiro ano desenvolve-se uma roseta de folhas composta por folhas profundamente divididas, de cor verde-clara.<\/span><\/span> <span class=\"jCAhz ChMk0b\"><span class=\"ryNqvb\">As partes medicinais da planta s\u00e3o a raiz e as folhas secas.<\/span><\/span> <span class=\"jCAhz ChMk0b\"><span class=\"ryNqvb\">As partes medicinais da planta s\u00e3o a raiz e as folhas secas.<\/span><\/span> <span class=\"jCAhz ChMk0b\"><span class=\"ryNqvb\">\u00c9 cultivada h\u00e1 mais de 2000 anos no sudeste da Europa e na \u00c1sia Ocidental.<\/span><\/span> <span class=\"jCAhz ChMk0b\"><span class=\"ryNqvb\">As propriedades medicinais da salsa foram mencionadas pela primeira vez na Gr\u00e9cia Antiga<\/span><\/span><\/span><\/span><span style=\"font-size: 16px;\">.<\/span><\/p><p><span class=\"jCAhz ChMk0b\"><span class=\"ryNqvb\">A raiz cont\u00e9m 0,1\u20130,5% de \u00f3leo essencial, cujos componentes mais abundantes s\u00e3o compostos fenilpropan\u00f3ides, como apiol e miristicina.<\/span><\/span> <span class=\"jCAhz ChMk0b\"><span class=\"ryNqvb\">Al\u00e9m disso, a raiz da salsa cont\u00e9m heter\u00f3sidos flavonoides (apiina, apios\u00eddeo), furanocumarinas, poliacetilenos, a\u00e7\u00facares e mucilagens.<\/span><\/span> <span class=\"jCAhz ChMk0b\"><span class=\"ryNqvb\">A folha da salsa, al\u00e9m do \u00f3leo essencial, cont\u00e9m flavonoides, vitaminas A, B1, B2 e vitamina C. A salsa possui efeito diur\u00e9tico (estimula a excre\u00e7\u00e3o urin\u00e1ria) e apresenta a\u00e7\u00e3o levemente espasmol\u00edtica (relaxamento da musculatura lisa do trato urin\u00e1rio), podendo ser recomendada<\/span><\/span> <span class=\"jCAhz ChMk0b\"><span class=\"ryNqvb\">para aliviar c\u00f3licas em doen\u00e7as do sistema urin\u00e1rio de homens e mulheres.<\/span><\/span> <span class=\"jCAhz ChMk0b\"><span class=\"ryNqvb\">O \u00f3leo essencial de salsa demonstra efeito antioxidante e anti-inflamat\u00f3rio, bloqueia canais de c\u00e1lcio (no trato intestinal e no \u00fatero) e possui efeito antitumoral, podendo ser recomendado como preven\u00e7\u00e3o do c\u00e2ncer.<\/span><\/span> <span class=\"jCAhz ChMk0b\"><span class=\"ryNqvb\">Al\u00e9m disso, a salsa apresenta efeito imunomodulador, modificando a atividade das c\u00e9lulas do sistema imunol\u00f3gico.<\/span><\/span><\/p>\t\t\t\t\t\t\t\t<\/div>\n\t\t\t\t<\/div>\n\t\t\t\t<div class=\"elementor-element elementor-element-4535db9 elementor-widget elementor-widget-image\" data-id=\"4535db9\" data-element_type=\"widget\" data-e-type=\"widget\" data-widget_type=\"image.default\">\n\t\t\t\t<div class=\"elementor-widget-container\">\n\t\t\t\t\t\t\t\t\t\t\t\t\t\t\t<img decoding=\"async\" src=\"https:\/\/www.alivitpharm.com\/wp-content\/uploads\/2022\/09\/leaves.png\" title=\"leaves\" alt=\"Leaves\" loading=\"lazy\" \/>\t\t\t\t\t\t\t\t\t\t\t\t\t\t\t<\/div>\n\t\t\t\t<\/div>\n\t\t\t\t<div class=\"elementor-element elementor-element-101817f elementor-widget elementor-widget-text-editor\" data-id=\"101817f\" data-element_type=\"widget\" data-e-type=\"widget\" data-widget_type=\"text-editor.default\">\n\t\t\t\t<div class=\"elementor-widget-container\">\n\t\t\t\t\t\t\t\t\t<p><span class=\"jCAhz ChMk0b\"><span class=\"ryNqvb\">Os extratos de salsa apresentam uma atividade antimicrobiana de amplo espectro contra diversas bact\u00e9rias, tais como: <em>B. subtilis<\/em>, <em>P. aeruginosa<\/em>, <em>S. epidermidis<\/em>, <em>S. aureus<\/em>, <em>E. coli<\/em>, <em>Klebsiella pneumoniae.<\/em> Al\u00e9m disso, a salsa demonstrou a\u00e7\u00e3o bactericida contra infec\u00e7\u00f5es causadas por <em>Helicobacter pylori<\/em>, al\u00e9m da atividade antibacteriana, possui tamb\u00e9m a\u00e7\u00e3o antif\u00fangica (eficaz no combate a infec\u00e7\u00f5es f\u00fangicas).<\/span><\/span>\u00a0<span class=\"jCAhz ChMk0b\"><span class=\"ryNqvb\">O consumo di\u00e1rio de salsa pode contribuir significativamente para a redu\u00e7\u00e3o da concentra\u00e7\u00e3o de glicose no sangue, potencialmente inibindo a gliconeog\u00e9nese e estimulando diretamente a glic\u00f3lise, sendo tamb\u00e9m utilizada como auxiliar na digest\u00e3o.<\/span><\/span><\/p><p><span class=\"jCAhz ChMk0b\"><span class=\"ryNqvb\">Na forma de infus\u00f5es ou em alguns fitopreparados, a salsa \u00e9 utilizada como diur\u00e9tico no tratamento de infe\u00e7\u00f5es do trato urin\u00e1rio, bem como na preven\u00e7\u00e3o e tratamento de c\u00e1lculos urin\u00e1rios.<\/span><\/span> <span class=\"jCAhz ChMk0b\"><span class=\"ryNqvb\">Na medicina tradicional, a salsa \u00e9 usada para o tratamento da noct\u00faria em crian\u00e7as, assim como em casos de menstrua\u00e7\u00e3o irregular (dismenorreia).<\/span><\/span> <span class=\"jCAhz ChMk0b\"><span class=\"ryNqvb\">A salsa \u00e9 uma planta fotot\u00f3xica, pelo que durante a utiliza\u00e7\u00e3o de prepara\u00e7\u00f5es \u00e0 base de salsa \u00e9 necess\u00e1rio proteger-se da luz solar, aplicando cremes com alto fator de prote\u00e7\u00e3o nas \u00e1reas expostas da pele.<\/span><\/span> <span class=\"jCAhz ChMk0b\"><span class=\"ryNqvb\">O uso de salsa \u00e9 contraindicado durante a gravidez, bem como em pessoas com fun\u00e7\u00e3o renal comprometida.<\/span><\/span> <span class=\"jCAhz ChMk0b\"><span class=\"ryNqvb\">Podem ocorrer rea\u00e7\u00f5es al\u00e9rgicas \u00e0 salsa, atribu\u00eddas \u00e0 presen\u00e7a de furanocumarinas e poliacetilenos, pelo que pessoas com tend\u00eancia para alergias devem utilizar prepara\u00e7\u00f5es de salsa com precau\u00e7\u00e3o.<\/span><\/span><\/p>\t\t\t\t\t\t\t\t<\/div>\n\t\t\t\t<\/div>\n\t\t\t\t<div class=\"elementor-element elementor-element-9877679 elementor-widget elementor-widget-heading\" data-id=\"9877679\" data-element_type=\"widget\" data-e-type=\"widget\" data-widget_type=\"heading.default\">\n\t\t\t\t<div class=\"elementor-widget-container\">\n\t\t\t\t\t<h4 class=\"elementor-heading-title elementor-size-default\">Refer\u00eancias<\/h4>\t\t\t\t<\/div>\n\t\t\t\t<\/div>\n\t\t\t\t<div class=\"elementor-element elementor-element-28f2f34 elementor-widget elementor-widget-text-editor\" data-id=\"28f2f34\" data-element_type=\"widget\" data-e-type=\"widget\" data-widget_type=\"text-editor.default\">\n\t\t\t\t<div class=\"elementor-widget-container\">\n\t\t\t\t\t\t\t\t\t<ul><li><a class=\"reference-link\" href=\"https:\/\/www.sciencedirect.com\/topics\/agricultural-and-biological-sciences\/petroselinum-crispum\" target=\"_blank\" rel=\"noopener\">Petroselinum Crispum<\/a><\/li><\/ul>\t\t\t\t\t\t\t\t<\/div>\n\t\t\t\t<\/div>\n\t\t\t\t\t<\/div>\n\t\t<\/div>\n\t\t\t\t\t<\/div>\n\t\t<\/section>\n\t\t\t\t<\/div>","protected":false},"excerpt":{"rendered":"<p>Parsley Petroselinum crispus L. &#8211; Apiaceae Parsley is a biennial, cultivated plant. The root is spindle-shaped. In the first year, a leaf rosette is developed consisting of deeply divided leaves, the leaves are light green in color. Medicinal parts of the plant are the dried root and leaf. This plant is used both as a &hellip;<\/p>\n<p class=\"read-more\"> <a class=\"\" href=\"https:\/\/www.alivitpharm.com\/pt\/parsley\/\"> <span class=\"screen-reader-text\">Salsa<\/span> Read More &raquo;<\/a><\/p>","protected":false},"author":9,"featured_media":0,"parent":0,"menu_order":0,"comment_status":"closed","ping_status":"closed","template":"","meta":{"site-sidebar-layout":"no-sidebar","site-content-layout":"page-builder","ast-global-header-display":"","ast-main-header-display":"","ast-hfb-above-header-display":"","ast-hfb-below-header-display":"","ast-hfb-mobile-header-display":"","site-post-title":"disabled","ast-breadcrumbs-content":"","ast-featured-img":"disabled","footer-sml-layout":"","theme-transparent-header-meta":"","adv-header-id-meta":"","stick-header-meta":"","header-above-stick-meta":"","header-main-stick-meta":"","header-below-stick-meta":"","footnotes":""},"class_list":["post-9896","page","type-page","status-publish","hentry"],"_links":{"self":[{"href":"https:\/\/www.alivitpharm.com\/pt\/wp-json\/wp\/v2\/pages\/9896","targetHints":{"allow":["GET"]}}],"collection":[{"href":"https:\/\/www.alivitpharm.com\/pt\/wp-json\/wp\/v2\/pages"}],"about":[{"href":"https:\/\/www.alivitpharm.com\/pt\/wp-json\/wp\/v2\/types\/page"}],"author":[{"embeddable":true,"href":"https:\/\/www.alivitpharm.com\/pt\/wp-json\/wp\/v2\/users\/9"}],"replies":[{"embeddable":true,"href":"https:\/\/www.alivitpharm.com\/pt\/wp-json\/wp\/v2\/comments?post=9896"}],"version-history":[{"count":0,"href":"https:\/\/www.alivitpharm.com\/pt\/wp-json\/wp\/v2\/pages\/9896\/revisions"}],"wp:attachment":[{"href":"https:\/\/www.alivitpharm.com\/pt\/wp-json\/wp\/v2\/media?parent=9896"}],"curies":[{"name":"wp","href":"https:\/\/api.w.org\/{rel}","templated":true}]}}