{"id":9985,"date":"2023-12-22T12:43:13","date_gmt":"2023-12-22T10:43:13","guid":{"rendered":"https:\/\/www.alivitpharm.com\/?page_id=9985"},"modified":"2023-12-22T14:05:37","modified_gmt":"2023-12-22T12:05:37","slug":"cornel","status":"publish","type":"page","link":"https:\/\/www.alivitpharm.com\/pt\/cornel\/","title":{"rendered":"Cornel"},"content":{"rendered":"<div data-elementor-type=\"wp-page\" data-elementor-id=\"9985\" class=\"elementor elementor-9985\">\n\t\t\t\t\t\t<section class=\"elementor-section elementor-top-section elementor-element elementor-element-9bb58fc elementor-section-content-middle elementor-section-boxed elementor-section-height-default elementor-section-height-default\" data-id=\"9bb58fc\" data-element_type=\"section\" data-e-type=\"section\" data-settings=\"{&quot;background_background&quot;:&quot;classic&quot;}\">\n\t\t\t\t\t\t\t<div class=\"elementor-background-overlay\"><\/div>\n\t\t\t\t\t\t\t<div class=\"elementor-container elementor-column-gap-default\">\n\t\t\t\t\t<div class=\"elementor-column elementor-col-100 elementor-top-column elementor-element elementor-element-d5f69e8\" data-id=\"d5f69e8\" data-element_type=\"column\" data-e-type=\"column\">\n\t\t\t<div class=\"elementor-widget-wrap elementor-element-populated\">\n\t\t\t\t\t\t<div class=\"elementor-element elementor-element-f3e01f7 elementor-widget elementor-widget-heading\" data-id=\"f3e01f7\" data-element_type=\"widget\" data-e-type=\"widget\" data-widget_type=\"heading.default\">\n\t\t\t\t<div class=\"elementor-widget-container\">\n\t\t\t\t\t<h1 class=\"elementor-heading-title elementor-size-default\">Cornel<\/h1>\t\t\t\t<\/div>\n\t\t\t\t<\/div>\n\t\t\t\t<div class=\"elementor-element elementor-element-52ff3ce elementor-widget elementor-widget-image\" data-id=\"52ff3ce\" data-element_type=\"widget\" data-e-type=\"widget\" data-widget_type=\"image.default\">\n\t\t\t\t<div class=\"elementor-widget-container\">\n\t\t\t\t\t\t\t\t\t\t\t\t\t\t\t<img decoding=\"async\" width=\"75\" height=\"33\" src=\"https:\/\/www.alivitpharm.com\/wp-content\/uploads\/2019\/07\/logo-leaf-new.png\" class=\"attachment-large size-large wp-image-2518\" alt=\"\" \/>\t\t\t\t\t\t\t\t\t\t\t\t\t\t\t<\/div>\n\t\t\t\t<\/div>\n\t\t\t\t<div class=\"elementor-element elementor-element-5de7d1f elementor-widget elementor-widget-text-editor\" data-id=\"5de7d1f\" data-element_type=\"widget\" data-e-type=\"widget\" data-widget_type=\"text-editor.default\">\n\t\t\t\t<div class=\"elementor-widget-container\">\n\t\t\t\t\t\t\t\t\t<p><em>Cornus mas, L. &#8211; Cornaceae<\/em><\/p>\t\t\t\t\t\t\t\t<\/div>\n\t\t\t\t<\/div>\n\t\t\t\t\t<\/div>\n\t\t<\/div>\n\t\t\t\t\t<\/div>\n\t\t<\/section>\n\t\t\t\t<section class=\"elementor-section elementor-top-section elementor-element elementor-element-3961a07 elementor-section-boxed elementor-section-height-default elementor-section-height-default\" data-id=\"3961a07\" data-element_type=\"section\" data-e-type=\"section\" data-settings=\"{&quot;background_background&quot;:&quot;classic&quot;}\">\n\t\t\t\t\t\t<div class=\"elementor-container elementor-column-gap-default\">\n\t\t\t\t\t<div class=\"elementor-column elementor-col-100 elementor-top-column elementor-element elementor-element-ab6f399\" data-id=\"ab6f399\" data-element_type=\"column\" data-e-type=\"column\">\n\t\t\t<div class=\"elementor-widget-wrap elementor-element-populated\">\n\t\t\t\t\t\t<div class=\"elementor-element elementor-element-67141de elementor-widget elementor-widget-image\" data-id=\"67141de\" data-element_type=\"widget\" data-e-type=\"widget\" data-widget_type=\"image.default\">\n\t\t\t\t<div class=\"elementor-widget-container\">\n\t\t\t\t\t\t\t\t\t\t\t\t\t\t\t<img decoding=\"async\" src=\"https:\/\/www.alivitpharm.com\/wp-content\/uploads\/2023\/12\/cornel.jpg\" title=\"cornel\" alt=\"Cornel\" loading=\"lazy\" \/>\t\t\t\t\t\t\t\t\t\t\t\t\t\t\t<\/div>\n\t\t\t\t<\/div>\n\t\t\t\t<div class=\"elementor-element elementor-element-1df18da elementor-widget elementor-widget-text-editor\" data-id=\"1df18da\" data-element_type=\"widget\" data-e-type=\"widget\" data-widget_type=\"text-editor.default\">\n\t\t\t\t<div class=\"elementor-widget-container\">\n\t\t\t\t\t\t\t\t\t<p><span class=\"jCAhz ChMk0b\"><span class=\"ryNqvb\"><strong>Cornel<\/strong> \u00e9 uma planta silvestre, amplamente distribu\u00edda na Europa e na \u00c1sia.<\/span><\/span> <span class=\"jCAhz ChMk0b\"><span class=\"ryNqvb\">O fruto \u00e9 uma drupa de cor vermelha, muito utilizada na alimenta\u00e7\u00e3o.<\/span><\/span> <span class=\"jCAhz ChMk0b\"><span class=\"ryNqvb\">Pode ser consumido fresco, e recentemente tem vindo a ser cada vez mais utilizado seco.<\/span><\/span> <span class=\"jCAhz ChMk0b\"><span class=\"ryNqvb\">O cornel \u00e9 muito rico em vitamina C, taninos, a\u00e7\u00facares e \u00e1cidos org\u00e2nicos.<\/span><\/span> <span class=\"jCAhz ChMk0b\"><span class=\"ryNqvb\">Esta planta cont\u00e9m uma concentra\u00e7\u00e3o de vitamina C muito superior \u00e0 das laranjas.<\/span><\/span> <span class=\"jCAhz ChMk0b\"><span class=\"ryNqvb\">Devido \u00e0 sua composi\u00e7\u00e3o muito complexa e ao elevado n\u00famero de princ\u00edpios ativos, o fruto do cornel tem uma ampla aplica\u00e7\u00e3o na medicina tradicional \u00e0 base de plantas.<\/span><\/span><\/p>\t\t\t\t\t\t\t\t<\/div>\n\t\t\t\t<\/div>\n\t\t\t\t<div class=\"elementor-element elementor-element-c52a517 elementor-widget elementor-widget-image\" data-id=\"c52a517\" data-element_type=\"widget\" data-e-type=\"widget\" data-widget_type=\"image.default\">\n\t\t\t\t<div class=\"elementor-widget-container\">\n\t\t\t\t\t\t\t\t\t\t\t\t\t\t\t<img decoding=\"async\" src=\"https:\/\/www.alivitpharm.com\/wp-content\/uploads\/2022\/09\/leaves.png\" title=\"leaves\" alt=\"Leaves\" loading=\"lazy\" \/>\t\t\t\t\t\t\t\t\t\t\t\t\t\t\t<\/div>\n\t\t\t\t<\/div>\n\t\t\t\t<div class=\"elementor-element elementor-element-521de91 elementor-widget elementor-widget-text-editor\" data-id=\"521de91\" data-element_type=\"widget\" data-e-type=\"widget\" data-widget_type=\"text-editor.default\">\n\t\t\t\t<div class=\"elementor-widget-container\">\n\t\t\t\t\t\t\t\t\t<p><span class=\"jCAhz ChMk0b\"><span class=\"ryNqvb\">Numerosos estudos realizados entre 2000<\/span><\/span>\u00a0<span class=\"jCAhz ChMk0b\"><span class=\"ryNqvb\">e 2016<\/span><\/span> <span class=\"jCAhz ChMk0b\"><span class=\"ryNqvb\">demonstraram que o fruto do cornel possui fortes propriedades antioxidantes e anti-inflamat\u00f3rias (podendo ser utilizado como auxiliar no tratamento de doen\u00e7as inflamat\u00f3rias do intestino), bem como a\u00e7\u00e3o antimicrobiana (mostrando efeitos positivos no tratamento da mal\u00e1ria \u2013 o que indica que o cornel tem propriedades antiprotozo\u00e1rias).<\/span><\/span> <span class=\"jCAhz ChMk0b\"><span class=\"ryNqvb\">Desempenha tamb\u00e9m um papel significativo no tratamento de infe\u00e7\u00f5es do trato urin\u00e1rio em homens e mulheres, podendo ser recomendado como auxiliar na preven\u00e7\u00e3o de c\u00e1lculos renais.<\/span><\/span> <span class=\"jCAhz ChMk0b\"><span class=\"ryNqvb\">O fruto do cornel apresenta ainda a\u00e7\u00e3o anticancer\u00edgena.<\/span><\/span> <span class=\"jCAhz ChMk0b\"><span class=\"ryNqvb\">Demonstra efeitos ben\u00e9ficos no tratamento de dist\u00farbios gastrointestinais, auxilia a digest\u00e3o, protege o f\u00edgado (a\u00e7\u00e3o hepatoprotetora), ajuda a controlar a diarreia e contribui para a fun\u00e7\u00e3o do sistema cardiovascular.<\/span><\/span> <span class=\"jCAhz ChMk0b\"><span class=\"ryNqvb\">Quando os dist\u00farbios intestinais e a diarreia se acompanham de febre, recomenda-se o ch\u00e1 da casca do cornel, enquanto o fruto pode ser indicado no tratamento da anemia, resist\u00eancia \u00e0 insulina, diabetes e para a cicatriza\u00e7\u00e3o mais r\u00e1pida de feridas.<\/span><\/span><\/p>\t\t\t\t\t\t\t\t<\/div>\n\t\t\t\t<\/div>\n\t\t\t\t<div class=\"elementor-element elementor-element-b221124 elementor-widget elementor-widget-heading\" data-id=\"b221124\" data-element_type=\"widget\" data-e-type=\"widget\" data-widget_type=\"heading.default\">\n\t\t\t\t<div class=\"elementor-widget-container\">\n\t\t\t\t\t<h4 class=\"elementor-heading-title elementor-size-default\">Refer\u00eancias<\/h4>\t\t\t\t<\/div>\n\t\t\t\t<\/div>\n\t\t\t\t<div class=\"elementor-element elementor-element-c2d24a4 elementor-widget elementor-widget-text-editor\" data-id=\"c2d24a4\" data-element_type=\"widget\" data-e-type=\"widget\" data-widget_type=\"text-editor.default\">\n\t\t\t\t<div class=\"elementor-widget-container\">\n\t\t\t\t\t\t\t\t\t<ul><li><a class=\"reference-link\" href=\"https:\/\/pubmed.ncbi.nlm.nih.gov\/28782352\/\" target=\"_blank\" rel=\"noopener\">Cornus mas: a review on traditional uses and pharmacological properties<\/a><\/li><li><a class=\"reference-link\" href=\"https:\/\/pubmed.ncbi.nlm.nih.gov\/35684107\/\" target=\"_blank\" rel=\"noopener\">Cornus mas L. Increases Glucose Uptake and the Expression of PPARG in Insulin-Resistant Adipocytes<\/a><\/li><li><a class=\"reference-link\" href=\"https:\/\/pubmed.ncbi.nlm.nih.gov\/32986349\/\" target=\"_blank\" rel=\"noopener\">Cornus Mas L improves Antioxidant Status in the Liver, Lung, Kidney, Testis and Brain of Ehrlich Ascites Tumor Bearing Mice<\/a><\/li><li><a class=\"reference-link\" href=\"https:\/\/pubmed.ncbi.nlm.nih.gov\/35204262\/\" target=\"_blank\" rel=\"noopener\">Potential for Prebiotic Stabilized Cornus mas L. Lyophilized Extract in the Prophylaxis of Diabetes Mellitus in Streptozotocin Diabetic Rats<\/a><\/li><\/ul>\t\t\t\t\t\t\t\t<\/div>\n\t\t\t\t<\/div>\n\t\t\t\t\t<\/div>\n\t\t<\/div>\n\t\t\t\t\t<\/div>\n\t\t<\/section>\n\t\t\t\t<\/div>","protected":false},"excerpt":{"rendered":"<p>Cornel Cornus mas, L. &#8211; Cornaceae Cornel is a wild plant, which is widely distributed in Europe and Asia. The fruit is a drupe, red in color, which is widely used in food. The fruit can be eaten fresh, but recently it is increasingly used dried. Cornel fruit is very rich in vitamin C, tannins, &hellip;<\/p>\n<p class=\"read-more\"> <a class=\"\" href=\"https:\/\/www.alivitpharm.com\/pt\/cornel\/\"> <span class=\"screen-reader-text\">Cornel<\/span> Read More &raquo;<\/a><\/p>","protected":false},"author":9,"featured_media":0,"parent":0,"menu_order":0,"comment_status":"closed","ping_status":"closed","template":"","meta":{"site-sidebar-layout":"no-sidebar","site-content-layout":"page-builder","ast-global-header-display":"","ast-main-header-display":"","ast-hfb-above-header-display":"","ast-hfb-below-header-display":"","ast-hfb-mobile-header-display":"","site-post-title":"disabled","ast-breadcrumbs-content":"","ast-featured-img":"disabled","footer-sml-layout":"","theme-transparent-header-meta":"","adv-header-id-meta":"","stick-header-meta":"","header-above-stick-meta":"","header-main-stick-meta":"","header-below-stick-meta":"","footnotes":""},"class_list":["post-9985","page","type-page","status-publish","hentry"],"_links":{"self":[{"href":"https:\/\/www.alivitpharm.com\/pt\/wp-json\/wp\/v2\/pages\/9985","targetHints":{"allow":["GET"]}}],"collection":[{"href":"https:\/\/www.alivitpharm.com\/pt\/wp-json\/wp\/v2\/pages"}],"about":[{"href":"https:\/\/www.alivitpharm.com\/pt\/wp-json\/wp\/v2\/types\/page"}],"author":[{"embeddable":true,"href":"https:\/\/www.alivitpharm.com\/pt\/wp-json\/wp\/v2\/users\/9"}],"replies":[{"embeddable":true,"href":"https:\/\/www.alivitpharm.com\/pt\/wp-json\/wp\/v2\/comments?post=9985"}],"version-history":[{"count":0,"href":"https:\/\/www.alivitpharm.com\/pt\/wp-json\/wp\/v2\/pages\/9985\/revisions"}],"wp:attachment":[{"href":"https:\/\/www.alivitpharm.com\/pt\/wp-json\/wp\/v2\/media?parent=9985"}],"curies":[{"name":"wp","href":"https:\/\/api.w.org\/{rel}","templated":true}]}}