{"id":10418,"date":"2024-02-06T13:21:57","date_gmt":"2024-02-06T11:21:57","guid":{"rendered":"https:\/\/www.alivitpharm.com\/?post_type=product&#038;p=10418"},"modified":"2026-02-26T16:22:56","modified_gmt":"2026-02-26T14:22:56","slug":"diabetstop","status":"publish","type":"product","link":"https:\/\/www.alivitpharm.com\/pt\/product\/diabetstop\/","title":{"rendered":"DIABETSTOP"},"content":{"rendered":"<div class=\"product-accordion\">\n<div class=\"btn\">MAIS SOBRE O DIABETSTOP<\/div>\n<div class=\"board\">\n<div>\n      <b>DIABETSTOP\u00ae<\/b> foi desenvolvido para pessoas com diabetes tipo 1 e tipo 2, bem como para aquelas com metabolismo da glicose comprometido ou hist\u00f3ria familiar de diabetes.<\/p>\n<p>Esta f\u00f3rmula auxilia na regula\u00e7\u00e3o do a\u00e7\u00facar no sangue atrav\u00e9s da combina\u00e7\u00e3o de alho fermentado, canela, cr\u00f3mio e zinco. O alho fermentado refor\u00e7a o sistema imunit\u00e1rio e a sa\u00fade cardiovascular, mantendo n\u00edveis saud\u00e1veis \u200b\u200bde colesterol e homociste\u00edna. A canela contribui para a manuten\u00e7\u00e3o de n\u00edveis saud\u00e1veis \u200b\u200bde glicose e l\u00edpidos no sangue, melhora a digest\u00e3o, reduz os gases e aumenta a sensibilidade \u00e0 insulina, sendo adequada para casos de resist\u00eancia \u00e0 insulina. Tamb\u00e9m atrasa a decomposi\u00e7\u00e3o dos hidratos de carbono, reduzindo a quantidade de a\u00e7\u00facar que entra na corrente sangu\u00ednea ap\u00f3s as refei\u00e7\u00f5es. A vitamina B6 auxilia no metabolismo das prote\u00ednas e dos hidratos de carbono. Juntamente com as vitaminas B1 e B12, contribui para o metabolismo energ\u00e9tico normal. O folato e a vitamina B12 auxiliam na divis\u00e3o celular e ajudam a reduzir a fadiga. O zinco auxilia no metabolismo das gorduras e dos hidratos de carbono e ajuda a transportar a glicose para as c\u00e9lulas, onde \u00e9 utilizada como energia. O cr\u00f3mio contribui para a manuten\u00e7\u00e3o de n\u00edveis normais de glicose no sangue. O \u00e1cido alfa-lip\u00f3ico ajuda a prevenir e a aliviar complica\u00e7\u00f5es diab\u00e9ticas, como danos nos nervos (neuropatia), que se manifestam por ardor, formigueiro, dorm\u00eancia ou dor nas m\u00e3os e nos p\u00e9s. Em conjunto, estes ingredientes atuam sinergicamente para reduzir a glicemia, proteger os nervos do stress oxidativo (prevenindo a neuropatia) e retardar ou reduzir o risco de complica\u00e7\u00f5es diab\u00e9ticas.\n    <\/p><\/div>\n<\/p><\/div>\n<div class=\"btn\">INGREDIENTES<\/div>\n<div class=\"board\">\n<div>\n      90 c\u00e1psulas de gelatina mole<\/p>\n<p>      <b>\u2022<\/b> P\u00f3 de <a class=\"custom-link\" href=\"\/pt\/black-garlic\/\">bulbo de Alho fermentado <i>(Allium sativum)<\/i><\/a>;<br \/>\n      <b>\u2022<\/b> P\u00f3 de <a class=\"custom-link\" href=\"\/pt\/canela-do-ceilao\/\">ceylon cinnamon bark <i>(Cinnamomum ceylonicum)<\/i><\/a>;<br \/>\n      <b>\u2022<\/b> <a class=\"custom-link\" href=\"\/pt\/acido-alfa-lipoico\/\">O \u00e1cido alfa-lip\u00f3ico<\/a>;<br \/>\n      <b>\u2022<\/b> <a class=\"custom-link\" href=\"\/pt\/zinc\/\">Zinc citrate trihydrate<\/a>;<br \/>\n      <b>\u2022<\/b> <a class=\"custom-link\" href=\"\/pt\/cromo\/\">Chromium(III) chloride hexahydrate<\/a>;<br \/>\n      <b>\u2022<\/b> <a class=\"custom-link\" href=\"\/pt\/vitamin-b1\/\">Mononitrato de tiamina (vitamina B1)<\/a>;<br \/>\n      <b>\u2022<\/b> <a class=\"custom-link\" href=\"\/pt\/vitamin-b6\/\">Cloridrato de piridoxina (vitamina B6)<\/a>;<br \/>\n      <b>\u2022<\/b> <a class=\"custom-link\" href=\"\/pt\/vitamin-b12\/\">Cianocobalamina (vitamina B12)<\/a>;<br \/>\n      <b>\u2022<\/b> <a class=\"custom-link\" href=\"\/pt\/folic-acid\/\">O \u00e1cido f\u00f3lico<\/a>;<br \/>\n      <b>\u2022<\/b> C\u00e1psula (gelatina, \u00e1gua purificada, corante: carbonato de c\u00e1lcio), di\u00f3xido de sil\u00edcio, estearato de magn\u00e9sio;\n    <\/div>\n<\/p><\/div>\n<div class=\"btn\">COMO USAR<\/div>\n<div class=\"board\">\n<div>\n      Para pessoas com mais de 14 anos de idade, recomenda-se a utiliza\u00e7\u00e3o de uma c\u00e1psula tr\u00eas vezes ao dia, durante ou ap\u00f3s as refei\u00e7\u00f5es. O produto pode ser tomado durante um longo per\u00edodo. Engula a c\u00e1psula inteira com l\u00edquido.<\/p>\n<p>      <b>AVISOS:<\/b><br \/>\n      <b>\u2022<\/b> A dose di\u00e1ria recomendada n\u00e3o deve ser excedida.<br \/>\n      <b>\u2022<\/b> Este produto n\u00e3o se destina a pessoas com menos de 14 anos, pessoas com insufici\u00eancia hep\u00e1tica, mulheres gr\u00e1vidas ou em per\u00edodo de amamenta\u00e7\u00e3o.<br \/>\n      <b>\u2022<\/b> O produto n\u00e3o deve ser utilizado por pessoas que apresentem hipersensibilidade a qualquer um dos seus ingredientes.<br \/>\n      <b>\u2022<\/b> As pessoas que tomam medicamentos devem consultar um m\u00e9dico.<br \/>\n      <b>\u2022<\/b> N\u00e3o tome simultaneamente com medicamentos anticoagulantes.<br \/>\n      <b>\u2022<\/b> Antes de uma cirurgia programada, \u00e9 necess\u00e1rio interromper a utiliza\u00e7\u00e3o deste produto.<br \/>\n      <b>\u2022<\/b> Recomenda-se aos diab\u00e9ticos que controlem os seus n\u00edveis de a\u00e7\u00facar no sangue enquanto estiverem a utilizar o produto.\n    <\/div>\n<\/p><\/div>\n<\/div>","protected":false},"excerpt":{"rendered":"<div class=\"my-product-info\">\n<div class=\"two-categories\">\n<div>\n            <img decoding=\"async\" src=\"https:\/\/www.alivitpharm.com\/wp-content\/uploads\/2025\/05\/icon-9.png\" alt=\"100% Natural\" width=\"50px\" height=\"50px\" \/><\/p>\n<div>100% Natural<\/div>\n<\/p><\/div>\n<div>\n            <img decoding=\"async\" src=\"https:\/\/www.alivitpharm.com\/wp-content\/uploads\/2025\/05\/icon-10.png\" alt=\"N\u00e3o transg\u00e9nico\" width=\"50px\" height=\"50px\" \/><\/p>\n<div>N\u00e3o transg\u00e9nico<\/div>\n<\/p><\/div>\n<div>\n            <img decoding=\"async\" src=\"https:\/\/www.alivitpharm.com\/wp-content\/uploads\/2025\/05\/icon-15.png\" alt=\"N\u00e3o cont\u00e9m gl\u00faten\" width=\"50px\" height=\"50px\" \/><\/p>\n<div>N\u00e3o cont\u00e9m gl\u00faten<\/div>\n<\/p><\/div>\n<\/p><\/div>\n<\/div>\n<ul>\n<li>Recomendado para n\u00edveis elevados de a\u00e7\u00facar no sangue.<\/li>\n<li>Auxilia os doentes com resist\u00eancia \u00e0 insulina.<\/li>\n<li>Preven\u00e7\u00e3o da resist\u00eancia \u00e0 insulina em doentes com s\u00edndrome do ov\u00e1rio poliqu\u00edstico.<\/li>\n<li>Previne o desenvolvimento da polineuropatia diab\u00e9tica.<\/li>\n<\/ul>\n<p><a class=\"category-pdf-btn\" href=\"https:\/\/www.alivitpharm.com\/wp-content\/uploads\/2025\/12\/phytotherapy_in_managing_the_endocrine_disorders_and_hormonal_balance_pt.pdf\" target=\"_blank\" rel=\"noopener\">Saiba mais sobre os dist\u00farbios end\u00f3crinos e o equil\u00edbrio hormonal.<\/a><\/p>","protected":false},"featured_media":13126,"comment_status":"open","ping_status":"closed","template":"","meta":{"site-sidebar-layout":"default","site-content-layout":"default","ast-global-header-display":"","ast-main-header-display":"","ast-hfb-above-header-display":"","ast-hfb-below-header-display":"","ast-hfb-mobile-header-display":"","site-post-title":"","ast-breadcrumbs-content":"","ast-featured-img":"","footer-sml-layout":"","theme-transparent-header-meta":"default","adv-header-id-meta":"","stick-header-meta":"","header-above-stick-meta":"","header-main-stick-meta":"","header-below-stick-meta":""},"product_brand":[],"product_cat":[172,183],"product_tag":[],"class_list":{"0":"post-10418","1":"product","2":"type-product","3":"status-publish","4":"has-post-thumbnail","6":"product_cat-hormonal-balance","7":"product_cat-womens-health","8":"desktop-align-center","9":"tablet-align-center","10":"mobile-align-center","12":"first","13":"instock","14":"shipping-taxable","15":"purchasable","16":"product-type-simple"},"_links":{"self":[{"href":"https:\/\/www.alivitpharm.com\/pt\/wp-json\/wp\/v2\/product\/10418","targetHints":{"allow":["GET"]}}],"collection":[{"href":"https:\/\/www.alivitpharm.com\/pt\/wp-json\/wp\/v2\/product"}],"about":[{"href":"https:\/\/www.alivitpharm.com\/pt\/wp-json\/wp\/v2\/types\/product"}],"replies":[{"embeddable":true,"href":"https:\/\/www.alivitpharm.com\/pt\/wp-json\/wp\/v2\/comments?post=10418"}],"wp:featuredmedia":[{"embeddable":true,"href":"https:\/\/www.alivitpharm.com\/pt\/wp-json\/wp\/v2\/media\/13126"}],"wp:attachment":[{"href":"https:\/\/www.alivitpharm.com\/pt\/wp-json\/wp\/v2\/media?parent=10418"}],"wp:term":[{"taxonomy":"product_brand","embeddable":true,"href":"https:\/\/www.alivitpharm.com\/pt\/wp-json\/wp\/v2\/product_brand?post=10418"},{"taxonomy":"product_cat","embeddable":true,"href":"https:\/\/www.alivitpharm.com\/pt\/wp-json\/wp\/v2\/product_cat?post=10418"},{"taxonomy":"product_tag","embeddable":true,"href":"https:\/\/www.alivitpharm.com\/pt\/wp-json\/wp\/v2\/product_tag?post=10418"}],"curies":[{"name":"wp","href":"https:\/\/api.w.org\/{rel}","templated":true}]}}