{"id":11264,"date":"2024-12-20T10:26:38","date_gmt":"2024-12-20T08:26:38","guid":{"rendered":"https:\/\/www.alivitpharm.com\/?post_type=product&#038;p=11264"},"modified":"2026-03-30T08:44:54","modified_gmt":"2026-03-30T06:44:54","slug":"vitamin-d3-4000-iu","status":"publish","type":"product","link":"https:\/\/www.alivitpharm.com\/pt\/product\/vitamin-d3-4000-iu\/","title":{"rendered":"VITAMIN D3 4000 IU"},"content":{"rendered":"<div class=\"product-accordion\">\n<div class=\"btn\">MAIS SOBRE O VITAMIN D3 4000 IU<\/div>\n<div class=\"board\">\n<div>\n      <b>VITAMIN D3 4000 IU\u00ae<\/b> as c\u00e1psulas de gelatina mole ajudam a manter a sa\u00fade \u00f3ssea e a fun\u00e7\u00e3o muscular normais. Auxiliam na absor\u00e7\u00e3o e utiliza\u00e7\u00e3o adequadas de c\u00e1lcio e f\u00f3sforo. A vitamina D3 desempenha um papel na divis\u00e3o celular e contribui para o normal funcionamento do sistema imunit\u00e1rio. Estudos cient\u00edficos demonstraram que a defici\u00eancia de vitamina D pode estar associada ao desenvolvimento de doen\u00e7as autoimunes, incluindo esclerose m\u00faltipla, diabetes tipo 1, artrite reumatoide, psor\u00edase e doen\u00e7a inflamat\u00f3ria intestinal. A vitamina D tamb\u00e9m desempenha um papel na redu\u00e7\u00e3o da inflama\u00e7\u00e3o e na regula\u00e7\u00e3o do crescimento das c\u00e9lulas da pele, raz\u00e3o pela qual \u00e9 frequentemente utilizada na terapia da psor\u00edase. Al\u00e9m disso, a vitamina D tem uma forte influ\u00eancia na sa\u00fade cardiovascular, ajuda a regular a press\u00e3o arterial e reduz o risco de doen\u00e7a card\u00edaca.\n    <\/div>\n<\/p><\/div>\n<div class=\"btn\">INGREDIENTES<\/div>\n<div class=\"board\">\n<div>\n      90 c\u00e1psulas de gelatina mole<\/p>\n<p>      <b>\u2022<\/b> <a class=\"custom-link\" href=\"\/pt\/vitamin-d3\/\">Cholecalciferol (vitamin D3)<\/a>;<br \/>\n      <b>\u2022<\/b> <a class=\"custom-link\" href=\"\/pt\/olive-oil\/\">O azeite<\/a>;<br \/>\n      <b>\u2022<\/b> Gelatina bovina, humectante: glicerol, \u00e1gua purificada, antioxidante: acetato de DL-\u03b1-tocoferilo;\n    <\/div>\n<\/p><\/div>\n<div class=\"btn\">COMO USAR<\/div>\n<div class=\"board\">\n<div>\n      Recomenda-se que os adultos com mais de 18 anos tomem uma c\u00e1psula por dia, durante ou ap\u00f3s uma refei\u00e7\u00e3o. Engula a c\u00e1psula inteira com l\u00edquido. O produto tamb\u00e9m pode ser tomado por pessoas com diabetes.<\/p>\n<p>      <b>AVISOS:<\/b><br \/>\n      <b>\u2022<\/b> Este produto n\u00e3o se destina a pessoas com menos de 18 anos de idade.<br \/>\n      <b>\u2022<\/b> O produto n\u00e3o deve ser utilizado por pessoas que apresentem hipersensibilidade a qualquer um dos seus ingredientes.<br \/>\n      <b>\u2022<\/b> O produto n\u00e3o se destina a pessoas com hipercalcemia e hipertiroidismo.<br \/>\n      <b>\u2022<\/b> \u00c9 necess\u00e1rio tomar precau\u00e7\u00f5es para as pessoas que utilizam tiaz\u00eddicos, glicos\u00eddeos cardiot\u00f3nicos, rifampicina, isoniazida, fenito\u00edna, barbit\u00faricos e corticosteroides na sua terap\u00eautica.<br \/>\n      <b>\u2022<\/b> As mulheres gr\u00e1vidas e lactantes devem consultar o seu m\u00e9dico antes de utilizar este produto.<br \/>\n      <b>\u2022<\/b> Este produto deve ser utilizado sob a supervis\u00e3o de um m\u00e9dico!\n    <\/div>\n<\/p><\/div>\n<\/div>","protected":false},"excerpt":{"rendered":"<div class=\"my-product-info\">\n<div class=\"two-categories\">\n<div>\n            <img decoding=\"async\" src=\"https:\/\/www.alivitpharm.com\/wp-content\/uploads\/2025\/05\/icon-9.png\" alt=\"100% Natural\" width=\"50px\" height=\"50px\" \/><\/p>\n<div>100% Natural<\/div>\n<\/p><\/div>\n<div>\n            <img decoding=\"async\" src=\"https:\/\/www.alivitpharm.com\/wp-content\/uploads\/2025\/05\/icon-10.png\" alt=\"N\u00e3o transg\u00e9nico\" width=\"50px\" height=\"50px\" \/><\/p>\n<div>N\u00e3o transg\u00e9nico<\/div>\n<\/p><\/div>\n<div>\n            <img decoding=\"async\" src=\"https:\/\/www.alivitpharm.com\/wp-content\/uploads\/2025\/05\/icon-15.png\" alt=\"N\u00e3o cont\u00e9m gl\u00faten\" width=\"50px\" height=\"50px\" \/><\/p>\n<div>N\u00e3o cont\u00e9m gl\u00faten<\/div>\n<\/p><\/div>\n<\/p><\/div>\n<\/div>\n<ul>\n<li>Permite o normal funcionamento do sistema imunit\u00e1rio.<\/li>\n<li>Contribui para a manuten\u00e7\u00e3o da sa\u00fade \u00f3ssea.<\/li>\n<li>Contribui para a manuten\u00e7\u00e3o da fun\u00e7\u00e3o muscular normal.<\/li>\n<li>Auxilia na absor\u00e7\u00e3o\/utiliza\u00e7\u00e3o normal de c\u00e1lcio e f\u00f3sforo.<\/li>\n<\/ul>","protected":false},"featured_media":13112,"comment_status":"open","ping_status":"closed","template":"","meta":{"site-sidebar-layout":"default","site-content-layout":"default","ast-global-header-display":"","ast-main-header-display":"","ast-hfb-above-header-display":"","ast-hfb-below-header-display":"","ast-hfb-mobile-header-display":"","site-post-title":"","ast-breadcrumbs-content":"","ast-featured-img":"","footer-sml-layout":"","theme-transparent-header-meta":"default","adv-header-id-meta":"","stick-header-meta":"","header-above-stick-meta":"","header-main-stick-meta":"","header-below-stick-meta":""},"product_brand":[],"product_cat":[172,174],"product_tag":[],"class_list":{"0":"post-11264","1":"product","2":"type-product","3":"status-publish","4":"has-post-thumbnail","6":"product_cat-hormonal-balance","7":"product_cat-immune-system","8":"desktop-align-center","9":"tablet-align-center","10":"mobile-align-center","12":"first","13":"instock","14":"shipping-taxable","15":"purchasable","16":"product-type-simple"},"_links":{"self":[{"href":"https:\/\/www.alivitpharm.com\/pt\/wp-json\/wp\/v2\/product\/11264","targetHints":{"allow":["GET"]}}],"collection":[{"href":"https:\/\/www.alivitpharm.com\/pt\/wp-json\/wp\/v2\/product"}],"about":[{"href":"https:\/\/www.alivitpharm.com\/pt\/wp-json\/wp\/v2\/types\/product"}],"replies":[{"embeddable":true,"href":"https:\/\/www.alivitpharm.com\/pt\/wp-json\/wp\/v2\/comments?post=11264"}],"wp:featuredmedia":[{"embeddable":true,"href":"https:\/\/www.alivitpharm.com\/pt\/wp-json\/wp\/v2\/media\/13112"}],"wp:attachment":[{"href":"https:\/\/www.alivitpharm.com\/pt\/wp-json\/wp\/v2\/media?parent=11264"}],"wp:term":[{"taxonomy":"product_brand","embeddable":true,"href":"https:\/\/www.alivitpharm.com\/pt\/wp-json\/wp\/v2\/product_brand?post=11264"},{"taxonomy":"product_cat","embeddable":true,"href":"https:\/\/www.alivitpharm.com\/pt\/wp-json\/wp\/v2\/product_cat?post=11264"},{"taxonomy":"product_tag","embeddable":true,"href":"https:\/\/www.alivitpharm.com\/pt\/wp-json\/wp\/v2\/product_tag?post=11264"}],"curies":[{"name":"wp","href":"https:\/\/api.w.org\/{rel}","templated":true}]}}