{"id":11790,"date":"2025-03-07T10:20:18","date_gmt":"2025-03-07T08:20:18","guid":{"rendered":"https:\/\/www.alivitpharm.com\/?post_type=product&#038;p=11790"},"modified":"2026-04-01T08:40:54","modified_gmt":"2026-04-01T06:40:54","slug":"parazit-stop-complex","status":"publish","type":"product","link":"https:\/\/www.alivitpharm.com\/pt\/product\/parazit-stop-complex\/","title":{"rendered":"PARAZIT STOP (ANTIPARAZIT) COMPLEX"},"content":{"rendered":"<div class=\"product-accordion\">\n<div class=\"btn\">MAIS SOBRE O PARAZIT STOP (ANTIPARAZIT) COMPLEX<\/div>\n<div class=\"board\">\n<div>\n<p><b>PARAZIT STOP (ANTIPARAZIT) COMPLEX\u00ae<\/b> \u00e9 composto por dois produtos, PARAZIT STOP (ANTIPARAZIT) I e PARAZIT STOP (ANTIPARAZIT) II, que atuam em sinergia para ajudar a manter um ambiente intestinal saud\u00e1vel e livre de parasitas, favorecendo o bom funcionamento do trato digestivo.<\/p>\n<p>O tomilho, o absinto e o cravinho contribuem para o normal funcionamento do trato gastrointestinal e auxiliam na limpeza intestinal. Estas ervas possuem efeitos antiparasit\u00e1rios naturais. O figo cont\u00e9m enzimas que ajudam a quebrar as estruturas proteicas dos parasitas. O gengibre auxilia na expuls\u00e3o de parasitas e reduz as rea\u00e7\u00f5es inflamat\u00f3rias induzidas pelos mesmos. O alho tem propriedades antibacterianas e antioxidantes, refor\u00e7a o sistema imunit\u00e1rio e reduz a sobreviv\u00eancia e a reprodu\u00e7\u00e3o dos parasitas. A folha de papaia promove a digest\u00e3o e auxilia na elimina\u00e7\u00e3o de parasitas intestinais. A pimenta preta possui fortes propriedades antioxidantes, ajuda a manter a integridade do organismo atrav\u00e9s da sua a\u00e7\u00e3o antimicrobiana e antiparasit\u00e1ria e refor\u00e7a o sistema imunit\u00e1rio. A curcuma tem efeitos anti-inflamat\u00f3rios, enquanto o or\u00e9g\u00e3o \u00e9 tradicionalmente utilizado para auxiliar a digest\u00e3o e tamb\u00e9m danifica as membranas celulares dos parasitas.<\/p>\n<\/div>\n<\/div>\n<div class=\"btn\">INGREDIENTES<\/div>\n<div class=\"board\">\n<div>\nPARAZIT STOP (ANTIPARAZIT) I: 28 c\u00e1psulas de gelatina mole<br \/>\nPARAZIT STOP (ANTIPARAZIT) II: 60 c\u00e1psulas de gelatina mole<\/p>\n<p><b>PARAZIT STOP (ANTIPARAZIT) I:<\/b><br \/>\n<b>\u2022<\/b> Extrato de <a class=\"custom-link\" href=\"\/pt\/thyme\/\">erva de tomilho <i>(Thymus vulgaris)<\/i><\/a> em <a class=\"custom-link\" href=\"\/pt\/olive-oil\/\">azeite<\/a>;<br \/>\n<b>\u2022<\/b> Extrato de <a class=\"custom-link\" href=\"\/pt\/sweet-wormwood\/\">erva de artem\u00edsia-doce <i>(Artemisia annua)<\/i><\/a> em <a class=\"custom-link\" href=\"\/pt\/olive-oil\/\">azeite<\/a>;<br \/>\n<b>\u2022<\/b> Extrato de <a class=\"custom-link\" href=\"\/pt\/ginger\/\">ginger rhizome <i>(Zingiber officinale)<\/i><\/a> em <a class=\"custom-link\" href=\"\/pt\/olive-oil\/\">azeite<\/a>;<br \/>\n<b>\u2022<\/b> Extrato de <a class=\"custom-link\" href=\"\/pt\/fig-tree\/\">fig tree leaf <i>(Ficus carica)<\/i><\/a> em <a class=\"custom-link\" href=\"\/pt\/olive-oil\/\">azeite<\/a>;<br \/>\n<b>\u2022<\/b> Extrato de <a class=\"custom-link\" href=\"\/pt\/cravo-da-india\/\">clove flower <i>(Syzygium aromaticum)<\/i><\/a> em <a class=\"custom-link\" href=\"\/pt\/olive-oil\/\">azeite<\/a>;<br \/>\n<b>\u2022<\/b> Gelatina de bovino, glicerol (agente de reten\u00e7\u00e3o de humidade), \u00e1gua purificada, antioxidante: acetato de DL \u03b1 tocoferilo;<\/p>\n<p><b>PARAZIT STOP (ANTIPARAZIT) II:<\/b><br \/>\n<b>\u2022<\/b> Extrato de <a class=\"custom-link\" href=\"\/pt\/garlic\/\">fresh garlic bulb <i>(Allium sativum)<\/i><\/a> em <a class=\"custom-link\" href=\"\/pt\/olive-oil\/\">azeite<\/a>;<br \/>\n<b>\u2022<\/b> Extrato de <a class=\"custom-link\" href=\"\/pt\/papaya\/\">papaya leaf <i>(Carica papaya)<\/i><\/a> em <a class=\"custom-link\" href=\"\/pt\/olive-oil\/\">azeite<\/a>;<br \/>\n<b>\u2022<\/b> Extrato de <a class=\"custom-link\" href=\"\/pt\/pimenta-preta\/\">black pepper fruit <i>(Piper nigrum)<\/i><\/a> em <a class=\"custom-link\" href=\"\/pt\/olive-oil\/\">azeite<\/a>;<br \/>\n<b>\u2022<\/b> Extrato de <a class=\"custom-link\" href=\"\/pt\/nogueira-preta\/\">black walnut shell <i>(Juglans nigra)<\/i><\/a> em <a class=\"custom-link\" href=\"\/pt\/olive-oil\/\">azeite<\/a>;<br \/>\n<b>\u2022<\/b> Extrato de <a class=\"custom-link\" href=\"\/pt\/turmeric\/\">turmeric rhizome <i>(Curcuma longa)<\/i><\/a> em <a class=\"custom-link\" href=\"\/pt\/olive-oil\/\">azeite<\/a>;<br \/>\n<b>\u2022<\/b> Extrato de <a class=\"custom-link\" href=\"\/pt\/oregano\/\">oregano herb <i>(Origanum vulgare)<\/i><\/a> em <a class=\"custom-link\" href=\"\/pt\/olive-oil\/\">azeite<\/a>;<br \/>\n<b>\u2022<\/b> Extrato de <a class=\"custom-link\" href=\"\/pt\/black-garlic\/\">bulbo de Alho fermentado <i>(Allium sativum)<\/i><\/a> em <a class=\"custom-link\" href=\"\/pt\/olive-oil\/\">azeite<\/a>;<br \/>\n<b>\u2022<\/b> Gelatina de bovino, glicerol, \u00e1gua purificada, di\u00f3xido de sil\u00edcio (antiaglomerante), corante: carv\u00e3o vegetal preto, antioxidante: acetato de DL \u03b1 tocoferilo;<\/div>\n<\/div>\n<div class=\"btn\">COMO USAR<\/div>\n<div class=\"board\">\n<div>\n<p>Para pessoas com mais de 18 anos, recomenda-se a toma de duas c\u00e1psulas amarelas de PARAZIT STOP (ANTIPARAZIT) I de manh\u00e3 e duas c\u00e1psulas pretas de PARAZIT STOP (ANTIPARAZIT) II \u00e0 noite, durante ou ap\u00f3s uma refei\u00e7\u00e3o, durante 14 dias. De seguida, continue com duas c\u00e1psulas de PARAZIT STOP (ANTIPARAZIT) II todas as noites. Engula a c\u00e1psula inteira com l\u00edquido. Indicado para pessoas com diabetes.<\/p>\n<p><b>AVISOS:<\/b><br \/>\n<b>\u2022<\/b> A dose di\u00e1ria recomendada n\u00e3o deve ser excedida.<br \/>\n<b>\u2022<\/b> N\u00e3o \u00e9 recomendado o uso em casos de dist\u00farbios do sistema digestivo, doen\u00e7as da tiroide, mulheres gr\u00e1vidas, lactantes e pessoas com menos de 18 anos de idade.<br \/>\n<b>\u2022<\/b> O produto n\u00e3o deve ser utilizado por pessoas que apresentem hipersensibilidade a qualquer um dos seus ingredientes.<br \/>\n<b>\u2022<\/b> As pessoas que tomam medicamentos devem consultar um m\u00e9dico.<br \/>\n<b>\u2022<\/b> N\u00e3o tome simultaneamente com medicamentos anticoagulantes.<br \/>\n<b>\u2022<\/b> \u00c9 necess\u00e1rio interromper a utiliza\u00e7\u00e3o do produto 7 dias antes da cirurgia programada.<br \/>\n<b>\u2022<\/b> PARAZIT STOP (ANTIPARAZIT) I c\u00e1psulas n\u00e3o devem ser tomadas durante mais de duas semanas consecutivas.<\/p>\n<\/div>\n<\/div>\n<\/div>","protected":false},"excerpt":{"rendered":"<div class=\"my-product-info\">\n<div class=\"two-categories\">\n<div>\n            <img decoding=\"async\" src=\"https:\/\/www.alivitpharm.com\/wp-content\/uploads\/2025\/05\/icon-9.png\" alt=\"100% Natural\" width=\"50px\" height=\"50px\" \/><\/p>\n<div>100% Natural<\/div>\n<\/p><\/div>\n<div>\n            <img decoding=\"async\" src=\"https:\/\/www.alivitpharm.com\/wp-content\/uploads\/2025\/05\/icon-10.png\" alt=\"N\u00e3o transg\u00e9nico\" width=\"50px\" height=\"50px\" \/><\/p>\n<div>N\u00e3o transg\u00e9nico<\/div>\n<\/p><\/div>\n<div>\n            <img decoding=\"async\" src=\"https:\/\/www.alivitpharm.com\/wp-content\/uploads\/2025\/05\/icon-15.png\" alt=\"N\u00e3o cont\u00e9m gl\u00faten\" width=\"50px\" height=\"50px\" \/><\/p>\n<div>N\u00e3o cont\u00e9m gl\u00faten<\/div>\n<\/p><\/div>\n<\/p><\/div>\n<\/div>\n<ul>\n<li>Contribui para o desaparecimento dos parasitas intestinais.<\/li>\n<li>Acelera a transi\u00e7\u00e3o da toxoplasmose da fase ativa para a fase latente em mulheres submetidas a fertiliza\u00e7\u00e3o in vitro.<\/li>\n<li>Melhora a digest\u00e3o.<\/li>\n<li>Contribui para o normal funcionamento do tubo digestivo.<\/li>\n<li>Estimula o crescimento da microbiota intestinal ben\u00e9fica.<\/li>\n<\/ul>\n<p><a class=\"category-pdf-btn\" href=\"https:\/\/www.alivitpharm.com\/wp-content\/uploads\/2025\/12\/phytotherapy_in_the_treatment_of_parasitic_infections_pt.pdf\" target=\"_blank\" rel=\"noopener\">Saiba mais sobre a fitoterapia no tratamento de infe\u00e7\u00f5es parasit\u00e1rias.<\/a><\/p>","protected":false},"featured_media":13535,"comment_status":"open","ping_status":"closed","template":"","meta":{"site-sidebar-layout":"default","site-content-layout":"default","ast-global-header-display":"","ast-main-header-display":"","ast-hfb-above-header-display":"","ast-hfb-below-header-display":"","ast-hfb-mobile-header-display":"","site-post-title":"","ast-breadcrumbs-content":"","ast-featured-img":"","footer-sml-layout":"","theme-transparent-header-meta":"default","adv-header-id-meta":"","stick-header-meta":"","header-above-stick-meta":"","header-main-stick-meta":"","header-below-stick-meta":""},"product_brand":[],"product_cat":[171,170,178],"product_tag":[],"class_list":{"0":"post-11790","1":"product","2":"type-product","3":"status-publish","4":"has-post-thumbnail","6":"product_cat-detox-revitalization","7":"product_cat-digestive-system","8":"product_cat-parasitic-infections","9":"desktop-align-center","10":"tablet-align-center","11":"mobile-align-center","13":"first","14":"instock","15":"shipping-taxable","16":"purchasable","17":"product-type-simple"},"_links":{"self":[{"href":"https:\/\/www.alivitpharm.com\/pt\/wp-json\/wp\/v2\/product\/11790","targetHints":{"allow":["GET"]}}],"collection":[{"href":"https:\/\/www.alivitpharm.com\/pt\/wp-json\/wp\/v2\/product"}],"about":[{"href":"https:\/\/www.alivitpharm.com\/pt\/wp-json\/wp\/v2\/types\/product"}],"replies":[{"embeddable":true,"href":"https:\/\/www.alivitpharm.com\/pt\/wp-json\/wp\/v2\/comments?post=11790"}],"wp:featuredmedia":[{"embeddable":true,"href":"https:\/\/www.alivitpharm.com\/pt\/wp-json\/wp\/v2\/media\/13535"}],"wp:attachment":[{"href":"https:\/\/www.alivitpharm.com\/pt\/wp-json\/wp\/v2\/media?parent=11790"}],"wp:term":[{"taxonomy":"product_brand","embeddable":true,"href":"https:\/\/www.alivitpharm.com\/pt\/wp-json\/wp\/v2\/product_brand?post=11790"},{"taxonomy":"product_cat","embeddable":true,"href":"https:\/\/www.alivitpharm.com\/pt\/wp-json\/wp\/v2\/product_cat?post=11790"},{"taxonomy":"product_tag","embeddable":true,"href":"https:\/\/www.alivitpharm.com\/pt\/wp-json\/wp\/v2\/product_tag?post=11790"}],"curies":[{"name":"wp","href":"https:\/\/api.w.org\/{rel}","templated":true}]}}