{"id":13614,"date":"2025-11-12T14:47:31","date_gmt":"2025-11-12T12:47:31","guid":{"rendered":"https:\/\/www.alivitpharm.com\/?post_type=product&#038;p=13614"},"modified":"2026-04-16T09:15:34","modified_gmt":"2026-04-16T07:15:34","slug":"magnezijum-bisglicinat-plus-b6","status":"publish","type":"product","link":"https:\/\/www.alivitpharm.com\/pt\/product\/magnezijum-bisglicinat-plus-b6\/","title":{"rendered":"MAGNEZIJUM BISGLICINAT plus B6"},"content":{"rendered":"<div class=\"product-accordion\">\n<div class=\"btn\">MAIS SOBRE O MAGNEZIJUM BISGLICINAT plus B6<\/div>\n<div class=\"board\">\n<div><b>MAGNEZIJUM BISGLICINAT plus B6\u00ae<\/b> as c\u00e1psulas s\u00e3o um suplemento alimentar recomendado para o stress, tens\u00e3o, irritabilidade, ansiedade, dist\u00farbios do sono e tamb\u00e9m para pessoas que praticam atividades f\u00edsicas intensas e atletas. Esta forma de magn\u00e9sio \u00e9 tamb\u00e9m recomendada para problemas femininos, como a s\u00edndrome pr\u00e9-menstrual, a dismenorreia (ciclo menstrual doloroso) e os sintomas da p\u00f3s-menopausa.<\/p>\n<p>O bisglicinato de magn\u00e9sio \u00e9 uma forma quelada de magn\u00e9sio que \u00e9 facilmente absorvida, uma vez que o magn\u00e9sio est\u00e1 ligado ao amino\u00e1cido glicina. \u00c9 considerado uma das formas de magn\u00e9sio mais bem aproveitadas e n\u00e3o causa desconforto estomacal, o que o torna adequado para pessoas com um sistema gastrointestinal sens\u00edvel. O magn\u00e9sio contribui para a redu\u00e7\u00e3o do cansa\u00e7o e da fadiga, para o metabolismo energ\u00e9tico normal, para a fun\u00e7\u00e3o psicol\u00f3gica normal, para o funcionamento normal do sistema nervoso, para a fun\u00e7\u00e3o muscular normal e para a manuten\u00e7\u00e3o da sa\u00fade \u00f3ssea.<\/p>\n<p>A vitamina B6 contribui para o metabolismo normal das prote\u00ednas e do glicog\u00e9nio, para a s\u00edntese normal da ciste\u00edna e para o metabolismo da homociste\u00edna, contribui para o metabolismo energ\u00e9tico normal e para a regula\u00e7\u00e3o da atividade hormonal.<\/p><\/div>\n<\/div>\n<div class=\"btn\">INGREDIENTES<\/div>\n<div class=\"board\">\n<div>60 c\u00e1psulas r\u00edgidas<\/p>\n<p><b>\u2022<\/b> <a class=\"custom-link\" href=\"\/pt\/magnesium\/\">Magnesium<\/a>;<br \/>\n<b>\u2022<\/b> <a class=\"custom-link\" href=\"\/pt\/vitamin-b6\/\">Cloridrato de piridoxina (vitamina B6)<\/a>;<br \/>\n<b>\u2022<\/b> C\u00e1psula (carbonato de c\u00e1lcio, hidroxipropilmetilcelulose), antiaglomerante: di\u00f3xido de sil\u00edcio, estearato de magn\u00e9sio;<\/p>\n<\/div>\n<\/div>\n<div class=\"btn\">COMO USAR<\/div>\n<div class=\"board\">\n<div>Para pessoas com mais de 14 anos de idade, recomenda-se a toma de uma a quatro c\u00e1psulas por dia, durante ou ap\u00f3s as refei\u00e7\u00f5es. Engula a c\u00e1psula inteira com l\u00edquido. O produto tamb\u00e9m pode ser utilizado por pessoas com diabetes.<\/p>\n<p><b>AVISOS:<\/b><br \/>\n<b>\u2022<\/b> A dose di\u00e1ria recomendada n\u00e3o deve ser excedida.<br \/>\n<b>\u2022<\/b> Este produto n\u00e3o se destina a pessoas com menos de 14 anos de idade.<br \/>\n<b>\u2022<\/b> O produto n\u00e3o deve ser utilizado por pessoas que apresentem hipersensibilidade a qualquer um dos seus ingredientes.<br \/>\n<b>\u2022<\/b> As mulheres gr\u00e1vidas e lactantes devem consultar o seu m\u00e9dico antes de utilizar este produto.<\/p>\n<\/div>\n<\/div>\n<\/div>","protected":false},"excerpt":{"rendered":"<div class=\"my-product-info\">\n<div class=\"two-categories\">\n<div><img decoding=\"async\" src=\"https:\/\/www.alivitpharm.com\/wp-content\/uploads\/2025\/05\/icon-9.png\" alt=\"100% Natural\" width=\"50px\" height=\"50px\" \/><\/p>\n<div>100% Natural<\/div>\n<\/div>\n<div><img decoding=\"async\" src=\"https:\/\/www.alivitpharm.com\/wp-content\/uploads\/2025\/05\/icon-10.png\" alt=\"N\u00e3o transg\u00e9nico\" width=\"50px\" height=\"50px\" \/><\/p>\n<div>N\u00e3o transg\u00e9nico<\/div>\n<\/div>\n<div><img decoding=\"async\" src=\"https:\/\/www.alivitpharm.com\/wp-content\/uploads\/2025\/05\/icon-15.png\" alt=\"N\u00e3o cont\u00e9m gl\u00faten\" width=\"50px\" height=\"50px\" \/><\/p>\n<div>N\u00e3o cont\u00e9m gl\u00faten<\/div>\n<\/div>\n<\/div>\n<\/div>\n<ul>\n<li>Alimento essencial para um cora\u00e7\u00e3o e c\u00e9rebro saud\u00e1veis.<\/li>\n<li>Tem efeito antioxidante e tem um efeito ben\u00e9fico no perfil lip\u00eddico.<\/li>\n<li>Contribui para a redu\u00e7\u00e3o da fadiga e do esgotamento.<\/li>\n<li>Contribui para o normal funcionamento psicol\u00f3gico.<\/li>\n<li>Melhora a qualidade do sono.<\/li>\n<li>Contribui para o normal funcionamento dos m\u00fasculos e para a manuten\u00e7\u00e3o da sa\u00fade \u00f3ssea.<\/li>\n<\/ul>","protected":false},"featured_media":13616,"comment_status":"open","ping_status":"closed","template":"","meta":{"site-sidebar-layout":"default","site-content-layout":"default","ast-global-header-display":"","ast-main-header-display":"","ast-hfb-above-header-display":"","ast-hfb-below-header-display":"","ast-hfb-mobile-header-display":"","site-post-title":"","ast-breadcrumbs-content":"","ast-featured-img":"","footer-sml-layout":"","theme-transparent-header-meta":"default","adv-header-id-meta":"","stick-header-meta":"","header-above-stick-meta":"","header-main-stick-meta":"","header-below-stick-meta":""},"product_brand":[],"product_cat":[169,179,175],"product_tag":[],"class_list":{"0":"post-13614","1":"product","2":"type-product","3":"status-publish","4":"has-post-thumbnail","6":"product_cat-cardiovascular-health","7":"product_cat-mens-health","8":"product_cat-nervous-system-protection","9":"desktop-align-center","10":"tablet-align-center","11":"mobile-align-center","13":"first","14":"instock","15":"shipping-taxable","16":"purchasable","17":"product-type-simple"},"_links":{"self":[{"href":"https:\/\/www.alivitpharm.com\/pt\/wp-json\/wp\/v2\/product\/13614","targetHints":{"allow":["GET"]}}],"collection":[{"href":"https:\/\/www.alivitpharm.com\/pt\/wp-json\/wp\/v2\/product"}],"about":[{"href":"https:\/\/www.alivitpharm.com\/pt\/wp-json\/wp\/v2\/types\/product"}],"replies":[{"embeddable":true,"href":"https:\/\/www.alivitpharm.com\/pt\/wp-json\/wp\/v2\/comments?post=13614"}],"wp:featuredmedia":[{"embeddable":true,"href":"https:\/\/www.alivitpharm.com\/pt\/wp-json\/wp\/v2\/media\/13616"}],"wp:attachment":[{"href":"https:\/\/www.alivitpharm.com\/pt\/wp-json\/wp\/v2\/media?parent=13614"}],"wp:term":[{"taxonomy":"product_brand","embeddable":true,"href":"https:\/\/www.alivitpharm.com\/pt\/wp-json\/wp\/v2\/product_brand?post=13614"},{"taxonomy":"product_cat","embeddable":true,"href":"https:\/\/www.alivitpharm.com\/pt\/wp-json\/wp\/v2\/product_cat?post=13614"},{"taxonomy":"product_tag","embeddable":true,"href":"https:\/\/www.alivitpharm.com\/pt\/wp-json\/wp\/v2\/product_tag?post=13614"}],"curies":[{"name":"wp","href":"https:\/\/api.w.org\/{rel}","templated":true}]}}