{"id":13620,"date":"2025-11-12T15:21:15","date_gmt":"2025-11-12T13:21:15","guid":{"rendered":"https:\/\/www.alivitpharm.com\/?post_type=product&#038;p=13620"},"modified":"2026-02-19T10:33:41","modified_gmt":"2026-02-19T08:33:41","slug":"koenzim-q10","status":"publish","type":"product","link":"https:\/\/www.alivitpharm.com\/pt\/product\/koenzim-q10\/","title":{"rendered":"KOENZIM Q10"},"content":{"rendered":"<div class=\"product-accordion\">\n<div class=\"btn\">MAIS SOBRE O KOENZIM Q10<\/div>\n<div class=\"board\">\n<div>\n<p><b>Koenzim Q10\u00ae<\/b> as c\u00e1psulas s\u00e3o um suplemento alimentar recomendado para doen\u00e7as card\u00edacas e vasculares, podendo tamb\u00e9m ser utilizadas como adjuvante no tratamento com estatinas (medicamentos para reduzir o colesterol e os triglic\u00e9ridos). Com o passar dos anos, o organismo produz cada vez menos coenzima Q10, sendo necess\u00e1rio consumi-la atrav\u00e9s da alimenta\u00e7\u00e3o ou de suplementos alimentares. Todas as c\u00e9lulas cont\u00eam coenzima Q10, especialmente nas mitoc\u00f4ndrias, participando assim nos processos de produ\u00e7\u00e3o de energia.<\/p>\n<p>A coenzima Q10 previne o desenvolvimento da aterosclerose e protege os vasos sangu\u00edneos, melhora a fun\u00e7\u00e3o card\u00edaca e os par\u00e2metros metab\u00f3licos, aumenta a produ\u00e7\u00e3o de antioxidantes e, assim, alivia o stress oxidativo vascular em pessoas que sofrem de hipertens\u00e3o, al\u00e9m de contribuir para a preserva\u00e7\u00e3o da fun\u00e7\u00e3o muscular. A defici\u00eancia de coenzima Q10 em humanos leva \u00e0 fadiga, perda de energia, decl\u00ednio das fun\u00e7\u00f5es mentais e diminui\u00e7\u00e3o da imunidade.<\/p>\n<\/div>\n<\/div>\n<div class=\"btn\">INGREDIENTES<\/div>\n<div class=\"board\">\n<div>60 c\u00e1psulas r\u00edgidas<\/p>\n<p><b>\u2022<\/b> <a class=\"custom-link\" href=\"\/pt\/coenzyme-q10\/\">Koenzim Q10<\/a>;<br \/>\n<b>\u2022<\/b> Agente de volume: celulose microcristalina, agentes antiaglomerantes: estearato de magn\u00e9sio e di\u00f3xido de sil\u00edcio, c\u00e1psula (gelatina, corante: carbonato de c\u00e1lcio);<\/div>\n<\/div>\n<div class=\"btn\">COMO USAR<\/div>\n<div class=\"board\">\n<div>Recomenda-se a toma de uma c\u00e1psula por dia, durante ou ap\u00f3s uma refei\u00e7\u00e3o. Engula a c\u00e1psula inteira com l\u00edquido.<\/p>\n<p><b>AVISOS:<\/b><br \/>\n<b>\u2022<\/b> A dose di\u00e1ria recomendada n\u00e3o deve ser excedida.<br \/>\n<b>\u2022<\/b> O produto n\u00e3o deve ser utilizado por pessoas que apresentem hipersensibilidade a qualquer um dos seus ingredientes.<br \/>\n<b>\u2022<\/b> As pessoas que tomam o medicamento varfarina devem evitar a utiliza\u00e7\u00e3o deste produto.<br \/>\n<b>\u2022<\/b> A coenzima Q10 deve ser utilizada com precau\u00e7\u00e3o por pessoas com diabetes e por aquelas que s\u00e3o propensas a epis\u00f3dios de hipoglicemia.<\/div>\n<\/div>\n<\/div>","protected":false},"excerpt":{"rendered":"<div class=\"my-product-info\">\n<div class=\"two-categories\">\n<div>\n            <img decoding=\"async\" src=\"https:\/\/www.alivitpharm.com\/wp-content\/uploads\/2025\/05\/icon-9.png\" alt=\"100% Natural\" width=\"50px\" height=\"50px\" \/><\/p>\n<div>100% Natural<\/div>\n<\/p><\/div>\n<div>\n            <img decoding=\"async\" src=\"https:\/\/www.alivitpharm.com\/wp-content\/uploads\/2025\/05\/icon-10.png\" alt=\"N\u00e3o transg\u00e9nico\" width=\"50px\" height=\"50px\" \/><\/p>\n<div>N\u00e3o transg\u00e9nico<\/div>\n<\/p><\/div>\n<div>\n            <img decoding=\"async\" src=\"https:\/\/www.alivitpharm.com\/wp-content\/uploads\/2025\/05\/icon-15.png\" alt=\"N\u00e3o cont\u00e9m gl\u00faten\" width=\"50px\" height=\"50px\" \/><\/p>\n<div>N\u00e3o cont\u00e9m gl\u00faten<\/div>\n<\/p><\/div>\n<\/p><\/div>\n<\/div>\n<ul>\n<li>Previne o desenvolvimento da aterosclerose.<\/li>\n<li>Melhora a fun\u00e7\u00e3o card\u00edaca e os par\u00e2metros metab\u00f3licos.<\/li>\n<li>Aumenta a produ\u00e7\u00e3o de antioxidantes, aliviando assim o stress oxidativo vascular em pessoas que sofrem de hipertens\u00e3o.<\/li>\n<li>Protege os vasos sangu\u00edneos e contribui para a preserva\u00e7\u00e3o da fun\u00e7\u00e3o muscular.<\/li>\n<li>\u00c9 recomendado como adjuvante da terap\u00eautica com estatinas.<\/li>\n<\/ul>","protected":false},"featured_media":13618,"comment_status":"open","ping_status":"closed","template":"","meta":{"site-sidebar-layout":"default","site-content-layout":"default","ast-global-header-display":"","ast-main-header-display":"","ast-hfb-above-header-display":"","ast-hfb-below-header-display":"","ast-hfb-mobile-header-display":"","site-post-title":"","ast-breadcrumbs-content":"","ast-featured-img":"","footer-sml-layout":"","theme-transparent-header-meta":"default","adv-header-id-meta":"","stick-header-meta":"","header-above-stick-meta":"","header-main-stick-meta":"","header-below-stick-meta":""},"product_brand":[],"product_cat":[169,174,175],"product_tag":[],"class_list":{"0":"post-13620","1":"product","2":"type-product","3":"status-publish","4":"has-post-thumbnail","6":"product_cat-cardiovascular-health","7":"product_cat-immune-system","8":"product_cat-nervous-system-protection","9":"desktop-align-center","10":"tablet-align-center","11":"mobile-align-center","13":"first","14":"instock","15":"shipping-taxable","16":"purchasable","17":"product-type-simple"},"_links":{"self":[{"href":"https:\/\/www.alivitpharm.com\/pt\/wp-json\/wp\/v2\/product\/13620","targetHints":{"allow":["GET"]}}],"collection":[{"href":"https:\/\/www.alivitpharm.com\/pt\/wp-json\/wp\/v2\/product"}],"about":[{"href":"https:\/\/www.alivitpharm.com\/pt\/wp-json\/wp\/v2\/types\/product"}],"replies":[{"embeddable":true,"href":"https:\/\/www.alivitpharm.com\/pt\/wp-json\/wp\/v2\/comments?post=13620"}],"wp:featuredmedia":[{"embeddable":true,"href":"https:\/\/www.alivitpharm.com\/pt\/wp-json\/wp\/v2\/media\/13618"}],"wp:attachment":[{"href":"https:\/\/www.alivitpharm.com\/pt\/wp-json\/wp\/v2\/media?parent=13620"}],"wp:term":[{"taxonomy":"product_brand","embeddable":true,"href":"https:\/\/www.alivitpharm.com\/pt\/wp-json\/wp\/v2\/product_brand?post=13620"},{"taxonomy":"product_cat","embeddable":true,"href":"https:\/\/www.alivitpharm.com\/pt\/wp-json\/wp\/v2\/product_cat?post=13620"},{"taxonomy":"product_tag","embeddable":true,"href":"https:\/\/www.alivitpharm.com\/pt\/wp-json\/wp\/v2\/product_tag?post=13620"}],"curies":[{"name":"wp","href":"https:\/\/api.w.org\/{rel}","templated":true}]}}