{"id":13763,"date":"2026-01-19T15:20:54","date_gmt":"2026-01-19T13:20:54","guid":{"rendered":"https:\/\/www.alivitpharm.com\/?post_type=product&#038;p=13763"},"modified":"2026-02-26T16:22:38","modified_gmt":"2026-02-26T14:22:38","slug":"ovarinova","status":"publish","type":"product","link":"https:\/\/www.alivitpharm.com\/pt\/product\/ovarinova\/","title":{"rendered":"OVARINOVA"},"content":{"rendered":"<div class=\"product-accordion\">\n<div class=\"btn\">SOBRE A OVARINOVA<\/div>\n<div class=\"board\">\n<div>\n<p><b>OVARINOVA\u00ae<\/b> c\u00e1psulas cont\u00eam p\u00f3 de fruto de agnocasto, mio-inositol e D-quiro-inositol.<\/p>\n<p>O agnocasto ajuda durante o ciclo pr\u00e9-menstrual. Contribui para o al\u00edvio dos sintomas da menopausa e dos desconfortos pr\u00e9-menstruais. Contribui para a manuten\u00e7\u00e3o do equil\u00edbrio hormonal durante a menopausa. Ajuda a manter o bem-estar fisiol\u00f3gico durante o ciclo menstrual.<\/p>\n<\/div>\n<\/div>\n<div class=\"btn\">INGREDIENTES<\/div>\n<div class=\"board\">\n<div>\n<p>90 c\u00e1psulas r\u00edgidas<\/p>\n<p><b>\u2022<\/b> P\u00f3 de <a class=\"custom-link\" href=\"\/pt\/vitex\/\">fruto de agnocasto<\/a>;<br \/>\n<b>\u2022<\/b> <a class=\"custom-link\" href=\"\/pt\/myo-inositol-d-chiro-inositol\/\">Mio-inositol<\/a>;<br \/>\n<b>\u2022<\/b> <a class=\"custom-link\" href=\"\/pt\/myo-inositol-d-chiro-inositol\/\">D-quiro-inositol<\/a>;<br \/>\n<b>\u2022<\/b> C\u00e1psula (gelatina, \u00e1gua purificada, corante: carbonato de c\u00e1lcio), antiaglomerantes: estearato de magn\u00e9sio e di\u00f3xido de sil\u00edcio;<\/p>\n<\/div>\n<\/div>\n<div class=\"btn\">COMO USAR<\/div>\n<div class=\"board\">\n<div>\n<p>Para pessoas com mais de 18 anos, recomenda-se a utiliza\u00e7\u00e3o de uma c\u00e1psula duas vezes por dia, durante ou ap\u00f3s as refei\u00e7\u00f5es. Engula a c\u00e1psula inteira com l\u00edquido. O produto deve ser tomado durante um longo per\u00edodo.<\/p>\n<p><b>AVISOS:<\/b><br \/>\n<b>\u2022<\/b> O produto n\u00e3o deve ser utilizado por pessoas que apresentem hipersensibilidade a qualquer um dos seus ingredientes.<br \/>\n<b>\u2022<\/b> As pessoas que tomam medicamentos devem consultar um m\u00e9dico.<br \/>\n<b>\u2022<\/b> N\u00e3o recomendado a gr\u00e1vidas, lactantes e menores de 18 anos.<br \/>\n<b>\u2022<\/b> A dose di\u00e1ria recomendada n\u00e3o deve ser excedida.<\/p>\n<\/div>\n<\/div>\n<\/div>","protected":false},"excerpt":{"rendered":"<div class=\"my-product-info\">\n<div class=\"two-categories\">\n<div>\n<p><img decoding=\"async\" src=\"https:\/\/www.alivitpharm.com\/wp-content\/uploads\/2025\/05\/icon-9.png\" alt=\"100% Natural\" width=\"50px\" height=\"50px\" \/><\/p>\n<div>100% Natural<\/div>\n<\/div>\n<div>\n<p><img decoding=\"async\" src=\"https:\/\/www.alivitpharm.com\/wp-content\/uploads\/2025\/05\/icon-10.png\" alt=\"N\u00e3o transg\u00e9nico\" width=\"50px\" height=\"50px\" \/><\/p>\n<div>N\u00e3o transg\u00e9nico<\/div>\n<\/div>\n<div>\n<p><img decoding=\"async\" src=\"https:\/\/www.alivitpharm.com\/wp-content\/uploads\/2025\/05\/icon-15.png\" alt=\"N\u00e3o cont\u00e9m gl\u00faten\" width=\"50px\" height=\"50px\" \/><\/p>\n<div>N\u00e3o cont\u00e9m gl\u00faten<\/div>\n<\/div>\n<\/div>\n<\/div>\n<ul>\n<li>Contribui para o al\u00edvio dos sintomas da menopausa.<\/li>\n<li>Ajuda a manter o equil\u00edbrio hormonal.<\/li>\n<li>Contribui para o al\u00edvio dos sintomas da TPM e para a regula\u00e7\u00e3o do ciclo menstrual.<\/li>\n<li>Utilizado no tratamento da resist\u00eancia \u00e0 insulina e da SOP (s\u00edndrome do ov\u00e1rio poliqu\u00edstico).<\/li>\n<\/ul>","protected":false},"featured_media":13765,"comment_status":"open","ping_status":"closed","template":"","meta":{"site-sidebar-layout":"default","site-content-layout":"default","ast-global-header-display":"","ast-main-header-display":"","ast-hfb-above-header-display":"","ast-hfb-below-header-display":"","ast-hfb-mobile-header-display":"","site-post-title":"","ast-breadcrumbs-content":"","ast-featured-img":"","footer-sml-layout":"","theme-transparent-header-meta":"default","adv-header-id-meta":"","stick-header-meta":"","header-above-stick-meta":"","header-main-stick-meta":"","header-below-stick-meta":""},"product_brand":[],"product_cat":[172,183],"product_tag":[],"class_list":{"0":"post-13763","1":"product","2":"type-product","3":"status-publish","4":"has-post-thumbnail","6":"product_cat-hormonal-balance","7":"product_cat-womens-health","8":"desktop-align-center","9":"tablet-align-center","10":"mobile-align-center","12":"first","13":"instock","14":"shipping-taxable","15":"purchasable","16":"product-type-simple"},"_links":{"self":[{"href":"https:\/\/www.alivitpharm.com\/pt\/wp-json\/wp\/v2\/product\/13763","targetHints":{"allow":["GET"]}}],"collection":[{"href":"https:\/\/www.alivitpharm.com\/pt\/wp-json\/wp\/v2\/product"}],"about":[{"href":"https:\/\/www.alivitpharm.com\/pt\/wp-json\/wp\/v2\/types\/product"}],"replies":[{"embeddable":true,"href":"https:\/\/www.alivitpharm.com\/pt\/wp-json\/wp\/v2\/comments?post=13763"}],"wp:featuredmedia":[{"embeddable":true,"href":"https:\/\/www.alivitpharm.com\/pt\/wp-json\/wp\/v2\/media\/13765"}],"wp:attachment":[{"href":"https:\/\/www.alivitpharm.com\/pt\/wp-json\/wp\/v2\/media?parent=13763"}],"wp:term":[{"taxonomy":"product_brand","embeddable":true,"href":"https:\/\/www.alivitpharm.com\/pt\/wp-json\/wp\/v2\/product_brand?post=13763"},{"taxonomy":"product_cat","embeddable":true,"href":"https:\/\/www.alivitpharm.com\/pt\/wp-json\/wp\/v2\/product_cat?post=13763"},{"taxonomy":"product_tag","embeddable":true,"href":"https:\/\/www.alivitpharm.com\/pt\/wp-json\/wp\/v2\/product_tag?post=13763"}],"curies":[{"name":"wp","href":"https:\/\/api.w.org\/{rel}","templated":true}]}}