{"id":13771,"date":"2026-01-23T09:41:28","date_gmt":"2026-01-23T07:41:28","guid":{"rendered":"https:\/\/www.alivitpharm.com\/?post_type=product&#038;p=13771"},"modified":"2026-03-03T04:40:53","modified_gmt":"2026-03-03T02:40:53","slug":"omega3-vitamin-e","status":"publish","type":"product","link":"https:\/\/www.alivitpharm.com\/pt\/product\/omega3-vitamin-e\/","title":{"rendered":"OMEGA3 + VITAMIN E"},"content":{"rendered":"<div class=\"product-accordion\">\n<div class=\"btn\">MAIS SOBRE O OMEGA3 + VITAMIN E<\/div>\n<div class=\"board\">\n<div>\n<p><b>OMEGA3 + VITAMIN E\u00ae<\/b> c\u00e1psulas cont\u00eam \u00f3leo de peixe e vitamina E. O \u00f3leo de peixe cont\u00e9m \u00e1cidos gordos \u00f3mega-3: \u00e1cido eicosapentaenoico (EPA) e \u00e1cido docosa-hexaenoico (DHA), que contribuem para o funcionamento normal do cora\u00e7\u00e3o.<\/p>\n<p><b>\u2022<\/b> O DHA contribui para a manuten\u00e7\u00e3o da fun\u00e7\u00e3o cerebral normal e da vis\u00e3o normal.<br \/>\n<b>\u2022<\/b> A vitamina E contribui para a prote\u00e7\u00e3o das c\u00e9lulas contra o stress oxidativo.<br \/>\n<b>\u2022<\/b> O efeito ben\u00e9fico \u00e9 conseguido com uma ingest\u00e3o di\u00e1ria de 250 mg de EPA e DHA.<br \/>\n<b>\u2022<\/b> O efeito ben\u00e9fico \u00e9 conseguido com uma toma di\u00e1ria de 250 mg de DHA.<\/p>\n<\/div>\n<\/div>\n<div class=\"btn\">INGREDIENTES<\/div>\n<div class=\"board\">\n<div>\n<p>100 c\u00e1psulas de gelatina mole<\/p>\n<p><b>\u2022<\/b> <a class=\"custom-link\" href=\"\/pt\/fish-oil\/\">\u00d3leo de peixe<\/a>;<br \/>\n<b>\u2022<\/b> <a class=\"custom-link\" href=\"\/pt\/vitamin-e\/\">Vitamina E<\/a>;<br \/>\n<b>\u2022<\/b> C\u00e1psula (gelatina bovina, humectante: glicerol, \u00e1gua purificada);<\/p>\n<\/div>\n<\/div>\n<div class=\"btn\">COMO USAR<\/div>\n<div class=\"board\">\n<div>\n<p>Os adultos e as crian\u00e7as com mais de 12 anos devem tomar uma c\u00e1psula por dia com bastante l\u00edquido, ap\u00f3s uma refei\u00e7\u00e3o. Engula a c\u00e1psula inteira com o l\u00edquido. Adequado para pessoas com diabetes.<\/p>\n<p><b>AVISOS:<\/b><br \/>\n<b>\u2022<\/b> O produto n\u00e3o deve ser utilizado por pessoas que apresentem hipersensibilidade a qualquer um dos seus ingredientes.<br \/>\n<b>\u2022<\/b> Consulte o seu m\u00e9dico se estiver a tomar medicamentos anticoagulantes.<br \/>\n<b>\u2022<\/b> As mulheres gr\u00e1vidas e lactantes devem consultar o seu m\u00e9dico antes de utilizar este produto.<br \/>\n<b>\u2022<\/b> A dose di\u00e1ria recomendada n\u00e3o deve ser excedida.<\/p>\n<\/div>\n<\/div>\n<\/div>","protected":false},"excerpt":{"rendered":"<div class=\"my-product-info\">\n<div class=\"two-categories\">\n<div>\n<p><img decoding=\"async\" src=\"https:\/\/www.alivitpharm.com\/wp-content\/uploads\/2025\/05\/icon-9.png\" alt=\"100% Natural\" width=\"50px\" height=\"50px\" \/><\/p>\n<div>100% Natural<\/div>\n<\/div>\n<div>\n<p><img decoding=\"async\" src=\"https:\/\/www.alivitpharm.com\/wp-content\/uploads\/2025\/05\/icon-10.png\" alt=\"N\u00e3o transg\u00e9nico\" width=\"50px\" height=\"50px\" \/><\/p>\n<div>N\u00e3o transg\u00e9nico<\/div>\n<\/div>\n<div>\n<p><img decoding=\"async\" src=\"https:\/\/www.alivitpharm.com\/wp-content\/uploads\/2025\/05\/icon-15.png\" alt=\"N\u00e3o cont\u00e9m gl\u00faten\" width=\"50px\" height=\"50px\" \/><\/p>\n<div>N\u00e3o cont\u00e9m gl\u00faten<\/div>\n<\/div>\n<\/div>\n<\/div>\n<ul>\n<li>Contribui para o normal funcionamento do cora\u00e7\u00e3o.<\/li>\n<li>Reduz a press\u00e3o arterial.<\/li>\n<li>Contribui para a manuten\u00e7\u00e3o da fun\u00e7\u00e3o cerebral normal e da vis\u00e3o normal.<\/li>\n<li>Reduz o n\u00edvel de triglic\u00e9ridos.<\/li>\n<li>Previne o enfarte do mioc\u00e1rdio.<\/li>\n<\/ul>","protected":false},"featured_media":13775,"comment_status":"open","ping_status":"closed","template":"","meta":{"site-sidebar-layout":"default","site-content-layout":"default","ast-global-header-display":"","ast-main-header-display":"","ast-hfb-above-header-display":"","ast-hfb-below-header-display":"","ast-hfb-mobile-header-display":"","site-post-title":"","ast-breadcrumbs-content":"","ast-featured-img":"","footer-sml-layout":"","theme-transparent-header-meta":"default","adv-header-id-meta":"","stick-header-meta":"","header-above-stick-meta":"","header-main-stick-meta":"","header-below-stick-meta":""},"product_brand":[],"product_cat":[169,174,175,183],"product_tag":[],"class_list":{"0":"post-13771","1":"product","2":"type-product","3":"status-publish","4":"has-post-thumbnail","6":"product_cat-cardiovascular-health","7":"product_cat-immune-system","8":"product_cat-nervous-system-protection","9":"product_cat-womens-health","10":"desktop-align-center","11":"tablet-align-center","12":"mobile-align-center","14":"first","15":"onbackorder","16":"shipping-taxable","17":"product-type-simple"},"_links":{"self":[{"href":"https:\/\/www.alivitpharm.com\/pt\/wp-json\/wp\/v2\/product\/13771","targetHints":{"allow":["GET"]}}],"collection":[{"href":"https:\/\/www.alivitpharm.com\/pt\/wp-json\/wp\/v2\/product"}],"about":[{"href":"https:\/\/www.alivitpharm.com\/pt\/wp-json\/wp\/v2\/types\/product"}],"replies":[{"embeddable":true,"href":"https:\/\/www.alivitpharm.com\/pt\/wp-json\/wp\/v2\/comments?post=13771"}],"wp:featuredmedia":[{"embeddable":true,"href":"https:\/\/www.alivitpharm.com\/pt\/wp-json\/wp\/v2\/media\/13775"}],"wp:attachment":[{"href":"https:\/\/www.alivitpharm.com\/pt\/wp-json\/wp\/v2\/media?parent=13771"}],"wp:term":[{"taxonomy":"product_brand","embeddable":true,"href":"https:\/\/www.alivitpharm.com\/pt\/wp-json\/wp\/v2\/product_brand?post=13771"},{"taxonomy":"product_cat","embeddable":true,"href":"https:\/\/www.alivitpharm.com\/pt\/wp-json\/wp\/v2\/product_cat?post=13771"},{"taxonomy":"product_tag","embeddable":true,"href":"https:\/\/www.alivitpharm.com\/pt\/wp-json\/wp\/v2\/product_tag?post=13771"}],"curies":[{"name":"wp","href":"https:\/\/api.w.org\/{rel}","templated":true}]}}