{"id":13788,"date":"2026-01-24T21:11:41","date_gmt":"2026-01-24T19:11:41","guid":{"rendered":"https:\/\/www.alivitpharm.com\/?post_type=product&#038;p=13788"},"modified":"2026-03-26T15:10:48","modified_gmt":"2026-03-26T13:10:48","slug":"cardio-max","status":"publish","type":"product","link":"https:\/\/www.alivitpharm.com\/pt\/product\/cardio-max\/","title":{"rendered":"CARDIO MAX"},"content":{"rendered":"<div class=\"product-accordion\">\n<div class=\"btn\">MAIS SOBRE O CARDIO MAX<\/div>\n<div class=\"board\">\n<div><b>CARDIO MAX\u00ae<\/b> soft gelatin capsules are a rich source of active ingredients from the oil extract of fermented garlic, white and red hawthorn, motherwort, valerian, olive and bay tree.<\/p>\n<p>Alho fermentado contribui para a sa\u00fade do cora\u00e7\u00e3o, mant\u00e9m n\u00edveis normais de l\u00edpidos e homociste\u00edna no sangue, e assim contribui para a sa\u00fade dos vasos sangu\u00edneos. Espinheiro\u2011bravo branco e vermelho suporta a fun\u00e7\u00e3o card\u00edaca, aumenta o fornecimento de oxig\u00e9nio, melhora a circula\u00e7\u00e3o perif\u00e9rica e mant\u00e9m a press\u00e3o arterial normal. Agripalma mant\u00e9m a sa\u00fade do sistema cardiovascular e ajuda a manter a press\u00e3o arterial normal. Baldri\u00e3o verdadeiro melhora a fun\u00e7\u00e3o card\u00edaca, aumenta a elasticidade e a resist\u00eancia das paredes dos vasos sangu\u00edneos e normaliza a press\u00e3o arterial. Oliveira ajuda a manter a press\u00e3o arterial normal e contribui para manter n\u00edveis normais de colesterol no sangue. Lorbeer verdadeiro ajuda a manter a circula\u00e7\u00e3o normal.<\/p>\n<\/div>\n<\/div>\n<div class=\"btn\">INGREDIENTES<\/div>\n<div class=\"board\">\n<div>90 c\u00e1psulas de gelatina mole<\/p>\n<p><b>\u2022<\/b> Extrato de <a class=\"custom-link\" href=\"\/pt\/black-garlic\/\">bulbo de Alho fermentado <i>(Allium sativum)<\/i><\/a> em \u00f3leo de soja;<br \/>\n<b>\u2022<\/b> Extrato de <a class=\"custom-link\" href=\"\/pt\/white-red-hawthorn\/\">folhas e flores de Espinheiro\u2011bravo branco e vermelho <i>(Crataegus monogyna, Crataegus oxyacantha)<\/i><\/a> em \u00f3leo de soja;<br \/>\n<b>\u2022<\/b> Extrato de <a class=\"custom-link\" href=\"\/pt\/motherwort\/\">parte a\u00e9rea de Agripalma <i>(Leonurus cardiaca)<\/i><\/a> em \u00f3leo de soja;<br \/>\n<b>\u2022<\/b> Extrato de <a class=\"custom-link\" href=\"\/pt\/valerian\/\">raiz de valeriana <i>(Valeriana officinalis)<\/i><\/a> em \u00f3leo de soja;<br \/>\n<b>\u2022<\/b> Extrato de <a class=\"custom-link\" href=\"\/pt\/olive-leaf\/\">folha de oliveira <i>(Olea europaea)<\/i><\/a> em \u00f3leo de soja;<br \/>\n<b>\u2022<\/b> Extrato de <a class=\"custom-link\" href=\"\/pt\/bay-laurel\/\">folha de louro <i>(Laurus nobilis)<\/i><\/a> em \u00f3leo de soja;<br \/>\n<b>\u2022<\/b> Gelatina bovina, humectante: glicerol, \u00e1gua purificada, antiaglomerante: di\u00f3xido de sil\u00edcio, antioxidante: acetato de DL-alfa-tocoferol, corante: carv\u00e3o vegetal;<\/p>\n<\/div>\n<\/div>\n<div class=\"btn\">COMO USAR<\/div>\n<div class=\"board\">\n<div>Para adultos com mais de 18 anos, recomenda-se a toma de uma c\u00e1psula tr\u00eas vezes ao dia, durante ou ap\u00f3s as refei\u00e7\u00f5es. Engula a c\u00e1psula inteira com l\u00edquido. O produto tamb\u00e9m pode ser tomado por pessoas com diabetes.<\/p>\n<p><b>AVISOS:<\/b><br \/>\n<b>\u2022<\/b> O produto n\u00e3o deve ser utilizado por pessoas que apresentem hipersensibilidade a qualquer um dos seus ingredientes.<br \/>\n<b>\u2022<\/b> Consulte o seu m\u00e9dico se estiver a tomar medicamentos, especialmente para baixar a press\u00e3o arterial ou anticoagulantes.<br \/>\n<b>\u2022<\/b> Antes de uma cirurgia programada, \u00e9 necess\u00e1rio interromper a utiliza\u00e7\u00e3o deste produto.<br \/>\n<b>\u2022<\/b> Ap\u00f3s quatro meses de utiliza\u00e7\u00e3o do produto, \u00e9 necess\u00e1rio fazer uma pausa de um m\u00eas.<br \/>\n<b>\u2022<\/b> N\u00e3o recomendado a gr\u00e1vidas, lactantes e menores de 18 anos.<br \/>\n<b>\u2022<\/b> A dose di\u00e1ria recomendada n\u00e3o deve ser excedida.<\/p>\n<\/div>\n<\/div>\n<\/div>","protected":false},"excerpt":{"rendered":"<div class=\"my-product-info\">\n<div class=\"two-categories\">\n<div><img decoding=\"async\" src=\"https:\/\/www.alivitpharm.com\/wp-content\/uploads\/2025\/05\/icon-9.png\" alt=\"100% Natural\" width=\"50px\" height=\"50px\" \/><\/p>\n<div>100% Natural<\/div>\n<\/div>\n<div><img decoding=\"async\" src=\"https:\/\/www.alivitpharm.com\/wp-content\/uploads\/2025\/05\/icon-10.png\" alt=\"N\u00e3o transg\u00e9nico\" width=\"50px\" height=\"50px\" \/><\/p>\n<div>N\u00e3o transg\u00e9nico<\/div>\n<\/div>\n<div><img decoding=\"async\" src=\"https:\/\/www.alivitpharm.com\/wp-content\/uploads\/2025\/05\/icon-15.png\" alt=\"N\u00e3o cont\u00e9m gl\u00faten\" width=\"50px\" height=\"50px\" \/><\/p>\n<div>N\u00e3o cont\u00e9m gl\u00faten<\/div>\n<\/div>\n<\/div>\n<\/div>\n<ul>\n<li>Contribui para a sa\u00fade do cora\u00e7\u00e3o e dos vasos sangu\u00edneos.<\/li>\n<li>Mant\u00e9m os n\u00edveis normais de l\u00edpidos e homociste\u00edna no sangue.<\/li>\n<li>Melhora a fun\u00e7\u00e3o card\u00edaca.<\/li>\n<li>Normaliza a press\u00e3o arterial.<\/li>\n<\/ul>","protected":false},"featured_media":13790,"comment_status":"open","ping_status":"closed","template":"","meta":{"site-sidebar-layout":"default","site-content-layout":"default","ast-global-header-display":"","ast-main-header-display":"","ast-hfb-above-header-display":"","ast-hfb-below-header-display":"","ast-hfb-mobile-header-display":"","site-post-title":"","ast-breadcrumbs-content":"","ast-featured-img":"","footer-sml-layout":"","theme-transparent-header-meta":"default","adv-header-id-meta":"","stick-header-meta":"","header-above-stick-meta":"","header-main-stick-meta":"","header-below-stick-meta":""},"product_brand":[],"product_cat":[169],"product_tag":[],"class_list":{"0":"post-13788","1":"product","2":"type-product","3":"status-publish","4":"has-post-thumbnail","6":"product_cat-cardiovascular-health","7":"desktop-align-center","8":"tablet-align-center","9":"mobile-align-center","11":"first","12":"onbackorder","13":"shipping-taxable","14":"product-type-simple"},"_links":{"self":[{"href":"https:\/\/www.alivitpharm.com\/pt\/wp-json\/wp\/v2\/product\/13788","targetHints":{"allow":["GET"]}}],"collection":[{"href":"https:\/\/www.alivitpharm.com\/pt\/wp-json\/wp\/v2\/product"}],"about":[{"href":"https:\/\/www.alivitpharm.com\/pt\/wp-json\/wp\/v2\/types\/product"}],"replies":[{"embeddable":true,"href":"https:\/\/www.alivitpharm.com\/pt\/wp-json\/wp\/v2\/comments?post=13788"}],"wp:featuredmedia":[{"embeddable":true,"href":"https:\/\/www.alivitpharm.com\/pt\/wp-json\/wp\/v2\/media\/13790"}],"wp:attachment":[{"href":"https:\/\/www.alivitpharm.com\/pt\/wp-json\/wp\/v2\/media?parent=13788"}],"wp:term":[{"taxonomy":"product_brand","embeddable":true,"href":"https:\/\/www.alivitpharm.com\/pt\/wp-json\/wp\/v2\/product_brand?post=13788"},{"taxonomy":"product_cat","embeddable":true,"href":"https:\/\/www.alivitpharm.com\/pt\/wp-json\/wp\/v2\/product_cat?post=13788"},{"taxonomy":"product_tag","embeddable":true,"href":"https:\/\/www.alivitpharm.com\/pt\/wp-json\/wp\/v2\/product_tag?post=13788"}],"curies":[{"name":"wp","href":"https:\/\/api.w.org\/{rel}","templated":true}]}}