{"id":3096,"date":"2022-05-24T08:47:47","date_gmt":"2022-05-24T06:47:47","guid":{"rendered":"https:\/\/www.alivitpharm.com\/?post_type=product&#038;p=3096"},"modified":"2026-02-10T15:49:18","modified_gmt":"2026-02-10T13:49:18","slug":"aterostop","status":"publish","type":"product","link":"https:\/\/www.alivitpharm.com\/pt\/product\/aterostop\/","title":{"rendered":"ATEROSTOP"},"content":{"rendered":"<div class=\"product-accordion\">\n<div class=\"btn\">MAIS SOBRE O ATEROSTOP<\/div>\n<div class=\"board\">\n<div><b>ATEROSTOP\u00ae<\/b> ajuda a reduzir a press\u00e3o arterial elevada, regula o metabolismo do colesterol e normaliza os n\u00edveis de colesterol LDL e HDL. \u00c9 eficaz na preven\u00e7\u00e3o da aterosclerose. O alho fermentado e o alho selvagem apresentam uma forte atividade antioxidante e s\u00e3o poderosos agentes no combate ao stress oxidativo, um dos principais contribuintes para muitas doen\u00e7as cardiovasculares. A folha e a flor do espinheiro promovem a dilata\u00e7\u00e3o dos vasos sangu\u00edneos coron\u00e1rios, auxiliam no fornecimento de oxig\u00e9nio e na perfus\u00e3o do m\u00fasculo card\u00edaco, aumentam a for\u00e7a das contra\u00e7\u00f5es card\u00edacas, regulam o ritmo card\u00edaco e ajudam a normalizar a press\u00e3o arterial. A folha de melissa tem efeitos calmantes e sedativos e beneficia a fun\u00e7\u00e3o card\u00edaca.<\/div>\n<\/div>\n<div class=\"btn\">INGREDIENTES<\/div>\n<div class=\"board\">\n<div>\n90 c\u00e1psulas r\u00edgidas<\/p>\n<p><b>\u2022<\/b> P\u00f3 de <a class=\"custom-link\" href=\"\/pt\/black-garlic\/\">bulbo de Alho fermentado <i>(Allium sativum)<\/i><\/a>;<br \/>\n<b>\u2022<\/b> P\u00f3 de <a class=\"custom-link\" href=\"\/pt\/wild-garlic\/\">wild garlic leaf <i>(Allium ursinum)<\/i><\/a>;<br \/>\n<b>\u2022<\/b> P\u00f3 de <a class=\"custom-link\" href=\"\/pt\/white-red-hawthorn\/\">folhas e flores de Espinheiro\u2011bravo branco e vermelho <i>(Crataegus monogyna, Crataegus oxyacantha)<\/i><\/a>;<br \/>\n<b>\u2022<\/b> P\u00f3 de <a class=\"custom-link\" href=\"\/pt\/lemon-balm\/\">lemon balm leaf <i>(Melissa officinalis)<\/i><\/a>;<br \/>\n<b>\u2022<\/b> C\u00e1psula (gelatina, \u00e1gua purificada, corante: carbonato de c\u00e1lcio), antiaglomerantes: di\u00f3xido de sil\u00edcio, estearato de magn\u00e9sio;<\/div>\n<\/div>\n<div class=\"btn\">COMO USAR<\/div>\n<div class=\"board\">\n<div>Para pessoas com mais de 12 anos de idade, recomenda-se a utiliza\u00e7\u00e3o de uma c\u00e1psula tr\u00eas vezes ao dia, durante ou ap\u00f3s as refei\u00e7\u00f5es. Engula a c\u00e1psula inteira com l\u00edquido. Indicado para pessoas com diabetes.<\/p>\n<p><b>AVISOS:<\/b><br \/>\n<b>\u2022<\/b> A dose di\u00e1ria recomendada n\u00e3o deve ser excedida.<br \/>\n<b>\u2022<\/b> Este produto n\u00e3o se destina a pessoas com menos de 12 anos de idade, mulheres gr\u00e1vidas ou em per\u00edodo de amamenta\u00e7\u00e3o.<br \/>\n<b>\u2022<\/b> O produto n\u00e3o deve ser utilizado por pessoas que apresentem hipersensibilidade a qualquer um dos seus ingredientes.<br \/>\n<b>\u2022<\/b> Consulte o seu m\u00e9dico se estiver a tomar medicamentos, especialmente para baixar a press\u00e3o arterial.<br \/>\n<b>\u2022<\/b> N\u00e3o tome simultaneamente com medicamentos anticoagulantes.<br \/>\n<b>\u2022<\/b> Antes de uma cirurgia programada, \u00e9 necess\u00e1rio interromper a utiliza\u00e7\u00e3o deste produto.<br \/>\n<b>\u2022<\/b> Ap\u00f3s quatro meses de utiliza\u00e7\u00e3o do produto, \u00e9 necess\u00e1rio fazer uma pausa de um m\u00eas.\n<\/div>\n<\/div>\n<\/div>","protected":false},"excerpt":{"rendered":"<div class=\"my-product-info\">\n<div class=\"two-categories\">\n<div>\n            <img decoding=\"async\" src=\"https:\/\/www.alivitpharm.com\/wp-content\/uploads\/2025\/05\/icon-9.png\" alt=\"100% Natural\" width=\"50px\" height=\"50px\" \/><\/p>\n<div>100% Natural<\/div>\n<\/p><\/div>\n<div>\n            <img decoding=\"async\" src=\"https:\/\/www.alivitpharm.com\/wp-content\/uploads\/2025\/05\/icon-10.png\" alt=\"N\u00e3o transg\u00e9nico\" width=\"50px\" height=\"50px\" \/><\/p>\n<div>N\u00e3o transg\u00e9nico<\/div>\n<\/p><\/div>\n<div>\n            <img decoding=\"async\" src=\"https:\/\/www.alivitpharm.com\/wp-content\/uploads\/2025\/05\/icon-15.png\" alt=\"N\u00e3o cont\u00e9m gl\u00faten\" width=\"50px\" height=\"50px\" \/><\/p>\n<div>N\u00e3o cont\u00e9m gl\u00faten<\/div>\n<\/p><\/div>\n<\/p><\/div>\n<\/div>\n<ul>\n<li>Previne o desenvolvimento da aterosclerose.<\/li>\n<li>Reduz os n\u00edveis elevados de gordura no organismo.<\/li>\n<li>Limpa os vasos sangu\u00edneos.<\/li>\n<li>Reduz a press\u00e3o arterial elevada.<\/li>\n<li>Poderoso antioxidante.<\/li>\n<\/ul>\n<p><a class=\"category-pdf-btn\" href=\"https:\/\/www.alivitpharm.com\/wp-content\/uploads\/2025\/12\/cardiovascular_health_pt.pdf\" target=\"_blank\" rel=\"noopener\">Saiba mais sobre sa\u00fade cardiovascular.<\/a><\/p>","protected":false},"featured_media":13118,"comment_status":"open","ping_status":"closed","template":"","meta":{"site-sidebar-layout":"default","site-content-layout":"default","ast-global-header-display":"","ast-main-header-display":"","ast-hfb-above-header-display":"","ast-hfb-below-header-display":"","ast-hfb-mobile-header-display":"","site-post-title":"","ast-breadcrumbs-content":"","ast-featured-img":"","footer-sml-layout":"","theme-transparent-header-meta":"default","adv-header-id-meta":"","stick-header-meta":"","header-above-stick-meta":"","header-main-stick-meta":"","header-below-stick-meta":""},"product_brand":[],"product_cat":[169],"product_tag":[],"class_list":{"0":"post-3096","1":"product","2":"type-product","3":"status-publish","4":"has-post-thumbnail","6":"product_cat-cardiovascular-health","7":"desktop-align-center","8":"tablet-align-center","9":"mobile-align-center","11":"first","12":"instock","13":"shipping-taxable","14":"purchasable","15":"product-type-simple"},"_links":{"self":[{"href":"https:\/\/www.alivitpharm.com\/pt\/wp-json\/wp\/v2\/product\/3096","targetHints":{"allow":["GET"]}}],"collection":[{"href":"https:\/\/www.alivitpharm.com\/pt\/wp-json\/wp\/v2\/product"}],"about":[{"href":"https:\/\/www.alivitpharm.com\/pt\/wp-json\/wp\/v2\/types\/product"}],"replies":[{"embeddable":true,"href":"https:\/\/www.alivitpharm.com\/pt\/wp-json\/wp\/v2\/comments?post=3096"}],"wp:featuredmedia":[{"embeddable":true,"href":"https:\/\/www.alivitpharm.com\/pt\/wp-json\/wp\/v2\/media\/13118"}],"wp:attachment":[{"href":"https:\/\/www.alivitpharm.com\/pt\/wp-json\/wp\/v2\/media?parent=3096"}],"wp:term":[{"taxonomy":"product_brand","embeddable":true,"href":"https:\/\/www.alivitpharm.com\/pt\/wp-json\/wp\/v2\/product_brand?post=3096"},{"taxonomy":"product_cat","embeddable":true,"href":"https:\/\/www.alivitpharm.com\/pt\/wp-json\/wp\/v2\/product_cat?post=3096"},{"taxonomy":"product_tag","embeddable":true,"href":"https:\/\/www.alivitpharm.com\/pt\/wp-json\/wp\/v2\/product_tag?post=3096"}],"curies":[{"name":"wp","href":"https:\/\/api.w.org\/{rel}","templated":true}]}}