{"id":3108,"date":"2022-05-24T13:15:51","date_gmt":"2022-05-24T11:15:51","guid":{"rendered":"https:\/\/www.alivitpharm.com\/?post_type=product&#038;p=3108"},"modified":"2026-03-06T16:05:20","modified_gmt":"2026-03-06T14:05:20","slug":"hepato-care","status":"publish","type":"product","link":"https:\/\/www.alivitpharm.com\/pt\/product\/hepato-care\/","title":{"rendered":"HEPATO CARE"},"content":{"rendered":"<div class=\"product-accordion\">\n<div class=\"btn\">MAIS SOBRE O HEPATO CARE<\/div>\n<div class=\"board\">\n<div><b>HEPATO CARE\u00ae<\/b> cont\u00e9m ervas tradicionalmente utilizadas para regenerar o f\u00edgado, especialmente em casos de danos hep\u00e1ticos causados \u200b\u200bpelo \u00e1lcool, medicamentos ou condi\u00e7\u00f5es como a hepatite. O alho fermentado possui potentes efeitos antioxidantes e ajuda a reduzir os n\u00edveis elevados de enzimas hep\u00e1ticas, comummente associados \u00e0 disfun\u00e7\u00e3o hep\u00e1tica e \u00e0 esteatose hep\u00e1tica. O dente-de-le\u00e3o, a immortelle e a milef\u00f3lio possuem propriedades hepatoprotetoras, anti-inflamat\u00f3rias, antimicrobianas e antioxidantes, que promovem a sa\u00fade gastrointestinal em geral, melhoram a digest\u00e3o e auxiliam a fun\u00e7\u00e3o do f\u00edgado e da ves\u00edcula biliar. O dente-de-le\u00e3o, o alho fermentado e a immortelle ajudam a reduzir os n\u00edveis elevados de colesterol e triglic\u00e9ridos. A milef\u00f3lio estimula a produ\u00e7\u00e3o e o fluxo da b\u00edlis. O dente-de-le\u00e3o \u00e9 tamb\u00e9m recomendado para a inflama\u00e7\u00e3o da ves\u00edcula biliar, c\u00e1lculos biliares, dist\u00farbios digestivos e \u00e9 amplamente utilizado como terapia adjuvante na hepatite viral.<\/div>\n<\/div>\n<div class=\"btn\">INGREDIENTES<\/div>\n<div class=\"board\">\n<div>\n90 c\u00e1psulas de gelatina mole<\/p>\n<p><b>\u2022<\/b> Extrato de <a class=\"custom-link\" href=\"\/pt\/black-garlic\/\">bulbo de Alho fermentado <i>(Allium sativum)<\/i><\/a> em \u00f3leo de soja;<br \/>\n<b>\u2022<\/b> Extrato de <a class=\"custom-link\" href=\"\/pt\/dandelion\/\">dandelion root <i>(Taraxacum officinale)<\/i><\/a> em \u00f3leo de soja;<br \/>\n<b>\u2022<\/b> Extrato de <a class=\"custom-link\" href=\"\/pt\/yarrow\/\">yarrow herb <i>(Achillea millefolium)<\/i><\/a> em \u00f3leo de soja;<br \/>\n<b>\u2022<\/b> Extrato de <a class=\"custom-link\" href=\"\/pt\/immortelle\/\">immortelle herb <i>(Helichrysum italicum)<\/i><\/a> em \u00f3leo de soja;<br \/>\n<b>\u2022<\/b> <a class=\"custom-link\" href=\"\/pt\/vitamin-e\/\">DL-\u03b1-tocopheryl acetate (vitamin E)<\/a>;<br \/>\n<b>\u2022<\/b> <a class=\"custom-link\" href=\"\/pt\/vitamin-b1\/\">Mononitrato de tiamina (vitamina B1)<\/a>;<br \/>\n<b>\u2022<\/b> <a class=\"custom-link\" href=\"\/pt\/vitamin-b2\/\">Riboflavina (vitamina B2)<\/a>;<br \/>\n<b>\u2022<\/b> <a class=\"custom-link\" href=\"\/pt\/vitamin-b6\/\">Cloridrato de piridoxina (vitamina B6)<\/a>;<br \/>\n<b>\u2022<\/b> Gelatina de bovino, glicerol, \u00e1gua purificada, di\u00f3xido de sil\u00edcio, corante: carv\u00e3o vegetal;<\/div>\n<\/div>\n<div class=\"btn\">COMO USAR<\/div>\n<div class=\"board\">\n<div>Para maiores de 18 anos, recomenda-se a toma de uma c\u00e1psula tr\u00eas vezes ao dia, durante ou ap\u00f3s as refei\u00e7\u00f5es. Engula a c\u00e1psula inteira com l\u00edquido. O produto deve ser tomado durante um per\u00edodo prolongado. O produto tamb\u00e9m pode ser utilizado por pessoas com diabetes.<\/p>\n<p><b>AVISOS:<\/b><br \/>\n<b>\u2022<\/b> A dose di\u00e1ria recomendada n\u00e3o deve ser excedida.<br \/>\n<b>\u2022<\/b> Este produto n\u00e3o se destina a pessoas com menos de 18 anos de idade, mulheres gr\u00e1vidas ou em per\u00edodo de amamenta\u00e7\u00e3o, ou pessoas com tend\u00eancia para diversas alergias.<br \/>\n<b>\u2022<\/b> O produto n\u00e3o deve ser utilizado por pessoas que apresentem hipersensibilidade a qualquer um dos seus ingredientes.<br \/>\n<b>\u2022<\/b> As pessoas que tomam medicamentos devem consultar um m\u00e9dico.<br \/>\n<b>\u2022<\/b> N\u00e3o tome simultaneamente com medicamentos anticoagulantes.<br \/>\n<b>\u2022<\/b> Antes de uma cirurgia programada, \u00e9 necess\u00e1rio interromper a utiliza\u00e7\u00e3o deste produto.\n<\/div>\n<\/div>\n<\/div>","protected":false},"excerpt":{"rendered":"<div class=\"my-product-info\">\n<div class=\"two-categories\">\n<div>\n            <img decoding=\"async\" src=\"https:\/\/www.alivitpharm.com\/wp-content\/uploads\/2025\/05\/icon-9.png\" alt=\"100% Natural\" width=\"50px\" height=\"50px\" \/><\/p>\n<div>100% Natural<\/div>\n<\/p><\/div>\n<div>\n            <img decoding=\"async\" src=\"https:\/\/www.alivitpharm.com\/wp-content\/uploads\/2025\/05\/icon-10.png\" alt=\"N\u00e3o transg\u00e9nico\" width=\"50px\" height=\"50px\" \/><\/p>\n<div>N\u00e3o transg\u00e9nico<\/div>\n<\/p><\/div>\n<div>\n            <img decoding=\"async\" src=\"https:\/\/www.alivitpharm.com\/wp-content\/uploads\/2025\/05\/icon-15.png\" alt=\"N\u00e3o cont\u00e9m gl\u00faten\" width=\"50px\" height=\"50px\" \/><\/p>\n<div>N\u00e3o cont\u00e9m gl\u00faten<\/div>\n<\/p><\/div>\n<\/p><\/div>\n<\/div>\n<ul>\n<li>Reduz os n\u00edveis de gordura e enzimas hep\u00e1ticas, ajudando no tratamento da esteatose hep\u00e1tica.<\/li>\n<li>Auxilia na regenera\u00e7\u00e3o do f\u00edgado.<\/li>\n<li>Desintoxica\u00e7\u00e3o do organismo.<\/li>\n<li>Reduz os n\u00edveis elevados de enzimas hep\u00e1ticas.<\/li>\n<li>Regula a secre\u00e7\u00e3o biliar.<\/li>\n<li>Poderoso antioxidante.<\/li>\n<\/ul>\n<p><a class=\"category-pdf-btn\" href=\"https:\/\/www.alivitpharm.com\/wp-content\/uploads\/2025\/12\/cardiovascular_health_pt.pdf\" target=\"_blank\" rel=\"noopener\">Saiba mais sobre sa\u00fade cardiovascular.<\/a><br \/>\n<a class=\"category-pdf-btn\" href=\"https:\/\/www.alivitpharm.com\/wp-content\/uploads\/2025\/12\/gastrointestinal_and_liver_health_pt.pdf\" target=\"_blank\" rel=\"noopener\">Saiba mais sobre a sa\u00fade gastrointestinal e hep\u00e1tica<\/a><\/p>","protected":false},"featured_media":13104,"comment_status":"open","ping_status":"closed","template":"","meta":{"site-sidebar-layout":"default","site-content-layout":"default","ast-global-header-display":"","ast-main-header-display":"","ast-hfb-above-header-display":"","ast-hfb-below-header-display":"","ast-hfb-mobile-header-display":"","site-post-title":"","ast-breadcrumbs-content":"","ast-featured-img":"","footer-sml-layout":"","theme-transparent-header-meta":"default","adv-header-id-meta":"","stick-header-meta":"","header-above-stick-meta":"","header-main-stick-meta":"","header-below-stick-meta":""},"product_brand":[],"product_cat":[169,171,170],"product_tag":[],"class_list":{"0":"post-3108","1":"product","2":"type-product","3":"status-publish","4":"has-post-thumbnail","6":"product_cat-cardiovascular-health","7":"product_cat-detox-revitalization","8":"product_cat-digestive-system","9":"desktop-align-center","10":"tablet-align-center","11":"mobile-align-center","13":"first","14":"instock","15":"shipping-taxable","16":"purchasable","17":"product-type-simple"},"_links":{"self":[{"href":"https:\/\/www.alivitpharm.com\/pt\/wp-json\/wp\/v2\/product\/3108","targetHints":{"allow":["GET"]}}],"collection":[{"href":"https:\/\/www.alivitpharm.com\/pt\/wp-json\/wp\/v2\/product"}],"about":[{"href":"https:\/\/www.alivitpharm.com\/pt\/wp-json\/wp\/v2\/types\/product"}],"replies":[{"embeddable":true,"href":"https:\/\/www.alivitpharm.com\/pt\/wp-json\/wp\/v2\/comments?post=3108"}],"wp:featuredmedia":[{"embeddable":true,"href":"https:\/\/www.alivitpharm.com\/pt\/wp-json\/wp\/v2\/media\/13104"}],"wp:attachment":[{"href":"https:\/\/www.alivitpharm.com\/pt\/wp-json\/wp\/v2\/media?parent=3108"}],"wp:term":[{"taxonomy":"product_brand","embeddable":true,"href":"https:\/\/www.alivitpharm.com\/pt\/wp-json\/wp\/v2\/product_brand?post=3108"},{"taxonomy":"product_cat","embeddable":true,"href":"https:\/\/www.alivitpharm.com\/pt\/wp-json\/wp\/v2\/product_cat?post=3108"},{"taxonomy":"product_tag","embeddable":true,"href":"https:\/\/www.alivitpharm.com\/pt\/wp-json\/wp\/v2\/product_tag?post=3108"}],"curies":[{"name":"wp","href":"https:\/\/api.w.org\/{rel}","templated":true}]}}