{"id":3112,"date":"2022-05-24T13:29:38","date_gmt":"2022-05-24T11:29:38","guid":{"rendered":"https:\/\/www.alivitpharm.com\/?post_type=product&#038;p=3112"},"modified":"2026-02-26T15:58:51","modified_gmt":"2026-02-26T13:58:51","slug":"tireoplus","status":"publish","type":"product","link":"https:\/\/www.alivitpharm.com\/pt\/product\/tireoplus\/","title":{"rendered":"TIREOPLUS"},"content":{"rendered":"<div class=\"product-accordion\">\n<div class=\"btn\">MAIS SOBRE O TIREOPLUS<\/div>\n<div class=\"board\">\n<div>\n      <b>TIREOPLUS\u00ae<\/b> cont\u00e9m alho fermentado em p\u00f3 e partes a\u00e9reas de erva-m\u00e3e em p\u00f3, que atuam em sinergia para auxiliar o funcionamento normal da gl\u00e2ndula tiroideia e proteger as c\u00e9lulas do stress oxidativo. O alho fermentado possui propriedades anti-inflamat\u00f3rias e antioxidantes, sendo \u00fatil em casos de tiroidite aguda. A erva-m\u00e3e ajuda a aliviar os sintomas do hipertiroidismo, como tens\u00e3o nervosa ligeira, ansiedade, palpita\u00e7\u00f5es card\u00edacas, hipertens\u00e3o inicial e arritmias ligeiras. O iodo \u00e9 um componente essencial das hormonas tiroideias e auxilia na sua produ\u00e7\u00e3o, bem como no bom funcionamento da gl\u00e2ndula tiroideia. O sel\u00e9nio contribui para o funcionamento normal tanto da tiroide como do sistema imunit\u00e1rio. A vitamina E e o sel\u00e9nio ajudam a proteger as c\u00e9lulas contra os danos oxidativos.\n    <\/div>\n<\/p><\/div>\n<div class=\"btn\">INGREDIENTES<\/div>\n<div class=\"board\">\n<div>\n      90 c\u00e1psulas r\u00edgidas<\/p>\n<p>      <b>\u2022<\/b> P\u00f3 de <a class=\"custom-link\" href=\"\/pt\/black-garlic\/\">bulbo de Alho fermentado <i>(Allium sativum)<\/i><\/a>;<br \/>\n      <b>\u2022<\/b> P\u00f3 de <a class=\"custom-link\" href=\"\/pt\/motherwort\/\">parte a\u00e9rea de Agripalma <i>(Leonurus cardiaca)<\/i><\/a>;<br \/>\n      <b>\u2022<\/b> <a class=\"custom-link\" href=\"\/pt\/selenium\/\">Sodium selenite (selenium)<\/a>, <a class=\"custom-link\" href=\"\/pt\/iodine\/\">potassium iodide (iodine)<\/a>, <a class=\"custom-link\" href=\"\/pt\/vitamin-e\/\">DL-\u03b1-tocopheryl acetate (vitamin E)<\/a>;<br \/>\n      <b>\u2022<\/b> C\u00e1psula (gelatina, \u00e1gua purificada, corante: carbonato de c\u00e1lcio), di\u00f3xido de sil\u00edcio, estearato de magn\u00e9sio;\n    <\/div>\n<\/p><\/div>\n<div class=\"btn\">COMO USAR<\/div>\n<div class=\"board\">\n<div>\n      Para maiores de 18 anos, recomenda-se a toma de uma c\u00e1psula duas vezes por dia, durante ou ap\u00f3s as refei\u00e7\u00f5es. Engula a c\u00e1psula inteira com l\u00edquido. O produto deve ser tomado durante um per\u00edodo prolongado. O produto tamb\u00e9m pode ser utilizado por pessoas com diabetes.<\/p>\n<p>      <b>AVISOS:<\/b><br \/>\n      <b>\u2022<\/b> A dose di\u00e1ria recomendada n\u00e3o deve ser excedida.<br \/>\n      <b>\u2022<\/b> N\u00e3o recomendado a gr\u00e1vidas, lactantes e menores de 18 anos.<br \/>\n      <b>\u2022<\/b> O produto n\u00e3o deve ser utilizado por pessoas que apresentem hipersensibilidade a qualquer um dos seus ingredientes.<br \/>\n      <b>\u2022<\/b> As pessoas que tomam medicamentos devem consultar um m\u00e9dico.<br \/>\n      <b>\u2022<\/b> N\u00e3o tome simultaneamente com medicamentos anticoagulantes.<br \/>\n      <b>\u2022<\/b> Antes de uma cirurgia programada, \u00e9 necess\u00e1rio interromper a utiliza\u00e7\u00e3o deste produto.\n    <\/div>\n<\/p><\/div>\n<\/div>","protected":false},"excerpt":{"rendered":"<div class=\"my-product-info\">\n<div class=\"two-categories\">\n<div>\n            <img decoding=\"async\" src=\"https:\/\/www.alivitpharm.com\/wp-content\/uploads\/2025\/05\/icon-9.png\" alt=\"100% Natural\" width=\"50px\" height=\"50px\" \/><\/p>\n<div>100% Natural<\/div>\n<\/p><\/div>\n<div><img decoding=\"async\" src=\"https:\/\/www.alivitpharm.com\/wp-content\/uploads\/2025\/05\/icon-10.png\" alt=\"N\u00e3o transg\u00e9nico\" width=\"50px\" height=\"50px\" \/><\/p>\n<div>N\u00e3o transg\u00e9nico<\/div>\n<\/p><\/div>\n<div><img decoding=\"async\" src=\"https:\/\/www.alivitpharm.com\/wp-content\/uploads\/2025\/05\/icon-15.png\" alt=\"N\u00e3o cont\u00e9m gl\u00faten\" width=\"50px\" height=\"50px\" \/><\/p>\n<div>N\u00e3o cont\u00e9m gl\u00faten<\/div>\n<\/p><\/div>\n<\/p><\/div>\n<\/div>\n<ul>\n<li>Normaliza a fun\u00e7\u00e3o da tiroide.<\/li>\n<li>Reduz a tens\u00e3o nervosa e a ansiedade.<\/li>\n<li>Normaliza o ritmo card\u00edaco no hipertiroidismo.<\/li>\n<li>Auxilia no tratamento da tiroidite aguda e do hipertiroidismo.<\/li>\n<li>Preven\u00e7\u00e3o de dist\u00farbios da tiroide em doentes com s\u00edndrome dos ov\u00e1rios polic\u00edsticos.<\/li>\n<li>Poderoso antioxidante.<\/li>\n<\/ul>\n<p><a class=\"category-pdf-btn\" href=\"https:\/\/www.alivitpharm.com\/wp-content\/uploads\/2025\/12\/phytotherapy_in_managing_the_endocrine_disorders_and_hormonal_balance_pt.pdf\" target=\"_blank\" rel=\"noopener\">Saiba mais sobre os dist\u00farbios end\u00f3crinos e o equil\u00edbrio hormonal.<\/a><\/p>","protected":false},"featured_media":13111,"comment_status":"open","ping_status":"closed","template":"","meta":{"site-sidebar-layout":"default","site-content-layout":"default","ast-global-header-display":"","ast-main-header-display":"","ast-hfb-above-header-display":"","ast-hfb-below-header-display":"","ast-hfb-mobile-header-display":"","site-post-title":"","ast-breadcrumbs-content":"","ast-featured-img":"","footer-sml-layout":"","theme-transparent-header-meta":"default","adv-header-id-meta":"","stick-header-meta":"","header-above-stick-meta":"","header-main-stick-meta":"","header-below-stick-meta":""},"product_brand":[],"product_cat":[172],"product_tag":[],"class_list":{"0":"post-3112","1":"product","2":"type-product","3":"status-publish","4":"has-post-thumbnail","6":"product_cat-hormonal-balance","7":"desktop-align-center","8":"tablet-align-center","9":"mobile-align-center","11":"first","12":"instock","13":"shipping-taxable","14":"purchasable","15":"product-type-simple"},"_links":{"self":[{"href":"https:\/\/www.alivitpharm.com\/pt\/wp-json\/wp\/v2\/product\/3112","targetHints":{"allow":["GET"]}}],"collection":[{"href":"https:\/\/www.alivitpharm.com\/pt\/wp-json\/wp\/v2\/product"}],"about":[{"href":"https:\/\/www.alivitpharm.com\/pt\/wp-json\/wp\/v2\/types\/product"}],"replies":[{"embeddable":true,"href":"https:\/\/www.alivitpharm.com\/pt\/wp-json\/wp\/v2\/comments?post=3112"}],"wp:featuredmedia":[{"embeddable":true,"href":"https:\/\/www.alivitpharm.com\/pt\/wp-json\/wp\/v2\/media\/13111"}],"wp:attachment":[{"href":"https:\/\/www.alivitpharm.com\/pt\/wp-json\/wp\/v2\/media?parent=3112"}],"wp:term":[{"taxonomy":"product_brand","embeddable":true,"href":"https:\/\/www.alivitpharm.com\/pt\/wp-json\/wp\/v2\/product_brand?post=3112"},{"taxonomy":"product_cat","embeddable":true,"href":"https:\/\/www.alivitpharm.com\/pt\/wp-json\/wp\/v2\/product_cat?post=3112"},{"taxonomy":"product_tag","embeddable":true,"href":"https:\/\/www.alivitpharm.com\/pt\/wp-json\/wp\/v2\/product_tag?post=3112"}],"curies":[{"name":"wp","href":"https:\/\/api.w.org\/{rel}","templated":true}]}}