{"id":3114,"date":"2022-05-24T13:33:44","date_gmt":"2022-05-24T11:33:44","guid":{"rendered":"https:\/\/www.alivitpharm.com\/?post_type=product&#038;p=3114"},"modified":"2026-04-17T06:26:49","modified_gmt":"2026-04-17T04:26:49","slug":"potent-max","status":"publish","type":"product","link":"https:\/\/www.alivitpharm.com\/pt\/product\/potent-max\/","title":{"rendered":"POTENT MAX"},"content":{"rendered":"<div class=\"product-accordion\">\n<div class=\"btn\">MAIS SOBRE O POTENT MAX<\/div>\n<div class=\"board\">\n<div><b>POTENT MAX\u00ae<\/b> cont\u00e9m extratos vegetais que auxiliam a fun\u00e7\u00e3o er\u00e9til e melhoram o desempenho sexual. <i>Tribulus terrestris<\/i> (cip\u00f3-de-pun\u00e7\u00e3o) aumenta a libido e promove a atividade sexual. Gra\u00e7as ao seu efeito positivo nos n\u00edveis de testosterona, \u00e9 recomendado para homens que sofrem de disfun\u00e7\u00e3o er\u00e9ctil ou infertilidade de origem desconhecida.<\/p>\n<p>O alho fermentado melhora a circula\u00e7\u00e3o sangu\u00ednea, neutraliza os radicais livres e promove a sa\u00fade vascular. O extrato de sementes de feno-grego aumenta a for\u00e7a f\u00edsica, a resist\u00eancia e a vitalidade, impactando positivamente o desempenho sexual masculino. O alho fermentado \u00e9 rico em polissulfetos que estimulam a produ\u00e7\u00e3o de sulfureto de hidrog\u00e9nio (H\u2082S), o qual ajuda a relaxar a musculatura lisa vascular e a reduzir a press\u00e3o arterial \u2014 fatores que contribuem diretamente para a fun\u00e7\u00e3o er\u00e9til. Como as doen\u00e7as cardiovasculares, principalmente a hipertens\u00e3o, s\u00e3o fatores de risco para a disfun\u00e7\u00e3o er\u00e9til, a a\u00e7\u00e3o cardioprotetora do alho fermentado torna-o ben\u00e9fico nestes casos. Al\u00e9m disso, os compostos bioativos do alho melhoram o fluxo sangu\u00edneo e facilitam a ere\u00e7\u00e3o.<\/p>\n<\/div>\n<\/div>\n<div class=\"btn\">INGREDIENTES<\/div>\n<div class=\"board\">\n<div>\n90 c\u00e1psulas de gelatina mole<\/p>\n<p><b>\u2022<\/b> Extrato de <a class=\"custom-link\" href=\"\/pt\/black-garlic\/\">bulbo de Alho fermentado <i>(Allium sativum)<\/i><\/a> em \u00f3leo de soja;<br \/>\n<b>\u2022<\/b> Extrato de <a class=\"custom-link\" href=\"\/pt\/goats-head\/\">goat&#8217;s head herb <i>(Tribulus terrestris)<\/i><\/a> em \u00f3leo de soja;<br \/>\n<b>\u2022<\/b> Extrato de <a class=\"custom-link\" href=\"\/pt\/fenugreek\/\">fenugreek seed <i>(Trigonella foenum-graecum)<\/i><\/a> em \u00f3leo de soja;<br \/>\n<b>\u2022<\/b> Antioxidante: vitamina E, gelatina de bovino, glicerol, \u00e1gua purificada, di\u00f3xido de sil\u00edcio, corante: carv\u00e3o vegetal;<\/div>\n<\/div>\n<div class=\"btn\">COMO USAR<\/div>\n<div class=\"board\">\n<div>Para pessoas com mais de 18 anos, recomenda-se a utiliza\u00e7\u00e3o de duas c\u00e1psulas tr\u00eas vezes ao dia, durante ou ap\u00f3s as refei\u00e7\u00f5es. Engula a c\u00e1psula inteira com l\u00edquido. Indicado para pessoas com diabetes.<\/p>\n<p><b>AVISOS:<\/b><br \/>\n<b>\u2022<\/b> A dose di\u00e1ria recomendada n\u00e3o deve ser excedida.<br \/>\n<b>\u2022<\/b> Este produto n\u00e3o se destina a pessoas com menos de 18 anos de idade e a pessoas com insufici\u00eancia hep\u00e1tica.<br \/>\n<b>\u2022<\/b> N\u00e3o \u00e9 recomendado o uso por mais de duas semanas consecutivas.<br \/>\n<b>\u2022<\/b> O produto n\u00e3o deve ser utilizado por pessoas que apresentem hipersensibilidade a qualquer um dos seus ingredientes.<br \/>\n<b>\u2022<\/b> As pessoas que tomam medicamentos devem consultar um m\u00e9dico.<br \/>\n<b>\u2022<\/b> \u00c9 necess\u00e1rio ter especial precau\u00e7\u00e3o nos doentes que utilizam inibidores da MAO, anticoagulantes orais, terap\u00eautica hormonal ou anti-hipertensores.<br \/>\n<b>\u2022<\/b> Durante a aplica\u00e7\u00e3o, recomenda-se evitar a exposi\u00e7\u00e3o solar ou utilizar produtos com um fator de prote\u00e7\u00e3o elevado.\n<\/div>\n<\/div>\n<\/div>","protected":false},"excerpt":{"rendered":"<div class=\"my-product-info\">\n<div class=\"two-categories\">\n<div><img decoding=\"async\" src=\"https:\/\/www.alivitpharm.com\/wp-content\/uploads\/2025\/05\/icon-9.png\" alt=\"100% Natural\" width=\"50px\" height=\"50px\" \/><\/p>\n<div>100% Natural<\/div>\n<\/p><\/div>\n<div>\n            <img decoding=\"async\" src=\"https:\/\/www.alivitpharm.com\/wp-content\/uploads\/2025\/05\/icon-10.png\" alt=\"N\u00e3o transg\u00e9nico\" width=\"50px\" height=\"50px\" \/><\/p>\n<div>N\u00e3o transg\u00e9nico<\/div>\n<\/p><\/div>\n<div>\n            <img decoding=\"async\" src=\"https:\/\/www.alivitpharm.com\/wp-content\/uploads\/2025\/05\/icon-15.png\" alt=\"N\u00e3o cont\u00e9m gl\u00faten\" width=\"50px\" height=\"50px\" \/><\/p>\n<div>N\u00e3o cont\u00e9m gl\u00faten<\/div>\n<\/p><\/div>\n<\/p><\/div>\n<\/div>\n<ul>\n<li>Ajuda a regular a disfun\u00e7\u00e3o er\u00e9ctil.<\/li>\n<li>Isto leva a um aumento dos n\u00edveis de testosterona.<\/li>\n<li>Aumenta a for\u00e7a, a resist\u00eancia e a massa muscular.<\/li>\n<li>Aumenta a libido e estimula a atividade sexual.<\/li>\n<li>Melhora a circula\u00e7\u00e3o.<\/li>\n<li>Tem um efeito positivo na fertilidade masculina, aumentando a concentra\u00e7\u00e3o de espermatozoides m\u00f3veis e a sua velocidade.<\/li>\n<\/ul>\n<p><a class=\"category-pdf-btn\" href=\"https:\/\/www.alivitpharm.com\/wp-content\/uploads\/2025\/12\/the_urogenital_tract_pt.pdf\" target=\"_blank\" rel=\"noopener\">Saiba mais sobre o trato urogenital<\/a><\/p>","protected":false},"featured_media":13109,"comment_status":"open","ping_status":"closed","template":"","meta":{"site-sidebar-layout":"default","site-content-layout":"default","ast-global-header-display":"","ast-main-header-display":"","ast-hfb-above-header-display":"","ast-hfb-below-header-display":"","ast-hfb-mobile-header-display":"","site-post-title":"","ast-breadcrumbs-content":"","ast-featured-img":"","footer-sml-layout":"","theme-transparent-header-meta":"default","adv-header-id-meta":"","stick-header-meta":"","header-above-stick-meta":"","header-main-stick-meta":"","header-below-stick-meta":""},"product_brand":[],"product_cat":[172,179],"product_tag":[],"class_list":{"0":"post-3114","1":"product","2":"type-product","3":"status-publish","4":"has-post-thumbnail","6":"product_cat-hormonal-balance","7":"product_cat-mens-health","8":"desktop-align-center","9":"tablet-align-center","10":"mobile-align-center","12":"first","13":"instock","14":"shipping-taxable","15":"purchasable","16":"product-type-simple"},"_links":{"self":[{"href":"https:\/\/www.alivitpharm.com\/pt\/wp-json\/wp\/v2\/product\/3114","targetHints":{"allow":["GET"]}}],"collection":[{"href":"https:\/\/www.alivitpharm.com\/pt\/wp-json\/wp\/v2\/product"}],"about":[{"href":"https:\/\/www.alivitpharm.com\/pt\/wp-json\/wp\/v2\/types\/product"}],"replies":[{"embeddable":true,"href":"https:\/\/www.alivitpharm.com\/pt\/wp-json\/wp\/v2\/comments?post=3114"}],"wp:featuredmedia":[{"embeddable":true,"href":"https:\/\/www.alivitpharm.com\/pt\/wp-json\/wp\/v2\/media\/13109"}],"wp:attachment":[{"href":"https:\/\/www.alivitpharm.com\/pt\/wp-json\/wp\/v2\/media?parent=3114"}],"wp:term":[{"taxonomy":"product_brand","embeddable":true,"href":"https:\/\/www.alivitpharm.com\/pt\/wp-json\/wp\/v2\/product_brand?post=3114"},{"taxonomy":"product_cat","embeddable":true,"href":"https:\/\/www.alivitpharm.com\/pt\/wp-json\/wp\/v2\/product_cat?post=3114"},{"taxonomy":"product_tag","embeddable":true,"href":"https:\/\/www.alivitpharm.com\/pt\/wp-json\/wp\/v2\/product_tag?post=3114"}],"curies":[{"name":"wp","href":"https:\/\/api.w.org\/{rel}","templated":true}]}}