{"id":3116,"date":"2022-05-24T13:47:45","date_gmt":"2022-05-24T11:47:45","guid":{"rendered":"https:\/\/www.alivitpharm.com\/?post_type=product&#038;p=3116"},"modified":"2026-02-26T10:51:17","modified_gmt":"2026-02-26T08:51:17","slug":"digestiv","status":"publish","type":"product","link":"https:\/\/www.alivitpharm.com\/pt\/product\/digestiv\/","title":{"rendered":"DIGESTIV"},"content":{"rendered":"<div class=\"product-accordion\">\n<div class=\"btn\">MAIS SOBRE O DIGESTIV<\/div>\n<div class=\"board\">\n<div><b>DIGESTIV\u00ae<\/b> cont\u00e9m seis extratos de ervas cujos componentes ativos atuam em sinergia para aliviar o desconforto digestivo. A camomila, a hortel\u00e3-pimenta, os cominhos, a ang\u00e9lica e o alecrim ajudam a relaxar a musculatura lisa do trato gastrointestinal e a reduzir os gases. O alho fermentado, combinado com camomila e cominhos, estimula a motilidade intestinal e melhora a elimina\u00e7\u00e3o de gases, sendo indicado para casos de intestino pregui\u00e7oso, pris\u00e3o de ventre e irregularidades intestinais. Gra\u00e7as \u00e0 atividade antimicrobiana do alho fermentado e \u00e0s propriedades gastroprotetoras do azeite, esta f\u00f3rmula auxilia na regenera\u00e7\u00e3o da mucosa g\u00e1strica e intestinal inflamada.<\/p>\n<p>Estes extratos de ervas s\u00e3o tamb\u00e9m ben\u00e9ficos para problemas digestivos como dispepsia funcional, s\u00edndrome do intestino irrit\u00e1vel (SII) e gastrite, ajudando a aliviar dores de est\u00f4mago, incha\u00e7o, c\u00f3licas digestivas, arrotos, n\u00e1useas e azia.<\/p>\n<\/div>\n<\/div>\n<div class=\"btn\">INGREDIENTES<\/div>\n<div class=\"board\">\n<div>\n90 c\u00e1psulas de gelatina mole<\/p>\n<p><b>\u2022<\/b> Extrato de <a class=\"custom-link\" href=\"\/pt\/black-garlic\/\">bulbo de Alho fermentado <i>(Allium sativum)<\/i><\/a> em <a class=\"custom-link\" href=\"\/pt\/olive-oil\/\">azeite<\/a>;<br \/>\n<b>\u2022<\/b> Extrato de <a class=\"custom-link\" href=\"\/pt\/camomila\/\">chamomile flower <i>(Matricaria recutita)<\/i><\/a> em <a class=\"custom-link\" href=\"\/pt\/olive-oil\/\">azeite<\/a>;<br \/>\n<b>\u2022<\/b> Extrato de <a class=\"custom-link\" href=\"\/pt\/peppermint\/\">peppermint leaf <i>(Mentha \u00d7 piperita)<\/i><\/a> em <a class=\"custom-link\" href=\"\/pt\/olive-oil\/\">azeite<\/a>;<br \/>\n<b>\u2022<\/b> Extrato de <a class=\"custom-link\" href=\"\/pt\/cominho\/\">caraway fruit <i>(Carum carvi)<\/i><\/a> em <a class=\"custom-link\" href=\"\/pt\/olive-oil\/\">azeite<\/a>;<br \/>\n<b>\u2022<\/b> Extrato de <a class=\"custom-link\" href=\"\/pt\/angelica\/\">angelica archangelica root <i>(Angelica archangelica)<\/i><\/a> em <a class=\"custom-link\" href=\"\/pt\/olive-oil\/\">azeite<\/a>;<br \/>\n<b>\u2022<\/b> Extrato de <a class=\"custom-link\" href=\"\/pt\/rosemary\/\">rosemary leaf <i>(Rosmarinus officinalis)<\/i><\/a> em <a class=\"custom-link\" href=\"\/pt\/olive-oil\/\">azeite<\/a>;<br \/>\n<b>\u2022<\/b> Gelatina de bovino, glicerol, \u00e1gua purificada, di\u00f3xido de sil\u00edcio, antioxidante: acetato de DL-\u03b1-tocoferilo, corante: carv\u00e3o vegetal;<\/div>\n<\/div>\n<div class=\"btn\">COMO USAR<\/div>\n<div class=\"board\">\n<div>Para adultos com mais de 12 anos, recomenda-se a toma de uma c\u00e1psula tr\u00eas vezes ao dia, durante ou ap\u00f3s as refei\u00e7\u00f5es. Engula a c\u00e1psula inteira com l\u00edquido. O produto deve ser tomado durante um longo per\u00edodo.<\/p>\n<p><b>AVISOS:<\/b><br \/>\n<b>\u2022<\/b> A dose di\u00e1ria recomendada n\u00e3o deve ser excedida.<br \/>\n<b>\u2022<\/b> Este produto n\u00e3o se destina a pessoas com menos de 12 anos de idade, mulheres gr\u00e1vidas ou em per\u00edodo de amamenta\u00e7\u00e3o.<br \/>\n<b>\u2022<\/b> O produto n\u00e3o deve ser utilizado por pessoas que apresentem hipersensibilidade a qualquer um dos seus ingredientes.<br \/>\n<b>\u2022<\/b> As pessoas que tomam medicamentos devem consultar um m\u00e9dico.<br \/>\n<b>\u2022<\/b> N\u00e3o tome simultaneamente com medicamentos anticoagulantes.<br \/>\n<b>\u2022<\/b> Antes de uma cirurgia programada, \u00e9 necess\u00e1rio interromper a utiliza\u00e7\u00e3o deste produto.\n<\/div>\n<\/div>\n<\/div>","protected":false},"excerpt":{"rendered":"<div class=\"my-product-info\">\n<div class=\"two-categories\">\n<div>\n            <img decoding=\"async\" src=\"https:\/\/www.alivitpharm.com\/wp-content\/uploads\/2025\/05\/icon-9.png\" alt=\"100% Natural\" width=\"50px\" height=\"50px\" \/><\/p>\n<div>100% Natural<\/div>\n<\/p><\/div>\n<div>\n            <img decoding=\"async\" src=\"https:\/\/www.alivitpharm.com\/wp-content\/uploads\/2025\/05\/icon-10.png\" alt=\"N\u00e3o transg\u00e9nico\" width=\"50px\" height=\"50px\" \/><\/p>\n<div>N\u00e3o transg\u00e9nico<\/div>\n<\/p><\/div>\n<div>\n            <img decoding=\"async\" src=\"https:\/\/www.alivitpharm.com\/wp-content\/uploads\/2025\/05\/icon-15.png\" alt=\"N\u00e3o cont\u00e9m gl\u00faten\" width=\"50px\" height=\"50px\" \/><\/p>\n<div>N\u00e3o cont\u00e9m gl\u00faten<\/div>\n<\/p><\/div>\n<\/p><\/div>\n<\/div>\n<ul>\n<li>Reduz o incha\u00e7o, as c\u00f3licas, as n\u00e1useas e a azia.<\/li>\n<li>Acelera a elimina\u00e7\u00e3o de gases.<\/li>\n<li>Alivia a inflama\u00e7\u00e3o do est\u00f4mago e da mucosa intestinal.<\/li>\n<li>Acelera a digest\u00e3o e regula o funcionamento intestinal.<\/li>\n<li>Prebi\u00f3tico natural.<\/li>\n<li>Auxilia no tratamento da infe\u00e7\u00e3o por <i>Helicobacter pylori<\/i>.<\/li>\n<\/ul>\n<p><a class=\"category-pdf-btn\" href=\"https:\/\/www.alivitpharm.com\/wp-content\/uploads\/2025\/12\/gastrointestinal_and_liver_health_pt.pdf\" target=\"_blank\" rel=\"noopener\">Saiba mais sobre a sa\u00fade gastrointestinal e hep\u00e1tica<\/a><\/p>","protected":false},"featured_media":13103,"comment_status":"open","ping_status":"closed","template":"","meta":{"site-sidebar-layout":"default","site-content-layout":"default","ast-global-header-display":"","ast-main-header-display":"","ast-hfb-above-header-display":"","ast-hfb-below-header-display":"","ast-hfb-mobile-header-display":"","site-post-title":"","ast-breadcrumbs-content":"","ast-featured-img":"","footer-sml-layout":"","theme-transparent-header-meta":"default","adv-header-id-meta":"","stick-header-meta":"","header-above-stick-meta":"","header-main-stick-meta":"","header-below-stick-meta":""},"product_brand":[],"product_cat":[170],"product_tag":[],"class_list":{"0":"post-3116","1":"product","2":"type-product","3":"status-publish","4":"has-post-thumbnail","6":"product_cat-digestive-system","7":"desktop-align-center","8":"tablet-align-center","9":"mobile-align-center","11":"first","12":"instock","13":"shipping-taxable","14":"purchasable","15":"product-type-simple"},"_links":{"self":[{"href":"https:\/\/www.alivitpharm.com\/pt\/wp-json\/wp\/v2\/product\/3116","targetHints":{"allow":["GET"]}}],"collection":[{"href":"https:\/\/www.alivitpharm.com\/pt\/wp-json\/wp\/v2\/product"}],"about":[{"href":"https:\/\/www.alivitpharm.com\/pt\/wp-json\/wp\/v2\/types\/product"}],"replies":[{"embeddable":true,"href":"https:\/\/www.alivitpharm.com\/pt\/wp-json\/wp\/v2\/comments?post=3116"}],"wp:featuredmedia":[{"embeddable":true,"href":"https:\/\/www.alivitpharm.com\/pt\/wp-json\/wp\/v2\/media\/13103"}],"wp:attachment":[{"href":"https:\/\/www.alivitpharm.com\/pt\/wp-json\/wp\/v2\/media?parent=3116"}],"wp:term":[{"taxonomy":"product_brand","embeddable":true,"href":"https:\/\/www.alivitpharm.com\/pt\/wp-json\/wp\/v2\/product_brand?post=3116"},{"taxonomy":"product_cat","embeddable":true,"href":"https:\/\/www.alivitpharm.com\/pt\/wp-json\/wp\/v2\/product_cat?post=3116"},{"taxonomy":"product_tag","embeddable":true,"href":"https:\/\/www.alivitpharm.com\/pt\/wp-json\/wp\/v2\/product_tag?post=3116"}],"curies":[{"name":"wp","href":"https:\/\/api.w.org\/{rel}","templated":true}]}}