{"id":3118,"date":"2022-05-24T13:49:50","date_gmt":"2022-05-24T11:49:50","guid":{"rendered":"https:\/\/www.alivitpharm.com\/?post_type=product&#038;p=3118"},"modified":"2026-02-10T15:41:06","modified_gmt":"2026-02-10T13:41:06","slug":"cardio-plus","status":"publish","type":"product","link":"https:\/\/www.alivitpharm.com\/pt\/product\/cardio-plus\/","title":{"rendered":"CARDIO PLUS"},"content":{"rendered":"<div class=\"product-accordion\">\n<div class=\"btn\">MAIS SOBRE O CARDIO PLUS<\/div>\n<div class=\"board\">\n<div>\n      <b>CARDIO PLUS\u00ae<\/b> cont\u00e9m ingredientes de origem vegetal que auxiliam o funcionamento saud\u00e1vel do sistema cardiovascular e ajudam a prevenir a insufici\u00eancia card\u00edaca. O alho fermentado oferece uma forte prote\u00e7\u00e3o antioxidante, protege as c\u00e9lulas do mioc\u00e1rdio do stress oxidativo, ajuda a manter os n\u00edveis normais de colesterol total, LDL e HDL e contribui para n\u00edveis saud\u00e1veis \u200b\u200bde homociste\u00edna. As folhas e as flores do espinheiro-alvar melhoram a oxigena\u00e7\u00e3o e a circula\u00e7\u00e3o no tecido card\u00edaco, aumentam a for\u00e7a das contra\u00e7\u00f5es card\u00edacas e ajudam a regular o ritmo card\u00edaco. Juntamente com o visco, auxiliam na redu\u00e7\u00e3o da press\u00e3o arterial elevada.<\/p>\n<p>Este produto \u00e9 especialmente recomendado para pessoas com colesterol elevado, insufici\u00eancia card\u00edaca em fase inicial ou hipertens\u00e3o, bem como para pessoas saud\u00e1veis \u200b\u200bcom antecedentes familiares de doen\u00e7as cardiovasculares.\n    <\/p><\/div>\n<\/p><\/div>\n<div class=\"btn\">INGREDIENTES<\/div>\n<div class=\"board\">\n<div>\n      90 c\u00e1psulas de gelatina mole<\/p>\n<p>      <b>\u2022<\/b> Extrato de <a class=\"custom-link\" href=\"\/pt\/black-garlic\/\">bulbo de Alho fermentado <i>(Allium sativum)<\/i><\/a> em \u00f3leo de soja;<br \/>\n      <b>\u2022<\/b> Extrato de <a class=\"custom-link\" href=\"\/pt\/white-red-hawthorn\/\">folhas e flores de Espinheiro\u2011bravo branco e vermelho <i>(Crataegus monogyna, Crataegus oxyacantha)<\/i><\/a> em \u00f3leo de soja;<br \/>\n      <b>\u2022<\/b> Extrato de <a class=\"custom-link\" href=\"\/pt\/white-mistletoe\/\">white mistletoe herb <i>(Viscum album)<\/i><\/a> em \u00f3leo de soja;<br \/>\n      <b>\u2022<\/b> Antioxidante: vitamina E, gelatina de bovino, glicerol, \u00e1gua purificada, di\u00f3xido de sil\u00edcio, corante: carv\u00e3o vegetal;\n    <\/div>\n<\/p><\/div>\n<div class=\"btn\">COMO USAR<\/div>\n<div class=\"board\">\n<div>\n      Para pessoas com mais de 18 anos, recomenda-se a utiliza\u00e7\u00e3o de duas c\u00e1psulas tr\u00eas vezes ao dia, durante ou ap\u00f3s as refei\u00e7\u00f5es. Engula a c\u00e1psula inteira com l\u00edquido. Indicado para pessoas com diabetes.<\/p>\n<p>      <b>AVISOS:<\/b><br \/>\n      <b>\u2022<\/b> A dose di\u00e1ria recomendada n\u00e3o deve ser excedida.<br \/>\n      <b>\u2022<\/b> O produto n\u00e3o se destina a pessoas com menos de 18 anos, mulheres gr\u00e1vidas ou em per\u00edodo de amamenta\u00e7\u00e3o, bem como a casos de inflama\u00e7\u00f5es agudas e tuberculose.<br \/>\n      <b>\u2022<\/b> O produto n\u00e3o deve ser utilizado por pessoas que apresentem hipersensibilidade a qualquer um dos seus ingredientes.<br \/>\n      <b>\u2022<\/b> As pessoas que tomam medicamentos devem consultar um m\u00e9dico.<br \/>\n      <b>\u2022<\/b> N\u00e3o tome simultaneamente com medicamentos anticoagulantes.<br \/>\n      <b>\u2022<\/b> \u00c9 necess\u00e1rio ter especial precau\u00e7\u00e3o nos doentes que estejam a tomar digoxina, betabloqueantes ou antiarr\u00edtmicos no seu tratamento, e aconselhamos que consulte o seu m\u00e9dico ou farmac\u00eautico em caso de qualquer terap\u00eautica card\u00edaca.<br \/>\n      <b>\u2022<\/b> Ap\u00f3s quatro meses de utiliza\u00e7\u00e3o do produto, \u00e9 necess\u00e1rio fazer uma pausa de um m\u00eas.\n    <\/div>\n<\/p><\/div>\n<\/div>","protected":false},"excerpt":{"rendered":"<div class=\"my-product-info\">\n<div class=\"two-categories\">\n<div>\n            <img decoding=\"async\" src=\"https:\/\/www.alivitpharm.com\/wp-content\/uploads\/2025\/05\/icon-9.png\" alt=\"100% Natural\" width=\"50px\" height=\"50px\" \/><\/p>\n<div>100% Natural<\/div>\n<\/p><\/div>\n<div>\n            <img decoding=\"async\" src=\"https:\/\/www.alivitpharm.com\/wp-content\/uploads\/2025\/05\/icon-10.png\" alt=\"N\u00e3o transg\u00e9nico\" width=\"50px\" height=\"50px\" \/><\/p>\n<div>N\u00e3o transg\u00e9nico<\/div>\n<\/p><\/div>\n<div>\n            <img decoding=\"async\" src=\"https:\/\/www.alivitpharm.com\/wp-content\/uploads\/2025\/05\/icon-15.png\" alt=\"N\u00e3o cont\u00e9m gl\u00faten\" width=\"50px\" height=\"50px\" \/><\/p>\n<div>N\u00e3o cont\u00e9m gl\u00faten<\/div>\n<\/p><\/div>\n<\/p><\/div>\n<\/div>\n<ul>\n<li>Reduz a press\u00e3o arterial elevada.<\/li>\n<li>Reduz os n\u00edveis elevados de gordura corporal.<\/li>\n<li>Fortalece o m\u00fasculo card\u00edaco, auxilia em casos de insufici\u00eancia card\u00edaca e angina de peito.<\/li>\n<li>Auxilia na recupera\u00e7\u00e3o ap\u00f3s um ataque card\u00edaco ou acidente vascular cerebral.<\/li>\n<li>Poderoso antioxidante.<\/li>\n<\/ul>\n<p><a class=\"category-pdf-btn\" href=\"https:\/\/www.alivitpharm.com\/wp-content\/uploads\/2025\/12\/cardiovascular_health_pt.pdf\" target=\"_blank\" rel=\"noopener\">Saiba mais sobre sa\u00fade cardiovascular.<\/a><\/p>","protected":false},"featured_media":13101,"comment_status":"open","ping_status":"closed","template":"","meta":{"site-sidebar-layout":"default","site-content-layout":"default","ast-global-header-display":"","ast-main-header-display":"","ast-hfb-above-header-display":"","ast-hfb-below-header-display":"","ast-hfb-mobile-header-display":"","site-post-title":"","ast-breadcrumbs-content":"","ast-featured-img":"","footer-sml-layout":"","theme-transparent-header-meta":"default","adv-header-id-meta":"","stick-header-meta":"","header-above-stick-meta":"","header-main-stick-meta":"","header-below-stick-meta":""},"product_brand":[],"product_cat":[169],"product_tag":[],"class_list":{"0":"post-3118","1":"product","2":"type-product","3":"status-publish","4":"has-post-thumbnail","6":"product_cat-cardiovascular-health","7":"desktop-align-center","8":"tablet-align-center","9":"mobile-align-center","11":"first","12":"instock","13":"shipping-taxable","14":"purchasable","15":"product-type-simple"},"_links":{"self":[{"href":"https:\/\/www.alivitpharm.com\/pt\/wp-json\/wp\/v2\/product\/3118","targetHints":{"allow":["GET"]}}],"collection":[{"href":"https:\/\/www.alivitpharm.com\/pt\/wp-json\/wp\/v2\/product"}],"about":[{"href":"https:\/\/www.alivitpharm.com\/pt\/wp-json\/wp\/v2\/types\/product"}],"replies":[{"embeddable":true,"href":"https:\/\/www.alivitpharm.com\/pt\/wp-json\/wp\/v2\/comments?post=3118"}],"wp:featuredmedia":[{"embeddable":true,"href":"https:\/\/www.alivitpharm.com\/pt\/wp-json\/wp\/v2\/media\/13101"}],"wp:attachment":[{"href":"https:\/\/www.alivitpharm.com\/pt\/wp-json\/wp\/v2\/media?parent=3118"}],"wp:term":[{"taxonomy":"product_brand","embeddable":true,"href":"https:\/\/www.alivitpharm.com\/pt\/wp-json\/wp\/v2\/product_brand?post=3118"},{"taxonomy":"product_cat","embeddable":true,"href":"https:\/\/www.alivitpharm.com\/pt\/wp-json\/wp\/v2\/product_cat?post=3118"},{"taxonomy":"product_tag","embeddable":true,"href":"https:\/\/www.alivitpharm.com\/pt\/wp-json\/wp\/v2\/product_tag?post=3118"}],"curies":[{"name":"wp","href":"https:\/\/api.w.org\/{rel}","templated":true}]}}