{"id":3120,"date":"2022-05-24T13:51:37","date_gmt":"2022-05-24T11:51:37","guid":{"rendered":"https:\/\/www.alivitpharm.com\/?post_type=product&#038;p=3120"},"modified":"2026-02-26T10:28:54","modified_gmt":"2026-02-26T08:28:54","slug":"neuro","status":"publish","type":"product","link":"https:\/\/www.alivitpharm.com\/pt\/product\/neuro\/","title":{"rendered":"NEURO"},"content":{"rendered":"<div class=\"product-accordion\">\n<div class=\"btn\">MAIS SOBRE O NEURO<\/div>\n<div class=\"board\">\n<div><b>NEURO\u00ae<\/b> cont\u00e9m alho fermentado, alecrim e ch\u00e1 verde, que apresentam fortes efeitos antioxidantes e neuroprotetores, sendo recomendados para a preven\u00e7\u00e3o e al\u00edvio de doen\u00e7as neurodegenerativas. Devido ao seu efeito anti-inflamat\u00f3rio e forte a\u00e7\u00e3o na microcircula\u00e7\u00e3o, as ervas referidas s\u00e3o utilizadas na polineuropatia diab\u00e9tica e em diversas radiculopatias. Isto torna o NEURO muito eficaz na preven\u00e7\u00e3o das complica\u00e7\u00f5es da diabetes. A lavanda tem um efeito ben\u00e9fico na exaust\u00e3o nervosa e nos dist\u00farbios do sono, contribuindo para o efeito ben\u00e9fico do produto.<\/p>\n<p>O alho fermentado possui propriedades antioxidantes (neutraliza os radicais livres e protege as c\u00e9lulas do stress oxidativo), anti-inflamat\u00f3rias (reduz a possibilidade de rea\u00e7\u00f5es inflamat\u00f3rias) e desempenha um papel muito importante como auxiliar no tratamento e elimina\u00e7\u00e3o de doen\u00e7as neurodegenerativas (dem\u00eancia, Alzheimer e Parkinson). Na medicina persa, no tratamento da doen\u00e7a de Parkinson, para al\u00e9m da terap\u00eautica farmacol\u00f3gica, s\u00e3o utilizados diversos alimentos de origem vegetal e animal que comprovadamente inibem a progress\u00e3o da doen\u00e7a, entre os quais o alho, devido ao seu potencial antioxidante e anti-inflamat\u00f3rio.<\/p>\n<p>As vitaminas B1 e B6 contribuem para o normal funcionamento psicol\u00f3gico e para o normal funcionamento do sistema nervoso. A vitamina B2 contribui para o normal funcionamento do sistema nervoso, para o metabolismo energ\u00e9tico normal e para a prote\u00e7\u00e3o das c\u00e9lulas contra o stress oxidativo. O sel\u00e9nio reduz a ansiedade, a depress\u00e3o e a fadiga e, em combina\u00e7\u00e3o com outros antioxidantes, pode melhorar o humor e o fluxo sangu\u00edneo para o c\u00e9rebro. A vitamina E e o sel\u00e9nio contribuem para a prote\u00e7\u00e3o das c\u00e9lulas contra o stress oxidativo.<\/p>\n<\/div>\n<\/div>\n<div class=\"btn\">INGREDIENTES<\/div>\n<div class=\"board\">\n<div>\n90 c\u00e1psulas de gelatina mole<\/p>\n<p><b>\u2022<\/b> Extrato de <a class=\"custom-link\" href=\"\/pt\/black-garlic\/\">bulbo de Alho fermentado <i>(Allium sativum)<\/i><\/a> em \u00f3leo de soja;<br \/>\n<b>\u2022<\/b> Extrato de <a class=\"custom-link\" href=\"\/pt\/lavender\/\">lavender flower <i>(Lavandula angustifolia)<\/i><\/a> em \u00f3leo de soja;<br \/>\n<b>\u2022<\/b> Extrato de <a class=\"custom-link\" href=\"\/pt\/rosemary\/\">rosemary leaf <i>(Rosmarinus officinalis)<\/i><\/a> em \u00f3leo de soja;<br \/>\n<b>\u2022<\/b> Extrato de <a class=\"custom-link\" href=\"\/pt\/green-tea\/\">green tea leaf <i>(Camellia sinensis)<\/i><\/a> em \u00f3leo de soja;<br \/>\n<b>\u2022<\/b> <a class=\"custom-link\" href=\"\/pt\/acido-alfa-lipoico\/\">Alpha-lipoid acid<\/a>;<br \/>\n<b>\u2022<\/b> <a class=\"custom-link\" href=\"\/pt\/vitamin-e\/\">DL-\u03b1-tocopheryl acetate (vitamin E)<\/a>;<br \/>\n<b>\u2022<\/b> <a class=\"custom-link\" href=\"\/pt\/vitamin-b6\/\">Cloridrato de piridoxina (vitamina B6)<\/a>;<br \/>\n<b>\u2022<\/b> <a class=\"custom-link\" href=\"\/pt\/vitamin-b2\/\">Riboflavina (vitamina B2)<\/a>;<br \/>\n<b>\u2022<\/b> <a class=\"custom-link\" href=\"\/pt\/vitamin-b1\/\">Mononitrato de tiamina (vitamina B1)<\/a>;<br \/>\n<b>\u2022<\/b> <a class=\"custom-link\" href=\"\/pt\/selenium\/\">Sodium selenite (selenium)<\/a>;<br \/>\n<b>\u2022<\/b> Gelatina de bovino, glicerol, \u00e1gua purificada, corante: carv\u00e3o vegetal;<\/div>\n<\/div>\n<div class=\"btn\">COMO USAR<\/div>\n<div class=\"board\">\n<div>Para maiores de 18 anos, recomenda-se a toma de uma c\u00e1psula duas vezes por dia, durante ou ap\u00f3s as refei\u00e7\u00f5es. Engula a c\u00e1psula inteira com l\u00edquido. O produto deve ser tomado durante um per\u00edodo prolongado. O produto tamb\u00e9m pode ser utilizado por pessoas com diabetes.<\/p>\n<p><b>AVISOS:<\/b><br \/>\n<b>\u2022<\/b> A dose di\u00e1ria recomendada n\u00e3o deve ser excedida.<br \/>\n<b>\u2022<\/b> N\u00e3o recomendado a gr\u00e1vidas, lactantes e menores de 18 anos.<br \/>\n<b>\u2022<\/b> O produto n\u00e3o deve ser utilizado por pessoas que apresentem hipersensibilidade a qualquer um dos seus ingredientes.<br \/>\n<b>\u2022<\/b> As pessoas que tomam medicamentos devem consultar um m\u00e9dico.<br \/>\n<b>\u2022<\/b> N\u00e3o tome simultaneamente com medicamentos anticoagulantes.<br \/>\n<b>\u2022<\/b> Antes de uma cirurgia programada, \u00e9 necess\u00e1rio interromper a utiliza\u00e7\u00e3o deste produto.\n<\/div>\n<\/div>\n<\/div>","protected":false},"excerpt":{"rendered":"<div class=\"my-product-info\">\n<div class=\"two-categories\">\n<div>\n            <img decoding=\"async\" src=\"https:\/\/www.alivitpharm.com\/wp-content\/uploads\/2025\/05\/icon-9.png\" alt=\"100% Natural\" width=\"50px\" height=\"50px\" \/><\/p>\n<div>100% Natural<\/div>\n<\/p><\/div>\n<div>\n            <img decoding=\"async\" src=\"https:\/\/www.alivitpharm.com\/wp-content\/uploads\/2025\/05\/icon-10.png\" alt=\"N\u00e3o transg\u00e9nico\" width=\"50px\" height=\"50px\" \/><\/p>\n<div>N\u00e3o transg\u00e9nico<\/div>\n<\/p><\/div>\n<div>\n            <img decoding=\"async\" src=\"https:\/\/www.alivitpharm.com\/wp-content\/uploads\/2025\/05\/icon-15.png\" alt=\"N\u00e3o cont\u00e9m gl\u00faten\" width=\"50px\" height=\"50px\" \/><\/p>\n<div>N\u00e3o cont\u00e9m gl\u00faten<\/div>\n<\/p><\/div>\n<\/p><\/div>\n<\/div>\n<ul>\n<li>Possui efeito neuroprotetor.<\/li>\n<li>Auxilia no tratamento de doen\u00e7as neurodegenerativas e dist\u00farbios do sono.<\/li>\n<li>Proteger o sistema nervoso dos danos causados \u200b\u200bpelo stress oxidativo.<\/li>\n<li>Isto leva a uma melhoria das fun\u00e7\u00f5es cognitivas.<\/li>\n<li>Preven\u00e7\u00e3o das polineuropatias nos diab\u00e9ticos.<\/li>\n<\/ul>\n<p><a class=\"category-pdf-btn\" href=\"https:\/\/www.alivitpharm.com\/wp-content\/uploads\/2025\/12\/phytotherapy_for_neurodegeneration_and_oxidative_stress_pt.pdf\" target=\"_blank\" rel=\"noopener\">Saiba mais sobre a fitoterapia para a neurodegenera\u00e7\u00e3o e o stress oxidativo.<\/a><\/p>","protected":false},"featured_media":13119,"comment_status":"open","ping_status":"closed","template":"","meta":{"site-sidebar-layout":"default","site-content-layout":"default","ast-global-header-display":"","ast-main-header-display":"","ast-hfb-above-header-display":"","ast-hfb-below-header-display":"","ast-hfb-mobile-header-display":"","site-post-title":"","ast-breadcrumbs-content":"","ast-featured-img":"","footer-sml-layout":"","theme-transparent-header-meta":"default","adv-header-id-meta":"","stick-header-meta":"","header-above-stick-meta":"","header-main-stick-meta":"","header-below-stick-meta":""},"product_brand":[],"product_cat":[175],"product_tag":[],"class_list":{"0":"post-3120","1":"product","2":"type-product","3":"status-publish","4":"has-post-thumbnail","6":"product_cat-nervous-system-protection","7":"desktop-align-center","8":"tablet-align-center","9":"mobile-align-center","11":"first","12":"instock","13":"shipping-taxable","14":"purchasable","15":"product-type-simple"},"_links":{"self":[{"href":"https:\/\/www.alivitpharm.com\/pt\/wp-json\/wp\/v2\/product\/3120","targetHints":{"allow":["GET"]}}],"collection":[{"href":"https:\/\/www.alivitpharm.com\/pt\/wp-json\/wp\/v2\/product"}],"about":[{"href":"https:\/\/www.alivitpharm.com\/pt\/wp-json\/wp\/v2\/types\/product"}],"replies":[{"embeddable":true,"href":"https:\/\/www.alivitpharm.com\/pt\/wp-json\/wp\/v2\/comments?post=3120"}],"wp:featuredmedia":[{"embeddable":true,"href":"https:\/\/www.alivitpharm.com\/pt\/wp-json\/wp\/v2\/media\/13119"}],"wp:attachment":[{"href":"https:\/\/www.alivitpharm.com\/pt\/wp-json\/wp\/v2\/media?parent=3120"}],"wp:term":[{"taxonomy":"product_brand","embeddable":true,"href":"https:\/\/www.alivitpharm.com\/pt\/wp-json\/wp\/v2\/product_brand?post=3120"},{"taxonomy":"product_cat","embeddable":true,"href":"https:\/\/www.alivitpharm.com\/pt\/wp-json\/wp\/v2\/product_cat?post=3120"},{"taxonomy":"product_tag","embeddable":true,"href":"https:\/\/www.alivitpharm.com\/pt\/wp-json\/wp\/v2\/product_tag?post=3120"}],"curies":[{"name":"wp","href":"https:\/\/api.w.org\/{rel}","templated":true}]}}