{"id":3122,"date":"2022-05-24T14:11:03","date_gmt":"2022-05-24T12:11:03","guid":{"rendered":"https:\/\/www.alivitpharm.com\/?post_type=product&#038;p=3122"},"modified":"2026-02-10T15:48:31","modified_gmt":"2026-02-10T13:48:31","slug":"prostat","status":"publish","type":"product","link":"https:\/\/www.alivitpharm.com\/pt\/product\/prostat\/","title":{"rendered":"PROSTAT"},"content":{"rendered":"<div class=\"product-accordion\">\n<div class=\"btn\">MAIS SOBRE O PROSTAT<\/div>\n<div class=\"board\">\n<div><b>PROSTAT\u00ae<\/b> cont\u00e9m extratos de ervas que ajudam a aliviar os sintomas associados \u00e0 hiperplasia benigna da pr\u00f3stata (HBP), como a mic\u00e7\u00e3o frequente e dif\u00edcil, sendo tamb\u00e9m ben\u00e9ficos em casos de prostatite aguda.<\/p>\n<p>Os componentes ativos do alho fresco e fermentado exercem efeitos antioxidantes, antibacterianos e antif\u00fangicos. Reduzem a s\u00edntese de citocinas inflamat\u00f3rias e atuam nas termina\u00e7\u00f5es nervosas da parede da bexiga, melhorando a elasticidade e o ciclo de contra\u00e7\u00e3o-relaxamento da musculatura lisa da bexiga. Em sinergia com o \u00f3leo de sementes de ab\u00f3bora, estes efeitos contribuem para a efic\u00e1cia do PROSTAT no al\u00edvio dos sintomas da hiperplasia benigna da pr\u00f3stata (HBP), prostatite aguda e disfun\u00e7\u00e3o da bexiga.<\/p>\n<\/div>\n<\/div>\n<div class=\"btn\">INGREDIENTES<\/div>\n<div class=\"board\">\n<div>\n60 c\u00e1psulas de gelatina mole<\/p>\n<p><b>\u2022<\/b> Extrato de <a class=\"custom-link\" href=\"\/pt\/black-garlic\/\">bulbo de Alho fermentado <i>(Allium sativum)<\/i><\/a> em <a class=\"custom-link\" href=\"\/pt\/pumpkin-seed\/\">pumpkin seed oil<\/a>;<br \/>\n<b>\u2022<\/b> Extrato de <a class=\"custom-link\" href=\"\/pt\/garlic\/\">fresh garlic bulb <i>(Allium sativum)<\/i><\/a> em <a class=\"custom-link\" href=\"\/pt\/pumpkin-seed\/\">pumpkin seed oil<\/a>;<br \/>\n<b>\u2022<\/b> Gelatina de bovino, glicerol, \u00e1gua purificada, di\u00f3xido de sil\u00edcio, antioxidante: vitamina E;<\/div>\n<\/div>\n<div class=\"btn\">COMO USAR<\/div>\n<div class=\"board\">\n<div>Para adultos com mais de 18 anos, recomenda-se a toma de uma c\u00e1psula tr\u00eas vezes ao dia, durante ou ap\u00f3s as refei\u00e7\u00f5es. Engula a c\u00e1psula inteira com l\u00edquido. O produto tamb\u00e9m pode ser tomado por pessoas com diabetes.<\/p>\n<p><b>AVISOS:<\/b><br \/>\n<b>\u2022<\/b> A dose di\u00e1ria recomendada n\u00e3o deve ser excedida.<br \/>\n<b>\u2022<\/b> Este produto n\u00e3o se destina a pessoas com menos de 18 anos de idade e a pessoas com insufici\u00eancia hep\u00e1tica.<br \/>\n<b>\u2022<\/b> O produto precisa de ser tomado durante um longo per\u00edodo de tempo.<br \/>\n<b>\u2022<\/b> O produto n\u00e3o deve ser utilizado por pessoas que apresentem hipersensibilidade a qualquer um dos seus ingredientes.<br \/>\n<b>\u2022<\/b> As pessoas que tomam medicamentos devem consultar um m\u00e9dico.<br \/>\n<b>\u2022<\/b> As c\u00e1psulas n\u00e3o devem ser utilizadas juntamente com medicamentos que previnem a coagula\u00e7\u00e3o sangu\u00ednea, uma vez que prolongar o tempo de coagula\u00e7\u00e3o pode aumentar o risco de hemorragia.<br \/>\n<b>\u2022<\/b> Antes de uma cirurgia programada, \u00e9 necess\u00e1rio interromper a utiliza\u00e7\u00e3o do produto, uma vez que pode influenciar o prolongamento do tempo de coagula\u00e7\u00e3o sangu\u00ednea.\n<\/div>\n<\/div>\n<\/div>","protected":false},"excerpt":{"rendered":"<div class=\"my-product-info\">\n<div class=\"two-categories\">\n<div>\n            <img decoding=\"async\" src=\"https:\/\/www.alivitpharm.com\/wp-content\/uploads\/2025\/05\/icon-9.png\" alt=\"100% Natural\" width=\"50px\" height=\"50px\" \/><\/p>\n<div>100% Natural<\/div>\n<\/p><\/div>\n<div>\n            <img decoding=\"async\" src=\"https:\/\/www.alivitpharm.com\/wp-content\/uploads\/2025\/05\/icon-10.png\" alt=\"N\u00e3o transg\u00e9nico\" width=\"50px\" height=\"50px\" \/><\/p>\n<div>N\u00e3o transg\u00e9nico<\/div>\n<\/p><\/div>\n<div>\n            <img decoding=\"async\" src=\"https:\/\/www.alivitpharm.com\/wp-content\/uploads\/2025\/05\/icon-15.png\" alt=\"N\u00e3o cont\u00e9m gl\u00faten\" width=\"50px\" height=\"50px\" \/><\/p>\n<div>N\u00e3o cont\u00e9m gl\u00faten<\/div>\n<\/p><\/div>\n<\/p><\/div>\n<\/div>\n<ul>\n<li>Auxilia no tratamento da hiperplasia benigna da pr\u00f3stata.<\/li>\n<li>Reduz os sintomas da prostatite aguda.<\/li>\n<li>Auxilia no tratamento da incontin\u00eancia urin\u00e1ria na mulher e no homem.<\/li>\n<li>Alivia a mic\u00e7\u00e3o dif\u00edcil e frequente.<\/li>\n<\/ul>\n<p><a class=\"category-pdf-btn\" href=\"https:\/\/www.alivitpharm.com\/wp-content\/uploads\/2025\/12\/the_urogenital_tract_pt.pdf\" target=\"_blank\" rel=\"noopener\">Saiba mais sobre o trato urogenital<\/a><\/p>","protected":false},"featured_media":13231,"comment_status":"open","ping_status":"closed","template":"","meta":{"site-sidebar-layout":"default","site-content-layout":"default","ast-global-header-display":"","ast-main-header-display":"","ast-hfb-above-header-display":"","ast-hfb-below-header-display":"","ast-hfb-mobile-header-display":"","site-post-title":"","ast-breadcrumbs-content":"","ast-featured-img":"","footer-sml-layout":"","theme-transparent-header-meta":"default","adv-header-id-meta":"","stick-header-meta":"","header-above-stick-meta":"","header-main-stick-meta":"","header-below-stick-meta":""},"product_brand":[],"product_cat":[179],"product_tag":[],"class_list":{"0":"post-3122","1":"product","2":"type-product","3":"status-publish","4":"has-post-thumbnail","6":"product_cat-mens-health","7":"desktop-align-center","8":"tablet-align-center","9":"mobile-align-center","11":"first","12":"instock","13":"shipping-taxable","14":"purchasable","15":"product-type-simple"},"_links":{"self":[{"href":"https:\/\/www.alivitpharm.com\/pt\/wp-json\/wp\/v2\/product\/3122","targetHints":{"allow":["GET"]}}],"collection":[{"href":"https:\/\/www.alivitpharm.com\/pt\/wp-json\/wp\/v2\/product"}],"about":[{"href":"https:\/\/www.alivitpharm.com\/pt\/wp-json\/wp\/v2\/types\/product"}],"replies":[{"embeddable":true,"href":"https:\/\/www.alivitpharm.com\/pt\/wp-json\/wp\/v2\/comments?post=3122"}],"wp:featuredmedia":[{"embeddable":true,"href":"https:\/\/www.alivitpharm.com\/pt\/wp-json\/wp\/v2\/media\/13231"}],"wp:attachment":[{"href":"https:\/\/www.alivitpharm.com\/pt\/wp-json\/wp\/v2\/media?parent=3122"}],"wp:term":[{"taxonomy":"product_brand","embeddable":true,"href":"https:\/\/www.alivitpharm.com\/pt\/wp-json\/wp\/v2\/product_brand?post=3122"},{"taxonomy":"product_cat","embeddable":true,"href":"https:\/\/www.alivitpharm.com\/pt\/wp-json\/wp\/v2\/product_cat?post=3122"},{"taxonomy":"product_tag","embeddable":true,"href":"https:\/\/www.alivitpharm.com\/pt\/wp-json\/wp\/v2\/product_tag?post=3122"}],"curies":[{"name":"wp","href":"https:\/\/api.w.org\/{rel}","templated":true}]}}