{"id":3124,"date":"2022-05-24T14:13:40","date_gmt":"2022-05-24T12:13:40","guid":{"rendered":"https:\/\/www.alivitpharm.com\/?post_type=product&#038;p=3124"},"modified":"2026-02-26T11:15:21","modified_gmt":"2026-02-26T09:15:21","slug":"immuno-active","status":"publish","type":"product","link":"https:\/\/www.alivitpharm.com\/pt\/product\/immuno-active\/","title":{"rendered":"IMMUNO ACTIVE"},"content":{"rendered":"<div class=\"product-accordion\">\n<div class=\"btn\">MAIS SOBRE O IMMUNO ACTIVE<\/div>\n<div class=\"board\">\n<div><b>IMMUNO ACTIVE\u00ae<\/b> cont\u00e9m ingredientes de origem vegetal utilizados para fortalecer o sistema imunit\u00e1rio, especialmente em doentes imunocomprometidos, bem como em pessoas com doen\u00e7as cr\u00f3nicas, pessoas sob elevado stress f\u00edsico ou psicol\u00f3gico, ou aquelas propensas a infe\u00e7\u00f5es frequentes. O alho fermentado ajuda o corpo a responder ao stress e fortalece a sa\u00fade imunit\u00e1ria atrav\u00e9s das suas propriedades antibacterianas e antioxidantes. \u00c9 tradicionalmente utilizado para aliviar os sintomas de gripes e constipa\u00e7\u00f5es. O alho fermentado, o fruto do sabugueiro, o fruto da rosa mosqueta e o rizoma do gengibre s\u00e3o poderosos antioxidantes com forte atividade antimicrobiana. Juntos, ajudam a fortalecer a imunidade enfraquecida e a prevenir infe\u00e7\u00f5es respirat\u00f3rias e urin\u00e1rias, tosse, dor de garganta e inflama\u00e7\u00e3o das mucosas. A vitamina C atua como antioxidante e desempenha um papel crucial no suporte imunit\u00e1rio. Auxilia tamb\u00e9m na absor\u00e7\u00e3o de ferro e na forma\u00e7\u00e3o de gl\u00f3bulos vermelhos. A vitamina D3 promove a absor\u00e7\u00e3o de c\u00e1lcio e f\u00f3sforo e contribui para a manuten\u00e7\u00e3o da fun\u00e7\u00e3o normal dos ossos e dos m\u00fasculos, al\u00e9m de desempenhar um papel na divis\u00e3o celular. O zinco e o sel\u00e9nio ajudam a equilibrar a atividade hormonal, aumentando a resist\u00eancia do organismo e a resili\u00eancia imunit\u00e1ria.<\/div>\n<\/div>\n<div class=\"btn\">INGREDIENTES<\/div>\n<div class=\"board\">\n<div>\n90 c\u00e1psulas de gelatina mole<\/p>\n<p><b>\u2022<\/b> Extrato de <a class=\"custom-link\" href=\"\/pt\/black-garlic\/\">bulbo de Alho fermentado <i>(Allium sativum)<\/i><\/a> em \u00f3leo de soja;<br \/>\n<b>\u2022<\/b> Extrato de <a class=\"custom-link\" href=\"\/pt\/sabugueiro-preto\/\">black elderberry fruit <i>(Sambucus nigra)<\/i><\/a> em \u00f3leo de soja;<br \/>\n<b>\u2022<\/b> Extrato de <a class=\"custom-link\" href=\"\/pt\/ginger\/\">ginger rhizome <i>(Zingiber officinale)<\/i><\/a> em \u00f3leo de soja;<br \/>\n<b>\u2022<\/b> Extrato de <a class=\"custom-link\" href=\"\/pt\/wild-rose-rosehip\/\">wild rose fruit <i>(Rosa canina)<\/i><\/a> em \u00f3leo de soja;<br \/>\n<b>\u2022<\/b> <a class=\"custom-link\" href=\"\/pt\/vitamin-c\/\">Ascorbyl palmitate (vitamin C)<\/a>;<br \/>\n<b>\u2022<\/b> <a class=\"custom-link\" href=\"\/pt\/vitamin-d3\/\">Cholecalciferol (vitamin D3)<\/a>;<br \/>\n<b>\u2022<\/b> <a class=\"custom-link\" href=\"\/pt\/selenium\/\">Sodium selenite (selenium)<\/a>;<br \/>\n<b>\u2022<\/b> <a class=\"custom-link\" href=\"\/pt\/zinc\/\">Citrato de zinco tri-hidratado (zinco)<\/a>;<br \/>\n<b>\u2022<\/b> Gelatina de bovino, glicerol, \u00e1gua purificada, di\u00f3xido de sil\u00edcio, antioxidante: acetato de DL-\u03b1-tocoferilo, corante: carv\u00e3o vegetal;<\/div>\n<\/div>\n<div class=\"btn\">COMO USAR<\/div>\n<div class=\"board\">\n<div>Para os adultos, recomenda-se a toma de uma c\u00e1psula duas vezes por dia, durante ou ap\u00f3s as refei\u00e7\u00f5es, enquanto que para as crian\u00e7as com mais de 12 anos, recomenda-se uma c\u00e1psula por dia. Engula a c\u00e1psula inteira com l\u00edquido. O produto pode ser tomado durante um longo per\u00edodo. Indicado para pessoas com diabetes.<\/p>\n<p><b>AVISOS:<\/b><br \/>\n<b>\u2022<\/b> A dose di\u00e1ria recomendada n\u00e3o deve ser excedida.<br \/>\n<b>\u2022<\/b> Este produto n\u00e3o se destina a pessoas com menos de 12 anos de idade, mulheres gr\u00e1vidas ou em per\u00edodo de amamenta\u00e7\u00e3o e pessoas com insufici\u00eancia hep\u00e1tica.<br \/>\n<b>\u2022<\/b> O produto n\u00e3o deve ser utilizado por pessoas que apresentem hipersensibilidade a qualquer um dos seus ingredientes.<br \/>\n<b>\u2022<\/b> As pessoas que tomam medicamentos devem consultar um m\u00e9dico.<br \/>\n<b>\u2022<\/b> N\u00e3o tome simultaneamente com medicamentos anticoagulantes.<br \/>\n<b>\u2022<\/b> Antes de uma cirurgia programada, \u00e9 necess\u00e1rio interromper a utiliza\u00e7\u00e3o deste produto.\n<\/div>\n<\/div>\n<\/div>","protected":false},"excerpt":{"rendered":"<div class=\"my-product-info\">\n<div class=\"two-categories\">\n<div>\n            <img decoding=\"async\" src=\"https:\/\/www.alivitpharm.com\/wp-content\/uploads\/2025\/05\/icon-9.png\" alt=\"100% Natural\" width=\"50px\" height=\"50px\" \/><\/p>\n<div>100% Natural<\/div>\n<\/p><\/div>\n<div>\n            <img decoding=\"async\" src=\"https:\/\/www.alivitpharm.com\/wp-content\/uploads\/2025\/05\/icon-10.png\" alt=\"N\u00e3o transg\u00e9nico\" width=\"50px\" height=\"50px\" \/><\/p>\n<div>N\u00e3o transg\u00e9nico<\/div>\n<\/p><\/div>\n<div>\n            <img decoding=\"async\" src=\"https:\/\/www.alivitpharm.com\/wp-content\/uploads\/2025\/05\/icon-15.png\" alt=\"N\u00e3o cont\u00e9m gl\u00faten\" width=\"50px\" height=\"50px\" \/><\/p>\n<div>N\u00e3o cont\u00e9m gl\u00faten<\/div>\n<\/p><\/div>\n<\/p><\/div>\n<\/div>\n<ul>\n<li>Fortalece um sistema imunit\u00e1rio enfraquecido.<\/li>\n<li>Previne a ocorr\u00eancia de infe\u00e7\u00f5es do trato respirat\u00f3rio superior.<\/li>\n<li>Acelera a recupera\u00e7\u00e3o de infe\u00e7\u00f5es causadas pelo v\u00edrus da gripe e pelo Coronav\u00edrus.<\/li>\n<li>Ajuda nas alergias sazonais.<\/li>\n<li>Poderoso antioxidante.<\/li>\n<\/ul>\n<p><a class=\"category-pdf-btn\" href=\"https:\/\/www.alivitpharm.com\/wp-content\/uploads\/2025\/12\/phytotherapy_for_immune_system_pt.pdf\" target=\"_blank\" rel=\"noopener\">Saiba mais sobre o sistema imunit\u00e1rio<\/a><\/p>\n<div class=\"product-packages\">\n<h4>Escolha o seu pacote<\/h4>\n<div class=\"package-item active\">1 embalagem (45 dias de utiliza\u00e7\u00e3o)<\/div>\n<div class=\"package-item\">2 embalagens (90 dias de utiliza\u00e7\u00e3o) \u2013 <b>Poupe 10%<\/b><\/div>\n<div class=\"package-item\">3 embalagens (135 dias de utiliza\u00e7\u00e3o) \u2013 <b>Poupe 15%<\/b><\/div>\n<\/div>","protected":false},"featured_media":13105,"comment_status":"open","ping_status":"closed","template":"","meta":{"site-sidebar-layout":"default","site-content-layout":"default","ast-global-header-display":"","ast-main-header-display":"","ast-hfb-above-header-display":"","ast-hfb-below-header-display":"","ast-hfb-mobile-header-display":"","site-post-title":"","ast-breadcrumbs-content":"","ast-featured-img":"","footer-sml-layout":"","theme-transparent-header-meta":"default","adv-header-id-meta":"","stick-header-meta":"","header-above-stick-meta":"","header-main-stick-meta":"","header-below-stick-meta":""},"product_brand":[],"product_cat":[174,177],"product_tag":[],"class_list":{"0":"post-3124","1":"product","2":"type-product","3":"status-publish","4":"has-post-thumbnail","6":"product_cat-immune-system","7":"product_cat-urinary-infections","8":"desktop-align-center","9":"tablet-align-center","10":"mobile-align-center","12":"first","13":"instock","14":"shipping-taxable","15":"purchasable","16":"product-type-simple"},"_links":{"self":[{"href":"https:\/\/www.alivitpharm.com\/pt\/wp-json\/wp\/v2\/product\/3124","targetHints":{"allow":["GET"]}}],"collection":[{"href":"https:\/\/www.alivitpharm.com\/pt\/wp-json\/wp\/v2\/product"}],"about":[{"href":"https:\/\/www.alivitpharm.com\/pt\/wp-json\/wp\/v2\/types\/product"}],"replies":[{"embeddable":true,"href":"https:\/\/www.alivitpharm.com\/pt\/wp-json\/wp\/v2\/comments?post=3124"}],"wp:featuredmedia":[{"embeddable":true,"href":"https:\/\/www.alivitpharm.com\/pt\/wp-json\/wp\/v2\/media\/13105"}],"wp:attachment":[{"href":"https:\/\/www.alivitpharm.com\/pt\/wp-json\/wp\/v2\/media?parent=3124"}],"wp:term":[{"taxonomy":"product_brand","embeddable":true,"href":"https:\/\/www.alivitpharm.com\/pt\/wp-json\/wp\/v2\/product_brand?post=3124"},{"taxonomy":"product_cat","embeddable":true,"href":"https:\/\/www.alivitpharm.com\/pt\/wp-json\/wp\/v2\/product_cat?post=3124"},{"taxonomy":"product_tag","embeddable":true,"href":"https:\/\/www.alivitpharm.com\/pt\/wp-json\/wp\/v2\/product_tag?post=3124"}],"curies":[{"name":"wp","href":"https:\/\/api.w.org\/{rel}","templated":true}]}}