{"id":8642,"date":"2023-02-28T14:44:50","date_gmt":"2023-02-28T12:44:50","guid":{"rendered":"https:\/\/www.alivitpharm.com\/?post_type=product&#038;p=8642"},"modified":"2026-03-10T11:26:47","modified_gmt":"2026-03-10T09:26:47","slug":"prostat-plus","status":"publish","type":"product","link":"https:\/\/www.alivitpharm.com\/pt\/product\/prostat-plus\/","title":{"rendered":"PROSTAT PLUS"},"content":{"rendered":"<div class=\"product-accordion\">\n<div class=\"btn\">MAIS SOBRE O PROSTAT PLUS<\/div>\n<div class=\"board\">\n<div><b>PROSTAT PLUS\u00ae<\/b> cont\u00e9m extratos de ervas utilizados para aliviar os sintomas associados \u00e0 hiperplasia benigna da pr\u00f3stata, como a mic\u00e7\u00e3o frequente e dif\u00edcil, bem como a prostatite cr\u00f3nica.<\/p>\n<p>Os ingredientes ativos do alho fresco e fermentado atuam como antioxidantes, antibacterianos e antif\u00fangicos. Reduzem a produ\u00e7\u00e3o de citocinas inflamat\u00f3rias e melhoram a flexibilidade da musculatura lisa da bexiga, atuando nas termina\u00e7\u00f5es nervosas. A curcuma possui propriedades antimicrobianas, antioxidantes e anti-inflamat\u00f3rias. Ajuda a reduzir a s\u00edntese de citocinas e a aliviar os sintomas da prostatite cr\u00f3nica. A pimenta preta aumenta a biodisponibilidade de muitos compostos ativos, incluindo a curcumina. A epil\u00f3bio \u00e9 ben\u00e9fica n\u00e3o s\u00f3 para a sa\u00fade da pr\u00f3stata, mas tamb\u00e9m para problemas na bexiga e nos rins. A urtiga tem um efeito diur\u00e9tico, promove o fluxo urin\u00e1rio e apresenta propriedades anti-inflamat\u00f3rias, sendo \u00fatil em diversas infe\u00e7\u00f5es do trato urin\u00e1rio. Juntamente com o \u00f3leo de sementes de ab\u00f3bora, estes extratos de ervas ajudam a aliviar os sintomas da hiperplasia benigna da pr\u00f3stata (HPB), da prostatite cr\u00f3nica e da disfun\u00e7\u00e3o da bexiga.<\/p>\n<\/div>\n<\/div>\n<div class=\"btn\">INGREDIENTES<\/div>\n<div class=\"board\">\n<div>\n90 c\u00e1psulas de gelatina mole<\/p>\n<p><b>\u2022<\/b> Extrato de <a class=\"custom-link\" href=\"\/pt\/black-garlic\/\">bulbo de Alho fermentado <i>(Allium sativum)<\/i><\/a> em <a class=\"custom-link\" href=\"\/pt\/pumpkin-seed\/\">pumpkin seed oil<\/a>;<br \/>\n<b>\u2022<\/b> Extrato de <a class=\"custom-link\" href=\"\/pt\/hoary-willowherb\/\">willowherb herb <i>(Epilobium parviflorum)<\/i><\/a> em \u00f3leo de colza;<br \/>\n<b>\u2022<\/b> Extrato de <a class=\"custom-link\" href=\"\/pt\/turmeric\/\">turmeric root <i>(Curcuma longa)<\/i><\/a> em \u00f3leo de colza;<br \/>\n<b>\u2022<\/b> Extrato de <a class=\"custom-link\" href=\"\/pt\/nettle\/\">nettle leaf and root <i>(Urtica dioica)<\/i><\/a> em \u00f3leo de colza;<br \/>\n<b>\u2022<\/b> Extrato de <a class=\"custom-link\" href=\"\/pt\/pimenta-preta\/\">black pepper fruit <i>(Piper nigrum)<\/i><\/a> em \u00f3leo de colza;<br \/>\n<b>\u2022<\/b> <a class=\"custom-link\" href=\"\/pt\/vitamin-e\/\">DL-\u03b1-tocopheryl acetate (vitamin E)<\/a>, <a class=\"custom-link\" href=\"\/pt\/zinc\/\">zinc citrate trihydrate<\/a>, <a class=\"custom-link\" href=\"\/pt\/selenium\/\">sodium selenite (selenium)<\/a>;<br \/>\n<b>\u2022<\/b> Gelatina de bovino, glicerol, \u00e1gua purificada, di\u00f3xido de sil\u00edcio, corante: carv\u00e3o vegetal;<\/div>\n<\/div>\n<div class=\"btn\">COMO USAR<\/div>\n<div class=\"board\">\n<div>Para adultos com mais de 18 anos, recomenda-se a toma de uma c\u00e1psula tr\u00eas vezes ao dia, durante ou ap\u00f3s as refei\u00e7\u00f5es. Engula a c\u00e1psula inteira com l\u00edquido. O produto tamb\u00e9m pode ser tomado por pessoas com diabetes.<\/p>\n<p><b>AVISOS:<\/b><br \/>\n<b>\u2022<\/b> A dose di\u00e1ria recomendada n\u00e3o deve ser excedida.<br \/>\n<b>\u2022<\/b> Este produto n\u00e3o se destina a pessoas com menos de 18 anos de idade e a pessoas com insufici\u00eancia hep\u00e1tica.<br \/>\n<b>\u2022<\/b> O produto n\u00e3o \u00e9 recomendado a pessoas com c\u00e1lculos biliares, refluxo gastroesof\u00e1gico (DRGE) e outros dist\u00farbios do sistema digestivo, bem como a pessoas com dist\u00farbios da tiroide, gr\u00e1vidas e lactantes.<br \/>\n<b>\u2022<\/b> O produto n\u00e3o deve ser utilizado por pessoas que apresentem hipersensibilidade a qualquer um dos seus ingredientes.<br \/>\n<b>\u2022<\/b> As pessoas que tomam medicamentos devem consultar um m\u00e9dico.<br \/>\n<b>\u2022<\/b> N\u00e3o tome simultaneamente com medicamentos anticoagulantes.<br \/>\n<b>\u2022<\/b> Antes de uma cirurgia programada, \u00e9 necess\u00e1rio interromper a utiliza\u00e7\u00e3o do produto, uma vez que pode influenciar o prolongamento do tempo de coagula\u00e7\u00e3o sangu\u00ednea.<br \/>\n<b>\u2022<\/b> Ap\u00f3s quatro semanas de utiliza\u00e7\u00e3o cont\u00ednua do produto, \u00e9 necess\u00e1rio fazer uma pausa de dez dias.\n<\/div>\n<\/div>\n<\/div>","protected":false},"excerpt":{"rendered":"<div class=\"my-product-info\">\n<div class=\"two-categories\">\n<div>\n            <img decoding=\"async\" src=\"https:\/\/www.alivitpharm.com\/wp-content\/uploads\/2025\/05\/icon-9.png\" alt=\"100% Natural\" width=\"50px\" height=\"50px\" \/><\/p>\n<div>100% Natural<\/div>\n<\/p><\/div>\n<div>\n            <img decoding=\"async\" src=\"https:\/\/www.alivitpharm.com\/wp-content\/uploads\/2025\/05\/icon-10.png\" alt=\"N\u00e3o transg\u00e9nico\" width=\"50px\" height=\"50px\" \/><\/p>\n<div>N\u00e3o transg\u00e9nico<\/div>\n<\/p><\/div>\n<div>\n            <img decoding=\"async\" src=\"https:\/\/www.alivitpharm.com\/wp-content\/uploads\/2025\/05\/icon-15.png\" alt=\"N\u00e3o cont\u00e9m gl\u00faten\" width=\"50px\" height=\"50px\" \/><\/p>\n<div>N\u00e3o cont\u00e9m gl\u00faten<\/div>\n<\/p><\/div>\n<\/p><\/div>\n<\/div>\n<ul>\n<li>Alivia os sintomas da prostatite cr\u00f3nica.<\/li>\n<li>Auxilia no tratamento da hiperplasia benigna da pr\u00f3stata.<\/li>\n<li>Disfun\u00e7\u00e3o da bexiga.<\/li>\n<li>Auxilia no controlo da mic\u00e7\u00e3o frequente (noturna).<\/li>\n<\/ul>\n<p><a class=\"category-pdf-btn\" href=\"https:\/\/www.alivitpharm.com\/wp-content\/uploads\/2025\/12\/the_urogenital_tract_pt.pdf\" target=\"_blank\" rel=\"noopener\">Saiba mais sobre o trato urogenital<\/a><\/p>","protected":false},"featured_media":13127,"comment_status":"open","ping_status":"closed","template":"","meta":{"site-sidebar-layout":"default","site-content-layout":"default","ast-global-header-display":"","ast-main-header-display":"","ast-hfb-above-header-display":"","ast-hfb-below-header-display":"","ast-hfb-mobile-header-display":"","site-post-title":"","ast-breadcrumbs-content":"","ast-featured-img":"","footer-sml-layout":"","theme-transparent-header-meta":"default","adv-header-id-meta":"","stick-header-meta":"","header-above-stick-meta":"","header-main-stick-meta":"","header-below-stick-meta":""},"product_brand":[],"product_cat":[179],"product_tag":[],"class_list":{"0":"post-8642","1":"product","2":"type-product","3":"status-publish","4":"has-post-thumbnail","6":"product_cat-mens-health","7":"desktop-align-center","8":"tablet-align-center","9":"mobile-align-center","11":"first","12":"instock","13":"shipping-taxable","14":"purchasable","15":"product-type-simple"},"_links":{"self":[{"href":"https:\/\/www.alivitpharm.com\/pt\/wp-json\/wp\/v2\/product\/8642","targetHints":{"allow":["GET"]}}],"collection":[{"href":"https:\/\/www.alivitpharm.com\/pt\/wp-json\/wp\/v2\/product"}],"about":[{"href":"https:\/\/www.alivitpharm.com\/pt\/wp-json\/wp\/v2\/types\/product"}],"replies":[{"embeddable":true,"href":"https:\/\/www.alivitpharm.com\/pt\/wp-json\/wp\/v2\/comments?post=8642"}],"wp:featuredmedia":[{"embeddable":true,"href":"https:\/\/www.alivitpharm.com\/pt\/wp-json\/wp\/v2\/media\/13127"}],"wp:attachment":[{"href":"https:\/\/www.alivitpharm.com\/pt\/wp-json\/wp\/v2\/media?parent=8642"}],"wp:term":[{"taxonomy":"product_brand","embeddable":true,"href":"https:\/\/www.alivitpharm.com\/pt\/wp-json\/wp\/v2\/product_brand?post=8642"},{"taxonomy":"product_cat","embeddable":true,"href":"https:\/\/www.alivitpharm.com\/pt\/wp-json\/wp\/v2\/product_cat?post=8642"},{"taxonomy":"product_tag","embeddable":true,"href":"https:\/\/www.alivitpharm.com\/pt\/wp-json\/wp\/v2\/product_tag?post=8642"}],"curies":[{"name":"wp","href":"https:\/\/api.w.org\/{rel}","templated":true}]}}