{"id":8644,"date":"2023-03-01T09:30:55","date_gmt":"2023-03-01T07:30:55","guid":{"rendered":"https:\/\/www.alivitpharm.com\/?post_type=product&#038;p=8644"},"modified":"2026-02-10T15:50:00","modified_gmt":"2026-02-10T13:50:00","slug":"alisept","status":"publish","type":"product","link":"https:\/\/www.alivitpharm.com\/pt\/product\/alisept\/","title":{"rendered":"ALISEPT"},"content":{"rendered":"<div class=\"product-accordion\">\n<div class=\"btn\">MAIS SOBRE O ALISEPT<\/div>\n<div class=\"board\">\n<div>\n      <b>ALISEPT\u00ae<\/b> cont\u00e9m ervas recomendadas para aliviar os sintomas de infe\u00e7\u00f5es e inflama\u00e7\u00f5es do trato urin\u00e1rio, podendo tamb\u00e9m ser utilizado preventivamente por pessoas propensas a infe\u00e7\u00f5es urin\u00e1rias recorrentes. Os extratos oleosos de alho, or\u00e9g\u00e3os, cornisos e arandos apresentam uma ampla atividade antimicrobiana, anti-inflamat\u00f3ria e antiss\u00e9ptica, ajudando no combate a infe\u00e7\u00f5es causadas por diversos microrganismos, especialmente a <i>Escherichia coli<\/i>O elevado teor de \u00e1cidos naturais do arando ajuda a reduzir o pH do trato urin\u00e1rio, prevenindo o crescimento bacteriano e a ades\u00e3o \u00e0s paredes do trato urin\u00e1rio. O or\u00e9g\u00e3o \u00e9 particularmente eficaz contra infe\u00e7\u00f5es f\u00fangicas causadas por <i>Candida spp<\/i>A salsa e a raiz de r\u00e1bano t\u00eam um efeito diur\u00e9tico, facilitam a mic\u00e7\u00e3o, ajudam a prevenir a forma\u00e7\u00e3o de c\u00e1lculos renais e auxiliam a fun\u00e7\u00e3o do trato urin\u00e1rio. A hortel\u00e3-pimenta, atrav\u00e9s da sua a\u00e7\u00e3o antiespasm\u00f3dica, alivia as c\u00f3licas e as dores provocadas pelas inflama\u00e7\u00f5es da bexiga e do trato urin\u00e1rio.\n    <\/div>\n<\/p><\/div>\n<div class=\"btn\">INGREDIENTES<\/div>\n<div class=\"board\">\n<div>\n      90 c\u00e1psulas de gelatina mole<\/p>\n<p>      <b>\u2022<\/b> Extrato de <a class=\"custom-link\" href=\"\/pt\/garlic\/\">fresh garlic bulb <i>(Allium sativum)<\/i><\/a> em \u00f3leo de colza;<br \/>\n      <b>\u2022<\/b> Extrato de <a class=\"custom-link\" href=\"\/pt\/parsley\/\">parsley leaf <i>(Petroselinum crispum)<\/i><\/a> em \u00f3leo de colza;<br \/>\n      <b>\u2022<\/b> Extrato de <a class=\"custom-link\" href=\"\/pt\/oregano\/\">oregano herb <i>(Origanum vulgare)<\/i><\/a> em \u00f3leo de colza;<br \/>\n      <b>\u2022<\/b> Extrato de <a class=\"custom-link\" href=\"\/pt\/cornel\/\">cornel fruit <i>(Cornus mas)<\/i><\/a> em \u00f3leo de colza;<br \/>\n      <b>\u2022<\/b> Extrato de <a class=\"custom-link\" href=\"\/pt\/horseradish\/\">horseradish root <i>(Armoracia rusticana)<\/i><\/a> em \u00f3leo de colza;<br \/>\n      <b>\u2022<\/b> Extrato de <a class=\"custom-link\" href=\"\/pt\/oxicoco\/\">cranberry fruit <i>(Vaccinium vitis-idaea)<\/i><\/a> em \u00f3leo de colza;<br \/>\n      <b>\u2022<\/b> Extrato de <a class=\"custom-link\" href=\"\/pt\/peppermint\/\">peppermint leaf <i>(Mentha \u00d7 piperita)<\/i><\/a> em \u00f3leo de colza;<br \/>\n      <b>\u2022<\/b> Gelatina bovina, glicerol, \u00e1gua purificada, antioxidante: acetato de DL-\u03b1-tocoferilo;\n    <\/div>\n<\/p><\/div>\n<div class=\"btn\">COMO USAR<\/div>\n<div class=\"board\">\n<div>\n      Para adultos com mais de 18 anos, recomenda-se a toma de uma c\u00e1psula tr\u00eas vezes ao dia, durante ou ap\u00f3s as refei\u00e7\u00f5es. Engula a c\u00e1psula inteira com l\u00edquido. O produto tamb\u00e9m pode ser tomado por pessoas com diabetes.<\/p>\n<p>      <b>AVISOS:<\/b><br \/>\n      <b>\u2022<\/b> A dose di\u00e1ria recomendada n\u00e3o deve ser excedida.<br \/>\n      <b>\u2022<\/b> Este produto n\u00e3o se destina a mulheres gr\u00e1vidas ou em per\u00edodo de amamenta\u00e7\u00e3o.<br \/>\n      <b>\u2022<\/b> O produto n\u00e3o deve ser utilizado por pessoas que apresentem hipersensibilidade a qualquer um dos seus ingredientes.<br \/>\n      <b>\u2022<\/b> As pessoas que tomam medicamentos devem consultar um m\u00e9dico.<br \/>\n      <b>\u2022<\/b> N\u00e3o tome simultaneamente com medicamentos anticoagulantes.<br \/>\n      <b>\u2022<\/b> Antes de uma cirurgia programada, \u00e9 necess\u00e1rio interromper a utiliza\u00e7\u00e3o deste produto.\n    <\/div>\n<\/p><\/div>\n<\/div>","protected":false},"excerpt":{"rendered":"<div class=\"my-product-info\">\n<div class=\"two-categories\">\n<div>\n            <img decoding=\"async\" src=\"https:\/\/www.alivitpharm.com\/wp-content\/uploads\/2025\/05\/icon-9.png\" alt=\"100% Natural\" width=\"50px\" height=\"50px\" \/><\/p>\n<div>100% Natural<\/div>\n<\/p><\/div>\n<div>\n            <img decoding=\"async\" src=\"https:\/\/www.alivitpharm.com\/wp-content\/uploads\/2025\/05\/icon-10.png\" alt=\"N\u00e3o transg\u00e9nico\" width=\"50px\" height=\"50px\" \/><\/p>\n<div>N\u00e3o transg\u00e9nico<\/div>\n<\/p><\/div>\n<div>\n            <img decoding=\"async\" src=\"https:\/\/www.alivitpharm.com\/wp-content\/uploads\/2025\/05\/icon-15.png\" alt=\"N\u00e3o cont\u00e9m gl\u00faten\" width=\"50px\" height=\"50px\" \/><\/p>\n<div>N\u00e3o cont\u00e9m gl\u00faten<\/div>\n<\/p><\/div>\n<\/p><\/div>\n<\/div>\n<ul>\n<li>Auxilia no tratamento da infe\u00e7\u00e3o por <i>Candida<\/i> e <i>Escherichia coli<\/i>.<\/li>\n<li>Melhora o efeito dos antibi\u00f3ticos e antif\u00fangicos, levando a uma obten\u00e7\u00e3o mais r\u00e1pida dos resultados desejados.<\/li>\n<li>Solu\u00e7\u00e3o natural para as infe\u00e7\u00f5es do trato urin\u00e1rio.<\/li>\n<li>Alivia os sintomas durante a mic\u00e7\u00e3o nas infe\u00e7\u00f5es do trato urin\u00e1rio.<\/li>\n<li>Previne a recorr\u00eancia de infe\u00e7\u00f5es do trato urin\u00e1rio.<\/li>\n<\/ul>\n<p><a class=\"category-pdf-btn\" href=\"https:\/\/www.alivitpharm.com\/wp-content\/uploads\/2025\/12\/the_urogenital_tract_pt.pdf\" target=\"_blank\" rel=\"noopener\">Saiba mais sobre o trato urogenital<\/a><\/p>","protected":false},"featured_media":13099,"comment_status":"open","ping_status":"closed","template":"","meta":{"site-sidebar-layout":"default","site-content-layout":"default","ast-global-header-display":"","ast-main-header-display":"","ast-hfb-above-header-display":"","ast-hfb-below-header-display":"","ast-hfb-mobile-header-display":"","site-post-title":"","ast-breadcrumbs-content":"","ast-featured-img":"","footer-sml-layout":"","theme-transparent-header-meta":"default","adv-header-id-meta":"","stick-header-meta":"","header-above-stick-meta":"","header-main-stick-meta":"","header-below-stick-meta":""},"product_brand":[],"product_cat":[177],"product_tag":[],"class_list":{"0":"post-8644","1":"product","2":"type-product","3":"status-publish","4":"has-post-thumbnail","6":"product_cat-urinary-infections","7":"desktop-align-center","8":"tablet-align-center","9":"mobile-align-center","11":"first","12":"instock","13":"shipping-taxable","14":"purchasable","15":"product-type-simple"},"_links":{"self":[{"href":"https:\/\/www.alivitpharm.com\/pt\/wp-json\/wp\/v2\/product\/8644","targetHints":{"allow":["GET"]}}],"collection":[{"href":"https:\/\/www.alivitpharm.com\/pt\/wp-json\/wp\/v2\/product"}],"about":[{"href":"https:\/\/www.alivitpharm.com\/pt\/wp-json\/wp\/v2\/types\/product"}],"replies":[{"embeddable":true,"href":"https:\/\/www.alivitpharm.com\/pt\/wp-json\/wp\/v2\/comments?post=8644"}],"wp:featuredmedia":[{"embeddable":true,"href":"https:\/\/www.alivitpharm.com\/pt\/wp-json\/wp\/v2\/media\/13099"}],"wp:attachment":[{"href":"https:\/\/www.alivitpharm.com\/pt\/wp-json\/wp\/v2\/media?parent=8644"}],"wp:term":[{"taxonomy":"product_brand","embeddable":true,"href":"https:\/\/www.alivitpharm.com\/pt\/wp-json\/wp\/v2\/product_brand?post=8644"},{"taxonomy":"product_cat","embeddable":true,"href":"https:\/\/www.alivitpharm.com\/pt\/wp-json\/wp\/v2\/product_cat?post=8644"},{"taxonomy":"product_tag","embeddable":true,"href":"https:\/\/www.alivitpharm.com\/pt\/wp-json\/wp\/v2\/product_tag?post=8644"}],"curies":[{"name":"wp","href":"https:\/\/api.w.org\/{rel}","templated":true}]}}