{"id":10071,"date":"2023-12-25T09:26:57","date_gmt":"2023-12-25T07:26:57","guid":{"rendered":"https:\/\/www.alivitpharm.com\/?page_id=10071"},"modified":"2023-12-25T10:13:33","modified_gmt":"2023-12-25T08:13:33","slug":"cranberry","status":"publish","type":"page","link":"https:\/\/www.alivitpharm.com\/sq\/cranberry\/","title":{"rendered":"Mjed\u00ebr e kuqe"},"content":{"rendered":"<div data-elementor-type=\"wp-page\" data-elementor-id=\"10071\" class=\"elementor elementor-10071\">\n\t\t\t\t\t\t<section class=\"elementor-section elementor-top-section elementor-element elementor-element-a232712 elementor-section-content-middle elementor-section-boxed elementor-section-height-default elementor-section-height-default\" data-id=\"a232712\" data-element_type=\"section\" data-e-type=\"section\" data-settings=\"{&quot;background_background&quot;:&quot;classic&quot;}\">\n\t\t\t\t\t\t\t<div class=\"elementor-background-overlay\"><\/div>\n\t\t\t\t\t\t\t<div class=\"elementor-container elementor-column-gap-default\">\n\t\t\t\t\t<div class=\"elementor-column elementor-col-100 elementor-top-column elementor-element elementor-element-99371a6\" data-id=\"99371a6\" data-element_type=\"column\" data-e-type=\"column\">\n\t\t\t<div class=\"elementor-widget-wrap elementor-element-populated\">\n\t\t\t\t\t\t<div class=\"elementor-element elementor-element-aa9da52 elementor-widget elementor-widget-heading\" data-id=\"aa9da52\" data-element_type=\"widget\" data-e-type=\"widget\" data-widget_type=\"heading.default\">\n\t\t\t\t<div class=\"elementor-widget-container\">\n\t\t\t\t\t<h1 class=\"elementor-heading-title elementor-size-default\">Mjed\u00ebr e kuqe<\/h1>\t\t\t\t<\/div>\n\t\t\t\t<\/div>\n\t\t\t\t<div class=\"elementor-element elementor-element-df2687d elementor-widget elementor-widget-image\" data-id=\"df2687d\" data-element_type=\"widget\" data-e-type=\"widget\" data-widget_type=\"image.default\">\n\t\t\t\t<div class=\"elementor-widget-container\">\n\t\t\t\t\t\t\t\t\t\t\t\t\t\t\t<img decoding=\"async\" width=\"75\" height=\"33\" src=\"https:\/\/www.alivitpharm.com\/wp-content\/uploads\/2019\/07\/logo-leaf-new.png\" class=\"attachment-large size-large wp-image-2518\" alt=\"\" \/>\t\t\t\t\t\t\t\t\t\t\t\t\t\t\t<\/div>\n\t\t\t\t<\/div>\n\t\t\t\t<div class=\"elementor-element elementor-element-5a7d7e5 elementor-widget elementor-widget-text-editor\" data-id=\"5a7d7e5\" data-element_type=\"widget\" data-e-type=\"widget\" data-widget_type=\"text-editor.default\">\n\t\t\t\t<div class=\"elementor-widget-container\">\n\t\t\t\t\t\t\t\t\t<p><em>Vaccinium macrocarpon, Vaccinium vitis idea L. &#8211; Ericaceae<\/em><\/p>\t\t\t\t\t\t\t\t<\/div>\n\t\t\t\t<\/div>\n\t\t\t\t\t<\/div>\n\t\t<\/div>\n\t\t\t\t\t<\/div>\n\t\t<\/section>\n\t\t\t\t<section class=\"elementor-section elementor-top-section elementor-element elementor-element-2f54793 elementor-section-boxed elementor-section-height-default elementor-section-height-default\" data-id=\"2f54793\" data-element_type=\"section\" data-e-type=\"section\" data-settings=\"{&quot;background_background&quot;:&quot;classic&quot;}\">\n\t\t\t\t\t\t<div class=\"elementor-container elementor-column-gap-default\">\n\t\t\t\t\t<div class=\"elementor-column elementor-col-100 elementor-top-column elementor-element elementor-element-cf352d7\" data-id=\"cf352d7\" data-element_type=\"column\" data-e-type=\"column\">\n\t\t\t<div class=\"elementor-widget-wrap elementor-element-populated\">\n\t\t\t\t\t\t<div class=\"elementor-element elementor-element-593cb17 elementor-widget elementor-widget-image\" data-id=\"593cb17\" data-element_type=\"widget\" data-e-type=\"widget\" data-widget_type=\"image.default\">\n\t\t\t\t<div class=\"elementor-widget-container\">\n\t\t\t\t\t\t\t\t\t\t\t\t\t\t\t<img decoding=\"async\" src=\"https:\/\/www.alivitpharm.com\/wp-content\/uploads\/2023\/12\/cranberry.jpg\" title=\"cranberry\" alt=\"Mjed\u00ebr e kuqe\" loading=\"lazy\" \/>\t\t\t\t\t\t\t\t\t\t\t\t\t\t\t<\/div>\n\t\t\t\t<\/div>\n\t\t\t\t<div class=\"elementor-element elementor-element-7e0597d elementor-widget elementor-widget-text-editor\" data-id=\"7e0597d\" data-element_type=\"widget\" data-e-type=\"widget\" data-widget_type=\"text-editor.default\">\n\t\t\t\t<div class=\"elementor-widget-container\">\n\t\t\t\t\t\t\t\t\t<p><span class=\"jCAhz ChMk0b\"><span class=\"ryNqvb\"><strong>Mjed\u00ebr e kuqe<\/strong> ose mjedra malore, \u00ebsht\u00eb nj\u00eb bim\u00eb e eg\u00ebr, me gjelb\u00ebrim t\u00eb p\u00ebrhersh\u00ebm, me fruta t\u00eb kuqe q\u00eb rritet n\u00eb SHBA dhe Kanada.<\/span><\/span> <span class=\"jCAhz ChMk0b\"><span class=\"ryNqvb\">Fruti i mjedr\u00ebs s\u00eb kuqe \u00ebsht\u00eb pjesa medicinale e k\u00ebsaj bime dhe \u00ebsht\u00eb i pasur me vitamin\u00eb C, karotenoide, minerale dhe fibra bimore, gjithashtu p\u00ebrmban nj\u00eb koncentrim t\u00eb lart\u00eb t\u00eb bioflavonoid\u00ebve dhe acidit ellagic, t\u00eb cilat shfaqin efekte t\u00eb fuqishme antioksiduese dhe anti-inflamatore.<\/span><\/span> <span class=\"jCAhz ChMk0b\"><span class=\"ryNqvb\">Mjedra e kuqe p\u00ebrmban gjithashtu proantocianidin, nj\u00eb bioflavonoid nga grupi i polifenoleve, i cili \u00ebsht\u00eb p\u00ebrb\u00ebr\u00ebsi m\u00eb i r\u00ebnd\u00ebsish\u00ebm i k\u00ebsaj bime dhe \u00ebsht\u00eb p\u00ebrgjegj\u00ebs p\u00ebr inhibimin e infeksioneve urinare.<\/span><\/span> <span class=\"jCAhz ChMk0b\"><span class=\"ryNqvb\">P\u00ebrmbajtja e lart\u00eb e acideve natyrale n\u00eb frutin e mjedr\u00ebs s\u00eb kuqe kontribuon n\u00eb uljen e vler\u00ebs s\u00eb pH-s\u00eb n\u00eb traktin urinar, duke parandaluar rritjen dhe zhvillimin e baktereve patogjene dhe ngjitjen e tyre n\u00eb muret e traktit urinar.<\/span><\/span> <span class=\"jCAhz ChMk0b\"><span class=\"ryNqvb\">T\u00eb gjitha k\u00ebto tregojn\u00eb se mjedra e kuqe \u00ebsht\u00eb nj\u00eb bim\u00eb me efekt t\u00eb ve\u00e7ant\u00eb uroantiseptik.<\/span><\/span><\/p>\t\t\t\t\t\t\t\t<\/div>\n\t\t\t\t<\/div>\n\t\t\t\t<div class=\"elementor-element elementor-element-05cb1a4 elementor-widget elementor-widget-image\" data-id=\"05cb1a4\" data-element_type=\"widget\" data-e-type=\"widget\" data-widget_type=\"image.default\">\n\t\t\t\t<div class=\"elementor-widget-container\">\n\t\t\t\t\t\t\t\t\t\t\t\t\t\t\t<img decoding=\"async\" src=\"https:\/\/www.alivitpharm.com\/wp-content\/uploads\/2022\/09\/leaves.png\" title=\"leaves\" alt=\"Leaves\" loading=\"lazy\" \/>\t\t\t\t\t\t\t\t\t\t\t\t\t\t\t<\/div>\n\t\t\t\t<\/div>\n\t\t\t\t<div class=\"elementor-element elementor-element-4de0e06 elementor-widget elementor-widget-text-editor\" data-id=\"4de0e06\" data-element_type=\"widget\" data-e-type=\"widget\" data-widget_type=\"text-editor.default\">\n\t\t\t\t<div class=\"elementor-widget-container\">\n\t\t\t\t\t\t\t\t\t<p><span class=\"jCAhz ChMk0b\"><span class=\"ryNqvb\">Agjencia Evropiane e Barnave (EMA) ka p\u00ebrcaktuar dy indikacione zyrtare ku mund t\u00eb p\u00ebrdoret mjedra e kuqe si nj\u00eb mjek\u00ebsi tradicionale bimore:<br \/><\/span><\/span><span class=\"jCAhz ChMk0b\"><span class=\"ryNqvb\"><strong>1.<\/strong> Indikacioni i par\u00eb \u00ebsht\u00eb q\u00eb mjedra e kuqe p\u00ebrdoret si nj\u00eb mjek\u00ebsi tradicionale bimore p\u00ebr t\u00eb leht\u00ebsuar simptomat e infeksioneve t\u00eb lehta urinare (ndjenja djegieje dhe urinim i shpesht\u00eb).<br \/><\/span><\/span><span class=\"jCAhz ChMk0b\"><span class=\"ryNqvb\"><strong>2.<\/strong> Indikacioni i dyt\u00eb \u00ebsht\u00eb q\u00eb mjedra e kuqe p\u00ebrdoret si nj\u00eb mjek\u00ebsi tradicionale bimore p\u00ebr parandalimin e infeksioneve urinare t\u00eb p\u00ebrs\u00ebritura, t\u00eb pap\u00ebrkomplikuara dhe m\u00eb t\u00eb lehta te grat\u00eb.<\/span><\/span><\/p><p><span class=\"jCAhz ChMk0b\"><span class=\"ryNqvb\">P\u00ebrdorimi i p\u00ebrgatitjeve t\u00eb bazuara n\u00eb mjedr\u00ebn e kuqe rekomandohet p\u00ebr persona mbi 18 vje\u00e7, pasi nuk ka mjaftuesh\u00ebm prova p\u00ebr p\u00ebrdorimin te pacient\u00ebt m\u00eb t\u00eb rinj.<\/span><\/span> <span class=\"jCAhz ChMk0b\"><span class=\"ryNqvb\">P\u00ebrdorimi i saj \u00ebsht\u00eb i kund\u00ebrindikuar te personat q\u00eb jan\u00eb hypersensitiv ndaj ndonj\u00eb prej p\u00ebrb\u00ebr\u00ebsve t\u00eb frutit t\u00eb mjedr\u00ebs s\u00eb kuqe.<\/span><\/span> <span class=\"jCAhz ChMk0b\"><span class=\"ryNqvb\">Personat q\u00eb kan\u00eb nj\u00eb s\u00ebmundje t\u00eb veshkave, si gur\u00ebt n\u00eb veshka, k\u00ebrkojn\u00eb mbik\u00ebqyrjen e nj\u00eb profesionisti t\u00eb kujdesit sh\u00ebndet\u00ebsor n\u00ebse p\u00ebrdorin ndonj\u00eb produkt t\u00eb mjedr\u00ebs s\u00eb kuqe.<\/span><\/span> <span class=\"jCAhz ChMk0b\"><span class=\"ryNqvb\">Nuk rekomandohet t\u00eb p\u00ebrdoren p\u00ebrgatitje t\u00eb bazuara n\u00eb frutin e mjedr\u00ebs s\u00eb kuqe me tacrolimus (mund t\u00eb ul\u00eb p\u00ebrqendrimin e ila\u00e7it n\u00eb serum) dhe warfarin (mund t\u00eb rris\u00eb efektin e ila\u00e7it, q\u00eb mund t\u00eb \u00e7oj\u00eb n\u00eb gjakderdhje).<\/span><\/span> <span class=\"jCAhz ChMk0b\"><span class=\"ryNqvb\">Nuk rekomandohet p\u00ebr grat\u00eb shtatz\u00ebna dhe ato n\u00eb periudh\u00ebn e laktacionit, p\u00ebr shkak t\u00eb munges\u00ebs s\u00eb provave.<\/span><\/span><\/p>\t\t\t\t\t\t\t\t<\/div>\n\t\t\t\t<\/div>\n\t\t\t\t<div class=\"elementor-element elementor-element-0168b69 elementor-widget elementor-widget-heading\" data-id=\"0168b69\" data-element_type=\"widget\" data-e-type=\"widget\" data-widget_type=\"heading.default\">\n\t\t\t\t<div class=\"elementor-widget-container\">\n\t\t\t\t\t<h4 class=\"elementor-heading-title elementor-size-default\">Referencat<\/h4>\t\t\t\t<\/div>\n\t\t\t\t<\/div>\n\t\t\t\t<div class=\"elementor-element elementor-element-7eedf06 elementor-widget elementor-widget-text-editor\" data-id=\"7eedf06\" data-element_type=\"widget\" data-e-type=\"widget\" data-widget_type=\"text-editor.default\">\n\t\t\t\t<div class=\"elementor-widget-container\">\n\t\t\t\t\t\t\t\t\t<ul><li><a class=\"reference-link\" href=\"https:\/\/www.ema.europa.eu\/en\/documents\/herbal-monograph\/final-european-union-herbal-monograph-vaccinium-macrocarpon-aiton-fructus_en.pdf\" target=\"_blank\" rel=\"noopener\">European Union herbal monograph on Vaccinium macrocarpon Aiton, fructus <\/a><\/li><li><a class=\"reference-link\" href=\"https:\/\/pubmed.ncbi.nlm.nih.gov\/31117097\/\" target=\"_blank\" rel=\"noopener\">A Multicenter, Randomized, Placebo-Controlled Study Evaluating the Efficacy of a Combination of Propolis and Cranberry (Vaccinium macrocarpon) (DUAB\u00ae) in Preventing Low Urinary Tract Infection Recurrence in Women Complaining of Recurrent Cystitis<\/a><\/li><li><a class=\"reference-link\" href=\"https:\/\/pubmed.ncbi.nlm.nih.gov\/32752183\/\" target=\"_blank\" rel=\"noopener\">Cranberry Polyphenols and Prevention against Urinary Tract Infections: Relevant Considerations<\/a><\/li><li><a class=\"reference-link\" href=\"https:\/\/pubmed.ncbi.nlm.nih.gov\/28364867\/\" target=\"_blank\" rel=\"noopener\">Preventing urinary tract infections after menopause without antibiotics<\/a><\/li><\/ul>\t\t\t\t\t\t\t\t<\/div>\n\t\t\t\t<\/div>\n\t\t\t\t\t<\/div>\n\t\t<\/div>\n\t\t\t\t\t<\/div>\n\t\t<\/section>\n\t\t\t\t<\/div>","protected":false},"excerpt":{"rendered":"<p>Cranberry Vaccinium macrocarpon, Vaccinium vitis idea L. &#8211; Ericaceae Cranberry or mountain cranberry is a wild, evergreen plant with red fruit that is grown in the USA and Canada. The cranberry fruit is a medicinal part of this plant and is rich in vitamin C, carotenes, mineral and plant fibers, it also contains a high &hellip;<\/p>\n<p class=\"read-more\"> <a class=\"\" href=\"https:\/\/www.alivitpharm.com\/sq\/cranberry\/\"> <span class=\"screen-reader-text\">Mjed\u00ebr e kuqe<\/span> Read More &raquo;<\/a><\/p>","protected":false},"author":9,"featured_media":0,"parent":0,"menu_order":0,"comment_status":"closed","ping_status":"closed","template":"","meta":{"site-sidebar-layout":"no-sidebar","site-content-layout":"page-builder","ast-global-header-display":"","ast-main-header-display":"","ast-hfb-above-header-display":"","ast-hfb-below-header-display":"","ast-hfb-mobile-header-display":"","site-post-title":"disabled","ast-breadcrumbs-content":"","ast-featured-img":"disabled","footer-sml-layout":"","theme-transparent-header-meta":"","adv-header-id-meta":"","stick-header-meta":"","header-above-stick-meta":"","header-main-stick-meta":"","header-below-stick-meta":"","footnotes":""},"class_list":["post-10071","page","type-page","status-publish","hentry"],"_links":{"self":[{"href":"https:\/\/www.alivitpharm.com\/sq\/wp-json\/wp\/v2\/pages\/10071","targetHints":{"allow":["GET"]}}],"collection":[{"href":"https:\/\/www.alivitpharm.com\/sq\/wp-json\/wp\/v2\/pages"}],"about":[{"href":"https:\/\/www.alivitpharm.com\/sq\/wp-json\/wp\/v2\/types\/page"}],"author":[{"embeddable":true,"href":"https:\/\/www.alivitpharm.com\/sq\/wp-json\/wp\/v2\/users\/9"}],"replies":[{"embeddable":true,"href":"https:\/\/www.alivitpharm.com\/sq\/wp-json\/wp\/v2\/comments?post=10071"}],"version-history":[{"count":0,"href":"https:\/\/www.alivitpharm.com\/sq\/wp-json\/wp\/v2\/pages\/10071\/revisions"}],"wp:attachment":[{"href":"https:\/\/www.alivitpharm.com\/sq\/wp-json\/wp\/v2\/media?parent=10071"}],"curies":[{"name":"wp","href":"https:\/\/api.w.org\/{rel}","templated":true}]}}