{"id":10104,"date":"2024-01-09T10:54:46","date_gmt":"2024-01-09T08:54:46","guid":{"rendered":"https:\/\/www.alivitpharm.com\/?page_id=10104"},"modified":"2024-01-09T12:04:41","modified_gmt":"2024-01-09T10:04:41","slug":"garlic","status":"publish","type":"page","link":"https:\/\/www.alivitpharm.com\/sq\/garlic\/","title":{"rendered":"Hudhra"},"content":{"rendered":"<div data-elementor-type=\"wp-page\" data-elementor-id=\"10104\" class=\"elementor elementor-10104\">\n\t\t\t\t\t\t<section class=\"elementor-section elementor-top-section elementor-element elementor-element-7b59d94 elementor-section-content-middle elementor-section-boxed elementor-section-height-default elementor-section-height-default\" data-id=\"7b59d94\" data-element_type=\"section\" data-e-type=\"section\" data-settings=\"{&quot;background_background&quot;:&quot;classic&quot;}\">\n\t\t\t\t\t\t\t<div class=\"elementor-background-overlay\"><\/div>\n\t\t\t\t\t\t\t<div class=\"elementor-container elementor-column-gap-default\">\n\t\t\t\t\t<div class=\"elementor-column elementor-col-100 elementor-top-column elementor-element elementor-element-9e10d55\" data-id=\"9e10d55\" data-element_type=\"column\" data-e-type=\"column\">\n\t\t\t<div class=\"elementor-widget-wrap elementor-element-populated\">\n\t\t\t\t\t\t<div class=\"elementor-element elementor-element-4e98515 elementor-widget elementor-widget-heading\" data-id=\"4e98515\" data-element_type=\"widget\" data-e-type=\"widget\" data-widget_type=\"heading.default\">\n\t\t\t\t<div class=\"elementor-widget-container\">\n\t\t\t\t\t<h1 class=\"elementor-heading-title elementor-size-default\">Hudhra<\/h1>\t\t\t\t<\/div>\n\t\t\t\t<\/div>\n\t\t\t\t<div class=\"elementor-element elementor-element-5db88d1 elementor-widget elementor-widget-image\" data-id=\"5db88d1\" data-element_type=\"widget\" data-e-type=\"widget\" data-widget_type=\"image.default\">\n\t\t\t\t<div class=\"elementor-widget-container\">\n\t\t\t\t\t\t\t\t\t\t\t\t\t\t\t<img decoding=\"async\" width=\"75\" height=\"33\" src=\"https:\/\/www.alivitpharm.com\/wp-content\/uploads\/2019\/07\/logo-leaf-new.png\" class=\"attachment-large size-large wp-image-2518\" alt=\"\" \/>\t\t\t\t\t\t\t\t\t\t\t\t\t\t\t<\/div>\n\t\t\t\t<\/div>\n\t\t\t\t<div class=\"elementor-element elementor-element-3f65f85 elementor-widget elementor-widget-text-editor\" data-id=\"3f65f85\" data-element_type=\"widget\" data-e-type=\"widget\" data-widget_type=\"text-editor.default\">\n\t\t\t\t<div class=\"elementor-widget-container\">\n\t\t\t\t\t\t\t\t\t<p><em>Allii sativi bulbi \u2013 Kok\u00eb hudhre e fresk\u00ebt<br \/>Allium sativum L. &#8211; Alliaceae<\/em><\/p>\t\t\t\t\t\t\t\t<\/div>\n\t\t\t\t<\/div>\n\t\t\t\t\t<\/div>\n\t\t<\/div>\n\t\t\t\t\t<\/div>\n\t\t<\/section>\n\t\t\t\t<section class=\"elementor-section elementor-top-section elementor-element elementor-element-c4d4ddc elementor-section-boxed elementor-section-height-default elementor-section-height-default\" data-id=\"c4d4ddc\" data-element_type=\"section\" data-e-type=\"section\" data-settings=\"{&quot;background_background&quot;:&quot;classic&quot;}\">\n\t\t\t\t\t\t<div class=\"elementor-container elementor-column-gap-default\">\n\t\t\t\t\t<div class=\"elementor-column elementor-col-100 elementor-top-column elementor-element elementor-element-1375f6a\" data-id=\"1375f6a\" data-element_type=\"column\" data-e-type=\"column\">\n\t\t\t<div class=\"elementor-widget-wrap elementor-element-populated\">\n\t\t\t\t\t\t<div class=\"elementor-element elementor-element-9261348 elementor-widget elementor-widget-image\" data-id=\"9261348\" data-element_type=\"widget\" data-e-type=\"widget\" data-widget_type=\"image.default\">\n\t\t\t\t<div class=\"elementor-widget-container\">\n\t\t\t\t\t\t\t\t\t\t\t\t\t\t\t<img decoding=\"async\" src=\"https:\/\/www.alivitpharm.com\/wp-content\/uploads\/2024\/01\/garlic.png\" title=\"garlic\" alt=\"Hudhra\" loading=\"lazy\" \/>\t\t\t\t\t\t\t\t\t\t\t\t\t\t\t<\/div>\n\t\t\t\t<\/div>\n\t\t\t\t<div class=\"elementor-element elementor-element-6c3bf5d elementor-widget elementor-widget-text-editor\" data-id=\"6c3bf5d\" data-element_type=\"widget\" data-e-type=\"widget\" data-widget_type=\"text-editor.default\">\n\t\t\t\t<div class=\"elementor-widget-container\">\n\t\t\t\t\t\t\t\t\t<p><span class=\"JLqJ4b ChMk0b\"><span class=\"Q4iAWc\"><strong>Hudhra<\/strong> \u00ebsht\u00eb nj\u00eb barishte shum\u00ebvje\u00e7are.<\/span><\/span> <span class=\"JLqJ4b ChMk0b\"><span class=\"Q4iAWc\">Qepa p\u00ebrb\u00ebhet nga deg\u00eb.<\/span><\/span> <span class=\"JLqJ4b ChMk0b\"><span class=\"Q4iAWc\">\u00c7do qep\u00eb \u00ebsht\u00eb e rrethuar nga gjethe t\u00eb bardha dhe nj\u00eb guask\u00eb t\u00eb kuqe-vjollc\u00eb.<\/span><\/span> <span class=\"JLqJ4b ChMk0b\"><span class=\"Q4iAWc\">Pema \u00ebsht\u00eb e drejt\u00eb, dhe gjethet jan\u00eb t\u00eb ngushta, t\u00eb theksuara.<\/span><\/span> <span class=\"JLqJ4b ChMk0b\"><span class=\"Q4iAWc\">Lulja \u00ebsht\u00eb nj\u00eb mburoj\u00eb e holl\u00eb, nd\u00ebrsa fruti \u00ebsht\u00eb nj\u00eb kapsul\u00eb sferike, e mbushur me fara t\u00eb zeza.<\/span><\/span> <span class=\"JLqJ4b ChMk0b\"><span class=\"Q4iAWc\">P\u00ebrdoren qep\u00eb t\u00eb fresk\u00ebta ose t\u00eb thata, t\u00eb cilat mblidhen n\u00eb fund t\u00eb ver\u00ebs.<\/span><\/span><\/p><p><span class=\"JLqJ4b ChMk0b\"><span class=\"Q4iAWc\">Vetit\u00eb sh\u00ebruese t\u00eb hudhr\u00ebs (<em>Allium sativum<\/em>) jan\u00eb njohur q\u00eb nga qytet\u00ebrimet e lashta.<\/span><\/span> <span class=\"JLqJ4b ChMk0b\"><span class=\"Q4iAWc\">Tradicionalisht, p\u00ebrve\u00e7se \u00ebsht\u00eb nj\u00eb er\u00ebz n\u00eb gatim, p\u00ebrdoret p\u00ebr t\u00eb eliminuar s\u00ebmundjet e shkaktuara nga ftohjet (efekte antimikrobike dhe anti-inflamatore), p\u00ebr t\u00eb ulur tensionin e lart\u00eb t\u00eb gjakut, p\u00ebr t\u00eb p\u00ebrmir\u00ebsuar gjendjen e lipideve dhe t\u00eb gjitha k\u00ebto fal\u00eb p\u00ebrb\u00ebrjes s\u00eb saj kimike.<\/span><\/span><\/p><p><span class=\"JLqJ4b ChMk0b\"><span class=\"Q4iAWc\">Hudhra e fresk\u00ebt p\u00ebrmban kompleks fruktoze, saponina steroide, sheqerna dhe minerale.<\/span><\/span> <span class=\"JLqJ4b ChMk0b\"><span class=\"Q4iAWc\">P\u00ebrb\u00ebr\u00ebsit m\u00eb t\u00eb r\u00ebnd\u00ebsish\u00ebm t\u00eb hudhr\u00ebs jan\u00eb komponimet e squfurit, derivatet e cistein\u00ebs.<\/span><\/span> <span class=\"JLqJ4b ChMk0b\"><span class=\"Q4iAWc\">N\u00eb nj\u00eb bim\u00eb t\u00eb pad\u00ebmtuar, ekziston alliina (S-alili-L-cistein\u00eb-sulfoksid), e cila me d\u00ebmtimin m\u00eb t\u00eb vog\u00ebl n\u00ebn veprimin e enzim\u00ebs alliinaz\u00eb shnd\u00ebrrohet n\u00eb alicin\u00eb, nga e cila formohet disulfidi dialil, nga i cili buron aroma karakteristike e hudhr\u00ebs.<\/span><\/span><\/p>\t\t\t\t\t\t\t\t<\/div>\n\t\t\t\t<\/div>\n\t\t\t\t<div class=\"elementor-element elementor-element-d3a71a5 elementor-widget elementor-widget-image\" data-id=\"d3a71a5\" data-element_type=\"widget\" data-e-type=\"widget\" data-widget_type=\"image.default\">\n\t\t\t\t<div class=\"elementor-widget-container\">\n\t\t\t\t\t\t\t\t\t\t\t\t\t\t\t<img decoding=\"async\" src=\"https:\/\/www.alivitpharm.com\/wp-content\/uploads\/2022\/09\/leaves.png\" title=\"leaves\" alt=\"Leaves\" loading=\"lazy\" \/>\t\t\t\t\t\t\t\t\t\t\t\t\t\t\t<\/div>\n\t\t\t\t<\/div>\n\t\t\t\t<div class=\"elementor-element elementor-element-f56ade9 elementor-widget elementor-widget-text-editor\" data-id=\"f56ade9\" data-element_type=\"widget\" data-e-type=\"widget\" data-widget_type=\"text-editor.default\">\n\t\t\t\t<div class=\"elementor-widget-container\">\n\t\t\t\t\t\t\t\t\t<p><span class=\"jCAhz ChMk0b\"><span class=\"ryNqvb\">Tradicionalisht, hudhra ka dy indikacione t\u00eb p\u00ebrshkruara se ku mund t\u00eb p\u00ebrdoret, t\u00eb p\u00ebrshkruara nga EMA (Agjencia Evropiane e Barnave):<br \/><\/span><\/span><span class=\"jCAhz ChMk0b\"><span class=\"ryNqvb\"><strong>1.<\/strong> P\u00ebrdoret si ila\u00e7 tradicional bimor p\u00ebr parandalim dhe si ndihm\u00eb n\u00eb trajtimin e arteroskleroz\u00ebs (s\u00ebmundje e en\u00ebve t\u00eb gjakut);<br \/><\/span><\/span><span class=\"jCAhz ChMk0b\"><span class=\"ryNqvb\"><strong>2.<\/strong> P\u00ebrdoret si ila\u00e7 tradicional bimor p\u00ebr leht\u00ebsimin e simptomave t\u00eb ftohjes;<\/span><\/span><\/p><p><span class=\"jCAhz ChMk0b\"><span class=\"ryNqvb\">K\u00ebto dy indikacione u p\u00ebrshkruan nga EMA bazuar n\u00eb p\u00ebrdorimin afatgjat\u00eb t\u00eb k\u00ebsaj bime.<\/span><\/span> <span class=\"jCAhz ChMk0b\"><span class=\"ryNqvb\">Kur b\u00ebhet fjal\u00eb p\u00ebr indikacionin 1 (parandalimi dhe ndihma n\u00eb trajtimin e arteroskleroz\u00ebs), hudhra rekomandohet p\u00ebr personat mbi 18 vje\u00e7, dhe kur b\u00ebhet fjal\u00eb p\u00ebr indikacionin 2 (leht\u00ebsimi i simptomave t\u00eb ftohjes) at\u00ebher\u00eb mund ta rekomandojm\u00eb at\u00eb p\u00ebr f\u00ebmij\u00ebt mbi 12 vje\u00e7 dhe t\u00eb rriturit.<\/span><\/span><\/p><p><span class=\"jCAhz ChMk0b\"><span class=\"ryNqvb\">EFSA (Autoriteti Evropian i Siguris\u00eb Ushqimore) ka l\u00ebshuar deklarata, t\u00eb cilat aktualisht jan\u00eb n\u00eb status pezull, ku thuhet se hudhra e fresk\u00ebt mund t\u00eb p\u00ebrdoret p\u00ebr t\u00eb ruajtur sh\u00ebndetin e sistemit kardiovaskular, duke kontribuar n\u00eb ruajtjen e niveleve normale t\u00eb yndyr\u00ebs (kolesterolit dhe <\/span><\/span><span class=\"jCAhz ChMk0b\"><span class=\"ryNqvb\">triglicerideve) n\u00eb gjak, kontribuon n\u00eb mbrojtjen nga stresi, dhe p\u00ebr shkak t\u00eb efekteve t\u00eb saj antibakteriale dhe antioksiduese, mb\u00ebshtet sh\u00ebndetin e sistemit imunitar, gjithashtu kontribuon n\u00eb sh\u00ebndetin e m\u00ebl\u00e7is\u00eb dhe traktit respirator.<\/span><\/span><\/p><p><span class=\"jCAhz ChMk0b\"><span class=\"ryNqvb\">Hudhra njihet prej koh\u00ebsh si specia bimore m\u00eb efektive n\u00eb luft\u00ebn kund\u00ebr infeksioneve bakteriale.<\/span><\/span> <span class=\"jCAhz ChMk0b\"><span class=\"ryNqvb\">Shum\u00eb studime kan\u00eb v\u00ebrtetuar se ekstrakti i vajit t\u00eb hudhr\u00ebs s\u00eb fresk\u00ebt ka nj\u00eb efekt shum\u00eb t\u00eb gjer\u00eb antimikrobik, duke p\u00ebrfshir\u00eb bakteret q\u00eb jan\u00eb b\u00ebr\u00eb rezistente ndaj antibiotik\u00ebve.<\/span><\/span> <span class=\"jCAhz ChMk0b\"><span class=\"ryNqvb\">Nj\u00eb studim krahasoi efektin e terapis\u00eb me ekstrakt vaji t\u00eb hudhr\u00ebs me antibiotik\u00ebt gentamicin\u00eb dhe ciprofloksacin\u00eb, ku u arrit n\u00eb p\u00ebrfundimin se hudhra shfaq nj\u00eb efekt sinergjik me antibiotik\u00ebt dhe se p\u00ebrdorimi i kombinimeve t\u00eb tilla mund t\u00eb jet\u00eb me p\u00ebrfitim t\u00eb madh n\u00eb trajtimin e infeksioneve bakteriale t\u00eb shkaktuara nga bakteret rezistente ndaj <\/span><\/span><span class=\"jCAhz ChMk0b\"><span class=\"ryNqvb\">terapis\u00eb konvencionale me antibiotik\u00eb.<\/span><\/span><\/p><p><span class=\"jCAhz ChMk0b\"><span class=\"ryNqvb\">P\u00ebrdorimi i hudhr\u00ebs \u00ebsht\u00eb i kund\u00ebrindikuar tek personat q\u00eb jan\u00eb t\u00eb ndjesh\u00ebm ndaj ndonj\u00eb p\u00ebrb\u00ebr\u00ebsi t\u00eb hudhr\u00ebs, si dhe tek personat q\u00eb jan\u00eb n\u00eb terapi me sakuinavir dhe ritonavir (p\u00ebr shkak t\u00eb rrezikut q\u00eb p\u00ebrqendrimi i tyre n\u00eb plazm\u00eb t\u00eb ulet).<\/span><\/span> <span class=\"jCAhz ChMk0b\"><span class=\"ryNqvb\">P\u00ebrgatitjet e hudhr\u00ebs duhet t\u00eb p\u00ebrdoren me kujdes tek pacient\u00ebt q\u00eb kan\u00eb antikoagulant\u00eb oral\u00eb n\u00eb terapin\u00eb e tyre dhe\/ose terapi antitrombocitare sepse p\u00ebrdorimi i tyre i nj\u00ebkohsh\u00ebm mund t\u00eb zgjas\u00eb koh\u00ebn e gjakderdhjes.<\/span><\/span> <span class=\"jCAhz ChMk0b\"><span class=\"ryNqvb\">Siguria gjat\u00eb shtatz\u00ebnis\u00eb dhe ushqyerjes me gji nuk \u00ebsht\u00eb p\u00ebrcaktuar.<\/span><\/span> <span class=\"jCAhz ChMk0b\"><span class=\"ryNqvb\">N\u00eb munges\u00eb t\u00eb t\u00eb dh\u00ebnave, p\u00ebrdorimi i p\u00ebrgatitjeve me baz\u00eb hudhre gjat\u00eb shtatz\u00ebnis\u00eb dhe ushqyerjes me gji nuk rekomandohet.<\/span><\/span> <span class=\"jCAhz ChMk0b\"><span class=\"ryNqvb\">Ka pasur disa studime q\u00eb kan\u00eb treguar efektin pozitiv t\u00eb hudhr\u00ebs n\u00eb pjellori.<\/span><\/span> <span class=\"jCAhz ChMk0b\"><span class=\"ryNqvb\">Ka shum\u00eb pak efekte an\u00ebsore t\u00eb hudhr\u00ebs kur p\u00ebrdoret n\u00eb sasi t\u00eb moderuara, ato q\u00eb mund t\u00eb ndodhin jan\u00eb fryrje, mbushje dhe dhimbje stomaku, ndonj\u00ebher\u00eb jan\u00eb t\u00eb mundshme reaksione alergjike, si dhe dhimbje koke, marramendje (sepse hudhra ka edhe nj\u00eb efekt hipotensiv \u2013 <\/span><\/span><span class=\"jCAhz ChMk0b\"><span class=\"ryNqvb\">ul tensionin e lart\u00eb t\u00eb gjakut).<\/span><\/span><\/p>\t\t\t\t\t\t\t\t<\/div>\n\t\t\t\t<\/div>\n\t\t\t\t<div class=\"elementor-element elementor-element-760e7cb elementor-widget elementor-widget-heading\" data-id=\"760e7cb\" data-element_type=\"widget\" data-e-type=\"widget\" data-widget_type=\"heading.default\">\n\t\t\t\t<div class=\"elementor-widget-container\">\n\t\t\t\t\t<h4 class=\"elementor-heading-title elementor-size-default\">Referencat<\/h4>\t\t\t\t<\/div>\n\t\t\t\t<\/div>\n\t\t\t\t<div class=\"elementor-element elementor-element-59dbabe elementor-widget elementor-widget-text-editor\" data-id=\"59dbabe\" data-element_type=\"widget\" data-e-type=\"widget\" data-widget_type=\"text-editor.default\">\n\t\t\t\t<div class=\"elementor-widget-container\">\n\t\t\t\t\t\t\t\t\t<ul><li><a class=\"reference-link\" href=\"https:\/\/www.ema.europa.eu\/en\/documents\/herbal-monograph\/draft-european-union-herbal-monograph-allium-sativum-l-bulbus_en.pdf\" target=\"_blank\" rel=\"noopener\">European Union herbal monograph on Allium sativum L., bulbus<\/a><\/li><li><a class=\"reference-link\" href=\"https:\/\/www.ncbi.nlm.nih.gov\/pmc\/articles\/PMC8205873\/\" target=\"_blank\" rel=\"noopener\">Antibacterial properties of Allium sativum L. against the most emerging multidrug-resistant bacteria and its synergy with antibiotics<\/a><\/li><li><a class=\"reference-link\" href=\"https:\/\/www.efsa.europa.eu\/sites\/default\/files\/2021-06\/questions-on-hold-botanical-claims.xlsx\" target=\"_blank\" rel=\"noopener\">Questions On Hold Botanical Claims Excel<\/a><\/li><\/ul>\t\t\t\t\t\t\t\t<\/div>\n\t\t\t\t<\/div>\n\t\t\t\t\t<\/div>\n\t\t<\/div>\n\t\t\t\t\t<\/div>\n\t\t<\/section>\n\t\t\t\t<\/div>","protected":false},"excerpt":{"rendered":"<p>Garlic Allii sativi bulbi &#8211; Bulb of fresh garlicAllium sativum L. &#8211; Alliaceae Garlic is a perennial herb. The bulb is composed of branches. Each bulb is surrounded by white leaves and a red-purple shell. The tree is upright, and the leaves are narrow, pointed. The flower is a thin shield, while the fruit is &hellip;<\/p>\n<p class=\"read-more\"> <a class=\"\" href=\"https:\/\/www.alivitpharm.com\/sq\/garlic\/\"> <span class=\"screen-reader-text\">Hudhra<\/span> Read More &raquo;<\/a><\/p>","protected":false},"author":9,"featured_media":0,"parent":0,"menu_order":0,"comment_status":"closed","ping_status":"closed","template":"","meta":{"site-sidebar-layout":"no-sidebar","site-content-layout":"page-builder","ast-global-header-display":"","ast-main-header-display":"","ast-hfb-above-header-display":"","ast-hfb-below-header-display":"","ast-hfb-mobile-header-display":"","site-post-title":"disabled","ast-breadcrumbs-content":"","ast-featured-img":"disabled","footer-sml-layout":"","theme-transparent-header-meta":"","adv-header-id-meta":"","stick-header-meta":"","header-above-stick-meta":"","header-main-stick-meta":"","header-below-stick-meta":"","footnotes":""},"class_list":["post-10104","page","type-page","status-publish","hentry"],"_links":{"self":[{"href":"https:\/\/www.alivitpharm.com\/sq\/wp-json\/wp\/v2\/pages\/10104","targetHints":{"allow":["GET"]}}],"collection":[{"href":"https:\/\/www.alivitpharm.com\/sq\/wp-json\/wp\/v2\/pages"}],"about":[{"href":"https:\/\/www.alivitpharm.com\/sq\/wp-json\/wp\/v2\/types\/page"}],"author":[{"embeddable":true,"href":"https:\/\/www.alivitpharm.com\/sq\/wp-json\/wp\/v2\/users\/9"}],"replies":[{"embeddable":true,"href":"https:\/\/www.alivitpharm.com\/sq\/wp-json\/wp\/v2\/comments?post=10104"}],"version-history":[{"count":1,"href":"https:\/\/www.alivitpharm.com\/sq\/wp-json\/wp\/v2\/pages\/10104\/revisions"}],"predecessor-version":[{"id":11323,"href":"https:\/\/www.alivitpharm.com\/sq\/wp-json\/wp\/v2\/pages\/10104\/revisions\/11323"}],"wp:attachment":[{"href":"https:\/\/www.alivitpharm.com\/sq\/wp-json\/wp\/v2\/media?parent=10104"}],"curies":[{"name":"wp","href":"https:\/\/api.w.org\/{rel}","templated":true}]}}