{"id":10556,"date":"2024-02-12T09:27:58","date_gmt":"2024-02-12T07:27:58","guid":{"rendered":"https:\/\/www.alivitpharm.com\/?page_id=10556"},"modified":"2025-02-03T10:46:58","modified_gmt":"2025-02-03T08:46:58","slug":"chromium","status":"publish","type":"page","link":"https:\/\/www.alivitpharm.com\/sq\/chromium\/","title":{"rendered":"Krom"},"content":{"rendered":"<div data-elementor-type=\"wp-page\" data-elementor-id=\"10556\" class=\"elementor elementor-10556\">\n\t\t\t\t\t\t<section class=\"elementor-section elementor-top-section elementor-element elementor-element-5100aec elementor-section-content-middle elementor-section-boxed elementor-section-height-default elementor-section-height-default\" data-id=\"5100aec\" data-element_type=\"section\" data-e-type=\"section\" data-settings=\"{&quot;background_background&quot;:&quot;classic&quot;}\">\n\t\t\t\t\t\t\t<div class=\"elementor-background-overlay\"><\/div>\n\t\t\t\t\t\t\t<div class=\"elementor-container elementor-column-gap-default\">\n\t\t\t\t\t<div class=\"elementor-column elementor-col-100 elementor-top-column elementor-element elementor-element-f199187\" data-id=\"f199187\" data-element_type=\"column\" data-e-type=\"column\">\n\t\t\t<div class=\"elementor-widget-wrap elementor-element-populated\">\n\t\t\t\t\t\t<div class=\"elementor-element elementor-element-4da319d elementor-widget elementor-widget-heading\" data-id=\"4da319d\" data-element_type=\"widget\" data-e-type=\"widget\" data-widget_type=\"heading.default\">\n\t\t\t\t<div class=\"elementor-widget-container\">\n\t\t\t\t\t<h1 class=\"elementor-heading-title elementor-size-default\">Krom<\/h1>\t\t\t\t<\/div>\n\t\t\t\t<\/div>\n\t\t\t\t<div class=\"elementor-element elementor-element-385f270 elementor-widget elementor-widget-image\" data-id=\"385f270\" data-element_type=\"widget\" data-e-type=\"widget\" data-widget_type=\"image.default\">\n\t\t\t\t<div class=\"elementor-widget-container\">\n\t\t\t\t\t\t\t\t\t\t\t\t\t\t\t<img decoding=\"async\" src=\"https:\/\/www.alivitpharm.com\/wp-content\/uploads\/2022\/10\/pill.png\" title=\"pill\" alt=\"Pill\" loading=\"lazy\" \/>\t\t\t\t\t\t\t\t\t\t\t\t\t\t\t<\/div>\n\t\t\t\t<\/div>\n\t\t\t\t<div class=\"elementor-element elementor-element-9cc96fd elementor-widget elementor-widget-text-editor\" data-id=\"9cc96fd\" data-element_type=\"widget\" data-e-type=\"widget\" data-widget_type=\"text-editor.default\">\n\t\t\t\t<div class=\"elementor-widget-container\">\n\t\t\t\t\t\t\t\t\t<p><em>Cr<\/em><\/p>\t\t\t\t\t\t\t\t<\/div>\n\t\t\t\t<\/div>\n\t\t\t\t\t<\/div>\n\t\t<\/div>\n\t\t\t\t\t<\/div>\n\t\t<\/section>\n\t\t\t\t<section class=\"elementor-section elementor-top-section elementor-element elementor-element-81ab995 elementor-section-boxed elementor-section-height-default elementor-section-height-default\" data-id=\"81ab995\" data-element_type=\"section\" data-e-type=\"section\" data-settings=\"{&quot;background_background&quot;:&quot;classic&quot;}\">\n\t\t\t\t\t\t<div class=\"elementor-container elementor-column-gap-default\">\n\t\t\t\t\t<div class=\"elementor-column elementor-col-100 elementor-top-column elementor-element elementor-element-03d3dd3\" data-id=\"03d3dd3\" data-element_type=\"column\" data-e-type=\"column\">\n\t\t\t<div class=\"elementor-widget-wrap elementor-element-populated\">\n\t\t\t\t\t\t<div class=\"elementor-element elementor-element-d163dea elementor-widget elementor-widget-text-editor\" data-id=\"d163dea\" data-element_type=\"widget\" data-e-type=\"widget\" data-widget_type=\"text-editor.default\">\n\t\t\t\t<div class=\"elementor-widget-container\">\n\t\t\t\t\t\t\t\t\t<p><span class=\"jCAhz ChMk0b\"><span class=\"ryNqvb\"><strong>Krom<\/strong> b\u00ebn pjes\u00eb n\u00eb grupin e mineraleve thelb\u00ebsore n\u00eb gjurm\u00eb (mikrominerale). N\u00eb trup, ai gjendet n\u00eb nj\u00eb form\u00eb inorganike, n\u00eb b\u00ebrtham\u00ebn e qeliz\u00ebs, dhe n\u00eb form\u00ebn e nj\u00eb p\u00ebrb\u00ebrjeje organike aktive, nj\u00eb molekule trivalente, e quajtur Faktori i Toleranc\u00ebs s\u00eb Glukoz\u00ebs (GTF) ose kromodulin\u00eb. Kromi ndihmon metabolizmin e glukoz\u00ebs, rregullon nivelet e insulin\u00ebs dhe mban nivele t\u00eb sh\u00ebndetshme t\u00eb kolesterolit dhe yndyrnave t\u00eb tjera n\u00eb gjak.<\/span><\/span><\/p><p><span class=\"jCAhz ChMk0b\"><span class=\"ryNqvb\"> Duke rregulluar veprimin e insulin\u00ebs, kromi mban nivelet e sheqerit n\u00eb gjak, dhe k\u00ebshtu, me shum\u00eb gjasa, ndikon n\u00eb kontrollin e oreksit. Pa pranin\u00eb e kromit GTF, insulina \u00ebsht\u00eb plot\u00ebsisht joefektive, k\u00ebshtu q\u00eb mungesa e saj n\u00eb diet\u00eb mund t\u00eb jet\u00eb shkaku i diabetit dhe arterioskleroz\u00ebs tek t\u00eb moshuarit. Ushqimet q\u00eb jan\u00eb nj\u00eb burim i pasur i kromit jan\u00eb: maja e buk\u00ebs, drith\u00ebrat e plota, brokoli, kumbullat, k\u00ebrpudhat, birra.<\/span><\/span><\/p>\t\t\t\t\t\t\t\t<\/div>\n\t\t\t\t<\/div>\n\t\t\t\t<div class=\"elementor-element elementor-element-c3bf8e2 elementor-widget elementor-widget-image\" data-id=\"c3bf8e2\" data-element_type=\"widget\" data-e-type=\"widget\" data-widget_type=\"image.default\">\n\t\t\t\t<div class=\"elementor-widget-container\">\n\t\t\t\t\t\t\t\t\t\t\t\t\t\t\t<img decoding=\"async\" src=\"https:\/\/www.alivitpharm.com\/wp-content\/uploads\/2022\/09\/leaves.png\" title=\"leaves\" alt=\"Leaves\" loading=\"lazy\" \/>\t\t\t\t\t\t\t\t\t\t\t\t\t\t\t<\/div>\n\t\t\t\t<\/div>\n\t\t\t\t<div class=\"elementor-element elementor-element-3ecd0c1 elementor-widget elementor-widget-text-editor\" data-id=\"3ecd0c1\" data-element_type=\"widget\" data-e-type=\"widget\" data-widget_type=\"text-editor.default\">\n\t\t\t\t<div class=\"elementor-widget-container\">\n\t\t\t\t\t\t\t\t\t<p>Kromi absorbohet dob\u00ebt n\u00eb trup, k\u00ebshtu q\u00eb shfaqet n\u00eb suplemente n\u00eb kombinim me ndonj\u00eb p\u00ebrb\u00ebr\u00ebs tjet\u00ebr q\u00eb \u00ebsht\u00eb m\u00eb i leht\u00eb p\u00ebr t\u2019u absorbuar (vitamina, ose n\u00eb form\u00ebn e kelateve t\u00eb aminoacideve, ku minerali \u00ebsht\u00eb i lidhur kimikisht me nj\u00eb aminoacid).<\/p><p><strong>Efekti:<\/strong><br \/>Marrja ditore e kromit n\u00eb doza t\u00eb p\u00ebrshkruara ditore mund t\u00eb jap\u00eb efektet e m\u00ebposhtme:<br \/><span class=\"jCAhz ChMk0b\"><span class=\"ryNqvb\">\u2022 Ulja e nivelit t\u00eb sheqerit, triglicerideve, kolesterolit dhe yndyr\u00ebs n\u00eb p\u00ebrgjith\u00ebsi;<br \/><\/span><\/span><span class=\"jCAhz ChMk0b\"><span class=\"ryNqvb\">\u2022 Rritja e efikasitetit t\u00eb insulin\u00ebs;<br \/><\/span><\/span><span class=\"jCAhz ChMk0b\"><span class=\"ryNqvb\">\u2022 Ulja e rrezikut t\u00eb diabetit mellitus (diabetes mellitus);<br \/><\/span><\/span><span class=\"jCAhz ChMk0b\"><span class=\"ryNqvb\">\u2022 Shtimi i terapis\u00eb ekzistuese t\u00eb diabetit me ila\u00e7e klasike dhe insulin\u00eb, t\u00eb p\u00ebrshkruara nga mjeku;<br \/><\/span><\/span><span class=\"jCAhz ChMk0b\"><span class=\"ryNqvb\">\u2022 Kontrollimi i uris\u00eb dhe ulja e oreksit n\u00eb obezitet;<br \/><\/span><\/span><span class=\"jCAhz ChMk0b\"><span class=\"ryNqvb\">\u2022 Ulja e rrezikut t\u00eb kataraktit;<br \/><\/span><\/span><span class=\"jCAhz ChMk0b\"><span class=\"ryNqvb\">\u2022 Parandalimi i presionit t\u00eb lart\u00eb t\u00eb gjakut dhe ruajtja e sh\u00ebndetit t\u00eb sistemit kardiovaskular;<br \/><\/span><\/span><span class=\"jCAhz ChMk0b\"><span class=\"ryNqvb\">\u2022 Rritja e mas\u00ebs muskulore t\u00eb lig\u00ebt (pa depo yndyre) dhe p\u00ebrkufizimi;<br \/><\/span><\/span><span class=\"jCAhz ChMk0b\"><span class=\"ryNqvb\">\u2022 Rritja e energjis\u00eb dhe q\u00ebndrueshm\u00ebris\u00eb;<\/span><\/span><\/p><p><span class=\"jCAhz ChMk0b\"><span class=\"ryNqvb\">Kromi \u00ebsht\u00eb nj\u00eb p\u00ebrb\u00ebr\u00ebs i paz\u00ebvend\u00ebsuesh\u00ebm i djeg\u00ebsve t\u00eb yndyr\u00ebs dhe p\u00ebrfshihet n\u00eb programin e \u00e7do diete moderne.<\/span><\/span> <span class=\"jCAhz ChMk0b\"><span class=\"ryNqvb\">P\u00ebrve\u00e7 ndihm\u00ebs s\u00eb insulin\u00ebs n\u00eb metabolizmin e yndyr\u00ebs dhe glukoz\u00ebs, kromi nxit shnd\u00ebrrimin e proteinave n\u00eb mas\u00eb muskulore dhe t\u00eb sheqerit n\u00eb energji.<\/span><\/span> <span class=\"jCAhz ChMk0b\"><span class=\"ryNqvb\">Ai siguron sasi m\u00eb t\u00eb m\u00ebdha sheqeri p\u00ebr prodhimin e energjis\u00eb, gj\u00eb q\u00eb rrit nivelin e energjis\u00eb dhe q\u00ebndrueshm\u00ebris\u00eb shum\u00eb her\u00eb, dhe n\u00eb t\u00eb nj\u00ebjt\u00ebn koh\u00eb thekson mas\u00ebn muskulore t\u00eb lig\u00ebt, e cila arrin efektin e t\u00eb ashtuquajturit<\/span><\/span> <span class=\"jCAhz ChMk0b\"><span class=\"ryNqvb\">p\u00ebrcaktim muskulor.<\/span><\/span> <span class=\"jCAhz ChMk0b\"><span class=\"ryNqvb\">Kjo \u00ebsht\u00eb arsyeja pse \u00ebsht\u00eb nj\u00eb shtes\u00eb dietike e preferuar e t\u00eb gjith\u00eb atlet\u00ebve.<\/span><\/span><\/p>\t\t\t\t\t\t\t\t<\/div>\n\t\t\t\t<\/div>\n\t\t\t\t<div class=\"elementor-element elementor-element-07a733f elementor-widget elementor-widget-heading\" data-id=\"07a733f\" data-element_type=\"widget\" data-e-type=\"widget\" data-widget_type=\"heading.default\">\n\t\t\t\t<div class=\"elementor-widget-container\">\n\t\t\t\t\t<h4 class=\"elementor-heading-title elementor-size-default\">Referencat<\/h4>\t\t\t\t<\/div>\n\t\t\t\t<\/div>\n\t\t\t\t<div class=\"elementor-element elementor-element-8caf536 elementor-widget elementor-widget-text-editor\" data-id=\"8caf536\" data-element_type=\"widget\" data-e-type=\"widget\" data-widget_type=\"text-editor.default\">\n\t\t\t\t<div class=\"elementor-widget-container\">\n\t\t\t\t\t\t\t\t\t<ul><li><a class=\"reference-link\" href=\"https:\/\/www.efsa.europa.eu\/en\/efsajournal\/pub\/3845\" target=\"_blank\" rel=\"noopener\">Scientific Opinion on Dietary Reference Values for chromium<\/a><\/li><\/ul>\t\t\t\t\t\t\t\t<\/div>\n\t\t\t\t<\/div>\n\t\t\t\t\t<\/div>\n\t\t<\/div>\n\t\t\t\t\t<\/div>\n\t\t<\/section>\n\t\t\t\t<\/div>","protected":false},"excerpt":{"rendered":"<p>Chromium Cr Chromium belongs to the group of essential trace minerals (microminerals). In the body, it occurs in an inorganic form, in the cell nucleus, and in the form of an active organic compound, a trivalent molecule, called Glucose Tolerance Factor (GTF) or chromodulin. Chromium helps glucose metabolism, regulates insulin levels and maintains healthy levels &hellip;<\/p>\n<p class=\"read-more\"> <a class=\"\" href=\"https:\/\/www.alivitpharm.com\/sq\/chromium\/\"> <span class=\"screen-reader-text\">Krom<\/span> Read More &raquo;<\/a><\/p>","protected":false},"author":9,"featured_media":0,"parent":0,"menu_order":0,"comment_status":"closed","ping_status":"closed","template":"","meta":{"site-sidebar-layout":"no-sidebar","site-content-layout":"page-builder","ast-global-header-display":"","ast-main-header-display":"","ast-hfb-above-header-display":"","ast-hfb-below-header-display":"","ast-hfb-mobile-header-display":"","site-post-title":"disabled","ast-breadcrumbs-content":"","ast-featured-img":"disabled","footer-sml-layout":"","theme-transparent-header-meta":"","adv-header-id-meta":"","stick-header-meta":"","header-above-stick-meta":"","header-main-stick-meta":"","header-below-stick-meta":"","footnotes":""},"class_list":["post-10556","page","type-page","status-publish","hentry"],"_links":{"self":[{"href":"https:\/\/www.alivitpharm.com\/sq\/wp-json\/wp\/v2\/pages\/10556","targetHints":{"allow":["GET"]}}],"collection":[{"href":"https:\/\/www.alivitpharm.com\/sq\/wp-json\/wp\/v2\/pages"}],"about":[{"href":"https:\/\/www.alivitpharm.com\/sq\/wp-json\/wp\/v2\/types\/page"}],"author":[{"embeddable":true,"href":"https:\/\/www.alivitpharm.com\/sq\/wp-json\/wp\/v2\/users\/9"}],"replies":[{"embeddable":true,"href":"https:\/\/www.alivitpharm.com\/sq\/wp-json\/wp\/v2\/comments?post=10556"}],"version-history":[{"count":3,"href":"https:\/\/www.alivitpharm.com\/sq\/wp-json\/wp\/v2\/pages\/10556\/revisions"}],"predecessor-version":[{"id":11389,"href":"https:\/\/www.alivitpharm.com\/sq\/wp-json\/wp\/v2\/pages\/10556\/revisions\/11389"}],"wp:attachment":[{"href":"https:\/\/www.alivitpharm.com\/sq\/wp-json\/wp\/v2\/media?parent=10556"}],"curies":[{"name":"wp","href":"https:\/\/api.w.org\/{rel}","templated":true}]}}