{"id":12044,"date":"2025-04-22T12:31:14","date_gmt":"2025-04-22T10:31:14","guid":{"rendered":"https:\/\/www.alivitpharm.com\/?page_id=12044"},"modified":"2025-04-23T09:30:53","modified_gmt":"2025-04-23T07:30:53","slug":"thyme","status":"publish","type":"page","link":"https:\/\/www.alivitpharm.com\/sq\/thyme\/","title":{"rendered":"Trumz\u00eb"},"content":{"rendered":"<div data-elementor-type=\"wp-page\" data-elementor-id=\"12044\" class=\"elementor elementor-12044\">\n\t\t\t\t\t\t<section class=\"elementor-section elementor-top-section elementor-element elementor-element-b49bc6c elementor-section-content-middle elementor-section-boxed elementor-section-height-default elementor-section-height-default\" data-id=\"b49bc6c\" data-element_type=\"section\" data-e-type=\"section\" data-settings=\"{&quot;background_background&quot;:&quot;classic&quot;}\">\n\t\t\t\t\t\t\t<div class=\"elementor-background-overlay\"><\/div>\n\t\t\t\t\t\t\t<div class=\"elementor-container elementor-column-gap-default\">\n\t\t\t\t\t<div class=\"elementor-column elementor-col-100 elementor-top-column elementor-element elementor-element-567c19a\" data-id=\"567c19a\" data-element_type=\"column\" data-e-type=\"column\">\n\t\t\t<div class=\"elementor-widget-wrap elementor-element-populated\">\n\t\t\t\t\t\t<div class=\"elementor-element elementor-element-46e1174 elementor-widget elementor-widget-heading\" data-id=\"46e1174\" data-element_type=\"widget\" data-e-type=\"widget\" data-widget_type=\"heading.default\">\n\t\t\t\t<div class=\"elementor-widget-container\">\n\t\t\t\t\t<h1 class=\"elementor-heading-title elementor-size-default\">Trumz\u00eb<\/h1>\t\t\t\t<\/div>\n\t\t\t\t<\/div>\n\t\t\t\t<div class=\"elementor-element elementor-element-864b912 elementor-widget elementor-widget-image\" data-id=\"864b912\" data-element_type=\"widget\" data-e-type=\"widget\" data-widget_type=\"image.default\">\n\t\t\t\t<div class=\"elementor-widget-container\">\n\t\t\t\t\t\t\t\t\t\t\t\t\t\t\t<img decoding=\"async\" width=\"75\" height=\"33\" src=\"https:\/\/www.alivitpharm.com\/wp-content\/uploads\/2019\/07\/logo-leaf-new.png\" class=\"attachment-large size-large wp-image-2518\" alt=\"\" \/>\t\t\t\t\t\t\t\t\t\t\t\t\t\t\t<\/div>\n\t\t\t\t<\/div>\n\t\t\t\t<div class=\"elementor-element elementor-element-9cebfeb elementor-widget elementor-widget-text-editor\" data-id=\"9cebfeb\" data-element_type=\"widget\" data-e-type=\"widget\" data-widget_type=\"text-editor.default\">\n\t\t\t\t<div class=\"elementor-widget-container\">\n\t\t\t\t\t\t\t\t\t<p><em>Thymus vulgaris L. &#8211; Lamiaceae<\/em><\/p>\t\t\t\t\t\t\t\t<\/div>\n\t\t\t\t<\/div>\n\t\t\t\t\t<\/div>\n\t\t<\/div>\n\t\t\t\t\t<\/div>\n\t\t<\/section>\n\t\t\t\t<section class=\"elementor-section elementor-top-section elementor-element elementor-element-f6f8106 elementor-section-boxed elementor-section-height-default elementor-section-height-default\" data-id=\"f6f8106\" data-element_type=\"section\" data-e-type=\"section\" data-settings=\"{&quot;background_background&quot;:&quot;classic&quot;}\">\n\t\t\t\t\t\t<div class=\"elementor-container elementor-column-gap-default\">\n\t\t\t\t\t<div class=\"elementor-column elementor-col-100 elementor-top-column elementor-element elementor-element-5b80ede\" data-id=\"5b80ede\" data-element_type=\"column\" data-e-type=\"column\">\n\t\t\t<div class=\"elementor-widget-wrap elementor-element-populated\">\n\t\t\t\t\t\t<div class=\"elementor-element elementor-element-55ab99f elementor-widget elementor-widget-image\" data-id=\"55ab99f\" data-element_type=\"widget\" data-e-type=\"widget\" data-widget_type=\"image.default\">\n\t\t\t\t<div class=\"elementor-widget-container\">\n\t\t\t\t\t\t\t\t\t\t\t\t\t\t\t<img decoding=\"async\" src=\"https:\/\/www.alivitpharm.com\/wp-content\/uploads\/2025\/04\/thyme.png\" title=\"trumz\u00eb\" alt=\"Trumz\u00eb\" loading=\"lazy\" \/>\t\t\t\t\t\t\t\t\t\t\t\t\t\t\t<\/div>\n\t\t\t\t<\/div>\n\t\t\t\t<div class=\"elementor-element elementor-element-239f345 elementor-widget elementor-widget-text-editor\" data-id=\"239f345\" data-element_type=\"widget\" data-e-type=\"widget\" data-widget_type=\"text-editor.default\">\n\t\t\t\t<div class=\"elementor-widget-container\">\n\t\t\t\t\t\t\t\t\t<p><em>T. vulgaris L.<\/em> ose <strong>trumz\u00eb<\/strong>, e njohur zakonisht si \"trumza e kopshtit\" \u00ebsht\u00eb nj\u00eb bim\u00eb aromatike dhe shum\u00ebvje\u00e7are me lule q\u00eb i p\u00ebrket familjes <em>Lamiaceae,<\/em>. Me origjin\u00eb nga Evropa Jugore, <em>T. vulgaris L.<\/em> \u00ebsht\u00eb e p\u00ebrhapur gjer\u00ebsisht n\u00eb t\u00eb gjith\u00eb bot\u00ebn. Bima rritet mir\u00eb n\u00eb klima t\u00eb thata dhe zona pa hije n\u00eb tok\u00eb t\u00eb trash\u00eb dhe t\u00eb kulluar mir\u00eb q\u00eb \u00ebsht\u00eb n\u00eb thelb e pap\u00ebrshtatshme p\u00ebr shum\u00eb bim\u00eb. Duket si nj\u00eb bim\u00eb e ul\u00ebt dhe e dendur me disa lule t\u00eb vogla. Gjethja \u00ebsht\u00eb 4-12 mm e gjat\u00eb dhe deri n\u00eb 3 mm e gjer\u00eb; \u00ebsht\u00eb e pal\u00ebvizshme ose ka nj\u00eb bisht shum\u00eb t\u00eb shkurt\u00ebr. Pllaka \u00ebsht\u00eb e fort\u00eb, heshtak deri n\u00eb vezake, me t\u00eb dyja sip\u00ebrfaqet e mbuluara me nj\u00eb indumentum gri deri n\u00eb t\u00eb gjelb\u00ebr; skajet jan\u00eb t\u00eb mb\u00ebshtjella qart\u00eb drejt sip\u00ebrfaqes abaksiale. Hipi \u00ebsht\u00eb i gjelb\u00ebr, shpesh me njolla vjollc\u00eb, dhe \u00ebsht\u00eb tubular; n\u00eb fund ka 2 buz\u00eb, e sip\u00ebrmja prej t\u00eb cilave \u00ebsht\u00eb e p\u00ebrkulur prapa dhe ka 3 lobe n\u00eb fund; e poshtme \u00ebsht\u00eb m\u00eb e gjat\u00eb dhe ka 2 dh\u00ebmb\u00eb me qime. Pas lul\u00ebzimit, hipi mbyllet nga nj\u00eb kuror\u00eb me qime t\u00eb gjata dhe t\u00eb forta. Kurora, rreth dy her\u00eb m\u00eb e gjat\u00eb se hija, zakonisht \u00ebsht\u00eb e that\u00eb, kafe dhe pak me dy lobe.<\/p><p>Trumza konsiderohej si nj\u00eb antiseptik, antimikrobik, astringjent, anthelmintik, karminativ, dezinfektues, medicinal dhe tonik. <em>T. vulgaris<\/em> mund t\u00eb p\u00ebrmir\u00ebsoj\u00eb gjithashtu funksionin e m\u00ebl\u00e7is\u00eb dhe t\u00eb veproj\u00eb si stimulues i oreksit. P\u00ebrdoret n\u00eb trajtimin e infeksioneve t\u00eb frym\u00ebmarrjes, si\u00e7 jan\u00eb infeksionet bronkiale, si dhe n\u00eb trajtimin e infeksioneve urinare dhe infeksioneve t\u00eb tubit Eustachian. \u00cbsht\u00eb gjithashtu efektiv si gargar\u00eb, duke ndihmuar n\u00eb trajtimin e laringjitit dhe dhimbjes s\u00eb fytit.<\/p><p>Vaji i <em>T. vulgaris<\/em> \u00ebsht\u00eb nj\u00eb kombinim i monoterpeneve dhe ato veprojn\u00eb si antioksidant\u00eb, antimikrobik\u00eb, antitusiv\u00eb, antispazmatik\u00eb dhe antibakterial\u00eb. Trumza \u00ebsht\u00eb gjithashtu e dobishme p\u00ebr problemet e l\u00ebkur\u00ebs si l\u00ebkura me yndyr\u00eb, aknet, dermatiti, gjendje t\u00eb ndryshme t\u00eb l\u00ebkur\u00ebs dhe pickimet e insekteve. N\u00eb aromaterapi, dallohen lloje t\u00eb ndryshme t\u00eb trumz\u00ebs.<\/p>\t\t\t\t\t\t\t\t<\/div>\n\t\t\t\t<\/div>\n\t\t\t\t<div class=\"elementor-element elementor-element-a949ebb elementor-widget elementor-widget-image\" data-id=\"a949ebb\" data-element_type=\"widget\" data-e-type=\"widget\" data-widget_type=\"image.default\">\n\t\t\t\t<div class=\"elementor-widget-container\">\n\t\t\t\t\t\t\t\t\t\t\t\t\t\t\t<img decoding=\"async\" src=\"https:\/\/www.alivitpharm.com\/wp-content\/uploads\/2022\/09\/leaves.png\" title=\"leaves\" alt=\"Leaves\" loading=\"lazy\" \/>\t\t\t\t\t\t\t\t\t\t\t\t\t\t\t<\/div>\n\t\t\t\t<\/div>\n\t\t\t\t<div class=\"elementor-element elementor-element-d1cf34b elementor-widget elementor-widget-text-editor\" data-id=\"d1cf34b\" data-element_type=\"widget\" data-e-type=\"widget\" data-widget_type=\"text-editor.default\">\n\t\t\t\t<div class=\"elementor-widget-container\">\n\t\t\t\t\t\t\t\t\t<p>Trumza \u00ebsht\u00eb nj\u00eb bim\u00eb q\u00eb p\u00ebrdoret gjer\u00ebsisht n\u00eb industrin\u00eb farmaceutike, ushqimore dhe kozmetike. Kjo bim\u00eb shfaq gjithashtu veti antioksiduese, antikancerogjene, antiinflamatore, imunomoduluese dhe antispazmatike.<\/p><p><em>Thymus vulgaris<\/em> p\u00ebrmban nj\u00eb sasi t\u00eb lart\u00eb flavonoidesh. Prandaj, trumza mund t\u00eb konsiderohet nj\u00eb antioksidant dhe antibiotik natyror q\u00eb ka gjetur aplikim t\u00eb gjer\u00eb n\u00eb prodhimin e suplementeve dietike.<\/p><p>Ekstrakte dhe vajra esencial\u00eb t\u00eb ndrysh\u00ebm t\u00eb p\u00ebrftuar nga bima jan\u00eb vler\u00ebsuar dhe raportuar p\u00ebr trajtimin e s\u00ebmundjeve t\u00eb tilla si infeksionet mikrobike, inflamacioni, s\u00ebmundjet jo-ngjit\u00ebse si kanceri dhe s\u00ebmundjet seksualisht t\u00eb transmetueshme si HIV-1 dhe herpesi.<\/p><p>Trumza \u00ebsht\u00eb ve\u00e7an\u00ebrisht e dobishme n\u00eb rastet e infeksioneve t\u00eb shkaktuara nga parazit\u00eb t\u00eb till\u00eb si krimbat e zorr\u00ebve (nj\u00eb krimb i zorr\u00ebve q\u00eb mund t\u00eb shkaktoj\u00eb krimba t\u00eb zorr\u00ebve), askaridet (parazit\u00eb t\u00eb tjer\u00eb t\u00eb zorr\u00ebve) dhe lloje t\u00eb ndryshme t\u00eb baktereve, duke p\u00ebrfshir\u00eb bakteret gram-pozitive dhe gram-negative. P\u00ebrve\u00e7 k\u00ebsaj, \u00ebsht\u00eb efektive kund\u00ebr k\u00ebrpudhave dhe majave, duke p\u00ebrfshir\u00eb <em>Candida albicans<\/em>P\u00ebrb\u00ebr\u00ebsi kryesor aktiv n\u00eb trumz\u00eb \u00ebsht\u00eb timoli, i cili \u00ebsht\u00eb p\u00ebrgjegj\u00ebs p\u00ebr shum\u00eb nga vetit\u00eb e saj medicinale. Timoli ka aktivitet t\u00eb fort\u00eb antibakterial, ve\u00e7an\u00ebrisht kund\u00ebr enterobaktereve (nj\u00eb grup bakteresh q\u00eb p\u00ebrfshin shum\u00eb patogjen\u00eb si <em>Escherichia coli<\/em>) dhe kok\u00ebve (t\u00eb cilat p\u00ebrfshijn\u00eb disa lloje bakteresh q\u00eb shkaktojn\u00eb infeksione, t\u00eb tilla si <em>Streptococcus<\/em> dhe <em>Staphylococcus<\/em>).<\/p><p>Prandaj, trumza p\u00ebrdoret jo vet\u00ebm p\u00ebr t\u00eb trajtuar infeksionet bakteriale dhe k\u00ebrpudhore, por edhe p\u00ebr t\u00eb zvog\u00ebluar parazit\u00ebt e zorr\u00ebve, t\u00eb cil\u00ebt mund t\u00eb ndihmojn\u00eb n\u00eb leht\u00ebsimin e simptomave dhe trajtimin e gjendjeve t\u00eb tilla si dhimbja e barkut, fryrja dhe \u00e7rregullime t\u00eb tjera t\u00eb tretjes t\u00eb shkaktuara nga infeksionet.<\/p>\t\t\t\t\t\t\t\t<\/div>\n\t\t\t\t<\/div>\n\t\t\t\t<div class=\"elementor-element elementor-element-ff69c90 elementor-widget elementor-widget-heading\" data-id=\"ff69c90\" data-element_type=\"widget\" data-e-type=\"widget\" data-widget_type=\"heading.default\">\n\t\t\t\t<div class=\"elementor-widget-container\">\n\t\t\t\t\t<h4 class=\"elementor-heading-title elementor-size-default\">Referencat<\/h4>\t\t\t\t<\/div>\n\t\t\t\t<\/div>\n\t\t\t\t<div class=\"elementor-element elementor-element-4dede2c elementor-widget elementor-widget-text-editor\" data-id=\"4dede2c\" data-element_type=\"widget\" data-e-type=\"widget\" data-widget_type=\"text-editor.default\">\n\t\t\t\t<div class=\"elementor-widget-container\">\n\t\t\t\t\t\t\t\t\t<ul><li style=\"list-style-type: none;\"><ul><li><a class=\"reference-link\" href=\"https:\/\/pubmed.ncbi.nlm.nih.gov\/?term=thymus+vulgaris+medical\" target=\"_blank\" rel=\"noopener\">Thymus vulgaris medical search results<\/a><\/li><li><a class=\"reference-link\" href=\"https:\/\/www.sciencedirect.com\/science\/article\/abs\/pii\/B9780128092866000285\" target=\"_blank\" rel=\"noopener\">Chapter 28 &#8211; Thymus vulgaris<\/a><\/li><\/ul><\/li><\/ul>\t\t\t\t\t\t\t\t<\/div>\n\t\t\t\t<\/div>\n\t\t\t\t\t<\/div>\n\t\t<\/div>\n\t\t\t\t\t<\/div>\n\t\t<\/section>\n\t\t\t\t<\/div>","protected":false},"excerpt":{"rendered":"<p>Thyme Thymus vulgaris L. &#8211; Lamiaceae T. vulgaris L. or thyme, commonly known as &#8220;garden thyme&#8221; is an aromatic and perennial flowering plant belonging to the family Lamiaceae. Native to southern Europe, T. vulgaris L. is widely distributed throughout the world. The plant grows well in arid climates and unshaded areas on coarse and well-drained &hellip;<\/p>\n<p class=\"read-more\"> <a class=\"\" href=\"https:\/\/www.alivitpharm.com\/sq\/thyme\/\"> <span class=\"screen-reader-text\">Trumz\u00eb<\/span> Read More &raquo;<\/a><\/p>","protected":false},"author":9,"featured_media":0,"parent":0,"menu_order":0,"comment_status":"closed","ping_status":"closed","template":"","meta":{"site-sidebar-layout":"no-sidebar","site-content-layout":"page-builder","ast-global-header-display":"","ast-main-header-display":"","ast-hfb-above-header-display":"","ast-hfb-below-header-display":"","ast-hfb-mobile-header-display":"","site-post-title":"disabled","ast-breadcrumbs-content":"","ast-featured-img":"disabled","footer-sml-layout":"","theme-transparent-header-meta":"","adv-header-id-meta":"","stick-header-meta":"","header-above-stick-meta":"","header-main-stick-meta":"","header-below-stick-meta":"","footnotes":""},"class_list":["post-12044","page","type-page","status-publish","hentry"],"_links":{"self":[{"href":"https:\/\/www.alivitpharm.com\/sq\/wp-json\/wp\/v2\/pages\/12044","targetHints":{"allow":["GET"]}}],"collection":[{"href":"https:\/\/www.alivitpharm.com\/sq\/wp-json\/wp\/v2\/pages"}],"about":[{"href":"https:\/\/www.alivitpharm.com\/sq\/wp-json\/wp\/v2\/types\/page"}],"author":[{"embeddable":true,"href":"https:\/\/www.alivitpharm.com\/sq\/wp-json\/wp\/v2\/users\/9"}],"replies":[{"embeddable":true,"href":"https:\/\/www.alivitpharm.com\/sq\/wp-json\/wp\/v2\/comments?post=12044"}],"version-history":[{"count":25,"href":"https:\/\/www.alivitpharm.com\/sq\/wp-json\/wp\/v2\/pages\/12044\/revisions"}],"predecessor-version":[{"id":12076,"href":"https:\/\/www.alivitpharm.com\/sq\/wp-json\/wp\/v2\/pages\/12044\/revisions\/12076"}],"wp:attachment":[{"href":"https:\/\/www.alivitpharm.com\/sq\/wp-json\/wp\/v2\/media?parent=12044"}],"curies":[{"name":"wp","href":"https:\/\/api.w.org\/{rel}","templated":true}]}}