{"id":12367,"date":"2025-05-23T13:17:38","date_gmt":"2025-05-23T11:17:38","guid":{"rendered":"https:\/\/www.alivitpharm.com\/?page_id=12367"},"modified":"2025-05-23T14:49:08","modified_gmt":"2025-05-23T12:49:08","slug":"clove","status":"publish","type":"page","link":"https:\/\/www.alivitpharm.com\/sq\/clove\/","title":{"rendered":"Karafil"},"content":{"rendered":"<div data-elementor-type=\"wp-page\" data-elementor-id=\"12367\" class=\"elementor elementor-12367\">\n\t\t\t\t\t\t<section class=\"elementor-section elementor-top-section elementor-element elementor-element-41ddf40 elementor-section-content-middle elementor-section-boxed elementor-section-height-default elementor-section-height-default\" data-id=\"41ddf40\" data-element_type=\"section\" data-e-type=\"section\" data-settings=\"{&quot;background_background&quot;:&quot;classic&quot;}\">\n\t\t\t\t\t\t\t<div class=\"elementor-background-overlay\"><\/div>\n\t\t\t\t\t\t\t<div class=\"elementor-container elementor-column-gap-default\">\n\t\t\t\t\t<div class=\"elementor-column elementor-col-100 elementor-top-column elementor-element elementor-element-99ee7c5\" data-id=\"99ee7c5\" data-element_type=\"column\" data-e-type=\"column\">\n\t\t\t<div class=\"elementor-widget-wrap elementor-element-populated\">\n\t\t\t\t\t\t<div class=\"elementor-element elementor-element-b73d4ad elementor-widget elementor-widget-heading\" data-id=\"b73d4ad\" data-element_type=\"widget\" data-e-type=\"widget\" data-widget_type=\"heading.default\">\n\t\t\t\t<div class=\"elementor-widget-container\">\n\t\t\t\t\t<h1 class=\"elementor-heading-title elementor-size-default\">Karafil<\/h1>\t\t\t\t<\/div>\n\t\t\t\t<\/div>\n\t\t\t\t<div class=\"elementor-element elementor-element-d41fa7f elementor-widget elementor-widget-image\" data-id=\"d41fa7f\" data-element_type=\"widget\" data-e-type=\"widget\" data-widget_type=\"image.default\">\n\t\t\t\t<div class=\"elementor-widget-container\">\n\t\t\t\t\t\t\t\t\t\t\t\t\t\t\t<img decoding=\"async\" width=\"75\" height=\"33\" src=\"https:\/\/www.alivitpharm.com\/wp-content\/uploads\/2019\/07\/logo-leaf-new.png\" class=\"attachment-large size-large wp-image-2518\" alt=\"\" \/>\t\t\t\t\t\t\t\t\t\t\t\t\t\t\t<\/div>\n\t\t\t\t<\/div>\n\t\t\t\t<div class=\"elementor-element elementor-element-e2b7a30 elementor-widget elementor-widget-text-editor\" data-id=\"e2b7a30\" data-element_type=\"widget\" data-e-type=\"widget\" data-widget_type=\"text-editor.default\">\n\t\t\t\t<div class=\"elementor-widget-container\">\n\t\t\t\t\t\t\t\t\t<p><em>Syzygium aromaticum L. &#8211; Myrtaceae<\/em><\/p>\t\t\t\t\t\t\t\t<\/div>\n\t\t\t\t<\/div>\n\t\t\t\t\t<\/div>\n\t\t<\/div>\n\t\t\t\t\t<\/div>\n\t\t<\/section>\n\t\t\t\t<section class=\"elementor-section elementor-top-section elementor-element elementor-element-b51d1c0 elementor-section-boxed elementor-section-height-default elementor-section-height-default\" data-id=\"b51d1c0\" data-element_type=\"section\" data-e-type=\"section\" data-settings=\"{&quot;background_background&quot;:&quot;classic&quot;}\">\n\t\t\t\t\t\t<div class=\"elementor-container elementor-column-gap-default\">\n\t\t\t\t\t<div class=\"elementor-column elementor-col-100 elementor-top-column elementor-element elementor-element-a815609\" data-id=\"a815609\" data-element_type=\"column\" data-e-type=\"column\">\n\t\t\t<div class=\"elementor-widget-wrap elementor-element-populated\">\n\t\t\t\t\t\t<div class=\"elementor-element elementor-element-5b7a388 elementor-widget elementor-widget-image\" data-id=\"5b7a388\" data-element_type=\"widget\" data-e-type=\"widget\" data-widget_type=\"image.default\">\n\t\t\t\t<div class=\"elementor-widget-container\">\n\t\t\t\t\t\t\t\t\t\t\t\t\t\t\t<img decoding=\"async\" src=\"https:\/\/www.alivitpharm.com\/wp-content\/uploads\/2025\/05\/clove.png\" title=\"clove\" alt=\"Karafil\" loading=\"lazy\" \/>\t\t\t\t\t\t\t\t\t\t\t\t\t\t\t<\/div>\n\t\t\t\t<\/div>\n\t\t\t\t<div class=\"elementor-element elementor-element-711b3b0 elementor-widget elementor-widget-text-editor\" data-id=\"711b3b0\" data-element_type=\"widget\" data-e-type=\"widget\" data-widget_type=\"text-editor.default\">\n\t\t\t\t<div class=\"elementor-widget-container\">\n\t\t\t\t\t\t\t\t\t<p><span class=\"jCAhz ChMk0b\"><span class=\"ryNqvb\"><strong>Karafil<\/strong> (<em>Syzigium aromaticum<\/em>) \u00ebsht\u00eb nj\u00eb er\u00ebz natyrale me veti t\u00eb r\u00ebnd\u00ebsishme biologjike.<\/span><\/span> <span class=\"jCAhz ChMk0b\"><span class=\"ryNqvb\">Kryesisht gjendet n\u00eb Indi dhe Indonezi, por mund t\u00eb rritet edhe n\u00eb zona t\u00eb tjera bregdetare.<\/span><\/span> <span class=\"jCAhz ChMk0b\"><span class=\"ryNqvb\">Karafili p\u00ebrdoret zakonisht si nj\u00eb ruajt\u00ebs natyral dhe n\u00eb prodhimin e ila\u00e7eve natyrale.<\/span><\/span> <span class=\"jCAhz ChMk0b\"><span class=\"ryNqvb\">Nj\u00eb nga p\u00ebrfitimet e r\u00ebnd\u00ebsishme t\u00eb karafilit \u00ebsht\u00eb aft\u00ebsia e tij p\u00ebr t\u00eb ndihmuar n\u00eb trajtimin e s\u00ebmundjeve t\u00eb shkaktuara nga baktere dhe k\u00ebrpudha t\u00eb ndryshme, duke p\u00ebrfshir\u00eb <em>E. coli<\/em>, <em>P. aeruginosa<\/em>, <em>S. aureus<\/em>, <em>Z. mobilis<\/em>, dhe <em>C. albicans<\/em>.<\/span><\/span> <span class=\"jCAhz ChMk0b\"><span class=\"ryNqvb\">P\u00ebrve\u00e7 k\u00ebsaj, karafil ka veti antioksiduese q\u00eb mund t\u00eb ndihmojn\u00eb n\u00eb zvog\u00eblimin e d\u00ebmtimit qelizor t\u00eb shkaktuar nga radikalet e lira.<\/span><\/span> <span class=\"jCAhz ChMk0b\"><span class=\"ryNqvb\">Karafili ka treguar gjithashtu potencial n\u00eb pengimin e rritjes s\u00eb qelizave kancerogjene dhe zvog\u00eblimin e aktiviteteve t\u00eb enzimave t\u00eb tilla si amilaza, glukozidaza dhe lipaza, t\u00eb cilat mund t\u00eb jen\u00eb t\u00eb dobishme n\u00eb trajtimin e diabetit.<\/span><\/span> <span class=\"jCAhz ChMk0b\"><span class=\"ryNqvb\">Nj\u00eb studim ka treguar se nanopjes\u00ebzat e argjendit (AgNP) t\u00eb sintetizuara nga ekstrakti i gjethes s\u00eb karafilit shfaqin aktivitete premtuese antimikrobike, antikancerogjene, antidiabetike dhe antioksiduese.<\/span><\/span><\/p><p><span class=\"jCAhz ChMk0b\"><span class=\"ryNqvb\">Karafili ka treguar gjithashtu potencial n\u00eb pengimin e rritjes s\u00eb qelizave kancerogjene dhe zvog\u00eblimin e aktiviteteve t\u00eb enzimave t\u00eb tilla si amilaza, glukozidaza dhe lipaza, t\u00eb cilat mund t\u00eb jen\u00eb t\u00eb dobishme n\u00eb trajtimin e diabetit.<\/span><\/span> <span class=\"jCAhz ChMk0b\"><span class=\"ryNqvb\">L\u00ebnd\u00ebt e avullueshme t\u00eb karafilit mund t\u00eb merren kryesisht me distilimin e sythave, deg\u00ebve ose gjetheve, duke rezultuar n\u00eb karakteristika t\u00eb ndryshme t\u00eb vajit t\u00eb avulluesh\u00ebm.<\/span><\/span><\/p><p><span class=\"jCAhz ChMk0b\"><span class=\"ryNqvb\">Disa faktor\u00eb si kultivari, mosha dhe pjekuria e organeve t\u00eb karafilit ndikojn\u00eb n\u00eb rendimentin dhe p\u00ebrb\u00ebrjen kimike t\u00eb tij.<\/span><\/span> <span class=\"jCAhz ChMk0b\"><span class=\"ryNqvb\">Faktor\u00ebt e jasht\u00ebm, si\u00e7 jan\u00eb zonat e kultivimit, proceset pas korrjes, metodat e distilimit dhe kushtet e ruajtjes, ndikojn\u00eb gjithashtu n\u00eb cil\u00ebsin\u00eb e vajit t\u00eb avulluesh\u00ebm. Vaji i avulluesh\u00ebm i nxjerr\u00eb nga karafil p\u00ebrdoret aktualisht n\u00eb industrin\u00eb ushqimore, mjek\u00ebsore, kozmetike dhe t\u00eb pesticideve.<\/span><\/span><\/p>\t\t\t\t\t\t\t\t<\/div>\n\t\t\t\t<\/div>\n\t\t\t\t<div class=\"elementor-element elementor-element-55c988f elementor-widget elementor-widget-image\" data-id=\"55c988f\" data-element_type=\"widget\" data-e-type=\"widget\" data-widget_type=\"image.default\">\n\t\t\t\t<div class=\"elementor-widget-container\">\n\t\t\t\t\t\t\t\t\t\t\t\t\t\t\t<img decoding=\"async\" src=\"https:\/\/www.alivitpharm.com\/wp-content\/uploads\/2022\/09\/leaves.png\" title=\"leaves\" alt=\"Leaves\" loading=\"lazy\" \/>\t\t\t\t\t\t\t\t\t\t\t\t\t\t\t<\/div>\n\t\t\t\t<\/div>\n\t\t\t\t<div class=\"elementor-element elementor-element-e838f59 elementor-widget elementor-widget-text-editor\" data-id=\"e838f59\" data-element_type=\"widget\" data-e-type=\"widget\" data-widget_type=\"text-editor.default\">\n\t\t\t\t<div class=\"elementor-widget-container\">\n\t\t\t\t\t\t\t\t\t<p><span class=\"jCAhz ChMk0b\"><span class=\"ryNqvb\">Karafili \u00ebsht\u00eb i njohur gjer\u00ebsisht p\u00ebr vetit\u00eb e tij t\u00eb forta antioksiduese dhe tradicionalisht \u00ebsht\u00eb p\u00ebrdorur p\u00ebr kujdesin dentar, si er\u00ebz aromatike dhe si ruajt\u00ebs natyral.<\/span><\/span> <span class=\"jCAhz ChMk0b\"><span class=\"ryNqvb\">Gjethet e bim\u00ebs s\u00eb karafilit p\u00ebrmbajn\u00eb fitokimikate t\u00eb tilla si alkaloide, flavonoide dhe saponina.<\/span><\/span> <span class=\"jCAhz ChMk0b\"><span class=\"ryNqvb\">Vaji esencial i karafilit p\u00ebrdoret n\u00eb mjek\u00ebsin\u00eb tradicionale kineze dhe \u00ebsht\u00eb zbuluar se ka efekte antivirale, antifungale, antibakteriale, antiparazitare, analgjezike, antioksiduese, antimutagjene dhe antitrombotike.<\/span><\/span> <span class=\"jCAhz ChMk0b\"><span class=\"ryNqvb\">Antioksidant\u00ebt n\u00eb karafil ndihmojn\u00eb n\u00eb zvog\u00eblimin e p\u00ebrhapjes s\u00eb radikaleve t\u00eb lira n\u00eb trupin e njeriut dhe mbrojn\u00eb membranat qelizore.<\/span><\/span> <span class=\"jCAhz ChMk0b\"><span class=\"ryNqvb\">\u00cbsht\u00eb p\u00ebrdorur p\u00ebr t\u00eb luftuar mikroorganizmat q\u00eb shkaktojn\u00eb s\u00ebmundje t\u00eb tilla si kolera, malaria dhe tuberkulozi.<\/span><\/span> <span class=\"jCAhz ChMk0b\"><span class=\"ryNqvb\">The main ingredients of cloves are b-caryophyllene and eugenol acetate.<\/span><\/span> <span class=\"jCAhz ChMk0b\"><span class=\"ryNqvb\">Disa studime kan\u00eb raportuar aktivitetin fungicid t\u00eb vajit t\u00eb karafilit kund\u00ebr <em>Candida<\/em>.<\/span><\/span><\/p><p><span class=\"jCAhz ChMk0b\"><span class=\"ryNqvb\">P\u00ebr m\u00eb tep\u00ebr, ekstraktet e, <em>S. aromaticum<\/em> p\u00ebrmbajn\u00eb nj\u00eb gam\u00eb t\u00eb larmishme metabolit\u00ebsh sekondar\u00eb, si\u00e7 jan\u00eb flavonoidet, acidet hidroksibenzoike, acidet hidroksicinamike, hidroksifenilpropenet, eugenoli, acetati i eugenolit dhe acidi galik, me nj\u00eb gam\u00eb t\u00eb gjer\u00eb aktivitetesh t\u00eb dobishme p\u00ebr promovimin e sh\u00ebndetit.<\/span><\/span> <span class=\"jCAhz ChMk0b\"><span class=\"ryNqvb\">K\u00ebto metabolite kan\u00eb veti biologjike aktive dhe struktura aromatike unike dhe jan\u00eb t\u00eb sigurta p\u00ebr p\u00ebrdorim n\u00eb ushqim dhe mjek\u00ebsi.<\/span><\/span> <span class=\"jCAhz ChMk0b\"><span class=\"ryNqvb\">Metabolit\u00ebt e karafilit konsiderohen si agjent\u00eb t\u00eb rinj antimikrobik\u00eb natyral\u00eb t\u00eb dobish\u00ebm p\u00ebr luft\u00ebn e mundshme kund\u00ebr <em>Helicobacter pylori<\/em> rezistent ndaj ila\u00e7eve q\u00eb prodhojn\u00eb gjene citotoksine, \u00e7rregullime gastrointestinale, anti-inflamator\u00eb, anti-trombotik\u00eb, antidiabetik\u00eb, anestetik\u00eb dhe kan\u00eb veti kund\u00ebr insekteve.<\/span><\/span> <span class=\"jCAhz ChMk0b\"><span class=\"ryNqvb\">P\u00ebrve\u00e7 k\u00ebsaj, karafil\u00ebt jan\u00eb provuar t\u00eb ken\u00eb aktivitet biologjik t\u00eb ngjash\u00ebm me insulin\u00ebn dhe rregullojn\u00eb metabolizmin e energjis\u00eb.<\/span><\/span> <span class=\"jCAhz ChMk0b\"><span class=\"ryNqvb\">Ky kapitull ofron nj\u00eb pasqyr\u00eb t\u00eb efekteve t\u00eb ekstrakteve t\u00eb karafilit n\u00eb promovimin e sh\u00ebndetit dhe zbatimet e tyre t\u00eb mundshme.<\/span><\/span><\/p>\t\t\t\t\t\t\t\t<\/div>\n\t\t\t\t<\/div>\n\t\t\t\t<div class=\"elementor-element elementor-element-97c19e5 elementor-widget elementor-widget-heading\" data-id=\"97c19e5\" data-element_type=\"widget\" data-e-type=\"widget\" data-widget_type=\"heading.default\">\n\t\t\t\t<div class=\"elementor-widget-container\">\n\t\t\t\t\t<h4 class=\"elementor-heading-title elementor-size-default\">Referencat<\/h4>\t\t\t\t<\/div>\n\t\t\t\t<\/div>\n\t\t\t\t<div class=\"elementor-element elementor-element-fa254b0 elementor-widget elementor-widget-text-editor\" data-id=\"fa254b0\" data-element_type=\"widget\" data-e-type=\"widget\" data-widget_type=\"text-editor.default\">\n\t\t\t\t<div class=\"elementor-widget-container\">\n\t\t\t\t\t\t\t\t\t<ul><li style=\"list-style-type: none;\"><ul><li><a class=\"reference-link\" href=\"https:\/\/www.sciencedirect.com\/science\/article\/abs\/pii\/B9780323851770000185\" target=\"_blank\" rel=\"noopener\">Chapter 37 &#8211; Health-promoting activities of clove (Syzygium aromaticum) extracts<\/a><\/li><li><a class=\"reference-link\" href=\"https:\/\/www.sciencedirect.com\/science\/article\/pii\/S1018364724000545\" target=\"_blank\" rel=\"noopener\">Evaluation of antimicrobial, anticancer, antidiabetic, antioxidant activities and silver nanoparticles synthesized from Indian Clove &#8211; Syzygium aromaticum leaf extract<\/a><\/li><\/ul><\/li><\/ul>\t\t\t\t\t\t\t\t<\/div>\n\t\t\t\t<\/div>\n\t\t\t\t\t<\/div>\n\t\t<\/div>\n\t\t\t\t\t<\/div>\n\t\t<\/section>\n\t\t\t\t<\/div>","protected":false},"excerpt":{"rendered":"<p>Clove Syzygium aromaticum L. &#8211; Myrtaceae Clove (Syzigium aromaticum) is a natural spice with significant biological properties. It is primarily found in India and Indonesia, but can also be grown in other coastal areas. Clove is commonly used as a natural preservative and in the production of natural medicines. One of the significant benefits of &hellip;<\/p>\n<p class=\"read-more\"> <a class=\"\" href=\"https:\/\/www.alivitpharm.com\/sq\/clove\/\"> <span class=\"screen-reader-text\">Karafil<\/span> Read More &raquo;<\/a><\/p>","protected":false},"author":9,"featured_media":0,"parent":0,"menu_order":0,"comment_status":"closed","ping_status":"closed","template":"","meta":{"site-sidebar-layout":"no-sidebar","site-content-layout":"page-builder","ast-global-header-display":"","ast-main-header-display":"","ast-hfb-above-header-display":"","ast-hfb-below-header-display":"","ast-hfb-mobile-header-display":"","site-post-title":"disabled","ast-breadcrumbs-content":"","ast-featured-img":"disabled","footer-sml-layout":"","theme-transparent-header-meta":"","adv-header-id-meta":"","stick-header-meta":"","header-above-stick-meta":"","header-main-stick-meta":"","header-below-stick-meta":"","footnotes":""},"class_list":["post-12367","page","type-page","status-publish","hentry"],"_links":{"self":[{"href":"https:\/\/www.alivitpharm.com\/sq\/wp-json\/wp\/v2\/pages\/12367","targetHints":{"allow":["GET"]}}],"collection":[{"href":"https:\/\/www.alivitpharm.com\/sq\/wp-json\/wp\/v2\/pages"}],"about":[{"href":"https:\/\/www.alivitpharm.com\/sq\/wp-json\/wp\/v2\/types\/page"}],"author":[{"embeddable":true,"href":"https:\/\/www.alivitpharm.com\/sq\/wp-json\/wp\/v2\/users\/9"}],"replies":[{"embeddable":true,"href":"https:\/\/www.alivitpharm.com\/sq\/wp-json\/wp\/v2\/comments?post=12367"}],"version-history":[{"count":25,"href":"https:\/\/www.alivitpharm.com\/sq\/wp-json\/wp\/v2\/pages\/12367\/revisions"}],"predecessor-version":[{"id":12394,"href":"https:\/\/www.alivitpharm.com\/sq\/wp-json\/wp\/v2\/pages\/12367\/revisions\/12394"}],"wp:attachment":[{"href":"https:\/\/www.alivitpharm.com\/sq\/wp-json\/wp\/v2\/media?parent=12367"}],"curies":[{"name":"wp","href":"https:\/\/api.w.org\/{rel}","templated":true}]}}