{"id":12451,"date":"2025-06-06T08:27:45","date_gmt":"2025-06-06T06:27:45","guid":{"rendered":"https:\/\/www.alivitpharm.com\/?page_id=12451"},"modified":"2025-06-06T14:31:39","modified_gmt":"2025-06-06T12:31:39","slug":"papaya","status":"publish","type":"page","link":"https:\/\/www.alivitpharm.com\/sq\/papaya\/","title":{"rendered":"Papaja"},"content":{"rendered":"<div data-elementor-type=\"wp-page\" data-elementor-id=\"12451\" class=\"elementor elementor-12451\">\n\t\t\t\t\t\t<section class=\"elementor-section elementor-top-section elementor-element elementor-element-62c913b elementor-section-content-middle elementor-section-boxed elementor-section-height-default elementor-section-height-default\" data-id=\"62c913b\" data-element_type=\"section\" data-e-type=\"section\" data-settings=\"{&quot;background_background&quot;:&quot;classic&quot;}\">\n\t\t\t\t\t\t\t<div class=\"elementor-background-overlay\"><\/div>\n\t\t\t\t\t\t\t<div class=\"elementor-container elementor-column-gap-default\">\n\t\t\t\t\t<div class=\"elementor-column elementor-col-100 elementor-top-column elementor-element elementor-element-27db566\" data-id=\"27db566\" data-element_type=\"column\" data-e-type=\"column\">\n\t\t\t<div class=\"elementor-widget-wrap elementor-element-populated\">\n\t\t\t\t\t\t<div class=\"elementor-element elementor-element-7703366 elementor-widget elementor-widget-heading\" data-id=\"7703366\" data-element_type=\"widget\" data-e-type=\"widget\" data-widget_type=\"heading.default\">\n\t\t\t\t<div class=\"elementor-widget-container\">\n\t\t\t\t\t<h1 class=\"elementor-heading-title elementor-size-default\">Papaja<\/h1>\t\t\t\t<\/div>\n\t\t\t\t<\/div>\n\t\t\t\t<div class=\"elementor-element elementor-element-d3ea850 elementor-widget elementor-widget-image\" data-id=\"d3ea850\" data-element_type=\"widget\" data-e-type=\"widget\" data-widget_type=\"image.default\">\n\t\t\t\t<div class=\"elementor-widget-container\">\n\t\t\t\t\t\t\t\t\t\t\t\t\t\t\t<img decoding=\"async\" width=\"75\" height=\"33\" src=\"https:\/\/www.alivitpharm.com\/wp-content\/uploads\/2019\/07\/logo-leaf-new.png\" class=\"attachment-large size-large wp-image-2518\" alt=\"\" \/>\t\t\t\t\t\t\t\t\t\t\t\t\t\t\t<\/div>\n\t\t\t\t<\/div>\n\t\t\t\t<div class=\"elementor-element elementor-element-0c7f255 elementor-widget elementor-widget-text-editor\" data-id=\"0c7f255\" data-element_type=\"widget\" data-e-type=\"widget\" data-widget_type=\"text-editor.default\">\n\t\t\t\t<div class=\"elementor-widget-container\">\n\t\t\t\t\t\t\t\t\t<p><em>Carica papaya L. &#8211; Caricaceae<\/em><\/p>\t\t\t\t\t\t\t\t<\/div>\n\t\t\t\t<\/div>\n\t\t\t\t\t<\/div>\n\t\t<\/div>\n\t\t\t\t\t<\/div>\n\t\t<\/section>\n\t\t\t\t<section class=\"elementor-section elementor-top-section elementor-element elementor-element-fcce5a0 elementor-section-boxed elementor-section-height-default elementor-section-height-default\" data-id=\"fcce5a0\" data-element_type=\"section\" data-e-type=\"section\" data-settings=\"{&quot;background_background&quot;:&quot;classic&quot;}\">\n\t\t\t\t\t\t<div class=\"elementor-container elementor-column-gap-default\">\n\t\t\t\t\t<div class=\"elementor-column elementor-col-100 elementor-top-column elementor-element elementor-element-ba621e9\" data-id=\"ba621e9\" data-element_type=\"column\" data-e-type=\"column\">\n\t\t\t<div class=\"elementor-widget-wrap elementor-element-populated\">\n\t\t\t\t\t\t<div class=\"elementor-element elementor-element-87be778 elementor-widget elementor-widget-image\" data-id=\"87be778\" data-element_type=\"widget\" data-e-type=\"widget\" data-widget_type=\"image.default\">\n\t\t\t\t<div class=\"elementor-widget-container\">\n\t\t\t\t\t\t\t\t\t\t\t\t\t\t\t<img decoding=\"async\" src=\"https:\/\/www.alivitpharm.com\/wp-content\/uploads\/2025\/06\/papaya.png\" title=\"papaya\" alt=\"Papaja\" loading=\"lazy\" \/>\t\t\t\t\t\t\t\t\t\t\t\t\t\t\t<\/div>\n\t\t\t\t<\/div>\n\t\t\t\t<div class=\"elementor-element elementor-element-3da9b40 elementor-widget elementor-widget-text-editor\" data-id=\"3da9b40\" data-element_type=\"widget\" data-e-type=\"widget\" data-widget_type=\"text-editor.default\">\n\t\t\t\t<div class=\"elementor-widget-container\">\n\t\t\t\t\t\t\t\t\t<p><span class=\"jCAhz ChMk0b\"><span class=\"ryNqvb\"><strong>Papaja<\/strong> \u00ebsht\u00eb nj\u00eb frut popullor q\u00eb rritet n\u00eb vendet tropikale dhe subtropikale.<\/span><\/span> <span class=\"jCAhz ChMk0b\"><span class=\"ryNqvb\">Cil\u00ebsit\u00eb ushqyese dhe terapeutike t\u00eb papaj\u00ebs jan\u00eb t\u00eb njohura gjer\u00ebsisht.<\/span><\/span> <span class=\"jCAhz ChMk0b\"><span class=\"ryNqvb\">Gjethet, nd\u00ebr p\u00ebrb\u00ebr\u00ebs t\u00eb tjer\u00eb t\u00eb bim\u00ebs, jan\u00eb p\u00ebrdorur si ila\u00e7e terapeutike p\u00ebr disa s\u00ebmundje.<\/span><\/span> <span class=\"jCAhz ChMk0b\"><span class=\"ryNqvb\">Gjethet e papaj\u00ebs p\u00ebrmbajn\u00eb p\u00ebrb\u00ebr\u00ebs t\u00eb ndrysh\u00ebm bioaktiv\u00eb, duke p\u00ebrfshir\u00eb komponime fenolike, flavonoide, alkaloide.<\/span><\/span> <span class=\"jCAhz ChMk0b\"><span class=\"ryNqvb\">K\u00ebto substanca ndihmojn\u00eb n\u00eb rritjen e kapacitetit antioksidues.<\/span><\/span> <span class=\"jCAhz ChMk0b\"><span class=\"ryNqvb\">Papaja zot\u00ebron veti antikancerogjene, antiinflamatore, antimikrobike dhe hipoglicemike.<\/span><\/span> <span class=\"jCAhz ChMk0b\"><span class=\"ryNqvb\">Ajo gjithashtu p\u00ebrmban enzim\u00ebn papain\u00eb, e cila ndihmon n\u00eb trajtimin e traumave, alergjive dhe l\u00ebndimeve sportive duke rritur l\u00ebvizshm\u00ebrin\u00eb tret\u00ebse dhe koh\u00ebn e tranzitit.<\/span><\/span> <span class=\"jCAhz ChMk0b\"><span class=\"ryNqvb\">Shum\u00eb raporte kan\u00eb treguar gjithashtu se gjethet p\u00ebrmbajn\u00eb shum\u00eb agjent\u00eb bioaktiv\u00eb si karpaina dhe acidi nikotinik.<\/span><\/span> <span class=\"jCAhz ChMk0b\"><span class=\"ryNqvb\">Ekstrakti i etanolit \u00ebsht\u00eb treguar se p\u00ebrmban saponina, glikozide kardiake, antrakinone dhe sheqerna reduktues p\u00ebrve\u00e7 flavonoideve, alkaloideve dhe taninave.<\/span><\/span><\/p>\t\t\t\t\t\t\t\t<\/div>\n\t\t\t\t<\/div>\n\t\t\t\t<div class=\"elementor-element elementor-element-aab35a2 elementor-widget elementor-widget-image\" data-id=\"aab35a2\" data-element_type=\"widget\" data-e-type=\"widget\" data-widget_type=\"image.default\">\n\t\t\t\t<div class=\"elementor-widget-container\">\n\t\t\t\t\t\t\t\t\t\t\t\t\t\t\t<img decoding=\"async\" src=\"https:\/\/www.alivitpharm.com\/wp-content\/uploads\/2022\/09\/leaves.png\" title=\"leaves\" alt=\"Leaves\" loading=\"lazy\" \/>\t\t\t\t\t\t\t\t\t\t\t\t\t\t\t<\/div>\n\t\t\t\t<\/div>\n\t\t\t\t<div class=\"elementor-element elementor-element-8579282 elementor-widget elementor-widget-text-editor\" data-id=\"8579282\" data-element_type=\"widget\" data-e-type=\"widget\" data-widget_type=\"text-editor.default\">\n\t\t\t\t<div class=\"elementor-widget-container\">\n\t\t\t\t\t\t\t\t\t<p><span class=\"jCAhz ChMk0b\"><span class=\"ryNqvb\">Efektet e dobishme t\u00eb bim\u00ebs jan\u00eb kryesisht p\u00ebr shkak t\u00eb alkaloideve, flavonoideve, saponinave, taninave dhe glikozideve, t\u00eb cilat kan\u00eb veti anti-inflamatore.<\/span><\/span> <span class=\"jCAhz ChMk0b\"><span class=\"ryNqvb\">Gjethet e papaj\u00ebs jan\u00eb gjetur t\u00eb p\u00ebrmbajn\u00eb sasi t\u00eb konsiderueshme proteinash, alkaloidesh, aminoacidesh, karbohidratesh, steroidesh dhe glikozidesh.<\/span><\/span> <span class=\"jCAhz ChMk0b\"><span class=\"ryNqvb\">\u00cbsht\u00eb raportuar gjithashtu prania e sheqernave, glikozideve, saponinave, proteinave, aminoacideve, steroideve dhe terpenoideve n\u00eb sasi t\u00eb matshme.<\/span><\/span> <span class=\"jCAhz ChMk0b\"><span class=\"ryNqvb\">Studimet kan\u00eb treguar efikasitetin antimikrobik t\u00eb gjetheve t\u00eb fresk\u00ebta dhe t\u00eb thata t\u00eb <em>C. papaya<\/em> kund\u00ebr baktereve dhe k\u00ebrpudhave.<\/span><\/span> <span class=\"jCAhz ChMk0b\"><span class=\"ryNqvb\">Mostrat e thata nga bima treguan efikasitet t\u00eb konsideruesh\u00ebm kund\u00ebr baktereve Gram-negative dhe Gram-pozitive.<\/span><\/span> <span class=\"jCAhz ChMk0b\"><span class=\"ryNqvb\">Megjithat\u00eb, mostra e fresk\u00ebt ishte efektive vet\u00ebm kund\u00ebr baktereve Gram-pozitive.<\/span><\/span> <span class=\"jCAhz ChMk0b\"><span class=\"ryNqvb\">N\u00eb t\u00eb nj\u00ebjtin studim, ekstraktet metanolike dhe ujore t\u00eb <em>C. papaya<\/em> penguan aktivitetin e <em>Escherichia coli<\/em>, <em>Staphylococcus aureus<\/em> dhe <em>Candida albicans<\/em>.<\/span><\/span> <span class=\"jCAhz ChMk0b\"><span class=\"ryNqvb\">Bazuar n\u00eb hulumtim, u zbulua se ekstrakti i gjetheve t\u00eb <em>C. papaya<\/em> ka efekte antibakteriale dhe citotoksike.<\/span><\/span><\/p><p><span class=\"jCAhz ChMk0b\"><span class=\"ryNqvb\">Nanopjes\u00ebzat e sintetizuara nga gjethet e <em>C. papaya<\/em> kan\u00eb treguar se pengojn\u00eb aktivitetin e virusit t\u00eb dengues tip 2. U vler\u00ebsua gjithashtu aktiviteti antiprotozoar i <em>C. papaya<\/em> kund\u00ebr <em>Trypanosoma cruzi<\/em> (nj\u00eb organiz\u00ebm parazitar).<\/span><\/span> <span class=\"jCAhz ChMk0b\"><span class=\"ryNqvb\">Ekstrakti tregoi aktivitetin m\u00eb t\u00eb lart\u00eb antimikrobik kund\u00ebr <em>S. aureus<\/em> dhe <em>B. cereus<\/em>.<\/span><\/span> <span class=\"jCAhz ChMk0b\"><span class=\"ryNqvb\">N\u00eb baz\u00eb t\u00eb k\u00ebrkimit, aktiviteti antiparazitar i p\u00ebrb\u00ebr\u00ebsve t\u00eb izoluar nga ekstrakti i kloroformit i <em>C. papaya<\/em> u vler\u00ebsua.<\/span><\/span><\/p>\t\t\t\t\t\t\t\t<\/div>\n\t\t\t\t<\/div>\n\t\t\t\t<div class=\"elementor-element elementor-element-f3ec39b elementor-widget elementor-widget-heading\" data-id=\"f3ec39b\" data-element_type=\"widget\" data-e-type=\"widget\" data-widget_type=\"heading.default\">\n\t\t\t\t<div class=\"elementor-widget-container\">\n\t\t\t\t\t<h4 class=\"elementor-heading-title elementor-size-default\">Referencat<\/h4>\t\t\t\t<\/div>\n\t\t\t\t<\/div>\n\t\t\t\t<div class=\"elementor-element elementor-element-2942c6b elementor-widget elementor-widget-text-editor\" data-id=\"2942c6b\" data-element_type=\"widget\" data-e-type=\"widget\" data-widget_type=\"text-editor.default\">\n\t\t\t\t<div class=\"elementor-widget-container\">\n\t\t\t\t\t\t\t\t\t<ul><li style=\"list-style-type: none;\"><ul><li><a class=\"reference-link\" href=\"https:\/\/www.sciencedirect.com\/science\/article\/pii\/S2667142523000520\" target=\"_blank\" rel=\"noopener\">Ethnomedicinal uses, nutritional composition, phytochemistry and potential health benefits of Carica papaya<\/a><\/li><\/ul><\/li><\/ul>\t\t\t\t\t\t\t\t<\/div>\n\t\t\t\t<\/div>\n\t\t\t\t\t<\/div>\n\t\t<\/div>\n\t\t\t\t\t<\/div>\n\t\t<\/section>\n\t\t\t\t<\/div>","protected":false},"excerpt":{"rendered":"<p>Papaya Carica papaya L. &#8211; Caricaceae Papaya is a popular fruit grown in tropical and subtropical countries. The nutritional and therapeutic qualities of papaya are widely known. The leaves, among other plant components, have been used as therapeutic drugs for several diseases. Papaya leaves contain various bioactive components, including phenolic compounds, flavonoids, alkaloids. These substances &hellip;<\/p>\n<p class=\"read-more\"> <a class=\"\" href=\"https:\/\/www.alivitpharm.com\/sq\/papaya\/\"> <span class=\"screen-reader-text\">Papaja<\/span> Read More &raquo;<\/a><\/p>","protected":false},"author":9,"featured_media":0,"parent":0,"menu_order":0,"comment_status":"closed","ping_status":"closed","template":"","meta":{"site-sidebar-layout":"no-sidebar","site-content-layout":"page-builder","ast-global-header-display":"","ast-main-header-display":"","ast-hfb-above-header-display":"","ast-hfb-below-header-display":"","ast-hfb-mobile-header-display":"","site-post-title":"disabled","ast-breadcrumbs-content":"","ast-featured-img":"disabled","footer-sml-layout":"","theme-transparent-header-meta":"","adv-header-id-meta":"","stick-header-meta":"","header-above-stick-meta":"","header-main-stick-meta":"","header-below-stick-meta":"","footnotes":""},"class_list":["post-12451","page","type-page","status-publish","hentry"],"_links":{"self":[{"href":"https:\/\/www.alivitpharm.com\/sq\/wp-json\/wp\/v2\/pages\/12451","targetHints":{"allow":["GET"]}}],"collection":[{"href":"https:\/\/www.alivitpharm.com\/sq\/wp-json\/wp\/v2\/pages"}],"about":[{"href":"https:\/\/www.alivitpharm.com\/sq\/wp-json\/wp\/v2\/types\/page"}],"author":[{"embeddable":true,"href":"https:\/\/www.alivitpharm.com\/sq\/wp-json\/wp\/v2\/users\/9"}],"replies":[{"embeddable":true,"href":"https:\/\/www.alivitpharm.com\/sq\/wp-json\/wp\/v2\/comments?post=12451"}],"version-history":[{"count":13,"href":"https:\/\/www.alivitpharm.com\/sq\/wp-json\/wp\/v2\/pages\/12451\/revisions"}],"predecessor-version":[{"id":12468,"href":"https:\/\/www.alivitpharm.com\/sq\/wp-json\/wp\/v2\/pages\/12451\/revisions\/12468"}],"wp:attachment":[{"href":"https:\/\/www.alivitpharm.com\/sq\/wp-json\/wp\/v2\/media?parent=12451"}],"curies":[{"name":"wp","href":"https:\/\/api.w.org\/{rel}","templated":true}]}}