{"id":13797,"date":"2026-01-29T12:15:14","date_gmt":"2026-01-29T10:15:14","guid":{"rendered":"https:\/\/www.alivitpharm.com\/?page_id=13797"},"modified":"2026-01-30T10:40:49","modified_gmt":"2026-01-30T08:40:49","slug":"vitex","status":"publish","type":"page","link":"https:\/\/www.alivitpharm.com\/sq\/vitex\/","title":{"rendered":"Agnocastit"},"content":{"rendered":"<div data-elementor-type=\"wp-page\" data-elementor-id=\"13797\" class=\"elementor elementor-13797\">\n\t\t\t\t\t\t<section class=\"elementor-section elementor-top-section elementor-element elementor-element-86bb502 elementor-section-content-middle elementor-section-boxed elementor-section-height-default elementor-section-height-default\" data-id=\"86bb502\" data-element_type=\"section\" data-e-type=\"section\" data-settings=\"{&quot;background_background&quot;:&quot;classic&quot;}\">\n\t\t\t\t\t\t\t<div class=\"elementor-background-overlay\"><\/div>\n\t\t\t\t\t\t\t<div class=\"elementor-container elementor-column-gap-default\">\n\t\t\t\t\t<div class=\"elementor-column elementor-col-100 elementor-top-column elementor-element elementor-element-c6e6d36\" data-id=\"c6e6d36\" data-element_type=\"column\" data-e-type=\"column\">\n\t\t\t<div class=\"elementor-widget-wrap elementor-element-populated\">\n\t\t\t\t\t\t<div class=\"elementor-element elementor-element-3d970cf elementor-widget elementor-widget-heading\" data-id=\"3d970cf\" data-element_type=\"widget\" data-e-type=\"widget\" data-widget_type=\"heading.default\">\n\t\t\t\t<div class=\"elementor-widget-container\">\n\t\t\t\t\t<h1 class=\"elementor-heading-title elementor-size-default\">Agnocastit<\/h1>\t\t\t\t<\/div>\n\t\t\t\t<\/div>\n\t\t\t\t<div class=\"elementor-element elementor-element-0ddc79e elementor-widget elementor-widget-image\" data-id=\"0ddc79e\" data-element_type=\"widget\" data-e-type=\"widget\" data-widget_type=\"image.default\">\n\t\t\t\t<div class=\"elementor-widget-container\">\n\t\t\t\t\t\t\t\t\t\t\t\t\t\t\t<img decoding=\"async\" width=\"75\" height=\"33\" src=\"https:\/\/www.alivitpharm.com\/wp-content\/uploads\/2019\/07\/logo-leaf-new.png\" class=\"attachment-large size-large wp-image-2518\" alt=\"\" \/>\t\t\t\t\t\t\t\t\t\t\t\t\t\t\t<\/div>\n\t\t\t\t<\/div>\n\t\t\t\t<div class=\"elementor-element elementor-element-02091a6 elementor-widget elementor-widget-text-editor\" data-id=\"02091a6\" data-element_type=\"widget\" data-e-type=\"widget\" data-widget_type=\"text-editor.default\">\n\t\t\t\t<div class=\"elementor-widget-container\">\n\t\t\t\t\t\t\t\t\t<p><em>Vitex agnus-castus, L. Verbenaceae<\/em><\/p>\t\t\t\t\t\t\t\t<\/div>\n\t\t\t\t<\/div>\n\t\t\t\t\t<\/div>\n\t\t<\/div>\n\t\t\t\t\t<\/div>\n\t\t<\/section>\n\t\t\t\t<section class=\"elementor-section elementor-top-section elementor-element elementor-element-3a5e56d elementor-section-boxed elementor-section-height-default elementor-section-height-default\" data-id=\"3a5e56d\" data-element_type=\"section\" data-e-type=\"section\" data-settings=\"{&quot;background_background&quot;:&quot;classic&quot;}\">\n\t\t\t\t\t\t<div class=\"elementor-container elementor-column-gap-default\">\n\t\t\t\t\t<div class=\"elementor-column elementor-col-100 elementor-top-column elementor-element elementor-element-4d2c199\" data-id=\"4d2c199\" data-element_type=\"column\" data-e-type=\"column\">\n\t\t\t<div class=\"elementor-widget-wrap elementor-element-populated\">\n\t\t\t\t\t\t<div class=\"elementor-element elementor-element-00e9cae elementor-widget elementor-widget-image\" data-id=\"00e9cae\" data-element_type=\"widget\" data-e-type=\"widget\" data-widget_type=\"image.default\">\n\t\t\t\t<div class=\"elementor-widget-container\">\n\t\t\t\t\t\t\t\t\t\t\t\t\t\t\t<img decoding=\"async\" src=\"https:\/\/www.alivitpharm.com\/wp-content\/uploads\/2026\/01\/vitex.jpg\" title=\"vitex\" alt=\"Agnocastit\" loading=\"lazy\" \/>\t\t\t\t\t\t\t\t\t\t\t\t\t\t\t<\/div>\n\t\t\t\t<\/div>\n\t\t\t\t<div class=\"elementor-element elementor-element-df2ceb2 elementor-widget elementor-widget-text-editor\" data-id=\"df2ceb2\" data-element_type=\"widget\" data-e-type=\"widget\" data-widget_type=\"text-editor.default\">\n\t\t\t\t<div class=\"elementor-widget-container\">\n\t\t\t\t\t\t\t\t\t<p data-start=\"118\" data-end=\"685\"><strong>Agnocastiti (Vitex agnus-castus)<\/strong> \u00ebsht\u00eb nj\u00eb bim\u00eb shkurre nga familja <em>Verbenaceae,<\/em> e cila rrjedh nga rajonet e Greqis\u00eb dhe Italis\u00eb, ku p\u00ebrdoret si bim\u00eb mjek\u00ebsore q\u00eb nga koha antike. Shtang\u00ebt e agnocastit jan\u00eb kat\u00ebrk\u00ebndore, me rrath\u00eb, me ngjyr\u00eb jeshile t\u00eb hapur, nd\u00ebrsa gjethet e zgjatura q\u00ebndrojn\u00eb n\u00eb bisht t\u00eb gjat\u00eb dhe jan\u00eb t\u00eb ndara n\u00eb m\u00ebnyr\u00eb gisht\u00ebrore n\u00eb 5-7 flet\u00ebza. Lule t\u00eb vogla me ngjyr\u00eb vjollc\u00eb ose roz\u00eb jan\u00eb t\u00eb grumbulluara n\u00eb lul\u00ebzime t\u00eb gjata dhe t\u00eb nd\u00ebrprera. Fruti i agnocastit \u00ebsht\u00eb nj\u00eb rrush i vog\u00ebl me ngjyr\u00eb t\u00eb kuqe t\u00eb err\u00ebt deri n\u00eb t\u00eb zez\u00eb, i cili mblidhet n\u00eb fillim t\u00eb vjesht\u00ebs dhe duket dhe shijon si piper.<\/p><p data-start=\"687\" data-end=\"1047\">Si pjes\u00eb mjek\u00ebsore e bim\u00ebs p\u00ebrdoret fruti, i pasur me p\u00ebrb\u00ebr\u00ebs aktiv\u00eb t\u00eb shumt\u00eb, ku m\u00eb t\u00eb r\u00ebnd\u00ebsishmit jan\u00eb: flavonoidet (kasticin, C-heterozidet, panduletin), iridoidet (aukubozid dhe agnuzid), diterpenet (rotundifuran, viteksilakton), alkaloidet (viticin), vajra esenciale (t\u00eb pasura me eukaliptol, sabinen dhe farnesen), steroidet dhe vajrat yndyror\u00eb.<\/p><p data-start=\"1049\" data-end=\"1373\">Jan\u00eb kryer shum\u00eb studime q\u00eb kan\u00eb konfirmuar se fruti i agnocastit ndihmon rregullimin e ciklit menstrual, leht\u00ebson simptomat e sindrom\u00ebs para-menstruale (PMS) dhe simptomat e menopauz\u00ebs. Fruti i agnocastit p\u00ebrdoret p\u00ebr nj\u00eb gam\u00eb t\u00eb gjer\u00eb t\u00eb gjendjeve riprodhuese fem\u00ebrore n\u00eb praktik\u00ebn angloamerikane dhe evropiane.<\/p><p data-start=\"1375\" data-end=\"1871\">Studimet kan\u00eb treguar se fruti i agnocastit ka dh\u00ebn\u00eb efekte shum\u00eb m\u00eb t\u00eb mira n\u00eb trajtimin e sindrom\u00ebs para-menstruale sesa kombinimi i magnezit me vitamin\u00ebn B6, p\u00ebr shkak t\u00eb veprimit t\u00eb tij t\u00eb fuqish\u00ebm antispazmodik. N\u00eb rastin e \u00e7rregullimeve distrofi\u00e7 t\u00eb para-menstruacioneve, nj\u00eb studim ka treguar se agnocastiti \u00ebsht\u00eb ekuivalent i ila\u00e7it fluoksetin\u00eb n\u00eb reduktimin e shqet\u00ebsimeve. Gjithashtu, \u00ebsht\u00eb v\u00ebrtetuar se ndikon pozitivisht n\u00eb nivelet e prolaktin\u00ebs dhe mund t\u00eb rekomandohet p\u00ebr hiperprolaktinemi latent.<\/p>\t\t\t\t\t\t\t\t<\/div>\n\t\t\t\t<\/div>\n\t\t\t\t<div class=\"elementor-element elementor-element-cdb9f42 elementor-widget elementor-widget-image\" data-id=\"cdb9f42\" data-element_type=\"widget\" data-e-type=\"widget\" data-widget_type=\"image.default\">\n\t\t\t\t<div class=\"elementor-widget-container\">\n\t\t\t\t\t\t\t\t\t\t\t\t\t\t\t<img decoding=\"async\" src=\"https:\/\/www.alivitpharm.com\/wp-content\/uploads\/2022\/09\/leaves.png\" title=\"leaves\" alt=\"Leaves\" loading=\"lazy\" \/>\t\t\t\t\t\t\t\t\t\t\t\t\t\t\t<\/div>\n\t\t\t\t<\/div>\n\t\t\t\t<div class=\"elementor-element elementor-element-33ee524 elementor-widget elementor-widget-text-editor\" data-id=\"33ee524\" data-element_type=\"widget\" data-e-type=\"widget\" data-widget_type=\"text-editor.default\">\n\t\t\t\t<div class=\"elementor-widget-container\">\n\t\t\t\t\t\t\t\t\t<p data-start=\"113\" data-end=\"594\">Mekanizmi i veprimit t\u00eb p\u00ebrb\u00ebr\u00ebsve aktiv\u00eb buron nga efekti inhibitor mbi receptor\u00ebt dopaminik\u00eb dhe opioidik\u00eb. Veprimi inhibitor mbi receptor\u00ebt dopaminik\u00eb ndihmon n\u00eb rregullimin e sekretimit t\u00eb prolaktin\u00ebs, ve\u00e7an\u00ebrisht gjat\u00eb periudh\u00ebs para menstruacioneve, pasi hiperprolaktinemia \u00ebsht\u00eb nj\u00eb nga shkaktar\u00ebt kryesor\u00eb t\u00eb shfaqjes s\u00eb simptomave t\u00eb sindrom\u00ebs para-menstruale (PMS). Nivel i patologjikisht i lart\u00eb i prolaktin\u00ebs shfaqet edhe n\u00eb s\u00ebmundjen e Parkinsonit, prandaj agnocastiti mund t\u00eb p\u00ebrdoret edhe n\u00eb k\u00ebt\u00eb rast p\u00ebr leht\u00ebsimin e simptomave.<\/p><p data-start=\"596\" data-end=\"928\">Kur b\u00ebhet fjal\u00eb p\u00ebr shqet\u00ebsimet menstruale, nervozizmin, shfaqjen e pu\u00e7rrave, dhe simptomat e pak\u00ebndshme t\u00eb lidhura me sindrom\u00ebn para-menstruale \u2013 si dhimbjet n\u00eb pjes\u00ebn e poshtme t\u00eb barkut, irritimi, pagjum\u00ebsia, dhimbjet e gjinjve \u2013 agnocastiti \u00ebsht\u00eb i besuesh\u00ebm p\u00ebr leht\u00ebsimin e tyre. Ai rekomandohet n\u00eb t\u00eb gjitha periudhat e jet\u00ebs kur cikli menstrual \u00ebsht\u00eb i parregullt.<\/p><p data-start=\"930\" data-end=\"1164\">Agjencia Evropiane p\u00ebr Barnat (EMA) e p\u00ebrshkruan frutin e agnocastit si nj\u00eb ila\u00e7 bimor tradicional p\u00ebr leht\u00ebsimin e simptomave t\u00eb lehta t\u00eb PMS-it, dhe ky p\u00ebrfundim bazohet n\u00eb p\u00ebrdorimin e gjat\u00eb t\u00eb bim\u00ebs. E vetmja kund\u00ebrindikacion p\u00ebr p\u00ebrdorimin e frutit t\u00eb agnocastit \u00ebsht\u00eb mbindjeshm\u00ebria.<\/p><p data-start=\"1166\" data-end=\"1898\">Pacient\u00ebt q\u00eb vuajn\u00eb ose kan\u00eb vuajtur nga kanceri i ndjesh\u00ebm ndaj estrogjenit duhet t\u00eb konsultohen me mjekun e tyre para p\u00ebrdorimit t\u00eb frutit t\u00eb agnocastit. Pacient\u00ebt q\u00eb p\u00ebrdorin agonsit\u00eb e dopamin\u00ebs, antagonist\u00ebt e dopamin\u00ebs, ose estrogjenet duhet gjithashtu t\u00eb konsultohen me mjekun para p\u00ebrdorimit t\u00eb frutit t\u00eb agnocastit. P\u00ebrdorimi tek f\u00ebmij\u00ebt dhe adoleshent\u00ebt n\u00ebn 18 vje\u00e7 nuk \u00ebsht\u00eb p\u00ebrcaktuar p\u00ebr shkak t\u00eb munges\u00ebs s\u00eb t\u00eb dh\u00ebnave adekuate. Mendohet se fruti i agnocastit vepron mbi hipofiz\u00ebn dhe hipotalamusin, prandaj pacient\u00ebt me histori t\u00eb \u00e7rregullimeve t\u00eb hipofiz\u00ebs duhet t\u00eb k\u00ebshillohen me mjekun para p\u00ebrdorimit. P\u00ebrdorimi gjat\u00eb shtatz\u00ebnis\u00eb dhe gjidh\u00ebnies nuk rekomandohet p\u00ebr shkak t\u00eb munges\u00ebs s\u00eb provave.<\/p>\t\t\t\t\t\t\t\t<\/div>\n\t\t\t\t<\/div>\n\t\t\t\t<div class=\"elementor-element elementor-element-5949bd4 elementor-widget elementor-widget-heading\" data-id=\"5949bd4\" data-element_type=\"widget\" data-e-type=\"widget\" data-widget_type=\"heading.default\">\n\t\t\t\t<div class=\"elementor-widget-container\">\n\t\t\t\t\t<h4 class=\"elementor-heading-title elementor-size-default\">Referencat<\/h4>\t\t\t\t<\/div>\n\t\t\t\t<\/div>\n\t\t\t\t<div class=\"elementor-element elementor-element-aed19f8 elementor-widget elementor-widget-text-editor\" data-id=\"aed19f8\" data-element_type=\"widget\" data-e-type=\"widget\" data-widget_type=\"text-editor.default\">\n\t\t\t\t<div class=\"elementor-widget-container\">\n\t\t\t\t\t\t\t\t\t<ul><li><a class=\"reference-link\" href=\"https:\/\/pubmed.ncbi.nlm.nih.gov\/23136064\/\" target=\"_blank\" rel=\"noopener\">Vitex agnus-castus extracts for female reproductive disorders: a systematic review of clinical trials<\/a><\/li><li><a class=\"reference-link\" href=\"https:\/\/pubmed.ncbi.nlm.nih.gov\/29063202\/\" target=\"_blank\" rel=\"noopener\">Vitex agnus castus for premenstrual syndrome and premenstrual dysphoric disorder: a systematic review<\/a><\/li><li><a class=\"reference-link\" href=\"https:\/\/pubmed.ncbi.nlm.nih.gov\/38075075\/\" target=\"_blank\" rel=\"noopener\">Vitex agnus castus effects on hyperprolactinaemia<\/a><\/li><li><a class=\"reference-link\" href=\"https:\/\/www.ema.europa.eu\/en\/documents\/herbal-monograph\/final-european-union-herbal-monograph-vitex-agnus-castus-l-fructus-revision-1_en.pdf\" target=\"_blank\" rel=\"noopener\">European Medicines Agency PDF<\/a><\/li><\/ul>\t\t\t\t\t\t\t\t<\/div>\n\t\t\t\t<\/div>\n\t\t\t\t\t<\/div>\n\t\t<\/div>\n\t\t\t\t\t<\/div>\n\t\t<\/section>\n\t\t\t\t<\/div>","protected":false},"excerpt":{"rendered":"<p>Vitex Vitex agnus-castus, L. Verbenaceae Vitex (Vitex agnus-castus) is a shrubby plant from the Verbenaceae family, originating from the regions of Greece and Italy, where it has been used as a medicinal plant since ancient times. The stems of vitex are four-angled, ringed, and light green, while the elongated leaves are borne on long petioles &hellip;<\/p>\n<p class=\"read-more\"> <a class=\"\" href=\"https:\/\/www.alivitpharm.com\/sq\/vitex\/\"> <span class=\"screen-reader-text\">Agnocastit<\/span> Read More &raquo;<\/a><\/p>","protected":false},"author":9,"featured_media":0,"parent":0,"menu_order":0,"comment_status":"closed","ping_status":"closed","template":"","meta":{"site-sidebar-layout":"no-sidebar","site-content-layout":"page-builder","ast-global-header-display":"","ast-main-header-display":"","ast-hfb-above-header-display":"","ast-hfb-below-header-display":"","ast-hfb-mobile-header-display":"","site-post-title":"disabled","ast-breadcrumbs-content":"","ast-featured-img":"disabled","footer-sml-layout":"","theme-transparent-header-meta":"","adv-header-id-meta":"","stick-header-meta":"","header-above-stick-meta":"","header-main-stick-meta":"","header-below-stick-meta":"","footnotes":""},"class_list":["post-13797","page","type-page","status-publish","hentry"],"_links":{"self":[{"href":"https:\/\/www.alivitpharm.com\/sq\/wp-json\/wp\/v2\/pages\/13797","targetHints":{"allow":["GET"]}}],"collection":[{"href":"https:\/\/www.alivitpharm.com\/sq\/wp-json\/wp\/v2\/pages"}],"about":[{"href":"https:\/\/www.alivitpharm.com\/sq\/wp-json\/wp\/v2\/types\/page"}],"author":[{"embeddable":true,"href":"https:\/\/www.alivitpharm.com\/sq\/wp-json\/wp\/v2\/users\/9"}],"replies":[{"embeddable":true,"href":"https:\/\/www.alivitpharm.com\/sq\/wp-json\/wp\/v2\/comments?post=13797"}],"version-history":[{"count":19,"href":"https:\/\/www.alivitpharm.com\/sq\/wp-json\/wp\/v2\/pages\/13797\/revisions"}],"predecessor-version":[{"id":13823,"href":"https:\/\/www.alivitpharm.com\/sq\/wp-json\/wp\/v2\/pages\/13797\/revisions\/13823"}],"wp:attachment":[{"href":"https:\/\/www.alivitpharm.com\/sq\/wp-json\/wp\/v2\/media?parent=13797"}],"curies":[{"name":"wp","href":"https:\/\/api.w.org\/{rel}","templated":true}]}}