{"id":14050,"date":"2026-03-26T16:43:40","date_gmt":"2026-03-26T14:43:40","guid":{"rendered":"https:\/\/www.alivitpharm.com\/?page_id=14050"},"modified":"2026-04-08T09:32:44","modified_gmt":"2026-04-08T07:32:44","slug":"valerian","status":"publish","type":"page","link":"https:\/\/www.alivitpharm.com\/sq\/valerian\/","title":{"rendered":"Valerian\u00eb"},"content":{"rendered":"<div data-elementor-type=\"wp-page\" data-elementor-id=\"14050\" class=\"elementor elementor-14050\">\n\t\t\t\t\t\t<section class=\"elementor-section elementor-top-section elementor-element elementor-element-13d107e elementor-section-content-middle elementor-section-boxed elementor-section-height-default elementor-section-height-default\" data-id=\"13d107e\" data-element_type=\"section\" data-e-type=\"section\" data-settings=\"{&quot;background_background&quot;:&quot;classic&quot;}\">\n\t\t\t\t\t\t\t<div class=\"elementor-background-overlay\"><\/div>\n\t\t\t\t\t\t\t<div class=\"elementor-container elementor-column-gap-default\">\n\t\t\t\t\t<div class=\"elementor-column elementor-col-100 elementor-top-column elementor-element elementor-element-6b7c9ac\" data-id=\"6b7c9ac\" data-element_type=\"column\" data-e-type=\"column\">\n\t\t\t<div class=\"elementor-widget-wrap elementor-element-populated\">\n\t\t\t\t\t\t<div class=\"elementor-element elementor-element-d647ccf elementor-widget elementor-widget-heading\" data-id=\"d647ccf\" data-element_type=\"widget\" data-e-type=\"widget\" data-widget_type=\"heading.default\">\n\t\t\t\t<div class=\"elementor-widget-container\">\n\t\t\t\t\t<h1 class=\"elementor-heading-title elementor-size-default\">Valerian\u00eb<\/h1>\t\t\t\t<\/div>\n\t\t\t\t<\/div>\n\t\t\t\t<div class=\"elementor-element elementor-element-3291d37 elementor-widget elementor-widget-image\" data-id=\"3291d37\" data-element_type=\"widget\" data-e-type=\"widget\" data-widget_type=\"image.default\">\n\t\t\t\t<div class=\"elementor-widget-container\">\n\t\t\t\t\t\t\t\t\t\t\t\t\t\t\t<img decoding=\"async\" width=\"75\" height=\"33\" src=\"https:\/\/www.alivitpharm.com\/wp-content\/uploads\/2019\/07\/logo-leaf-new.png\" class=\"attachment-large size-large wp-image-2518\" alt=\"\" \/>\t\t\t\t\t\t\t\t\t\t\t\t\t\t\t<\/div>\n\t\t\t\t<\/div>\n\t\t\t\t<div class=\"elementor-element elementor-element-87c2bc2 elementor-widget elementor-widget-text-editor\" data-id=\"87c2bc2\" data-element_type=\"widget\" data-e-type=\"widget\" data-widget_type=\"text-editor.default\">\n\t\t\t\t<div class=\"elementor-widget-container\">\n\t\t\t\t\t\t\t\t\t<p><em>Valeriana officinalis L. &#8211; Valerianaceae<\/em><\/p>\t\t\t\t\t\t\t\t<\/div>\n\t\t\t\t<\/div>\n\t\t\t\t\t<\/div>\n\t\t<\/div>\n\t\t\t\t\t<\/div>\n\t\t<\/section>\n\t\t\t\t<section class=\"elementor-section elementor-top-section elementor-element elementor-element-52d335f elementor-section-boxed elementor-section-height-default elementor-section-height-default\" data-id=\"52d335f\" data-element_type=\"section\" data-e-type=\"section\" data-settings=\"{&quot;background_background&quot;:&quot;classic&quot;}\">\n\t\t\t\t\t\t<div class=\"elementor-container elementor-column-gap-default\">\n\t\t\t\t\t<div class=\"elementor-column elementor-col-100 elementor-top-column elementor-element elementor-element-a91f906\" data-id=\"a91f906\" data-element_type=\"column\" data-e-type=\"column\">\n\t\t\t<div class=\"elementor-widget-wrap elementor-element-populated\">\n\t\t\t\t\t\t<div class=\"elementor-element elementor-element-af6c43b elementor-widget elementor-widget-image\" data-id=\"af6c43b\" data-element_type=\"widget\" data-e-type=\"widget\" data-widget_type=\"image.default\">\n\t\t\t\t<div class=\"elementor-widget-container\">\n\t\t\t\t\t\t\t\t\t\t\t\t\t\t\t<img decoding=\"async\" src=\"https:\/\/www.alivitpharm.com\/wp-content\/uploads\/2026\/03\/valerian.jpg\" title=\"valerian\" alt=\"Valerian\u00eb\" loading=\"lazy\" \/>\t\t\t\t\t\t\t\t\t\t\t\t\t\t\t<\/div>\n\t\t\t\t<\/div>\n\t\t\t\t<div class=\"elementor-element elementor-element-5dc52f8 elementor-widget elementor-widget-text-editor\" data-id=\"5dc52f8\" data-element_type=\"widget\" data-e-type=\"widget\" data-widget_type=\"text-editor.default\">\n\t\t\t\t<div class=\"elementor-widget-container\">\n\t\t\t\t\t\t\t\t\t<p><span class=\"jCAhz ChMk0b\"><span class=\"ryNqvb\"><strong>Valerian\u00eb<\/strong> \u00ebsht\u00eb nj\u00eb bim\u00eb shum\u00ebvje\u00e7are barishtore q\u00eb i p\u00ebrket familjes <em>Valerianaceae<\/em> dhe p\u00ebrdoret q\u00eb nga koh\u00ebrat e lashta n\u00eb mjek\u00ebsin\u00eb tradicionale p\u00ebr probleme t\u00eb ndryshme sh\u00ebndet\u00ebsore.<\/span><\/span> <span class=\"jCAhz ChMk0b\"><span class=\"ryNqvb\">Bima gjendet n\u00eb Evrop\u00eb dhe n\u00eb rajonet me klim\u00eb t\u00eb but\u00eb t\u00eb Azis\u00eb.<\/span><\/span> <span class=\"jCAhz ChMk0b\"><span class=\"ryNqvb\">Kultivohet kryesisht n\u00eb Evrop\u00ebn Qendrore, Angli, Franc\u00eb, Evrop\u00ebn Lindore, Japoni dhe SHBA. <\/span><\/span><span class=\"jCAhz ChMk0b\"><span class=\"ryNqvb\">Valeriana mund t\u00eb rritet n\u00eb tok\u00eb ranore, me humus, t\u00eb pasur me g\u00eblqere dhe n\u00eb zona me lag\u00ebshti.<\/span><\/span> <span class=\"jCAhz\"><span class=\"ryNqvb\">Rr\u00ebnja mblidhet n\u00eb shtator.<\/span><\/span> <span class=\"jCAhz ChMk0b\"><span class=\"ryNqvb\">Rr\u00ebnj\u00ebt e fresk\u00ebta lahen, cop\u00ebtohen dhe thahen me kujdes n\u00eb aj\u00ebr q\u00eb qarkullon n\u00ebn 40\u00b0C.<\/span><\/span> <span class=\"jCAhz ChMk0b\"><span class=\"ryNqvb\">Pjes\u00ebt mjek\u00ebsore jan\u00eb pjes\u00ebt n\u00ebntok\u00ebsore dhe rr\u00ebnj\u00ebt e thata, t\u00eb cilat thahen me kujdes.<\/span><\/span><\/p><p><span class=\"jCAhz ChMk0b\"><span class=\"ryNqvb\">Bima \u00ebsht\u00eb 50 deri n\u00eb 100 cm e lart\u00eb dhe ka nj\u00eb rizom\u00eb t\u00eb shkurt\u00ebr cilindrike me rr\u00ebnj\u00eb t\u00eb shumta dhe t\u00eb rrumbullak\u00ebta.<\/span><\/span> <span class=\"jCAhz\"><span class=\"ryNqvb\">K\u00ebrcelli \u00ebsht\u00eb i drejt\u00eb dhe i padeg\u00ebzuar.<\/span><\/span> <span class=\"jCAhz\"><span class=\"ryNqvb\">Gjethet jan\u00eb t\u00eb p\u00ebrb\u00ebra n\u00eb m\u00ebnyr\u00eb tek-pendore.<\/span><\/span> <span class=\"jCAhz ChMk0b\"><span class=\"ryNqvb\">Rr\u00ebnj\u00ebt dhe rizomat e <em>Valeriana spp.<\/em> jan\u00eb t\u00eb pasura me vajra esencial\u00eb, iridoide, flavonoide, alkaloide, aminoacide dhe lignanoide, t\u00eb cilat kan\u00eb nj\u00eb er\u00eb karakteristike dhe p\u00ebrdoren si ila\u00e7e fal\u00eb bioaktivitetit t\u00eb tyre, q\u00eb p\u00ebrfshin efekt qet\u00ebsues, nxitje t\u00eb gjumit, veprim antidepresiv dhe kund\u00ebr ankthit.<\/span><\/span> <span class=\"jCAhz ChMk0b\"><span class=\"ryNqvb\">Nj\u00eb p\u00ebrdorim tjet\u00ebr, m\u00eb pak i njohur, nuk duhet neglizhuar: kjo bim\u00eb ka efekt diuretik dhe gjithashtu ndikon pozitivisht n\u00eb funksionet njoh\u00ebse.<\/span><\/span> <span class=\"jCAhz ChMk0b\"><span class=\"ryNqvb\">\u00cbsht\u00eb nj\u00eb zgjedhje e shk\u00eblqyer n\u00eb trajtimin e pagjum\u00ebsis\u00eb dhe tensionit nervor t\u00eb shkaktuar nga stresi i madh.<\/span><\/span> <span class=\"jCAhz ChMk0b\"><span class=\"ryNqvb\">N\u00eb eksperimente me kafsh\u00eb \u00ebsht\u00eb v\u00ebrtetuar se valeriana ka veti qet\u00ebsuese, anksiolitike, spazmolitike, relaksuese t\u00eb muskujve dhe antiul\u00e7erogjene.<\/span><\/span><\/p><p><span class=\"jCAhz ChMk0b\"><span class=\"ryNqvb\"> Efektiviteti farmakologjik i bim\u00ebs varet shum\u00eb nga cil\u00ebsia e ekstraktit t\u00eb p\u00ebrdorur.<\/span><\/span> <span class=\"jCAhz ChMk0b\"><span class=\"ryNqvb\">Efekti kryesor te njer\u00ebzit \u00ebsht\u00eb zvog\u00eblimi i koh\u00ebs s\u00eb nevojshme p\u00ebr t\u00eb r\u00ebn\u00eb n\u00eb gjum\u00eb.<\/span><\/span> <span class=\"jCAhz ChMk0b\"><span class=\"ryNqvb\">In vitro, \u00ebsht\u00eb treguar se p\u00ebrb\u00ebr\u00ebsit e acidit valerenik reduktojn\u00eb shp\u00ebrb\u00ebrjen e acidit gama-aminobutirik (GABA).<\/span><\/span> <span class=\"jCAhz ChMk0b\"><span class=\"ryNqvb\">Rritja e sasis\u00eb s\u00eb GABA-s s\u00eb disponueshme \u00ebsht\u00eb nj\u00eb nga faktor\u00ebt q\u00eb mund t\u00eb jet\u00eb p\u00ebrgjegj\u00ebs p\u00ebr vetit\u00eb qet\u00ebsuese.<\/span><\/span><\/p>\t\t\t\t\t\t\t\t<\/div>\n\t\t\t\t<\/div>\n\t\t\t\t<div class=\"elementor-element elementor-element-bc11fde elementor-widget elementor-widget-image\" data-id=\"bc11fde\" data-element_type=\"widget\" data-e-type=\"widget\" data-widget_type=\"image.default\">\n\t\t\t\t<div class=\"elementor-widget-container\">\n\t\t\t\t\t\t\t\t\t\t\t\t\t\t\t<img decoding=\"async\" src=\"https:\/\/www.alivitpharm.com\/wp-content\/uploads\/2022\/09\/leaves.png\" title=\"leaves\" alt=\"Leaves\" loading=\"lazy\" \/>\t\t\t\t\t\t\t\t\t\t\t\t\t\t\t<\/div>\n\t\t\t\t<\/div>\n\t\t\t\t<div class=\"elementor-element elementor-element-a305988 elementor-widget elementor-widget-text-editor\" data-id=\"a305988\" data-element_type=\"widget\" data-e-type=\"widget\" data-widget_type=\"text-editor.default\">\n\t\t\t\t<div class=\"elementor-widget-container\">\n\t\t\t\t\t\t\t\t\t<p><strong><span class=\"jCAhz ChMk0b\"><span class=\"ryNqvb\">INDIKACIONET DHE P\u00cbRDORIMI<\/span><\/span><\/strong><\/p><p><span class=\"jCAhz ChMk0b\"><span class=\"ryNqvb\"> T\u00eb miratuara nga Komisioni E: Nervozizmi dhe pagjum\u00ebsia<br \/><\/span><\/span><span class=\"jCAhz ChMk0b\"><span class=\"ryNqvb\"> P\u00ebrdorime t\u00eb paprovuara: Valerian\u00eb p\u00ebrdoret p\u00ebr shqet\u00ebsim, \u00e7rregullime t\u00eb gjumit t\u00eb shkaktuara nga gjendje nervore, lodhje mendore, munges\u00eb p\u00ebrqendrimi, nervoziz\u00ebm, stres, dhimbje koke, epilepsi, histeri, kardiopati nervore, \u00e7rregullime menstruale, menopauz\u00eb, neuralgji, t\u00eb fik\u00ebt, ng\u00ebr\u00e7e n\u00eb stomak, spazma t\u00eb mitr\u00ebs dhe gjendje ankthi.<\/span><\/span><\/p><p><strong><span class=\"jCAhz ChMk0b\"><span class=\"ryNqvb\"> MASAT PARAPRAKE DHE REAKSIONET AN\u00cbSORE<\/span><\/span><\/strong><\/p><p><span class=\"jCAhz ChMk0b\"><span class=\"ryNqvb\">Nuk njihen rreziqe p\u00ebr sh\u00ebndetin kur p\u00ebrdoret n\u00eb m\u00ebnyr\u00eb t\u00eb duhur dhe n\u00eb doza terapeutike t\u00eb caktuara.<\/span><\/span> <span class=\"jCAhz ChMk0b\"><span class=\"ryNqvb\">Gastrointestinal complaints can occur in rare cases, and contact allergies in very rare cases.<\/span><\/span> <span class=\"jCAhz ChMk0b\"><span class=\"ryNqvb\">With long-term use, the following may occasionally occur: headache, restlessness, insomnia, mydriasis, heart function disorders.<\/span><\/span><\/p><p><span class=\"jCAhz ChMk0b\"><span class=\"ryNqvb\">Drug interactions: Valerian can enhance the effect of other central nervous system depressants.<\/span><\/span> <span class=\"jCAhz ChMk0b\"><span class=\"ryNqvb\">Animal studies have shown that valerian has an additive effect when used in combination with barbiturates and benzodiazepines.<\/span><\/span> <span class=\"jCAhz ChMk0b\"><span class=\"ryNqvb\">Although there was no evidence of potentiation of the CNS depressant effect when combined with alcohol, the use of valerian in combination with alcohol is not recommended.<\/span><\/span> <span class=\"jCAhz\"><span class=\"ryNqvb\">Due to the sedative effect of valerian, driving or operating machinery should be avoided for several hours after taking valerian products.<\/span><\/span> <span class=\"jCAhz ChMk0b\"><span class=\"ryNqvb\">The use of valerian during pregnancy or in nursing mothers is not recommended due to lack of evidence.<\/span><\/span><\/p><p><span class=\"jCAhz\"><span class=\"ryNqvb\">Valerian root is available in the form of capsules, tablets or aqueous-ethanol extracts, so that everyone can choose the form that suits them best.<\/span><\/span><\/p><p><span class=\"jCAhz\"><span class=\"ryNqvb\"><em>Valeriana spp.<\/em> is now listed in the European and American pharmacopoeias.<\/span><\/span> <span class=\"jCAhz\"><span class=\"ryNqvb\">It is also sold as a dietary supplement and is one of the best-selling natural medicines in Europe and the USA.<\/span><\/span> <span class=\"jCAhz\"><span class=\"ryNqvb\">In addition, <em>Valeriana spp.<\/em> has high medicinal and economic value in the food, beverage and cosmetic industries due to its distinctive aroma.<\/span><\/span><\/p><p><span class=\"jCAhz ChMk0b\"><span class=\"ryNqvb\">The EMA (European Food and Medicines Agency) prescribes valerian preparations as a traditional herbal remedy to relieve mild symptoms of mental stress and to help with sleep.<\/span><\/span> <span class=\"jCAhz ChMk0b\"><span class=\"ryNqvb\">Valerian contributes to optimal mental and physical relaxation, reduces spasms and digestive disorders, promotes the health of the cardiovascular system, helps induce and maintain natural sleep.<\/span><\/span><\/p>\t\t\t\t\t\t\t\t<\/div>\n\t\t\t\t<\/div>\n\t\t\t\t<div class=\"elementor-element elementor-element-a397e37 elementor-widget elementor-widget-heading\" data-id=\"a397e37\" data-element_type=\"widget\" data-e-type=\"widget\" data-widget_type=\"heading.default\">\n\t\t\t\t<div class=\"elementor-widget-container\">\n\t\t\t\t\t<h4 class=\"elementor-heading-title elementor-size-default\">Referencat<\/h4>\t\t\t\t<\/div>\n\t\t\t\t<\/div>\n\t\t\t\t<div class=\"elementor-element elementor-element-db8691a elementor-widget elementor-widget-text-editor\" data-id=\"db8691a\" data-element_type=\"widget\" data-e-type=\"widget\" data-widget_type=\"text-editor.default\">\n\t\t\t\t<div class=\"elementor-widget-container\">\n\t\t\t\t\t\t\t\t\t<ul><li><a class=\"reference-link\" href=\"https:\/\/scispace.com\/pdf\/chemical-components-and-cardiovascular-activities-of-2wneyenwyr.pdf\" target=\"_blank\" rel=\"noopener\">Chemical Components and Cardiovascular Activities of Valeriana spp.<\/a><\/li><li><a class=\"reference-link\" href=\"https:\/\/www.researchgate.net\/publication\/366257027_Valeriana_officinalis_-_a_review\" target=\"_blank\" rel=\"noopener\">&#8220;Valeriana officinalis&#8221; \u2013 a review<\/a><\/li><li><a class=\"reference-link\" href=\"https:\/\/dokumen.pub\/pdr-for-herbal-medicines-4nbsped-1563636786-9781563636783.html\" target=\"_blank\" rel=\"noopener\">PDR for Herbal Medicines<\/a><\/li><li><a class=\"reference-link\" href=\"https:\/\/www.ema.europa.eu\/en\/documents\/herbal-monograph\/final-european-union-herbal-monograph-valeriana-officinalis-l-aetheroleum_en.pdf\" target=\"_blank\" rel=\"noopener\">European Union herbal monograph on Valeriana officinalis L., aetheroleum<\/a><\/li><\/ul>\t\t\t\t\t\t\t\t<\/div>\n\t\t\t\t<\/div>\n\t\t\t\t\t<\/div>\n\t\t<\/div>\n\t\t\t\t\t<\/div>\n\t\t<\/section>\n\t\t\t\t<\/div>","protected":false},"excerpt":{"rendered":"<p>Valerian Valeriana officinalis L. &#8211; Valerianaceae Valerian is a perennial herbaceous plant belonging to the Valerianaceae family and has been used since ancient times in traditional medicine for various health problems. The plant is found in Europe and temperate regions of Asia. It is cultivated mainly in Central Europe, England, France, Eastern Europe, Japan and &hellip;<\/p>\n<p class=\"read-more\"> <a class=\"\" href=\"https:\/\/www.alivitpharm.com\/sq\/valerian\/\"> <span class=\"screen-reader-text\">Valerian\u00eb<\/span> Read More &raquo;<\/a><\/p>","protected":false},"author":9,"featured_media":0,"parent":0,"menu_order":0,"comment_status":"closed","ping_status":"closed","template":"","meta":{"site-sidebar-layout":"no-sidebar","site-content-layout":"page-builder","ast-global-header-display":"","ast-main-header-display":"","ast-hfb-above-header-display":"","ast-hfb-below-header-display":"","ast-hfb-mobile-header-display":"","site-post-title":"disabled","ast-breadcrumbs-content":"","ast-featured-img":"disabled","footer-sml-layout":"","theme-transparent-header-meta":"","adv-header-id-meta":"","stick-header-meta":"","header-above-stick-meta":"","header-main-stick-meta":"","header-below-stick-meta":"","footnotes":""},"class_list":["post-14050","page","type-page","status-publish","hentry"],"_links":{"self":[{"href":"https:\/\/www.alivitpharm.com\/sq\/wp-json\/wp\/v2\/pages\/14050","targetHints":{"allow":["GET"]}}],"collection":[{"href":"https:\/\/www.alivitpharm.com\/sq\/wp-json\/wp\/v2\/pages"}],"about":[{"href":"https:\/\/www.alivitpharm.com\/sq\/wp-json\/wp\/v2\/types\/page"}],"author":[{"embeddable":true,"href":"https:\/\/www.alivitpharm.com\/sq\/wp-json\/wp\/v2\/users\/9"}],"replies":[{"embeddable":true,"href":"https:\/\/www.alivitpharm.com\/sq\/wp-json\/wp\/v2\/comments?post=14050"}],"version-history":[{"count":28,"href":"https:\/\/www.alivitpharm.com\/sq\/wp-json\/wp\/v2\/pages\/14050\/revisions"}],"predecessor-version":[{"id":14109,"href":"https:\/\/www.alivitpharm.com\/sq\/wp-json\/wp\/v2\/pages\/14050\/revisions\/14109"}],"wp:attachment":[{"href":"https:\/\/www.alivitpharm.com\/sq\/wp-json\/wp\/v2\/media?parent=14050"}],"curies":[{"name":"wp","href":"https:\/\/api.w.org\/{rel}","templated":true}]}}