{"id":14146,"date":"2026-04-20T15:20:13","date_gmt":"2026-04-20T13:20:13","guid":{"rendered":"https:\/\/www.alivitpharm.com\/?page_id=14146"},"modified":"2026-04-21T13:16:34","modified_gmt":"2026-04-21T11:16:34","slug":"vitamin-k2","status":"publish","type":"page","link":"https:\/\/www.alivitpharm.com\/sq\/vitamin-k2\/","title":{"rendered":"Vitamina K2"},"content":{"rendered":"<div data-elementor-type=\"wp-page\" data-elementor-id=\"14146\" class=\"elementor elementor-14146\">\n\t\t\t\t\t\t<section class=\"elementor-section elementor-top-section elementor-element elementor-element-3c0fe46 elementor-section-content-middle elementor-section-boxed elementor-section-height-default elementor-section-height-default\" data-id=\"3c0fe46\" data-element_type=\"section\" data-e-type=\"section\" data-settings=\"{&quot;background_background&quot;:&quot;classic&quot;}\">\n\t\t\t\t\t\t\t<div class=\"elementor-background-overlay\"><\/div>\n\t\t\t\t\t\t\t<div class=\"elementor-container elementor-column-gap-default\">\n\t\t\t\t\t<div class=\"elementor-column elementor-col-100 elementor-top-column elementor-element elementor-element-57b5c68\" data-id=\"57b5c68\" data-element_type=\"column\" data-e-type=\"column\">\n\t\t\t<div class=\"elementor-widget-wrap elementor-element-populated\">\n\t\t\t\t\t\t<div class=\"elementor-element elementor-element-02a06bd elementor-widget elementor-widget-heading\" data-id=\"02a06bd\" data-element_type=\"widget\" data-e-type=\"widget\" data-widget_type=\"heading.default\">\n\t\t\t\t<div class=\"elementor-widget-container\">\n\t\t\t\t\t<h1 class=\"elementor-heading-title elementor-size-default\">Vitamina K2<\/h1>\t\t\t\t<\/div>\n\t\t\t\t<\/div>\n\t\t\t\t<div class=\"elementor-element elementor-element-12eba15 elementor-widget elementor-widget-image\" data-id=\"12eba15\" data-element_type=\"widget\" data-e-type=\"widget\" data-widget_type=\"image.default\">\n\t\t\t\t<div class=\"elementor-widget-container\">\n\t\t\t\t\t\t\t\t\t\t\t\t\t\t\t<img decoding=\"async\" src=\"https:\/\/www.alivitpharm.com\/wp-content\/uploads\/2022\/10\/pill.png\" title=\"pill\" alt=\"Pill\" loading=\"lazy\" \/>\t\t\t\t\t\t\t\t\t\t\t\t\t\t\t<\/div>\n\t\t\t\t<\/div>\n\t\t\t\t<div class=\"elementor-element elementor-element-30f153b elementor-widget elementor-widget-text-editor\" data-id=\"30f153b\" data-element_type=\"widget\" data-e-type=\"widget\" data-widget_type=\"text-editor.default\">\n\t\t\t\t<div class=\"elementor-widget-container\">\n\t\t\t\t\t\t\t\t\t<p><em>Menakinon MK-7<\/em><\/p>\t\t\t\t\t\t\t\t<\/div>\n\t\t\t\t<\/div>\n\t\t\t\t\t<\/div>\n\t\t<\/div>\n\t\t\t\t\t<\/div>\n\t\t<\/section>\n\t\t\t\t<section class=\"elementor-section elementor-top-section elementor-element elementor-element-7ca1627 elementor-section-boxed elementor-section-height-default elementor-section-height-default\" data-id=\"7ca1627\" data-element_type=\"section\" data-e-type=\"section\" data-settings=\"{&quot;background_background&quot;:&quot;classic&quot;}\">\n\t\t\t\t\t\t<div class=\"elementor-container elementor-column-gap-default\">\n\t\t\t\t\t<div class=\"elementor-column elementor-col-100 elementor-top-column elementor-element elementor-element-6804244\" data-id=\"6804244\" data-element_type=\"column\" data-e-type=\"column\">\n\t\t\t<div class=\"elementor-widget-wrap elementor-element-populated\">\n\t\t\t\t\t\t<div class=\"elementor-element elementor-element-1d49637 elementor-widget elementor-widget-text-editor\" data-id=\"1d49637\" data-element_type=\"widget\" data-e-type=\"widget\" data-widget_type=\"text-editor.default\">\n\t\t\t\t<div class=\"elementor-widget-container\">\n\t\t\t\t\t\t\t\t\t<p><strong>Vitamina K<\/strong> \u00ebsht\u00eb nj\u00eb grup vitaminash q\u00eb gjenden n\u00eb disa perime me gjethe jeshile. Vitaminat K1 (fitonadione) dhe K2 (menakinon) jan\u00eb zakonisht t\u00eb disponueshme si suplemente.<\/p><p>Vitamina K \u00ebsht\u00eb nj\u00eb vitamin\u00eb thelb\u00ebsore q\u00eb trupi ka nevoj\u00eb p\u00ebr mpiksjen e gjakut, nd\u00ebrtimin e kockave dhe procese t\u00eb tjera t\u00eb r\u00ebnd\u00ebsishme. Njer\u00ebzit zakonisht e p\u00ebrdorin vitamin\u00ebn K p\u00ebr problemet e mpiksjes s\u00eb gjakut ose p\u00ebr t\u00eb p\u00ebrmbysur efektet e varfarin\u00ebs kur ndodh gjakderdhja. P\u00ebrdoret gjithashtu p\u00ebr osteoporoz\u00ebn, kancerin e gjirit, diabetin, s\u00ebmundjet kardiovaskulare, inflamacionin, s\u00ebmundjen e Alzheimerit dhe neuropatin\u00eb periferike. Marrja e vitamin\u00ebs K2 nga goja p\u00ebrmir\u00ebson forc\u00ebn e kockave dhe zvog\u00eblon rrezikun e frakturave tek njer\u00ebzit me kocka t\u00eb dob\u00ebta.<\/p><p>Vitamina K2, e njohur edhe si menakinon (MK), \u00ebsht\u00eb kryesisht me origjin\u00eb bakteriale. K2 gjendet kryesisht n\u00eb ushqime t\u00eb fermentuara, mish dhe produkte qum\u00ebshti. K2 mund t\u00eb prodhohet gjithashtu nga mikrobioma e zorr\u00ebve t\u00eb njeriut, megjith\u00ebse thithja dhe transporti i vitamin\u00ebs K2 t\u00eb prodhuar n\u00eb k\u00ebt\u00eb m\u00ebnyr\u00eb jan\u00eb m\u00eb pak t\u00eb kuptuara mir\u00eb.<\/p><p>K2 vjen kryesisht nga produktet shtazore, t\u00eb cilat mund ta sintetizojn\u00eb at\u00eb nga K1 q\u00eb konsumojn\u00eb duke ngr\u00ebn\u00eb bar. Nd\u00ebrsa praktikat bujq\u00ebsore i kan\u00eb zhvendosur kafsh\u00ebt nga kullotat e ushqyera me bar n\u00eb bag\u00ebti t\u00eb ushqyera me drith\u00ebra, nivelet e K2 kan\u00eb r\u00ebn\u00eb.<\/p><p>Vitamina K2 \u00ebsht\u00eb thelb\u00ebsore p\u00ebr formimin e kockave, pasi \u00ebsht\u00eb e nevojshme p\u00ebr t\u00eb aktivizuar proteinat e sekretuara nga osteoblastet. K2 lidh kalciumin me matric\u00ebn e kockave dhe mund t\u00eb pengoj\u00eb resorbimin e kockave kur administrohet me vitamin\u00eb D3. Forma menakinon-7 e vitamin\u00ebs K2 \u00ebsht\u00eb treguar t\u00eb jet\u00eb ve\u00e7an\u00ebrisht e aft\u00eb n\u00eb k\u00ebt\u00eb proces.<\/p><p>Shtesat e vitamin\u00ebs K2 jan\u00eb shoq\u00ebruar me nj\u00eb ulje t\u00eb konsiderueshme (af\u00ebrsisht 25%-80%) t\u00eb rrezikut t\u00eb thyerjes kur p\u00ebrdoren vet\u00ebm ose n\u00eb kombinim me vitamin\u00ebn D3 dhe kalciumin, si dhe me ruajtjen e dend\u00ebsis\u00eb s\u00eb kockave tek pacient\u00ebt me osteoporoz\u00eb. Shtesat e vitamin\u00ebs K1 kan\u00eb treguar relativisht pak p\u00ebrfitim p\u00ebr k\u00ebto rezultate.<\/p><p>Nj\u00eb rishikim sistematik i literatur\u00ebs n\u00eb vitin 2017 rekomandoi konsiderimin e K2 me vitamin\u00ebn D3 dhe kalciumin si nj\u00eb trajtim shtes\u00eb p\u00ebr osteoporoz\u00ebn q\u00eb \u00ebsht\u00eb konkurrues me terapin\u00eb me bisfosfonate pa toksicitet.<\/p>\t\t\t\t\t\t\t\t<\/div>\n\t\t\t\t<\/div>\n\t\t\t\t<div class=\"elementor-element elementor-element-6f762f1 elementor-widget elementor-widget-image\" data-id=\"6f762f1\" data-element_type=\"widget\" data-e-type=\"widget\" data-widget_type=\"image.default\">\n\t\t\t\t<div class=\"elementor-widget-container\">\n\t\t\t\t\t\t\t\t\t\t\t\t\t\t\t<img decoding=\"async\" src=\"https:\/\/www.alivitpharm.com\/wp-content\/uploads\/2022\/09\/leaves.png\" title=\"leaves\" alt=\"Leaves\" loading=\"lazy\" \/>\t\t\t\t\t\t\t\t\t\t\t\t\t\t\t<\/div>\n\t\t\t\t<\/div>\n\t\t\t\t<div class=\"elementor-element elementor-element-1a89e07 elementor-widget elementor-widget-text-editor\" data-id=\"1a89e07\" data-element_type=\"widget\" data-e-type=\"widget\" data-widget_type=\"text-editor.default\">\n\t\t\t\t<div class=\"elementor-widget-container\">\n\t\t\t\t\t\t\t\t\t<p><strong>P\u00ebrdorimi i vitamin\u00ebs K2 dhe sistemi kardiovaskular<\/strong><\/p><p>K2 aktivizon protein\u00ebn Gla t\u00eb matric\u00ebs (MGP), e cila parandalon formimin e depozitave t\u00eb kalciumit n\u00eb muret e en\u00ebve t\u00eb gjakut. Studimet kan\u00eb treguar se marrja adekuate e K2 n\u00eb p\u00ebrgjith\u00ebsi \u00e7liron kalciumin p\u00ebr rolet e tij m\u00eb t\u00eb dobishme, nd\u00ebrsa nj\u00eb munges\u00eb e K2 do t\u00eb \u00e7oj\u00eb n\u00eb akumulimin e kalcifikimeve.<\/p><p>Kjo marr\u00ebdh\u00ebnie e thjesht\u00eb shkak-pasoj\u00eb ishte e dukshme n\u00eb Studimin prospektiv t\u00eb Roterdamit t\u00eb vitit 2004 t\u00eb bazuar n\u00eb popullat\u00eb, i cili p\u00ebrfshinte 4,807 individ\u00eb pa histori infarkti miokardi. Pas ndjekjes, studiuesit raportuan se marrja e lart\u00eb e K2 ishte e lidhur me nj\u00eb ulje t\u00eb konsiderueshme t\u00eb rrezikut t\u00eb s\u00ebmundjes koronare t\u00eb zemr\u00ebs, vdekshm\u00ebris\u00eb nga t\u00eb gjitha shkaqet dhe kalcifikimit t\u00eb r\u00ebnd\u00eb t\u00eb aort\u00ebs krahasuar me ato me marrjen m\u00eb t\u00eb ul\u00ebt t\u00eb K2. N\u00eb t\u00eb kund\u00ebrt, marrja e K1 nuk kishte asnj\u00eb p\u00ebrfitim mbrojt\u00ebs t\u00eb duksh\u00ebm.<\/p><p>Nj\u00eb studim kohorte me mbi 16,000 gra pa s\u00ebmundje kardiovaskulare raportoi gjithashtu nj\u00eb korrelacion t\u00eb fort\u00eb midis rritjes s\u00eb marrjes s\u00eb K2 dhe uljes s\u00eb ngjarjeve koronare, por jo p\u00ebr K1.<\/p><p>Suplementet e K2 tani jan\u00eb kujdesi standard p\u00ebr osteoporoz\u00ebn n\u00eb Japoni dhe po t\u00ebrheqin v\u00ebmendje edhe n\u00eb kulturat per\u00ebndimore.<\/p><p>Studimet q\u00eb krahasojn\u00eb doza relativisht t\u00eb ul\u00ebta t\u00eb suplementeve MK-7 me placebo tek grat\u00eb n\u00eb fillim t\u00eb menopauz\u00ebs dhe n\u00eb postmenopauz\u00eb kan\u00eb dh\u00ebn\u00eb rezultate kontradiktore, ku e para nuk tregon ndryshim n\u00eb humbjen e kockave pas 1 viti, nd\u00ebrsa e dyta tregon m\u00eb pak r\u00ebnie t\u00eb lidhur me mosh\u00ebn n\u00eb p\u00ebrmbajtjen dhe dend\u00ebsin\u00eb e kockave n\u00eb qaf\u00ebn femorale dhe shpin\u00ebn lumbare pas 3 vitesh. Kjo ngre pyetje n\u00eb lidhje me gam\u00ebn optimale t\u00eb dozave K2 p\u00ebr popullata t\u00eb ndryshme, koh\u00ebzgjatjen e ndjekjes s\u00eb nevojshme p\u00ebr t\u00eb p\u00ebrcaktuar efektin e saj dhe n\u00ebse suplementet mund t\u00eb ofrojn\u00eb nivele ushqyese po aq t\u00eb p\u00ebrshtatshme sa marrja dietike.<\/p><p>Ka disa raportime p\u00ebr nj\u00eb rrezik n\u00eb rritje t\u00eb s\u00ebmundjeve kardiovaskulare tek t\u00eb rriturit e moshuar dhe grat\u00eb n\u00eb postmenopauz\u00eb q\u00eb marrin suplemente kalciumi. Megjithat\u00eb, kjo lidhje \u00ebsht\u00eb v\u00ebn\u00eb n\u00eb dyshim n\u00eb studime t\u00eb tjera t\u00eb fundit, dhe udh\u00ebzimet klinike sugjerojn\u00eb se \u00e7do rrezik mund t\u00eb zbutet n\u00ebse suplementet e kalciumit merren brenda intervaleve t\u00eb tolerueshme (p.sh., jo mbi intervalin 2000-2500 mg\/d). Nd\u00ebrsa kjo lidhje vazhdon t\u00eb hetohet, roli i mundsh\u00ebm i suplementeve K2 n\u00eb balancimin e \u00e7do rreziku t\u00eb till\u00eb meriton nj\u00eb analiz\u00eb klinike shum\u00eb serioze. Disa lloje t\u00eb suplementeve K2, si\u00e7 \u00ebsht\u00eb MK-7, kan\u00eb treguar se nd\u00ebrhyjn\u00eb n\u00eb terapin\u00eb me antikoagulim, nd\u00ebrsa t\u00eb tjera, si\u00e7 \u00ebsht\u00eb MK-4, nuk mbartin rrezik hiperkoagulimi edhe n\u00eb doza relativisht t\u00eb larta. Prandaj, nd\u00ebrgjegj\u00ebsimi i mjekut p\u00ebr vetit\u00eb e ndryshme t\u00eb suplementeve t\u00eb ndryshme K2 \u00ebsht\u00eb thelb\u00ebsor tek pacient\u00ebt q\u00eb marrin terapi me antikoagulim.<\/p>\t\t\t\t\t\t\t\t<\/div>\n\t\t\t\t<\/div>\n\t\t\t\t<div class=\"elementor-element elementor-element-cce8d45 elementor-widget elementor-widget-heading\" data-id=\"cce8d45\" data-element_type=\"widget\" data-e-type=\"widget\" data-widget_type=\"heading.default\">\n\t\t\t\t<div class=\"elementor-widget-container\">\n\t\t\t\t\t<h4 class=\"elementor-heading-title elementor-size-default\">Referencat<\/h4>\t\t\t\t<\/div>\n\t\t\t\t<\/div>\n\t\t\t\t<div class=\"elementor-element elementor-element-32243af elementor-widget elementor-widget-text-editor\" data-id=\"32243af\" data-element_type=\"widget\" data-e-type=\"widget\" data-widget_type=\"text-editor.default\">\n\t\t\t\t<div class=\"elementor-widget-container\">\n\t\t\t\t\t\t\t\t\t<ul><li><a class=\"reference-link\" href=\"https:\/\/www.webmd.com\/vitamins\/ai\/ingredientmono-983\/vitamin-k\" target=\"_blank\" rel=\"noopener\">Vitamin K &#8211; Uses, Side Effects, and More<\/a><\/li><li><a class=\"reference-link\" href=\"https:\/\/www.medscape.com\/viewarticle\/902985_3?form=fpf\" target=\"_blank\" rel=\"noopener\">Vitamin K2 Steps Into the Spotlight for Bone and Heart Health<\/a><\/li><\/ul>\t\t\t\t\t\t\t\t<\/div>\n\t\t\t\t<\/div>\n\t\t\t\t\t<\/div>\n\t\t<\/div>\n\t\t\t\t\t<\/div>\n\t\t<\/section>\n\t\t\t\t<\/div>","protected":false},"excerpt":{"rendered":"<p>Vitamin K2 Menaquinone MK-7 Vitamin K is a group of vitamins found in some green leafy vegetables. Vitamins K1 (phytonadione) and K2 (menaquinone) are commonly available as supplements. Vitamin K is an essential vitamin that the body needs for blood clotting, bone building, and other important processes. People commonly use vitamin K for blood clotting &hellip;<\/p>\n<p class=\"read-more\"> <a class=\"\" href=\"https:\/\/www.alivitpharm.com\/sq\/vitamin-k2\/\"> <span class=\"screen-reader-text\">Vitamina K2<\/span> Read More &raquo;<\/a><\/p>","protected":false},"author":9,"featured_media":0,"parent":0,"menu_order":0,"comment_status":"closed","ping_status":"closed","template":"","meta":{"site-sidebar-layout":"no-sidebar","site-content-layout":"page-builder","ast-global-header-display":"","ast-main-header-display":"","ast-hfb-above-header-display":"","ast-hfb-below-header-display":"","ast-hfb-mobile-header-display":"","site-post-title":"disabled","ast-breadcrumbs-content":"","ast-featured-img":"disabled","footer-sml-layout":"","theme-transparent-header-meta":"","adv-header-id-meta":"","stick-header-meta":"","header-above-stick-meta":"","header-main-stick-meta":"","header-below-stick-meta":"","footnotes":""},"class_list":["post-14146","page","type-page","status-publish","hentry"],"_links":{"self":[{"href":"https:\/\/www.alivitpharm.com\/sq\/wp-json\/wp\/v2\/pages\/14146","targetHints":{"allow":["GET"]}}],"collection":[{"href":"https:\/\/www.alivitpharm.com\/sq\/wp-json\/wp\/v2\/pages"}],"about":[{"href":"https:\/\/www.alivitpharm.com\/sq\/wp-json\/wp\/v2\/types\/page"}],"author":[{"embeddable":true,"href":"https:\/\/www.alivitpharm.com\/sq\/wp-json\/wp\/v2\/users\/9"}],"replies":[{"embeddable":true,"href":"https:\/\/www.alivitpharm.com\/sq\/wp-json\/wp\/v2\/comments?post=14146"}],"version-history":[{"count":34,"href":"https:\/\/www.alivitpharm.com\/sq\/wp-json\/wp\/v2\/pages\/14146\/revisions"}],"predecessor-version":[{"id":14187,"href":"https:\/\/www.alivitpharm.com\/sq\/wp-json\/wp\/v2\/pages\/14146\/revisions\/14187"}],"wp:attachment":[{"href":"https:\/\/www.alivitpharm.com\/sq\/wp-json\/wp\/v2\/media?parent=14146"}],"curies":[{"name":"wp","href":"https:\/\/api.w.org\/{rel}","templated":true}]}}