{"id":6742,"date":"2022-09-20T11:11:01","date_gmt":"2022-09-20T09:11:01","guid":{"rendered":"https:\/\/www.alivitpharm.com\/?page_id=6742"},"modified":"2022-10-21T09:21:41","modified_gmt":"2022-10-21T07:21:41","slug":"white-red-hawthorn","status":"publish","type":"page","link":"https:\/\/www.alivitpharm.com\/sq\/white-red-hawthorn\/","title":{"rendered":"White &#038; Red Hawthorn"},"content":{"rendered":"<div data-elementor-type=\"wp-page\" data-elementor-id=\"6742\" class=\"elementor elementor-6742\">\n\t\t\t\t\t\t<section class=\"elementor-section elementor-top-section elementor-element elementor-element-2af9041 elementor-section-content-middle elementor-section-boxed elementor-section-height-default elementor-section-height-default\" data-id=\"2af9041\" data-element_type=\"section\" data-e-type=\"section\" data-settings=\"{&quot;background_background&quot;:&quot;classic&quot;}\">\n\t\t\t\t\t\t\t<div class=\"elementor-background-overlay\"><\/div>\n\t\t\t\t\t\t\t<div class=\"elementor-container elementor-column-gap-default\">\n\t\t\t\t\t<div class=\"elementor-column elementor-col-100 elementor-top-column elementor-element elementor-element-8270e1c\" data-id=\"8270e1c\" data-element_type=\"column\" data-e-type=\"column\">\n\t\t\t<div class=\"elementor-widget-wrap elementor-element-populated\">\n\t\t\t\t\t\t<div class=\"elementor-element elementor-element-927ede7 elementor-widget elementor-widget-heading\" data-id=\"927ede7\" data-element_type=\"widget\" data-e-type=\"widget\" data-widget_type=\"heading.default\">\n\t\t\t\t<div class=\"elementor-widget-container\">\n\t\t\t\t\t<h1 class=\"elementor-heading-title elementor-size-default\">Murriz i bardh\u00eb dhe i kuq<\/h1>\t\t\t\t<\/div>\n\t\t\t\t<\/div>\n\t\t\t\t<div class=\"elementor-element elementor-element-a357236 elementor-widget elementor-widget-image\" data-id=\"a357236\" data-element_type=\"widget\" data-e-type=\"widget\" data-widget_type=\"image.default\">\n\t\t\t\t<div class=\"elementor-widget-container\">\n\t\t\t\t\t\t\t\t\t\t\t\t\t\t\t<img decoding=\"async\" width=\"75\" height=\"33\" src=\"https:\/\/www.alivitpharm.com\/wp-content\/uploads\/2019\/07\/logo-leaf-new.png\" class=\"attachment-large size-large wp-image-2518\" alt=\"\" \/>\t\t\t\t\t\t\t\t\t\t\t\t\t\t\t<\/div>\n\t\t\t\t<\/div>\n\t\t\t\t<div class=\"elementor-element elementor-element-a423112 elementor-widget elementor-widget-text-editor\" data-id=\"a423112\" data-element_type=\"widget\" data-e-type=\"widget\" data-widget_type=\"text-editor.default\">\n\t\t\t\t<div class=\"elementor-widget-container\">\n\t\t\t\t\t\t\t\t\t<p><em>Crataegi flos et folium \u2013 Lule dhe gjethe murrizi<br \/>Crataegus monogyna, Crataegus oxyachantha L. \u2013 Rosaceae<\/em><\/p>\t\t\t\t\t\t\t\t<\/div>\n\t\t\t\t<\/div>\n\t\t\t\t\t<\/div>\n\t\t<\/div>\n\t\t\t\t\t<\/div>\n\t\t<\/section>\n\t\t\t\t<section class=\"elementor-section elementor-top-section elementor-element elementor-element-1b59771 elementor-section-boxed elementor-section-height-default elementor-section-height-default\" data-id=\"1b59771\" data-element_type=\"section\" data-e-type=\"section\" data-settings=\"{&quot;background_background&quot;:&quot;classic&quot;}\">\n\t\t\t\t\t\t<div class=\"elementor-container elementor-column-gap-default\">\n\t\t\t\t\t<div class=\"elementor-column elementor-col-100 elementor-top-column elementor-element elementor-element-77f274b\" data-id=\"77f274b\" data-element_type=\"column\" data-e-type=\"column\">\n\t\t\t<div class=\"elementor-widget-wrap elementor-element-populated\">\n\t\t\t\t\t\t<div class=\"elementor-element elementor-element-3ea47aa elementor-widget elementor-widget-image\" data-id=\"3ea47aa\" data-element_type=\"widget\" data-e-type=\"widget\" data-widget_type=\"image.default\">\n\t\t\t\t<div class=\"elementor-widget-container\">\n\t\t\t\t\t\t\t\t\t\t\t\t\t\t\t<img decoding=\"async\" src=\"https:\/\/www.alivitpharm.com\/wp-content\/uploads\/2022\/10\/hawthorn.png\" title=\"hawthorn\" alt=\"Hawthorn\" loading=\"lazy\" \/>\t\t\t\t\t\t\t\t\t\t\t\t\t\t\t<\/div>\n\t\t\t\t<\/div>\n\t\t\t\t<div class=\"elementor-element elementor-element-1508d6b elementor-widget elementor-widget-text-editor\" data-id=\"1508d6b\" data-element_type=\"widget\" data-e-type=\"widget\" data-widget_type=\"text-editor.default\">\n\t\t\t\t<div class=\"elementor-widget-container\">\n\t\t\t\t\t\t\t\t\t<p><span class=\"JLqJ4b ChMk0b\"><span class=\"Q4iAWc\"><strong>Murizi i bardh\u00eb dhe i kuq<\/strong> jan\u00eb shkurre me gjemba ose pem\u00eb t\u00eb ul\u00ebta.<\/span><\/span> <span class=\"JLqJ4b ChMk0b\"><span class=\"Q4iAWc\">Deg\u00ebt e reja jan\u00eb paksa me qime ose t\u00eb zhveshura, me gjemba n\u00eb skajet e lastar\u00ebve ose n\u00eb sqetullat e tyre.<\/span><\/span> <span class=\"JLqJ4b ChMk0b\"><span class=\"Q4iAWc\">Gjethet jan\u00eb rombike deri n\u00eb vezake.<\/span><\/span> <span class=\"JLqJ4b ChMk0b\"><span class=\"Q4iAWc\">Ka deri n\u00eb 12 lule n\u00eb tuf\u00eb lulesh, kurora ka ngjyr\u00eb t\u00eb bardh\u00eb deri n\u00eb roz\u00eb, lulet jan\u00eb aromatike.<\/span><\/span> <span class=\"JLqJ4b ChMk0b\"><span class=\"Q4iAWc\">Fruti \u00ebsht\u00eb nj\u00eb drup\u00eb e kuqe me nj\u00eb far\u00eb.<\/span><\/span> <span class=\"JLqJ4b ChMk0b\"><span class=\"Q4iAWc\">Murizi i bardh\u00eb \u00ebsht\u00eb m\u00eb i zakonsh\u00ebm.<\/span><\/span><\/p><p><span class=\"JLqJ4b ChMk0b\"><span class=\"Q4iAWc\">Pjes\u00ebt medicinale t\u00eb murrizit t\u00eb bardh\u00eb dhe t\u00eb kuq jan\u00eb gjethja me lulen.<\/span><\/span> G<span class=\"JLqJ4b ChMk0b\"><span class=\"Q4iAWc\">jethja dhe lulja p\u00ebrmbajn\u00eb heterozide flavonoide, nd\u00ebrsa vet\u00eb lulet p\u00ebrmbajn\u00eb hiperozid dhe vitexin.<\/span><\/span> <span class=\"JLqJ4b ChMk0b\"><span class=\"Q4iAWc\">P\u00ebrve\u00e7 komponimeve t\u00eb p\u00ebrmendura, murrizi p\u00ebrmban edhe procianidina oligomerike.<\/span><\/span><\/p>\t\t\t\t\t\t\t\t<\/div>\n\t\t\t\t<\/div>\n\t\t\t\t<div class=\"elementor-element elementor-element-f1b9a3b elementor-widget elementor-widget-image\" data-id=\"f1b9a3b\" data-element_type=\"widget\" data-e-type=\"widget\" data-widget_type=\"image.default\">\n\t\t\t\t<div class=\"elementor-widget-container\">\n\t\t\t\t\t\t\t\t\t\t\t\t\t\t\t<img decoding=\"async\" src=\"https:\/\/www.alivitpharm.com\/wp-content\/uploads\/2022\/09\/leaves.png\" title=\"leaves\" alt=\"Leaves\" loading=\"lazy\" \/>\t\t\t\t\t\t\t\t\t\t\t\t\t\t\t<\/div>\n\t\t\t\t<\/div>\n\t\t\t\t<div class=\"elementor-element elementor-element-5d5c8f7 elementor-widget elementor-widget-text-editor\" data-id=\"5d5c8f7\" data-element_type=\"widget\" data-e-type=\"widget\" data-widget_type=\"text-editor.default\">\n\t\t\t\t<div class=\"elementor-widget-container\">\n\t\t\t\t\t\t\t\t\t<p><span class=\"JLqJ4b ChMk0b\"><span class=\"Q4iAWc\">Heterozidet flavonide, s\u00eb bashku me procianidinat oligomerike t\u00eb murrizit, kan\u00eb nj\u00eb efekt pozitiv n\u00eb sistemin kardiovaskular, rrisin rrjedhjen e gjakut n\u00ebp\u00ebr miokard dhe zvog\u00eblojn\u00eb rezistenc\u00ebn periferike n\u00eb en\u00ebt e gjakut.<\/span><\/span> <span class=\"JLqJ4b ChMk0b\"><span class=\"Q4iAWc\">Murrizi ka efekt antiaritmik, si dhe antihipertensiv (ul tensionin e lart\u00eb t\u00eb gjakut).<\/span><\/span><\/p><p><span class=\"JLqJ4b ChMk0b\"><span class=\"Q4iAWc\">Rekomandohet p\u00ebr p\u00ebrdorim n\u00eb format e lehta t\u00eb pamjaftueshm\u00ebris\u00eb kardiake, aritmive, hipertensionit (tensionit t\u00eb lart\u00eb t\u00eb gjakut), arterioskleroz\u00ebs dhe pamjaftueshm\u00ebris\u00eb cerebrale.<\/span><\/span> <span class=\"JLqJ4b ChMk0b\"><span class=\"Q4iAWc\">Parimet aktive t\u00eb lules me gjethe murrizi shfaqin aktivitet antioksidues dhe mbrojn\u00eb qelizat nga sulmi i radikaleve t\u00eb lira, t\u00eb cilat jan\u00eb shkaku i shum\u00eb s\u00ebmundjeve n\u00eb trup.<\/span><\/span><\/p><p><span class=\"JLqJ4b ChMk0b\"><span class=\"Q4iAWc\">Shum\u00eb studime klinike kan\u00eb treguar se s\u00ebmundja Covid-19 (e shkaktuar nga virusi i ri SARS-Cov-2) \u00ebsht\u00eb shkaku i nj\u00eb numri t\u00eb madh komplikacionesh, madje edhe tek njer\u00ebzit q\u00eb kishin nj\u00eb form\u00eb t\u00eb leht\u00eb t\u00eb s\u00ebmundjes.<\/span><\/span> <span class=\"JLqJ4b ChMk0b\"><span class=\"Q4iAWc\">Komplikacionet shprehen edhe n\u00eb sistemet kardiovaskulare dhe cerebrovaskulare, prandaj konsiderohet se p\u00ebrgatitjet e murrizit luajn\u00eb nj\u00eb rol t\u00eb madh n\u00eb kontrollin dhe parandalimin e p\u00ebrparimit t\u00eb m\u00ebtejsh\u00ebm t\u00eb s\u00ebmundjes.<\/span><\/span><\/p>\t\t\t\t\t\t\t\t<\/div>\n\t\t\t\t<\/div>\n\t\t\t\t<div class=\"elementor-element elementor-element-88a29b5 elementor-widget elementor-widget-heading\" data-id=\"88a29b5\" data-element_type=\"widget\" data-e-type=\"widget\" data-widget_type=\"heading.default\">\n\t\t\t\t<div class=\"elementor-widget-container\">\n\t\t\t\t\t<h4 class=\"elementor-heading-title elementor-size-default\">Referencat<\/h4>\t\t\t\t<\/div>\n\t\t\t\t<\/div>\n\t\t\t\t<div class=\"elementor-element elementor-element-787d491 elementor-widget elementor-widget-text-editor\" data-id=\"787d491\" data-element_type=\"widget\" data-e-type=\"widget\" data-widget_type=\"text-editor.default\">\n\t\t\t\t<div class=\"elementor-widget-container\">\n\t\t\t\t\t\t\t\t\t<ul>\n \t<li><a class=\"reference-link\" href=\"https:\/\/pubmed.ncbi.nlm.nih.gov\/15992662\/\" target=\"_blank\" rel=\"noopener\">Integrating complementary medicine into cardiovascular medicine. A report of the American College of Cardiology Foundation Task Force on Clinical Expert Consensus Documents (Writing Committee to Develop an Expert Consensus Document on Complementary and Integrative Medicine)<\/a><\/li>\n \t<li><a class=\"reference-link\" href=\"https:\/\/pubmed.ncbi.nlm.nih.gov\/33174095\/\" target=\"_blank\" rel=\"noopener\">Plants Used as Antihypertensive<\/a><\/li>\n \t<li><a class=\"reference-link\" href=\"https:\/\/pubmed.ncbi.nlm.nih.gov\/29151068\/\" target=\"_blank\" rel=\"noopener\">Crataegus special extract WS 1442: up-to-date review of experimental and clinical experiences<\/a><\/li>\n \t<li><a class=\"reference-link\" href=\"https:\/\/pubmed.ncbi.nlm.nih.gov\/9324931\/#:~:text=%5BIn%20vitro%20and%20in%20vivo%20studies%20on%20the%20cardioprotective%20action%20of%20oligomeric%20procyanidins%20in%20a%20Crataegus%20extract%20of%20leaves%20and%20blooms%5D\" target=\"_blank\" rel=\"noopener\">In vitro and in vivo studies on the cardioprotective action of oligomeric procyanidins in a Crataegus extract of leaves and blooms<\/a><\/li>\n \t<li><a class=\"reference-link\" href=\"https:\/\/pubmed.ncbi.nlm.nih.gov\/29080984\/#:~:text=Benefit%2DRisk%20Assessment%20of%20Crataegus%20Extract%20WS%201442%3A%20An%20Evidence%2DBased%20Review\" target=\"_blank\" rel=\"noopener\">Benefit-Risk Assessment of Crataegus Extract WS 1442: An Evidence-Based Review<\/a><\/li>\n \t<li><a class=\"reference-link\" href=\"https:\/\/pubmed.ncbi.nlm.nih.gov\/35741026\/#:~:text=Medicinal%20Herbs%20in%20the%20Relief%20of%20Neurological%2C%20Cardiovascular%2C%20and%20Respiratory%20Symptoms%20after%20COVID%2D19%20Infection%20A%20Literature%20Review\" target=\"_blank\" rel=\"noopener\">Medicinal Herbs in the Relief of Neurological, Cardiovascular, and Respiratory Symptoms after COVID-19 Infection A Literature Review<\/a><\/li>\n<\/ul>\t\t\t\t\t\t\t\t<\/div>\n\t\t\t\t<\/div>\n\t\t\t\t\t<\/div>\n\t\t<\/div>\n\t\t\t\t\t<\/div>\n\t\t<\/section>\n\t\t\t\t<\/div>","protected":false},"excerpt":{"rendered":"<p>White &#038; Red Hawthorn Crataegi flos et folium \u2013 Hawthorn flower and leafCrataegus monogyna, Crataegus oxyachantha L. \u2013 Rosaceae White and red hawthorn are thorny shrubs or low trees. Young branches are slightly hairy or bare, with thorns at the ends of shoots or in their axils. The leaves are rhombic to ovate. There are &hellip;<\/p>\n<p class=\"read-more\"> <a class=\"\" href=\"https:\/\/www.alivitpharm.com\/sq\/white-red-hawthorn\/\"> <span class=\"screen-reader-text\">White &#038; Red Hawthorn<\/span> Read More &raquo;<\/a><\/p>","protected":false},"author":9,"featured_media":0,"parent":0,"menu_order":0,"comment_status":"closed","ping_status":"closed","template":"","meta":{"site-sidebar-layout":"no-sidebar","site-content-layout":"page-builder","ast-global-header-display":"","ast-main-header-display":"","ast-hfb-above-header-display":"","ast-hfb-below-header-display":"","ast-hfb-mobile-header-display":"","site-post-title":"disabled","ast-breadcrumbs-content":"","ast-featured-img":"disabled","footer-sml-layout":"","theme-transparent-header-meta":"","adv-header-id-meta":"","stick-header-meta":"","header-above-stick-meta":"","header-main-stick-meta":"","header-below-stick-meta":"","footnotes":""},"class_list":["post-6742","page","type-page","status-publish","hentry"],"_links":{"self":[{"href":"https:\/\/www.alivitpharm.com\/sq\/wp-json\/wp\/v2\/pages\/6742","targetHints":{"allow":["GET"]}}],"collection":[{"href":"https:\/\/www.alivitpharm.com\/sq\/wp-json\/wp\/v2\/pages"}],"about":[{"href":"https:\/\/www.alivitpharm.com\/sq\/wp-json\/wp\/v2\/types\/page"}],"author":[{"embeddable":true,"href":"https:\/\/www.alivitpharm.com\/sq\/wp-json\/wp\/v2\/users\/9"}],"replies":[{"embeddable":true,"href":"https:\/\/www.alivitpharm.com\/sq\/wp-json\/wp\/v2\/comments?post=6742"}],"version-history":[{"count":0,"href":"https:\/\/www.alivitpharm.com\/sq\/wp-json\/wp\/v2\/pages\/6742\/revisions"}],"wp:attachment":[{"href":"https:\/\/www.alivitpharm.com\/sq\/wp-json\/wp\/v2\/media?parent=6742"}],"curies":[{"name":"wp","href":"https:\/\/api.w.org\/{rel}","templated":true}]}}