{"id":7148,"date":"2022-10-05T09:13:31","date_gmt":"2022-10-05T07:13:31","guid":{"rendered":"https:\/\/www.alivitpharm.com\/?page_id=7148"},"modified":"2025-12-18T12:42:40","modified_gmt":"2025-12-18T10:42:40","slug":"peppermint","status":"publish","type":"page","link":"https:\/\/www.alivitpharm.com\/sq\/peppermint\/","title":{"rendered":"Menta"},"content":{"rendered":"<div data-elementor-type=\"wp-page\" data-elementor-id=\"7148\" class=\"elementor elementor-7148\">\n\t\t\t\t\t\t<section class=\"elementor-section elementor-top-section elementor-element elementor-element-5bf9ae6 elementor-section-content-middle elementor-section-boxed elementor-section-height-default elementor-section-height-default\" data-id=\"5bf9ae6\" data-element_type=\"section\" data-e-type=\"section\" data-settings=\"{&quot;background_background&quot;:&quot;classic&quot;}\">\n\t\t\t\t\t\t\t<div class=\"elementor-background-overlay\"><\/div>\n\t\t\t\t\t\t\t<div class=\"elementor-container elementor-column-gap-default\">\n\t\t\t\t\t<div class=\"elementor-column elementor-col-100 elementor-top-column elementor-element elementor-element-fecd48f\" data-id=\"fecd48f\" data-element_type=\"column\" data-e-type=\"column\">\n\t\t\t<div class=\"elementor-widget-wrap elementor-element-populated\">\n\t\t\t\t\t\t<div class=\"elementor-element elementor-element-7ba9bbb elementor-widget elementor-widget-heading\" data-id=\"7ba9bbb\" data-element_type=\"widget\" data-e-type=\"widget\" data-widget_type=\"heading.default\">\n\t\t\t\t<div class=\"elementor-widget-container\">\n\t\t\t\t\t<h1 class=\"elementor-heading-title elementor-size-default\">Menta<\/h1>\t\t\t\t<\/div>\n\t\t\t\t<\/div>\n\t\t\t\t<div class=\"elementor-element elementor-element-a7a4624 elementor-widget elementor-widget-image\" data-id=\"a7a4624\" data-element_type=\"widget\" data-e-type=\"widget\" data-widget_type=\"image.default\">\n\t\t\t\t<div class=\"elementor-widget-container\">\n\t\t\t\t\t\t\t\t\t\t\t\t\t\t\t<img decoding=\"async\" width=\"75\" height=\"33\" src=\"https:\/\/www.alivitpharm.com\/wp-content\/uploads\/2019\/07\/logo-leaf-new.png\" class=\"attachment-large size-large wp-image-2518\" alt=\"\" \/>\t\t\t\t\t\t\t\t\t\t\t\t\t\t\t<\/div>\n\t\t\t\t<\/div>\n\t\t\t\t<div class=\"elementor-element elementor-element-f08bd25 elementor-widget elementor-widget-text-editor\" data-id=\"f08bd25\" data-element_type=\"widget\" data-e-type=\"widget\" data-widget_type=\"text-editor.default\">\n\t\t\t\t<div class=\"elementor-widget-container\">\n\t\t\t\t\t\t\t\t\t<p><em>Mentha piperita L. &#8211; Lamiaceae<\/em><\/p>\t\t\t\t\t\t\t\t<\/div>\n\t\t\t\t<\/div>\n\t\t\t\t\t<\/div>\n\t\t<\/div>\n\t\t\t\t\t<\/div>\n\t\t<\/section>\n\t\t\t\t<section class=\"elementor-section elementor-top-section elementor-element elementor-element-19f1d91 elementor-section-boxed elementor-section-height-default elementor-section-height-default\" data-id=\"19f1d91\" data-element_type=\"section\" data-e-type=\"section\" data-settings=\"{&quot;background_background&quot;:&quot;classic&quot;}\">\n\t\t\t\t\t\t<div class=\"elementor-container elementor-column-gap-default\">\n\t\t\t\t\t<div class=\"elementor-column elementor-col-100 elementor-top-column elementor-element elementor-element-6cfe14b\" data-id=\"6cfe14b\" data-element_type=\"column\" data-e-type=\"column\">\n\t\t\t<div class=\"elementor-widget-wrap elementor-element-populated\">\n\t\t\t\t\t\t<div class=\"elementor-element elementor-element-860561e elementor-widget elementor-widget-image\" data-id=\"860561e\" data-element_type=\"widget\" data-e-type=\"widget\" data-widget_type=\"image.default\">\n\t\t\t\t<div class=\"elementor-widget-container\">\n\t\t\t\t\t\t\t\t\t\t\t\t\t\t\t<img decoding=\"async\" src=\"https:\/\/www.alivitpharm.com\/wp-content\/uploads\/2022\/10\/mentha.png\" title=\"mentha\" alt=\"Mentha\" loading=\"lazy\" \/>\t\t\t\t\t\t\t\t\t\t\t\t\t\t\t<\/div>\n\t\t\t\t<\/div>\n\t\t\t\t<div class=\"elementor-element elementor-element-ef92360 elementor-widget elementor-widget-text-editor\" data-id=\"ef92360\" data-element_type=\"widget\" data-e-type=\"widget\" data-widget_type=\"text-editor.default\">\n\t\t\t\t<div class=\"elementor-widget-container\">\n\t\t\t\t\t\t\t\t\t<p><span class=\"JLqJ4b ChMk0b\"><span class=\"Q4iAWc\"><strong>Menta<\/strong>\u00a0\u00ebsht\u00eb nj\u00eb bim\u00eb shum\u00ebvje\u00e7are barishtore.<\/span><\/span> <span class=\"JLqJ4b ChMk0b\"><span class=\"Q4iAWc\">Prodhuesit m\u00eb t\u00eb m\u00ebdhenj t\u00eb gjetheve dhe vajit thelb\u00ebsor t\u00eb k\u00ebsaj bime jan\u00eb SHBA, Franca, Italia, Anglia dhe Gjermania.<\/span><\/span><\/p><p><span class=\"JLqJ4b ChMk0b\"><span class=\"Q4iAWc\">Pjesa mjek\u00ebsore e bim\u00ebs \u00ebsht\u00eb gjetheja e thar\u00eb, e cila mblidhet gjat\u00eb lul\u00ebzimit t\u00eb bim\u00ebs.<\/span><\/span> <span class=\"JLqJ4b ChMk0b\"><span class=\"Q4iAWc\">Menta \u00ebsht\u00eb e pasur me vajra thelb\u00ebsor\u00eb dhe tanin\u00eb, tipike p\u00ebr bimat e familjes <em>Lamiaceae,<\/em> t\u00eb cilave u fal efektet e saj t\u00eb dobishme. <\/span><\/span><span class=\"JLqJ4b ChMk0b\"><span class=\"Q4iAWc\">Gjethet e ment\u00ebs p\u00ebrmbajn\u00eb 1-3% vajthelb\u00ebsor, i cili \u00ebsht\u00eb i pasur me monoterpene.<\/span><\/span> <span class=\"JLqJ4b ChMk0b\"><span class=\"Q4iAWc\">P\u00ebrb\u00ebr\u00ebsi m\u00eb i njohur i vajit thelb\u00ebsor \u00ebsht\u00eb mentoli \u2013 nj\u00eb monoterpen, alkool monociklik.<\/span><\/span> <span class=\"JLqJ4b ChMk0b\"><span class=\"Q4iAWc\">Aroma specifike dhe shija e \u00ebmb\u00ebl e vajit thelb\u00ebsor t\u00eb ment\u00ebs i jepet nga monoterpene ketoni jasmoni.<\/span><\/span><\/p><p>P\u00ebrve\u00e7 p\u00ebrb\u00ebr\u00ebsve t\u00eb p\u00ebrmendur aktiv\u00eb, gjethet e ment\u00ebs jan\u00eb t\u00eb pasura me nj\u00eb kompleks heterosidash flavonoid, acide fenilpropanoike, tanin\u00eb dhe karotenoide.<\/p>\t\t\t\t\t\t\t\t<\/div>\n\t\t\t\t<\/div>\n\t\t\t\t<div class=\"elementor-element elementor-element-7fbd022 elementor-widget elementor-widget-image\" data-id=\"7fbd022\" data-element_type=\"widget\" data-e-type=\"widget\" data-widget_type=\"image.default\">\n\t\t\t\t<div class=\"elementor-widget-container\">\n\t\t\t\t\t\t\t\t\t\t\t\t\t\t\t<img decoding=\"async\" src=\"https:\/\/www.alivitpharm.com\/wp-content\/uploads\/2022\/09\/leaves.png\" title=\"leaves\" alt=\"Leaves\" loading=\"lazy\" \/>\t\t\t\t\t\t\t\t\t\t\t\t\t\t\t<\/div>\n\t\t\t\t<\/div>\n\t\t\t\t<div class=\"elementor-element elementor-element-e7f2c0e elementor-widget elementor-widget-text-editor\" data-id=\"e7f2c0e\" data-element_type=\"widget\" data-e-type=\"widget\" data-widget_type=\"text-editor.default\">\n\t\t\t\t<div class=\"elementor-widget-container\">\n\t\t\t\t\t\t\t\t\t<p><span class=\"JLqJ4b ChMk0b\"><span class=\"Q4iAWc\">Shum\u00eb nga p\u00ebrfitimet sh\u00ebndet\u00ebsore t\u00eb k\u00ebsaj bime vijn\u00eb nga vaji thelb\u00ebsor.<\/span><\/span> <span class=\"JLqJ4b ChMk0b\"><span class=\"Q4iAWc\">Menta vepron si spasmolitik (relakson muskujt e l\u00ebmuar), antimikrobik (kund\u00ebr k\u00ebrpudhave dhe baktereve), anti-inflamator (redukon reagimin inflamator), si karminativ (neutralizon gazrat), si koleretik (stimolon prodhimin e l\u00ebngut t\u00eb bil\u00ebs), si kolagog (stimolon \u00ebnjtjen e bil\u00ebs nga kanalet biliare<\/span><\/span> <span class=\"JLqJ4b ChMk0b\"><span class=\"Q4iAWc\">n\u00eb duodenum), dhe mund t\u00eb p\u00ebrdoret si antidiareal (trajton diarreen) dhe si antioksidant (neutralizon radikalet e lira).<\/span><\/span><\/p><p><span class=\"JLqJ4b ChMk0b\"><span class=\"Q4iAWc\">Gjethet e ment\u00ebs mund t\u00eb p\u00ebrdoren ose vet\u00ebm, ose n\u00eb kombinim me bime t\u00eb tjera, p\u00ebr parandalimin dhe leht\u00ebsimin e shqet\u00ebsimeve t\u00eb traktit t\u00eb tretjes.<\/span><\/span> <span class=\"JLqJ4b ChMk0b\"><span class=\"Q4iAWc\">Ekstrakti i vajit t\u00eb gjetheve t\u00eb ment\u00ebs, n\u00eb kombinim me ekstrakte t\u00eb tjera bimore q\u00eb jan\u00eb pjes\u00eb e p\u00ebrgatitjes <strong>Black Garlic Digestiv<\/strong>\u00a0ka nj\u00eb efekt shum\u00eb t\u00eb dobish\u00ebm p\u00ebr sh\u00ebndetin e sistemit t\u00eb tretjes.<\/span><\/span><\/p>\t\t\t\t\t\t\t\t<\/div>\n\t\t\t\t<\/div>\n\t\t\t\t<div class=\"elementor-element elementor-element-ba07bc4 elementor-widget elementor-widget-heading\" data-id=\"ba07bc4\" data-element_type=\"widget\" data-e-type=\"widget\" data-widget_type=\"heading.default\">\n\t\t\t\t<div class=\"elementor-widget-container\">\n\t\t\t\t\t<h4 class=\"elementor-heading-title elementor-size-default\">Referencat<\/h4>\t\t\t\t<\/div>\n\t\t\t\t<\/div>\n\t\t\t\t<div class=\"elementor-element elementor-element-6a50746 elementor-widget elementor-widget-text-editor\" data-id=\"6a50746\" data-element_type=\"widget\" data-e-type=\"widget\" data-widget_type=\"text-editor.default\">\n\t\t\t\t<div class=\"elementor-widget-container\">\n\t\t\t\t\t\t\t\t\t<ul>\n \t<li><a class=\"reference-link\" href=\"https:\/\/www.tandfonline.com\/doi\/abs\/10.1080\/10412905.2012.703513\" target=\"_blank\" rel=\"noopener\">Antibacterial activity of eugenol and peppermint oil in model food systems<\/a><\/li>\n \t<li><a class=\"reference-link\" href=\"https:\/\/academicjournals.org\/journal\/JMPR\/article-full-text-pdf\/AF463D225786\" target=\"_blank\" rel=\"noopener\">Spasmolytic activity of p-menthane esters<\/a><\/li>\n \t<li><a class=\"reference-link\" href=\"https:\/\/www.sciencedirect.com\/science\/article\/pii\/S156757691400469X\" target=\"_blank\" rel=\"noopener\">Research on choleretic effect of menthol, menthone, pluegone, isomenthone, and limonene in DanShu capsule<\/a><\/li>\n \t<li><a class=\"reference-link\" href=\"https:\/\/www.sciencedirect.com\/science\/article\/abs\/pii\/S0753332217355713\" target=\"_blank\" rel=\"noopener\">Evidence based traditional anti-diarrheal medicinal plants and their phytocompounds<\/a><\/li>\n<\/ul>\t\t\t\t\t\t\t\t<\/div>\n\t\t\t\t<\/div>\n\t\t\t\t\t<\/div>\n\t\t<\/div>\n\t\t\t\t\t<\/div>\n\t\t<\/section>\n\t\t\t\t<\/div>","protected":false},"excerpt":{"rendered":"<p>Peppermint Mentha piperita L. &#8211; Lamiaceae Peppermint\u00a0is a perennial, herbaceous plant. The world&#8217;s largest producers of leaves and essential oil of this plant are the USA, France, Italy, England and Germany. The medicinal part of the plant is the dried leaf, which is collected during the flowering of the plant. Peppermint is rich in essential &hellip;<\/p>\n<p class=\"read-more\"> <a class=\"\" href=\"https:\/\/www.alivitpharm.com\/sq\/peppermint\/\"> <span class=\"screen-reader-text\">Menta<\/span> Read More &raquo;<\/a><\/p>","protected":false},"author":9,"featured_media":0,"parent":0,"menu_order":0,"comment_status":"closed","ping_status":"closed","template":"","meta":{"site-sidebar-layout":"no-sidebar","site-content-layout":"page-builder","ast-global-header-display":"","ast-main-header-display":"","ast-hfb-above-header-display":"","ast-hfb-below-header-display":"","ast-hfb-mobile-header-display":"","site-post-title":"disabled","ast-breadcrumbs-content":"","ast-featured-img":"disabled","footer-sml-layout":"","theme-transparent-header-meta":"","adv-header-id-meta":"","stick-header-meta":"","header-above-stick-meta":"","header-main-stick-meta":"","header-below-stick-meta":"","footnotes":""},"class_list":["post-7148","page","type-page","status-publish","hentry"],"_links":{"self":[{"href":"https:\/\/www.alivitpharm.com\/sq\/wp-json\/wp\/v2\/pages\/7148","targetHints":{"allow":["GET"]}}],"collection":[{"href":"https:\/\/www.alivitpharm.com\/sq\/wp-json\/wp\/v2\/pages"}],"about":[{"href":"https:\/\/www.alivitpharm.com\/sq\/wp-json\/wp\/v2\/types\/page"}],"author":[{"embeddable":true,"href":"https:\/\/www.alivitpharm.com\/sq\/wp-json\/wp\/v2\/users\/9"}],"replies":[{"embeddable":true,"href":"https:\/\/www.alivitpharm.com\/sq\/wp-json\/wp\/v2\/comments?post=7148"}],"version-history":[{"count":3,"href":"https:\/\/www.alivitpharm.com\/sq\/wp-json\/wp\/v2\/pages\/7148\/revisions"}],"predecessor-version":[{"id":13722,"href":"https:\/\/www.alivitpharm.com\/sq\/wp-json\/wp\/v2\/pages\/7148\/revisions\/13722"}],"wp:attachment":[{"href":"https:\/\/www.alivitpharm.com\/sq\/wp-json\/wp\/v2\/media?parent=7148"}],"curies":[{"name":"wp","href":"https:\/\/api.w.org\/{rel}","templated":true}]}}