{"id":7245,"date":"2022-10-06T09:50:58","date_gmt":"2022-10-06T07:50:58","guid":{"rendered":"https:\/\/www.alivitpharm.com\/?page_id=7245"},"modified":"2024-07-22T13:23:23","modified_gmt":"2024-07-22T11:23:23","slug":"olive-oil","status":"publish","type":"page","link":"https:\/\/www.alivitpharm.com\/sq\/olive-oil\/","title":{"rendered":"Vaj ulliri"},"content":{"rendered":"<div data-elementor-type=\"wp-page\" data-elementor-id=\"7245\" class=\"elementor elementor-7245\">\n\t\t\t\t\t\t<section class=\"elementor-section elementor-top-section elementor-element elementor-element-1fa073d elementor-section-content-middle elementor-section-boxed elementor-section-height-default elementor-section-height-default\" data-id=\"1fa073d\" data-element_type=\"section\" data-e-type=\"section\" data-settings=\"{&quot;background_background&quot;:&quot;classic&quot;}\">\n\t\t\t\t\t\t\t<div class=\"elementor-background-overlay\"><\/div>\n\t\t\t\t\t\t\t<div class=\"elementor-container elementor-column-gap-default\">\n\t\t\t\t\t<div class=\"elementor-column elementor-col-100 elementor-top-column elementor-element elementor-element-fa1ec92\" data-id=\"fa1ec92\" data-element_type=\"column\" data-e-type=\"column\">\n\t\t\t<div class=\"elementor-widget-wrap elementor-element-populated\">\n\t\t\t\t\t\t<div class=\"elementor-element elementor-element-5d03437 elementor-widget elementor-widget-heading\" data-id=\"5d03437\" data-element_type=\"widget\" data-e-type=\"widget\" data-widget_type=\"heading.default\">\n\t\t\t\t<div class=\"elementor-widget-container\">\n\t\t\t\t\t<h1 class=\"elementor-heading-title elementor-size-default\">Vaj ulliri<\/h1>\t\t\t\t<\/div>\n\t\t\t\t<\/div>\n\t\t\t\t<div class=\"elementor-element elementor-element-b862523 elementor-widget elementor-widget-image\" data-id=\"b862523\" data-element_type=\"widget\" data-e-type=\"widget\" data-widget_type=\"image.default\">\n\t\t\t\t<div class=\"elementor-widget-container\">\n\t\t\t\t\t\t\t\t\t\t\t\t\t\t\t<img decoding=\"async\" width=\"75\" height=\"33\" src=\"https:\/\/www.alivitpharm.com\/wp-content\/uploads\/2019\/07\/logo-leaf-new.png\" class=\"attachment-large size-large wp-image-2518\" alt=\"\" \/>\t\t\t\t\t\t\t\t\t\t\t\t\t\t\t<\/div>\n\t\t\t\t<\/div>\n\t\t\t\t<div class=\"elementor-element elementor-element-42a45d4 elementor-widget elementor-widget-text-editor\" data-id=\"42a45d4\" data-element_type=\"widget\" data-e-type=\"widget\" data-widget_type=\"text-editor.default\">\n\t\t\t\t<div class=\"elementor-widget-container\">\n\t\t\t\t\t\t\t\t\t<p><em>Olivae oleum<\/em><\/p>\t\t\t\t\t\t\t\t<\/div>\n\t\t\t\t<\/div>\n\t\t\t\t\t<\/div>\n\t\t<\/div>\n\t\t\t\t\t<\/div>\n\t\t<\/section>\n\t\t\t\t<section class=\"elementor-section elementor-top-section elementor-element elementor-element-b8e1db6 elementor-section-boxed elementor-section-height-default elementor-section-height-default\" data-id=\"b8e1db6\" data-element_type=\"section\" data-e-type=\"section\" data-settings=\"{&quot;background_background&quot;:&quot;classic&quot;}\">\n\t\t\t\t\t\t<div class=\"elementor-container elementor-column-gap-default\">\n\t\t\t\t\t<div class=\"elementor-column elementor-col-100 elementor-top-column elementor-element elementor-element-757d24e\" data-id=\"757d24e\" data-element_type=\"column\" data-e-type=\"column\">\n\t\t\t<div class=\"elementor-widget-wrap elementor-element-populated\">\n\t\t\t\t\t\t<div class=\"elementor-element elementor-element-4c9f7d0 elementor-widget elementor-widget-image\" data-id=\"4c9f7d0\" data-element_type=\"widget\" data-e-type=\"widget\" data-widget_type=\"image.default\">\n\t\t\t\t<div class=\"elementor-widget-container\">\n\t\t\t\t\t\t\t\t\t\t\t\t\t\t\t<img decoding=\"async\" src=\"https:\/\/www.alivitpharm.com\/wp-content\/uploads\/2024\/07\/olive-oil.png\" title=\"olive-oil\" alt=\"Vaj ulliri\" loading=\"lazy\" \/>\t\t\t\t\t\t\t\t\t\t\t\t\t\t\t<\/div>\n\t\t\t\t<\/div>\n\t\t\t\t<div class=\"elementor-element elementor-element-a03ec93 elementor-widget elementor-widget-text-editor\" data-id=\"a03ec93\" data-element_type=\"widget\" data-e-type=\"widget\" data-widget_type=\"text-editor.default\">\n\t\t\t\t<div class=\"elementor-widget-container\">\n\t\t\t\t\t\t\t\t\t<p><span class=\"JLqJ4b ChMk0b\"><span class=\"Q4iAWc\"><strong>Vaji i ullirit<\/strong>, p\u00ebrve\u00e7 rolit t\u00eb tij si agjent nxjerrjeje, ka edhe nj\u00eb efekt sh\u00ebrues. <\/span><\/span><span class=\"JLqJ4b ChMk0b\"><span class=\"Q4iAWc\">Vaji i ullirit merret me an\u00eb t\u00eb shtypjes n\u00eb t\u00eb ftoht\u00eb nga perikarpi i nj\u00eb ulliri t\u00eb papjekur.<\/span><\/span> <span class=\"JLqJ4b ChMk0b\"><span class=\"Q4iAWc\">Fruti i ullirit \u00ebsht\u00eb nj\u00eb drup\u00eb e rrumbullak\u00ebt ose e zgjatur, me ngjyr\u00eb vjollc\u00eb t\u00eb err\u00ebt.<\/span><\/span> <span class=\"JLqJ4b ChMk0b\"><span class=\"Q4iAWc\">Perikarpati i frutit p\u00ebrmban 40-60%, dhe b\u00ebrthama e far\u00ebs 12-15% vaj.<\/span><\/span> <span class=\"JLqJ4b ChMk0b\"><span class=\"Q4iAWc\">Prodhuesit m\u00eb t\u00eb m\u00ebdhenj t\u00eb ullinjve n\u00eb bot\u00eb jan\u00eb Spanja, Italia, Greqia dhe Izraeli.<\/span><\/span><\/p>\t\t\t\t\t\t\t\t<\/div>\n\t\t\t\t<\/div>\n\t\t\t\t<div class=\"elementor-element elementor-element-45a1a15 elementor-widget elementor-widget-image\" data-id=\"45a1a15\" data-element_type=\"widget\" data-e-type=\"widget\" data-widget_type=\"image.default\">\n\t\t\t\t<div class=\"elementor-widget-container\">\n\t\t\t\t\t\t\t\t\t\t\t\t\t\t\t<img decoding=\"async\" src=\"https:\/\/www.alivitpharm.com\/wp-content\/uploads\/2022\/09\/leaves.png\" title=\"leaves\" alt=\"Leaves\" loading=\"lazy\" \/>\t\t\t\t\t\t\t\t\t\t\t\t\t\t\t<\/div>\n\t\t\t\t<\/div>\n\t\t\t\t<div class=\"elementor-element elementor-element-d00d6e6 elementor-widget elementor-widget-text-editor\" data-id=\"d00d6e6\" data-element_type=\"widget\" data-e-type=\"widget\" data-widget_type=\"text-editor.default\">\n\t\t\t\t<div class=\"elementor-widget-container\">\n\t\t\t\t\t\t\t\t\t<p><span class=\"JLqJ4b ChMk0b\"><span class=\"Q4iAWc\">Vaji i ullirit \u00ebsht\u00eb nj\u00eb l\u00ebng i qart\u00eb, i verdh\u00eb me nj\u00eb shije dhe arom\u00eb t\u00eb k\u00ebndshme.<\/span><\/span> <span class=\"JLqJ4b ChMk0b\"><span class=\"Q4iAWc\">Vaji i p\u00ebrftuar nga frutat e ullirit t\u00eb pjekur \u00ebsht\u00eb me cil\u00ebsi m\u00eb t\u00eb ul\u00ebt dhe me ngjyr\u00eb m\u00eb t\u00eb err\u00ebt, dhe gliceridet e acideve oleike, linoleike dhe palmitike dominojn\u00eb n\u00eb at\u00eb vaj.<\/span><\/span><\/p><p><span class=\"JLqJ4b ChMk0b\"><span class=\"Q4iAWc\">Vaji i ullirit ka shum\u00eb p\u00ebrfitime sh\u00ebndet\u00ebsore, ve\u00e7an\u00ebrisht p\u00ebr traktin tret\u00ebs.<\/span><\/span> <span class=\"JLqJ4b ChMk0b\"><span class=\"Q4iAWc\">P\u00ebrdoret si terapi ndihm\u00ebse n\u00eb trajtimin e s\u00ebmundjeve inflamatore t\u00eb zorr\u00ebve, p\u00ebr shkak t\u00eb efektit t\u00eb saj anti-inflamator dhe antioksidues.<\/span><\/span> <span class=\"JLqJ4b ChMk0b\"><span class=\"Q4iAWc\">Disa studime kan\u00eb v\u00ebrtetuar se ai shfaq edhe aktivitet antitumor, si dhe se ka nj\u00eb efekt pozitiv n\u00eb mikrobiot\u00ebn e zorr\u00ebve.<\/span><\/span> <span class=\"JLqJ4b ChMk0b\"><span class=\"Q4iAWc\">P\u00ebrve\u00e7 t\u00eb gjithave t\u00eb m\u00ebsip\u00ebrmeve, vaji i ullirit \u00ebsht\u00eb nj\u00eb kolagog i shk\u00eblqyer (stimulon sekretimin e t\u00ebmthit) dhe p\u00ebrdoret si mjet p\u00ebr t\u00eb p\u00ebrmir\u00ebsuar tretjen e ushqimit.<\/span><\/span><\/p>\t\t\t\t\t\t\t\t<\/div>\n\t\t\t\t<\/div>\n\t\t\t\t<div class=\"elementor-element elementor-element-158b490 elementor-widget elementor-widget-heading\" data-id=\"158b490\" data-element_type=\"widget\" data-e-type=\"widget\" data-widget_type=\"heading.default\">\n\t\t\t\t<div class=\"elementor-widget-container\">\n\t\t\t\t\t<h4 class=\"elementor-heading-title elementor-size-default\">Referencat<\/h4>\t\t\t\t<\/div>\n\t\t\t\t<\/div>\n\t\t\t\t<div class=\"elementor-element elementor-element-21d0bfc elementor-widget elementor-widget-text-editor\" data-id=\"21d0bfc\" data-element_type=\"widget\" data-e-type=\"widget\" data-widget_type=\"text-editor.default\">\n\t\t\t\t<div class=\"elementor-widget-container\">\n\t\t\t\t\t\t\t\t\t<ul><li><a class=\"reference-link\" href=\"https:\/\/www.ncbi.nlm.nih.gov\/pmc\/articles\/PMC8875923\/\" target=\"_blank\" rel=\"noopener\">Effects of Olive Oil and Its Components on Intestinal Inflammation and Inflammatory Bowel Disease<\/a><\/li><\/ul>\t\t\t\t\t\t\t\t<\/div>\n\t\t\t\t<\/div>\n\t\t\t\t\t<\/div>\n\t\t<\/div>\n\t\t\t\t\t<\/div>\n\t\t<\/section>\n\t\t\t\t<\/div>","protected":false},"excerpt":{"rendered":"<p>Olive Oil Olivae oleum Olive oil, apart from its role as an extraction agent, also has a healing effect. Olive oil is obtained by cold pressing from the pericarp of an unripe olive fruit. The olive fruit is a round or oblong drupe, dark purple in color. The pericarp of the fruit contains 40-60%, and &hellip;<\/p>\n<p class=\"read-more\"> <a class=\"\" href=\"https:\/\/www.alivitpharm.com\/sq\/olive-oil\/\"> <span class=\"screen-reader-text\">Vaj ulliri<\/span> Read More &raquo;<\/a><\/p>","protected":false},"author":9,"featured_media":0,"parent":0,"menu_order":0,"comment_status":"closed","ping_status":"closed","template":"","meta":{"site-sidebar-layout":"no-sidebar","site-content-layout":"page-builder","ast-global-header-display":"","ast-main-header-display":"","ast-hfb-above-header-display":"","ast-hfb-below-header-display":"","ast-hfb-mobile-header-display":"","site-post-title":"disabled","ast-breadcrumbs-content":"","ast-featured-img":"disabled","footer-sml-layout":"","theme-transparent-header-meta":"","adv-header-id-meta":"","stick-header-meta":"","header-above-stick-meta":"","header-main-stick-meta":"","header-below-stick-meta":"","footnotes":""},"class_list":["post-7245","page","type-page","status-publish","hentry"],"_links":{"self":[{"href":"https:\/\/www.alivitpharm.com\/sq\/wp-json\/wp\/v2\/pages\/7245","targetHints":{"allow":["GET"]}}],"collection":[{"href":"https:\/\/www.alivitpharm.com\/sq\/wp-json\/wp\/v2\/pages"}],"about":[{"href":"https:\/\/www.alivitpharm.com\/sq\/wp-json\/wp\/v2\/types\/page"}],"author":[{"embeddable":true,"href":"https:\/\/www.alivitpharm.com\/sq\/wp-json\/wp\/v2\/users\/9"}],"replies":[{"embeddable":true,"href":"https:\/\/www.alivitpharm.com\/sq\/wp-json\/wp\/v2\/comments?post=7245"}],"version-history":[{"count":0,"href":"https:\/\/www.alivitpharm.com\/sq\/wp-json\/wp\/v2\/pages\/7245\/revisions"}],"wp:attachment":[{"href":"https:\/\/www.alivitpharm.com\/sq\/wp-json\/wp\/v2\/media?parent=7245"}],"curies":[{"name":"wp","href":"https:\/\/api.w.org\/{rel}","templated":true}]}}