{"id":7354,"date":"2022-10-13T09:23:19","date_gmt":"2022-10-13T07:23:19","guid":{"rendered":"https:\/\/www.alivitpharm.com\/?page_id=7354"},"modified":"2022-10-13T10:36:01","modified_gmt":"2022-10-13T08:36:01","slug":"wild-rose-rosehip","status":"publish","type":"page","link":"https:\/\/www.alivitpharm.com\/sq\/wild-rose-rosehip\/","title":{"rendered":"Tr\u00ebndafil i eg\u00ebr"},"content":{"rendered":"<div data-elementor-type=\"wp-page\" data-elementor-id=\"7354\" class=\"elementor elementor-7354\">\n\t\t\t\t\t\t<section class=\"elementor-section elementor-top-section elementor-element elementor-element-affa04b elementor-section-content-middle elementor-section-boxed elementor-section-height-default elementor-section-height-default\" data-id=\"affa04b\" data-element_type=\"section\" data-e-type=\"section\" data-settings=\"{&quot;background_background&quot;:&quot;classic&quot;}\">\n\t\t\t\t\t\t\t<div class=\"elementor-background-overlay\"><\/div>\n\t\t\t\t\t\t\t<div class=\"elementor-container elementor-column-gap-default\">\n\t\t\t\t\t<div class=\"elementor-column elementor-col-100 elementor-top-column elementor-element elementor-element-30ad5ed\" data-id=\"30ad5ed\" data-element_type=\"column\" data-e-type=\"column\">\n\t\t\t<div class=\"elementor-widget-wrap elementor-element-populated\">\n\t\t\t\t\t\t<div class=\"elementor-element elementor-element-8cfe462 elementor-widget elementor-widget-heading\" data-id=\"8cfe462\" data-element_type=\"widget\" data-e-type=\"widget\" data-widget_type=\"heading.default\">\n\t\t\t\t<div class=\"elementor-widget-container\">\n\t\t\t\t\t<h1 class=\"elementor-heading-title elementor-size-default\">Tr\u00ebndafil i eg\u00ebr<\/h1>\t\t\t\t<\/div>\n\t\t\t\t<\/div>\n\t\t\t\t<div class=\"elementor-element elementor-element-93b51e5 elementor-widget elementor-widget-image\" data-id=\"93b51e5\" data-element_type=\"widget\" data-e-type=\"widget\" data-widget_type=\"image.default\">\n\t\t\t\t<div class=\"elementor-widget-container\">\n\t\t\t\t\t\t\t\t\t\t\t\t\t\t\t<img decoding=\"async\" width=\"75\" height=\"33\" src=\"https:\/\/www.alivitpharm.com\/wp-content\/uploads\/2019\/07\/logo-leaf-new.png\" class=\"attachment-large size-large wp-image-2518\" alt=\"\" \/>\t\t\t\t\t\t\t\t\t\t\t\t\t\t\t<\/div>\n\t\t\t\t<\/div>\n\t\t\t\t<div class=\"elementor-element elementor-element-98d0c10 elementor-widget elementor-widget-text-editor\" data-id=\"98d0c10\" data-element_type=\"widget\" data-e-type=\"widget\" data-widget_type=\"text-editor.default\">\n\t\t\t\t<div class=\"elementor-widget-container\">\n\t\t\t\t\t\t\t\t\t<p><em>Rosa canina L. &#8211; Rosaceae<\/em><\/p>\t\t\t\t\t\t\t\t<\/div>\n\t\t\t\t<\/div>\n\t\t\t\t\t<\/div>\n\t\t<\/div>\n\t\t\t\t\t<\/div>\n\t\t<\/section>\n\t\t\t\t<section class=\"elementor-section elementor-top-section elementor-element elementor-element-be0ff22 elementor-section-boxed elementor-section-height-default elementor-section-height-default\" data-id=\"be0ff22\" data-element_type=\"section\" data-e-type=\"section\" data-settings=\"{&quot;background_background&quot;:&quot;classic&quot;}\">\n\t\t\t\t\t\t<div class=\"elementor-container elementor-column-gap-default\">\n\t\t\t\t\t<div class=\"elementor-column elementor-col-100 elementor-top-column elementor-element elementor-element-e465b7e\" data-id=\"e465b7e\" data-element_type=\"column\" data-e-type=\"column\">\n\t\t\t<div class=\"elementor-widget-wrap elementor-element-populated\">\n\t\t\t\t\t\t<div class=\"elementor-element elementor-element-1e45b88 elementor-widget elementor-widget-image\" data-id=\"1e45b88\" data-element_type=\"widget\" data-e-type=\"widget\" data-widget_type=\"image.default\">\n\t\t\t\t<div class=\"elementor-widget-container\">\n\t\t\t\t\t\t\t\t\t\t\t\t\t\t\t<img decoding=\"async\" src=\"https:\/\/www.alivitpharm.com\/wp-content\/uploads\/2022\/10\/wild-rose-rosehip.png\" title=\"wild-rose-rosehip\" alt=\"Wild Rose \/ Rosehip\" loading=\"lazy\" \/>\t\t\t\t\t\t\t\t\t\t\t\t\t\t\t<\/div>\n\t\t\t\t<\/div>\n\t\t\t\t<div class=\"elementor-element elementor-element-dac2fe4 elementor-widget elementor-widget-text-editor\" data-id=\"dac2fe4\" data-element_type=\"widget\" data-e-type=\"widget\" data-widget_type=\"text-editor.default\">\n\t\t\t\t<div class=\"elementor-widget-container\">\n\t\t\t\t\t\t\t\t\t<p><span class=\"jCAhz ChMk0b\"><span class=\"ryNqvb\"><strong>Tr\u00ebndafili i eg\u00ebr<\/strong> \u00ebsht\u00eb nj\u00eb ka\u00e7ub\u00eb deri n\u00eb 3 m e lart\u00eb.<\/span><\/span> <span class=\"jCAhz ChMk0b\"><span class=\"ryNqvb\">E gjith\u00eb ka\u00e7uba \u00ebsht\u00eb e mbuluar me gjemba t\u00eb mpreht\u00eb.<\/span><\/span> <span class=\"jCAhz ChMk0b\"><span class=\"ryNqvb\">Gjethet jan\u00eb \u00e7udit\u00ebrisht pendore, dhe gjethet jan\u00eb n\u00eb form\u00eb veze dhe t\u00eb dh\u00ebmb\u00ebzuara mpreht\u00eb.<\/span><\/span> <span class=\"jCAhz ChMk0b\"><span class=\"ryNqvb\">Lulet jan\u00eb me ngjyr\u00eb t\u00eb bardh\u00eb-roz\u00eb me nj\u00eb arom\u00eb t\u00eb k\u00ebndshme, frutat jan\u00eb n\u00eb form\u00eb veze, me ngjyr\u00eb t\u00eb kuqe t\u00eb \u00e7el\u00ebt, t\u00eb njohura si <strong>tr\u00ebndafili i eg\u00ebr<\/strong>, dhe p\u00ebrmbajn\u00eb nj\u00eb num\u00ebr t\u00eb madh farash.<\/span><\/span> <span class=\"jCAhz ChMk0b\"><span class=\"ryNqvb\">Periudha e lul\u00ebzimit fillon n\u00eb maj, dhe frutat zakonisht mblidhen gjat\u00eb shtatorit dhe tetorit. <\/span><\/span><span class=\"jCAhz ChMk0b\"><span class=\"ryNqvb\">Tr\u00ebndafili i eg\u00ebr \u00ebsht\u00eb i p\u00ebrhapur n\u00eb t\u00eb gjith\u00eb Evrop\u00ebn, dhe rritet gjithashtu n\u00eb Azin\u00eb Per\u00ebndimore dhe Afrik\u00ebn Veri-Per\u00ebndimore.<\/span><\/span> <span class=\"jCAhz ChMk0b\"><span class=\"ryNqvb\">\u00cbsht\u00eb shum\u00eb i zakonsh\u00ebm n\u00eb rajonin ton\u00eb, duke u rritur p\u00ebrgjat\u00eb skajeve t\u00eb pyjeve.<\/span><\/span><\/p><p><span class=\"jCAhz ChMk0b\"><span class=\"ryNqvb\">Pjesa medicinale e bim\u00ebs \u00ebsht\u00eb frut i thar\u00eb.<\/span><\/span> <span class=\"jCAhz ChMk0b\"><span class=\"ryNqvb\">\u00cbsht\u00eb e pasur me vitamin\u00eb C, acide frutash (malik, citrik, qelibar, fosforik), sheqerna, lignin\u00eb, pektin\u00eb, tanine, flavonoide, karotenoide, acid silicik, hekur dhe krip\u00ebra alumini.<\/span><\/span><\/p>\t\t\t\t\t\t\t\t<\/div>\n\t\t\t\t<\/div>\n\t\t\t\t<div class=\"elementor-element elementor-element-d6e8882 elementor-widget elementor-widget-image\" data-id=\"d6e8882\" data-element_type=\"widget\" data-e-type=\"widget\" data-widget_type=\"image.default\">\n\t\t\t\t<div class=\"elementor-widget-container\">\n\t\t\t\t\t\t\t\t\t\t\t\t\t\t\t<img decoding=\"async\" src=\"https:\/\/www.alivitpharm.com\/wp-content\/uploads\/2022\/09\/leaves.png\" title=\"leaves\" alt=\"Leaves\" loading=\"lazy\" \/>\t\t\t\t\t\t\t\t\t\t\t\t\t\t\t<\/div>\n\t\t\t\t<\/div>\n\t\t\t\t<div class=\"elementor-element elementor-element-4e32d08 elementor-widget elementor-widget-text-editor\" data-id=\"4e32d08\" data-element_type=\"widget\" data-e-type=\"widget\" data-widget_type=\"text-editor.default\">\n\t\t\t\t<div class=\"elementor-widget-container\">\n\t\t\t\t\t\t\t\t\t<p><span class=\"jCAhz ChMk0b\"><span class=\"ryNqvb\">P\u00ebr shkak t\u00eb p\u00ebrmbajtjes s\u00eb lart\u00eb t\u00eb vitamin\u00ebs C, tr\u00ebndafili i eg\u00ebr tradicionalisht rekomandohet p\u00ebr forcimin e sistemit imunitar dhe n\u00eb rastet e lodhjes dhe rraskapitjes pranverore.<\/span><\/span> <span class=\"jCAhz ChMk0b\"><span class=\"ryNqvb\">Fruti i tr\u00ebndafilit t\u00eb eg\u00ebr ka aktivitete profilaktike dhe terapeutike kund\u00ebr shum\u00eb s\u00ebmundjeve (artrit reumatoid, p\u00ebrdhes, s\u00ebmundje infektive, s\u00ebmundje t\u00eb t\u00ebmthit, s\u00ebmundje t\u00eb veshkave), fal\u00eb efekteve t\u00eb tij antioksiduese, anti-inflamatore dhe antimikrobike.<\/span><\/span><\/p><p><span class=\"jCAhz ChMk0b\"><span class=\"ryNqvb\">Rezultatet e disa studimeve v\u00ebrtetojn\u00eb se tr\u00ebndafili i eg\u00ebr ka efekte citotoksike n\u00eb qelizat kancerogjene t\u00eb mushk\u00ebrive dhe prostat\u00ebs (i shkat\u00ebrron ato).<\/span><\/span> <span class=\"jCAhz ChMk0b\"><span class=\"ryNqvb\">Gjithashtu, p\u00ebrdorimi i k\u00ebsaj bime rekomandohet p\u00ebr inflamacionin kronik t\u00eb traktit urinar, p\u00ebr t\u00eb forcuar mushk\u00ebrit\u00eb dhe p\u00ebr t\u00eb freskuar trupin.<\/span><\/span> <span class=\"jCAhz ChMk0b\"><span class=\"ryNqvb\">Taninet q\u00eb gjenden n\u00eb frutin e tr\u00ebndafilit t\u00eb eg\u00ebr ndalojn\u00eb diarren\u00eb, dhe meqen\u00ebse \u00ebsht\u00eb i pasur edhe me hekur, p\u00ebrdorimi i tij \u00ebsht\u00eb plot\u00ebsisht i justifikuar n\u00eb rast t\u00eb anemis\u00eb sideropenike.<\/span><\/span><\/p>\t\t\t\t\t\t\t\t<\/div>\n\t\t\t\t<\/div>\n\t\t\t\t<div class=\"elementor-element elementor-element-1e52350 elementor-widget elementor-widget-heading\" data-id=\"1e52350\" data-element_type=\"widget\" data-e-type=\"widget\" data-widget_type=\"heading.default\">\n\t\t\t\t<div class=\"elementor-widget-container\">\n\t\t\t\t\t<h4 class=\"elementor-heading-title elementor-size-default\">Referencat<\/h4>\t\t\t\t<\/div>\n\t\t\t\t<\/div>\n\t\t\t\t<div class=\"elementor-element elementor-element-8cdaa5b elementor-widget elementor-widget-text-editor\" data-id=\"8cdaa5b\" data-element_type=\"widget\" data-e-type=\"widget\" data-widget_type=\"text-editor.default\">\n\t\t\t\t<div class=\"elementor-widget-container\">\n\t\t\t\t\t\t\t\t\t<ul><li><a class=\"reference-link\" href=\"https:\/\/www.ncbi.nlm.nih.gov\/pmc\/articles\/PMC3648971\/\" target=\"_blank\" rel=\"noopener\">Rosa canina L. Fruit Hydro-Alcoholic Extract Effects on Some Immunological and Biochemical Parameters in Rats<\/a><\/li><li><a class=\"reference-link\" href=\"https:\/\/pubmed.ncbi.nlm.nih.gov\/18384191\/\" target=\"_blank\" rel=\"noopener\">A systematic review on the Rosa canina effect and efficacy profiles<\/a><\/li><li><a class=\"reference-link\" href=\"https:\/\/pubmed.ncbi.nlm.nih.gov\/31184219\/\" target=\"_blank\" rel=\"noopener\">Rosa canina Extract has Antiproliferative and Proapoptotic Effects on Human Lung and Prostate Cancer Cells<\/a><\/li><\/ul>\t\t\t\t\t\t\t\t<\/div>\n\t\t\t\t<\/div>\n\t\t\t\t\t<\/div>\n\t\t<\/div>\n\t\t\t\t\t<\/div>\n\t\t<\/section>\n\t\t\t\t<\/div>","protected":false},"excerpt":{"rendered":"<p>Wild Rose (Rosehip) Rosa canina L. &#8211; Rosaceae Wild rose (dog rose) is a shrub up to 3m tall. The entire bush is overgrown with sharp thorns. The leaves are oddly pinnate, and the leaflets are egg-shaped and sharply toothed. The flowers are white-pink in color with a pleasant smell, the fruits are egg-shaped, light &hellip;<\/p>\n<p class=\"read-more\"> <a class=\"\" href=\"https:\/\/www.alivitpharm.com\/sq\/wild-rose-rosehip\/\"> <span class=\"screen-reader-text\">Tr\u00ebndafil i eg\u00ebr<\/span> Read More &raquo;<\/a><\/p>","protected":false},"author":9,"featured_media":0,"parent":0,"menu_order":0,"comment_status":"closed","ping_status":"closed","template":"","meta":{"site-sidebar-layout":"no-sidebar","site-content-layout":"page-builder","ast-global-header-display":"","ast-main-header-display":"","ast-hfb-above-header-display":"","ast-hfb-below-header-display":"","ast-hfb-mobile-header-display":"","site-post-title":"disabled","ast-breadcrumbs-content":"","ast-featured-img":"disabled","footer-sml-layout":"","theme-transparent-header-meta":"","adv-header-id-meta":"","stick-header-meta":"","header-above-stick-meta":"","header-main-stick-meta":"","header-below-stick-meta":"","footnotes":""},"class_list":["post-7354","page","type-page","status-publish","hentry"],"_links":{"self":[{"href":"https:\/\/www.alivitpharm.com\/sq\/wp-json\/wp\/v2\/pages\/7354","targetHints":{"allow":["GET"]}}],"collection":[{"href":"https:\/\/www.alivitpharm.com\/sq\/wp-json\/wp\/v2\/pages"}],"about":[{"href":"https:\/\/www.alivitpharm.com\/sq\/wp-json\/wp\/v2\/types\/page"}],"author":[{"embeddable":true,"href":"https:\/\/www.alivitpharm.com\/sq\/wp-json\/wp\/v2\/users\/9"}],"replies":[{"embeddable":true,"href":"https:\/\/www.alivitpharm.com\/sq\/wp-json\/wp\/v2\/comments?post=7354"}],"version-history":[{"count":0,"href":"https:\/\/www.alivitpharm.com\/sq\/wp-json\/wp\/v2\/pages\/7354\/revisions"}],"wp:attachment":[{"href":"https:\/\/www.alivitpharm.com\/sq\/wp-json\/wp\/v2\/media?parent=7354"}],"curies":[{"name":"wp","href":"https:\/\/api.w.org\/{rel}","templated":true}]}}