{"id":7724,"date":"2022-10-21T09:24:27","date_gmt":"2022-10-21T07:24:27","guid":{"rendered":"https:\/\/www.alivitpharm.com\/?page_id=7724"},"modified":"2022-10-21T13:24:47","modified_gmt":"2022-10-21T11:24:47","slug":"wild-garlic","status":"publish","type":"page","link":"https:\/\/www.alivitpharm.com\/sq\/wild-garlic\/","title":{"rendered":"Hudhra e malit"},"content":{"rendered":"<div data-elementor-type=\"wp-page\" data-elementor-id=\"7724\" class=\"elementor elementor-7724\">\n\t\t\t\t\t\t<section class=\"elementor-section elementor-top-section elementor-element elementor-element-d506db5 elementor-section-content-middle elementor-section-boxed elementor-section-height-default elementor-section-height-default\" data-id=\"d506db5\" data-element_type=\"section\" data-e-type=\"section\" data-settings=\"{&quot;background_background&quot;:&quot;classic&quot;}\">\n\t\t\t\t\t\t\t<div class=\"elementor-background-overlay\"><\/div>\n\t\t\t\t\t\t\t<div class=\"elementor-container elementor-column-gap-default\">\n\t\t\t\t\t<div class=\"elementor-column elementor-col-100 elementor-top-column elementor-element elementor-element-eff1f98\" data-id=\"eff1f98\" data-element_type=\"column\" data-e-type=\"column\">\n\t\t\t<div class=\"elementor-widget-wrap elementor-element-populated\">\n\t\t\t\t\t\t<div class=\"elementor-element elementor-element-9228915 elementor-widget elementor-widget-heading\" data-id=\"9228915\" data-element_type=\"widget\" data-e-type=\"widget\" data-widget_type=\"heading.default\">\n\t\t\t\t<div class=\"elementor-widget-container\">\n\t\t\t\t\t<h1 class=\"elementor-heading-title elementor-size-default\">Hudhra e malit<\/h1>\t\t\t\t<\/div>\n\t\t\t\t<\/div>\n\t\t\t\t<div class=\"elementor-element elementor-element-32c1769 elementor-widget elementor-widget-image\" data-id=\"32c1769\" data-element_type=\"widget\" data-e-type=\"widget\" data-widget_type=\"image.default\">\n\t\t\t\t<div class=\"elementor-widget-container\">\n\t\t\t\t\t\t\t\t\t\t\t\t\t\t\t<img decoding=\"async\" width=\"75\" height=\"33\" src=\"https:\/\/www.alivitpharm.com\/wp-content\/uploads\/2019\/07\/logo-leaf-new.png\" class=\"attachment-large size-large wp-image-2518\" alt=\"\" \/>\t\t\t\t\t\t\t\t\t\t\t\t\t\t\t<\/div>\n\t\t\t\t<\/div>\n\t\t\t\t<div class=\"elementor-element elementor-element-c9803ad elementor-widget elementor-widget-text-editor\" data-id=\"c9803ad\" data-element_type=\"widget\" data-e-type=\"widget\" data-widget_type=\"text-editor.default\">\n\t\t\t\t<div class=\"elementor-widget-container\">\n\t\t\t\t\t\t\t\t\t<p><em>Alli ursini folium \u2013 Gjethe e hudhr\u00ebs s\u00eb eg\u00ebr<br \/>Allium ursinum \u2013 Allia ceae<\/em><\/p>\t\t\t\t\t\t\t\t<\/div>\n\t\t\t\t<\/div>\n\t\t\t\t\t<\/div>\n\t\t<\/div>\n\t\t\t\t\t<\/div>\n\t\t<\/section>\n\t\t\t\t<section class=\"elementor-section elementor-top-section elementor-element elementor-element-623f25e elementor-section-boxed elementor-section-height-default elementor-section-height-default\" data-id=\"623f25e\" data-element_type=\"section\" data-e-type=\"section\" data-settings=\"{&quot;background_background&quot;:&quot;classic&quot;}\">\n\t\t\t\t\t\t<div class=\"elementor-container elementor-column-gap-default\">\n\t\t\t\t\t<div class=\"elementor-column elementor-col-100 elementor-top-column elementor-element elementor-element-13b2f6a\" data-id=\"13b2f6a\" data-element_type=\"column\" data-e-type=\"column\">\n\t\t\t<div class=\"elementor-widget-wrap elementor-element-populated\">\n\t\t\t\t\t\t<div class=\"elementor-element elementor-element-ccdc037 elementor-widget elementor-widget-image\" data-id=\"ccdc037\" data-element_type=\"widget\" data-e-type=\"widget\" data-widget_type=\"image.default\">\n\t\t\t\t<div class=\"elementor-widget-container\">\n\t\t\t\t\t\t\t\t\t\t\t\t\t\t\t<img decoding=\"async\" src=\"https:\/\/www.alivitpharm.com\/wp-content\/uploads\/2022\/10\/wild-garlic.jpg\" title=\"wild-garlic\" alt=\"Hudhra e malit\" loading=\"lazy\" \/>\t\t\t\t\t\t\t\t\t\t\t\t\t\t\t<\/div>\n\t\t\t\t<\/div>\n\t\t\t\t<div class=\"elementor-element elementor-element-397d73c elementor-widget elementor-widget-text-editor\" data-id=\"397d73c\" data-element_type=\"widget\" data-e-type=\"widget\" data-widget_type=\"text-editor.default\">\n\t\t\t\t<div class=\"elementor-widget-container\">\n\t\t\t\t\t\t\t\t\t<p><span class=\"jCAhz ChMk0b\"><span class=\"ryNqvb\"><strong>Hudhra e malit<\/strong>\u00a0\u00ebsht\u00eb nj\u00eb bim\u00eb barishtore shum\u00ebvje\u00e7are.<\/span><\/span> <span class=\"jCAhz ChMk0b\"><span class=\"ryNqvb\">Ajo karakterizohet nga nj\u00eb qitje n\u00ebn tok\u00eb e metamorfizuar, q\u00eb \u00ebsht\u00eb nj\u00eb lukovic\u00eb.<\/span><\/span> <span class=\"jCAhz ChMk0b\"><span class=\"ryNqvb\">Lukovica \u00ebsht\u00eb e drejtp\u00ebrdrejt\u00eb, 2-5 cm e gjat\u00eb, e mbuluar me gjethe t\u00eb bardha t\u00eb verdha.<\/span><\/span> <span class=\"jCAhz ChMk0b\"><span class=\"ryNqvb\">Nga lukovica dalin dy gjethe, q\u00eb jan\u00eb eliptike, me maj\u00eb t\u00eb mpreht\u00eb dhe kan\u00eb ngjyr\u00eb t\u00eb gjelb\u00ebr.<\/span><\/span> <span class=\"jCAhz ChMk0b\"><span class=\"ryNqvb\">N\u00eb baz\u00eb, gjetheja ngushtohet n\u00eb nj\u00eb petiole t\u00eb gjat\u00eb.<\/span><\/span> <span class=\"jCAhz ChMk0b\"><span class=\"ryNqvb\">Kallami ka seksion t\u00eb trek\u00ebnd\u00ebsh, dhe lule t\u00eb bardha q\u00eb mblidhen n\u00eb inflorescenca n\u00eb form\u00eb shilie zhvillohen n\u00eb maj\u00eb t\u00eb tij.<\/span><\/span> <span class=\"jCAhz ChMk0b\"><span class=\"ryNqvb\">Fruti ka form\u00eb kokoni, me fara t\u00eb kuqe dhe trek\u00ebndore.<\/span><\/span><\/p><p><span class=\"jCAhz ChMk0b\"><span class=\"ryNqvb\">Hudhra e malit \u00ebsht\u00eb nj\u00eb lloj bime t\u00eb eg\u00ebr, nj\u00eb bim\u00eb e ngr\u00ebnshme q\u00eb ka nj\u00eb er\u00eb t\u00eb ngjashme me hudhr\u00ebn.<\/span><\/span> <span class=\"jCAhz ChMk0b\"><span class=\"ryNqvb\">Ajo njihet gjithashtu me emra t\u00eb tjer\u00eb, si hudhra e pyllit, hudhra euraziatike e eg\u00ebr<b>, <\/b>dhe hudhra e arush\u00ebs.<\/span><\/span> <span class=\"jCAhz ChMk0b\"><span class=\"ryNqvb\">Rritet n\u00eb pyje t\u00eb lag\u00ebshta pyjore me gjethe r\u00ebn\u00ebs t\u00eb Europ\u00ebs dhe disa pjes\u00eb t\u00eb Azis\u00eb.<\/span><\/span> <span class=\"jCAhz ChMk0b\"><span class=\"ryNqvb\">T\u00eb gjitha pjes\u00ebt e bim\u00ebs jan\u00eb t\u00eb ngr\u00ebnshme, k\u00ebshtu q\u00eb p\u00ebr konsumim, gjethet mblidhen para lul\u00ebzimit.<\/span><\/span><\/p>\t\t\t\t\t\t\t\t<\/div>\n\t\t\t\t<\/div>\n\t\t\t\t<div class=\"elementor-element elementor-element-4302ff6 elementor-widget elementor-widget-image\" data-id=\"4302ff6\" data-element_type=\"widget\" data-e-type=\"widget\" data-widget_type=\"image.default\">\n\t\t\t\t<div class=\"elementor-widget-container\">\n\t\t\t\t\t\t\t\t\t\t\t\t\t\t\t<img decoding=\"async\" src=\"https:\/\/www.alivitpharm.com\/wp-content\/uploads\/2022\/09\/leaves.png\" title=\"leaves\" alt=\"Leaves\" loading=\"lazy\" \/>\t\t\t\t\t\t\t\t\t\t\t\t\t\t\t<\/div>\n\t\t\t\t<\/div>\n\t\t\t\t<div class=\"elementor-element elementor-element-caca516 elementor-widget elementor-widget-text-editor\" data-id=\"caca516\" data-element_type=\"widget\" data-e-type=\"widget\" data-widget_type=\"text-editor.default\">\n\t\t\t\t<div class=\"elementor-widget-container\">\n\t\t\t\t\t\t\t\t\t<p><span class=\"jCAhz ChMk0b\"><span class=\"ryNqvb\">Hudhra e malit p\u00ebrmban nj\u00eb p\u00ebrmbajtje t\u00eb lart\u00eb t\u00eb sulfurit dhe \u00ebsht\u00eb e r\u00ebnd\u00ebsishme p\u00ebr ruajtjen e sh\u00ebndetit t\u00eb traktit digjestiv (ajo ndikon n\u00eb bilancin e duhur t\u00eb mikrobiot\u00ebs s\u00eb zorr\u00ebve) dhe t\u00eb gjith\u00eb organizmit, si dhe p\u00ebr eliminimin e metaleve t\u00eb r\u00ebnda nga organizmi.<\/span><\/span> <span class=\"jCAhz ChMk0b\"><span class=\"ryNqvb\">P\u00ebrb\u00ebr\u00ebsit aktiv\u00eb t\u00eb hudhr\u00ebs s\u00eb malit jan\u00eb alicina dhe tiosulfina, t\u00eb cilat jan\u00eb p\u00ebrgjegj\u00ebse p\u00ebr uljen e lipideve (uljen e nivelit t\u00eb kolesterolit LDL dhe rritjen e nivelit t\u00eb kolesterolit t\u00eb mir\u00eb ose HDL), parandalimin e mpiksjes s\u00eb gjakut dhe uljen e tensionit t\u00eb gjakut.<\/span><\/span> <span class=\"jCAhz ChMk0b\"><span class=\"ryNqvb\">Efektet e p\u00ebrmendura m\u00eb par\u00eb t\u00eb hudhr\u00ebs s\u00eb malit pasqyrojn\u00eb veprimin e saj kardioprotektiv.<\/span><\/span><\/p><p><span class=\"jCAhz ChMk0b\"><span class=\"ryNqvb\">P\u00ebrve\u00e7 p\u00ebrb\u00ebr\u00ebsve t\u00eb p\u00ebrmendur, sremushi p\u00ebrmban gjithashtu ajoen, i cili z\u00eb nj\u00eb vend t\u00eb r\u00ebnd\u00ebsish\u00ebm si substanc\u00eb q\u00eb ndihmon n\u00eb trajtimin e melanom\u00ebs dhe disa forma t\u00eb leukemis\u00eb, si dhe adenosin\u00eb, e cila ka nj\u00eb efekt shum\u00eb t\u00eb favorsh\u00ebm n\u00eb ruajtjen e vlerave normale t\u00eb tensionit t\u00eb gjakut.<\/span><\/span> <span class=\"jCAhz ChMk0b\"><span class=\"ryNqvb\">Ajo gjithashtu tregon aktivitet antioksidant (neutralizon radikalet e lira), dhe ka aktivitet t\u00eb theksuar antimikrobik (vepron kund\u00ebr viruseve, baktereve, k\u00ebrpudhave dhe parazit\u00ebve).<\/span><\/span> <span class=\"jCAhz ChMk0b\"><span class=\"ryNqvb\">P\u00ebr shkak t\u00eb p\u00ebrb\u00ebrjes s\u00eb saj, kjo bim\u00eb \u00ebsht\u00eb objekt i shum\u00eb studimeve mjek\u00ebsore.<\/span><\/span><\/p>\t\t\t\t\t\t\t\t<\/div>\n\t\t\t\t<\/div>\n\t\t\t\t<div class=\"elementor-element elementor-element-dda13c9 elementor-widget elementor-widget-heading\" data-id=\"dda13c9\" data-element_type=\"widget\" data-e-type=\"widget\" data-widget_type=\"heading.default\">\n\t\t\t\t<div class=\"elementor-widget-container\">\n\t\t\t\t\t<h4 class=\"elementor-heading-title elementor-size-default\">Referencat<\/h4>\t\t\t\t<\/div>\n\t\t\t\t<\/div>\n\t\t\t\t<div class=\"elementor-element elementor-element-9418782 elementor-widget elementor-widget-text-editor\" data-id=\"9418782\" data-element_type=\"widget\" data-e-type=\"widget\" data-widget_type=\"text-editor.default\">\n\t\t\t\t<div class=\"elementor-widget-container\">\n\t\t\t\t\t\t\t\t\t<ul><li><a class=\"reference-link\" href=\"https:\/\/pubmed.ncbi.nlm.nih.gov\/25774103\/\" target=\"_blank\" rel=\"noopener\">Allium ursinum: botanical, phytochemical and pharmacological overview<\/a><\/li><li><a class=\"reference-link\" href=\"https:\/\/pubmed.ncbi.nlm.nih.gov\/33335521\/\" target=\"_blank\" rel=\"noopener\">Antioxidant and Antiproliferative Activity of Allium ursinum and Their Associated Microbiota During Simulated in vitro Digestion in the Presence of Food Matrix<\/a><\/li><li><a class=\"reference-link\" href=\"https:\/\/pubmed.ncbi.nlm.nih.gov\/28543032\/\" target=\"_blank\" rel=\"noopener\">Influence of different wild-garlic (Allium ursinum) extracts on the gastrointestinal system: spasmolytic, antimicrobial and antioxidant properties<\/a><\/li><li><a class=\"reference-link\" href=\"https:\/\/pubmed.ncbi.nlm.nih.gov\/22408399\/\" target=\"_blank\" rel=\"noopener\">Chemical composition and in vitro antifungal activity screening of the Allium ursinum L. (Liliaceae)<\/a><\/li><li><a class=\"reference-link\" href=\"https:\/\/pubmed.ncbi.nlm.nih.gov\/27517918\/\" target=\"_blank\" rel=\"noopener\">Anti-Atherogenic Properties of Allium ursinum Liophylisate: Impact on Lipoprotein Homeostasis and Cardiac Biomarkers in Hypercholesterolemic Rabbits<\/a><\/li><li><a class=\"reference-link\" href=\"https:\/\/pubmed.ncbi.nlm.nih.gov\/31297043\/\" target=\"_blank\" rel=\"noopener\">Ethanol extracts of Allium sp. regulate cyclooxygenase-2 and E-cadherin expression in gastric cancer MKN74 cell line and enhance doxorubicin toxicity<\/a><\/li><\/ul>\t\t\t\t\t\t\t\t<\/div>\n\t\t\t\t<\/div>\n\t\t\t\t\t<\/div>\n\t\t<\/div>\n\t\t\t\t\t<\/div>\n\t\t<\/section>\n\t\t\t\t<\/div>","protected":false},"excerpt":{"rendered":"<p>Wild Garlic Alli ursini folium \u2013 Leaf of wild garlicAllium ursinum \u2013 Allia ceae Wild garlic\u00a0is a perennial herbaceous plant. It is characterized by a metamorphosed underground shoot-bulb. The bulb is upright, 2-5 cm long, covered with white-yellow leaves. Two leaves emerge from the bulb, the leaf is elliptical, with a sharp tip, green in &hellip;<\/p>\n<p class=\"read-more\"> <a class=\"\" href=\"https:\/\/www.alivitpharm.com\/sq\/wild-garlic\/\"> <span class=\"screen-reader-text\">Hudhra e malit<\/span> Read More &raquo;<\/a><\/p>","protected":false},"author":9,"featured_media":0,"parent":0,"menu_order":0,"comment_status":"closed","ping_status":"closed","template":"","meta":{"site-sidebar-layout":"no-sidebar","site-content-layout":"page-builder","ast-global-header-display":"","ast-main-header-display":"","ast-hfb-above-header-display":"","ast-hfb-below-header-display":"","ast-hfb-mobile-header-display":"","site-post-title":"disabled","ast-breadcrumbs-content":"","ast-featured-img":"disabled","footer-sml-layout":"","theme-transparent-header-meta":"","adv-header-id-meta":"","stick-header-meta":"","header-above-stick-meta":"","header-main-stick-meta":"","header-below-stick-meta":"","footnotes":""},"class_list":["post-7724","page","type-page","status-publish","hentry"],"_links":{"self":[{"href":"https:\/\/www.alivitpharm.com\/sq\/wp-json\/wp\/v2\/pages\/7724","targetHints":{"allow":["GET"]}}],"collection":[{"href":"https:\/\/www.alivitpharm.com\/sq\/wp-json\/wp\/v2\/pages"}],"about":[{"href":"https:\/\/www.alivitpharm.com\/sq\/wp-json\/wp\/v2\/types\/page"}],"author":[{"embeddable":true,"href":"https:\/\/www.alivitpharm.com\/sq\/wp-json\/wp\/v2\/users\/9"}],"replies":[{"embeddable":true,"href":"https:\/\/www.alivitpharm.com\/sq\/wp-json\/wp\/v2\/comments?post=7724"}],"version-history":[{"count":0,"href":"https:\/\/www.alivitpharm.com\/sq\/wp-json\/wp\/v2\/pages\/7724\/revisions"}],"wp:attachment":[{"href":"https:\/\/www.alivitpharm.com\/sq\/wp-json\/wp\/v2\/media?parent=7724"}],"curies":[{"name":"wp","href":"https:\/\/api.w.org\/{rel}","templated":true}]}}