{"id":7769,"date":"2022-10-21T13:49:50","date_gmt":"2022-10-21T11:49:50","guid":{"rendered":"https:\/\/www.alivitpharm.com\/?page_id=7769"},"modified":"2022-10-24T10:19:49","modified_gmt":"2022-10-24T08:19:49","slug":"lemon-balm","status":"publish","type":"page","link":"https:\/\/www.alivitpharm.com\/sq\/lemon-balm\/","title":{"rendered":"Melisa"},"content":{"rendered":"<div data-elementor-type=\"wp-page\" data-elementor-id=\"7769\" class=\"elementor elementor-7769\">\n\t\t\t\t\t\t<section class=\"elementor-section elementor-top-section elementor-element elementor-element-b0829ad elementor-section-content-middle elementor-section-boxed elementor-section-height-default elementor-section-height-default\" data-id=\"b0829ad\" data-element_type=\"section\" data-e-type=\"section\" data-settings=\"{&quot;background_background&quot;:&quot;classic&quot;}\">\n\t\t\t\t\t\t\t<div class=\"elementor-background-overlay\"><\/div>\n\t\t\t\t\t\t\t<div class=\"elementor-container elementor-column-gap-default\">\n\t\t\t\t\t<div class=\"elementor-column elementor-col-100 elementor-top-column elementor-element elementor-element-13fa661\" data-id=\"13fa661\" data-element_type=\"column\" data-e-type=\"column\">\n\t\t\t<div class=\"elementor-widget-wrap elementor-element-populated\">\n\t\t\t\t\t\t<div class=\"elementor-element elementor-element-400927c elementor-widget elementor-widget-heading\" data-id=\"400927c\" data-element_type=\"widget\" data-e-type=\"widget\" data-widget_type=\"heading.default\">\n\t\t\t\t<div class=\"elementor-widget-container\">\n\t\t\t\t\t<h1 class=\"elementor-heading-title elementor-size-default\">Melisa<\/h1>\t\t\t\t<\/div>\n\t\t\t\t<\/div>\n\t\t\t\t<div class=\"elementor-element elementor-element-7438924 elementor-widget elementor-widget-image\" data-id=\"7438924\" data-element_type=\"widget\" data-e-type=\"widget\" data-widget_type=\"image.default\">\n\t\t\t\t<div class=\"elementor-widget-container\">\n\t\t\t\t\t\t\t\t\t\t\t\t\t\t\t<img decoding=\"async\" width=\"75\" height=\"33\" src=\"https:\/\/www.alivitpharm.com\/wp-content\/uploads\/2019\/07\/logo-leaf-new.png\" class=\"attachment-large size-large wp-image-2518\" alt=\"\" \/>\t\t\t\t\t\t\t\t\t\t\t\t\t\t\t<\/div>\n\t\t\t\t<\/div>\n\t\t\t\t<div class=\"elementor-element elementor-element-206aee2 elementor-widget elementor-widget-text-editor\" data-id=\"206aee2\" data-element_type=\"widget\" data-e-type=\"widget\" data-widget_type=\"text-editor.default\">\n\t\t\t\t<div class=\"elementor-widget-container\">\n\t\t\t\t\t\t\t\t\t<p><em>Melissase folium \u2013 Gjethe e melis\u00ebs<br \/>Melissa officinalis L. \u2013 Lamiaceae<\/em><\/p>\t\t\t\t\t\t\t\t<\/div>\n\t\t\t\t<\/div>\n\t\t\t\t\t<\/div>\n\t\t<\/div>\n\t\t\t\t\t<\/div>\n\t\t<\/section>\n\t\t\t\t<section class=\"elementor-section elementor-top-section elementor-element elementor-element-e95e900 elementor-section-boxed elementor-section-height-default elementor-section-height-default\" data-id=\"e95e900\" data-element_type=\"section\" data-e-type=\"section\" data-settings=\"{&quot;background_background&quot;:&quot;classic&quot;}\">\n\t\t\t\t\t\t<div class=\"elementor-container elementor-column-gap-default\">\n\t\t\t\t\t<div class=\"elementor-column elementor-col-100 elementor-top-column elementor-element elementor-element-94001a7\" data-id=\"94001a7\" data-element_type=\"column\" data-e-type=\"column\">\n\t\t\t<div class=\"elementor-widget-wrap elementor-element-populated\">\n\t\t\t\t\t\t<div class=\"elementor-element elementor-element-001f5cf elementor-widget elementor-widget-image\" data-id=\"001f5cf\" data-element_type=\"widget\" data-e-type=\"widget\" data-widget_type=\"image.default\">\n\t\t\t\t<div class=\"elementor-widget-container\">\n\t\t\t\t\t\t\t\t\t\t\t\t\t\t\t<img decoding=\"async\" src=\"https:\/\/www.alivitpharm.com\/wp-content\/uploads\/2022\/10\/lemon-balm.jpg\" title=\"lemon-balm\" alt=\"Melisa\" loading=\"lazy\" \/>\t\t\t\t\t\t\t\t\t\t\t\t\t\t\t<\/div>\n\t\t\t\t<\/div>\n\t\t\t\t<div class=\"elementor-element elementor-element-b23e664 elementor-widget elementor-widget-text-editor\" data-id=\"b23e664\" data-element_type=\"widget\" data-e-type=\"widget\" data-widget_type=\"text-editor.default\">\n\t\t\t\t<div class=\"elementor-widget-container\">\n\t\t\t\t\t\t\t\t\t<p><span class=\"jCAhz ChMk0b\"><span class=\"ryNqvb\"><strong>Melisa<\/strong> \u00ebsht\u00eb nj\u00eb bim\u00eb shum\u00ebvje\u00e7are barishtore.<\/span><\/span> <span class=\"jCAhz ChMk0b\"><span class=\"ryNqvb\">Rr\u00ebnja \u00ebsht\u00eb e shkurt\u00ebr, kallami \u00ebsht\u00eb i drejtp\u00ebrdrejt\u00eb, i mbuluar me fije mekanike dhe luspa gj\u00ebndrori.<\/span><\/span> <span class=\"jCAhz ChMk0b\"><span class=\"ryNqvb\">Gjethet jan\u00eb t\u00eb kund\u00ebrta, n\u00eb form\u00eb eliptike deri n\u00eb romboide, me nervatura n\u00eb form\u00ebn e nj\u00eb rrjeti, t\u00eb mbuluara me fije dhe gj\u00ebndra.<\/span><\/span> <span class=\"jCAhz ChMk0b\"><span class=\"ryNqvb\">Lul\u00ebt jan\u00eb t\u00eb mbledhura n\u00eb dikiume, dhe frutat jan\u00eb t\u00eb zgjatur, me form\u00eb veze.<\/span><\/span> <span class=\"jCAhz ChMk0b\"><span class=\"ryNqvb\">Melisa rritet rreth fshatrave, p\u00ebrgjat\u00eb skajit t\u00eb pyllit.<\/span><\/span> <span class=\"jCAhz ChMk0b\"><span class=\"ryNqvb\">Ajo p\u00ebrhapet sporadikisht dhe kultivohet n\u00eb kopshtet e qytetit.<\/span><\/span><\/p><p><span class=\"jCAhz ChMk0b\"><span class=\"ryNqvb\">Pjesa medicinale e bim\u00ebs \u00ebsht\u00eb e gjith\u00eb gjetheja e thart\u00eb e melis\u00ebs, e grumbulluar pak para lul\u00ebzimit.<\/span><\/span> <span class=\"jCAhz ChMk0b\"><span class=\"ryNqvb\">Gjetheja \u00ebsht\u00eb e holl\u00eb, shkat\u00ebrruese kur \u00ebsht\u00eb e that\u00eb, me ngjyr\u00eb t\u00eb gjelb\u00ebr t\u00eb err\u00ebt, me nj\u00eb shije t\u00eb \u00ebmb\u00ebl, pastaj t\u00eb hidhur dhe nj\u00eb arom\u00eb shum\u00eb specifike limoni.<\/span><\/span><\/p><p><span class=\"jCAhz ChMk0b\"><span class=\"ryNqvb\">Gjethet e melis\u00ebs p\u00ebrmbajn\u00eb 0.05-0.3% vaj esencial.<\/span><\/span> <span class=\"jCAhz ChMk0b\"><span class=\"ryNqvb\">Vaji esencial i melis\u00ebs merret p\u00ebrmes distilimit me avull nga shtyllat e fresk\u00ebta t\u00eb melis\u00ebs.<\/span><\/span> <span class=\"jCAhz ChMk0b\"><span class=\"ryNqvb\">Aldehidet dhe alkool\u00ebt monoterpenik\u00eb jan\u00eb dominues n\u00eb vajin esencial, dhe p\u00ebrb\u00ebr\u00ebsit m\u00eb t\u00eb r\u00ebnd\u00ebsish\u00ebm jan\u00eb aldehidet e citralit (geraniali dhe nerali).<\/span><\/span> <span class=\"jCAhz ChMk0b\"><span class=\"ryNqvb\">Gjethet e melis\u00ebs p\u00ebrmbajn\u00eb sesquiterpene (\u03b2-cariofilen dhe oksid \u03b2-cariofilen), flavonoide heterosidike (quercitrin, rhamnocitrin, p\u00ebrb\u00ebr\u00ebs t\u00eb apigenin dhe luteolin), si dhe acide fenolike, tanine katechine dhe p\u00ebrb\u00ebr\u00ebs triterpenik\u00eb.<\/span><\/span> <span class=\"jCAhz ChMk0b\"><span class=\"ryNqvb\">Gjithashtu, gjethet e melis\u00ebs jan\u00eb nj\u00eb burim i pasur i acidit depsidik dhe acidit rozmarinik.<\/span><\/span><\/p>\t\t\t\t\t\t\t\t<\/div>\n\t\t\t\t<\/div>\n\t\t\t\t<div class=\"elementor-element elementor-element-2e184f3 elementor-widget elementor-widget-image\" data-id=\"2e184f3\" data-element_type=\"widget\" data-e-type=\"widget\" data-widget_type=\"image.default\">\n\t\t\t\t<div class=\"elementor-widget-container\">\n\t\t\t\t\t\t\t\t\t\t\t\t\t\t\t<img decoding=\"async\" src=\"https:\/\/www.alivitpharm.com\/wp-content\/uploads\/2022\/09\/leaves.png\" title=\"leaves\" alt=\"Leaves\" loading=\"lazy\" \/>\t\t\t\t\t\t\t\t\t\t\t\t\t\t\t<\/div>\n\t\t\t\t<\/div>\n\t\t\t\t<div class=\"elementor-element elementor-element-703db3d elementor-widget elementor-widget-text-editor\" data-id=\"703db3d\" data-element_type=\"widget\" data-e-type=\"widget\" data-widget_type=\"text-editor.default\">\n\t\t\t\t<div class=\"elementor-widget-container\">\n\t\t\t\t\t\t\t\t\t<p>Melisa tregon aktivitet antimykotik (shum\u00eb i r\u00ebnd\u00ebsish\u00ebm n\u00eb luft\u00ebn kund\u00ebr viruseve dhe baktereve), spasmolitik (relakson muskujt e l\u00ebmuar), sedativ (qet\u00ebsues), dhe gjithashtu tregon aktivitet antitiroid. <span class=\"jCAhz ChMk0b\"><span class=\"ryNqvb\">Fito-p\u00ebrgatitjet q\u00eb bazohen n\u00eb melis\u00ebn p\u00ebrdoren p\u00ebr pagjum\u00ebsi t\u00eb leht\u00eb, p\u00ebr shkak t\u00eb efektit t\u00eb saj sedativ.<\/span><\/span> <span class=\"jCAhz ChMk0b\"><span class=\"ryNqvb\">Kjo bim\u00eb mund t\u00eb p\u00ebrmir\u00ebsoj\u00eb humorin dhe t\u00eb zvog\u00ebloj\u00eb intensitetin e nj\u00eb sulmi t\u00eb menj\u00ebhersh\u00ebm ankthi.<\/span><\/span> <span class=\"jCAhz ChMk0b\"><span class=\"ryNqvb\">Gjithashtu, melisa p\u00ebrdoret si nj\u00eb mjet p\u00ebr t\u00eb p\u00ebrmir\u00ebsuar funksionet njoh\u00ebse (memoria), prandaj rekomandohet si terapi shtes\u00eb n\u00eb trajtimin e s\u00ebmundjes s\u00eb Alzheimerit.<\/span><\/span> <span class=\"jCAhz ChMk0b\"><span class=\"ryNqvb\">P\u00ebrdorimi i k\u00ebtyre p\u00ebrgatitjeve gjithashtu rekomandohet p\u00ebr tretje t\u00eb v\u00ebshtir\u00eb, dometh\u00ebn\u00eb p\u00ebr funksion t\u00eb d\u00ebmtuar t\u00eb organeve t\u00eb traktit digjestiv, p\u00ebr shkak t\u00eb efektit t\u00eb saj antispasmodik.<\/span><\/span> <span class=\"jCAhz ChMk0b\"><span class=\"ryNqvb\">P\u00ebrve\u00e7 veprimit spasmolitik, gjethet e melis\u00ebs tregojn\u00eb efekte anti-inflamatore dhe antioksidante. <\/span><\/span><span class=\"jCAhz ChMk0b\"><span class=\"ryNqvb\">P\u00ebr shkak t\u00eb potencialit t\u00eb shprehur antivirale, p\u00ebrgatitjet q\u00eb bazohen n\u00eb gjethet e melis\u00ebs p\u00ebrdoren si terapi shtes\u00eb n\u00eb trajtimin e infeksioneve virale t\u00eb shkaktuara nga virusi Herpes simplex.<\/span><\/span> <span class=\"jCAhz ChMk0b\"><span class=\"ryNqvb\">Veprimi antiviral i melis\u00ebs vjen nga prania e acidit rozmarinik, dhe kjo bim\u00eb gjithashtu tregon aktivitet bakteriostatik (parandalon rritjen e baktereve).<\/span><\/span><\/p>\t\t\t\t\t\t\t\t<\/div>\n\t\t\t\t<\/div>\n\t\t\t\t<div class=\"elementor-element elementor-element-4385a63 elementor-widget elementor-widget-heading\" data-id=\"4385a63\" data-element_type=\"widget\" data-e-type=\"widget\" data-widget_type=\"heading.default\">\n\t\t\t\t<div class=\"elementor-widget-container\">\n\t\t\t\t\t<h4 class=\"elementor-heading-title elementor-size-default\">Referencat<\/h4>\t\t\t\t<\/div>\n\t\t\t\t<\/div>\n\t\t\t\t<div class=\"elementor-element elementor-element-056b126 elementor-widget elementor-widget-text-editor\" data-id=\"056b126\" data-element_type=\"widget\" data-e-type=\"widget\" data-widget_type=\"text-editor.default\">\n\t\t\t\t<div class=\"elementor-widget-container\">\n\t\t\t\t\t\t\t\t\t<ul><li><a class=\"reference-link\" href=\"https:\/\/zealjournals.com\/wjcps\/sites\/default\/files\/WJCPS-2022-0025.pdf\" target=\"_blank\" rel=\"noopener\">Medicinal benefits of lemon balm (Melissa officinalis) for human health<\/a><\/li><li><a class=\"reference-link\" href=\"https:\/\/jnnp.bmj.com\/content\/74\/7\/863.short\" target=\"_blank\" rel=\"noopener\">Melissa officinalis extract in the treatment of patients with mild to moderate Alzheimer\u2019s disease: a double blind, randomised, placebo controlled trial<\/a><\/li><li><a class=\"reference-link\" href=\"https:\/\/www.ncbi.nlm.nih.gov\/pmc\/articles\/PMC3813246\/\" target=\"_blank\" rel=\"noopener\">Comparison of Neuroprotective Effects of Melissa officinalis Total Extract and Its Acidic and Non-Acidic Fractions against A \u03b2-Induced Toxicity<\/a><\/li><li><a class=\"reference-link\" href=\"https:\/\/pubmed.ncbi.nlm.nih.gov\/22377592\/\" target=\"_blank\" rel=\"noopener\">Melissa officinalis extract inhibits attachment of herpes simplex virus in vitro<\/a><\/li><li><a class=\"reference-link\" href=\"https:\/\/pubmed.ncbi.nlm.nih.gov\/29908682\/\" target=\"_blank\" rel=\"noopener\">The effects of Melissa officinalis supplementation on depression, anxiety, stress, and sleep disorder in patients with chronic stable angina<\/a><\/li><\/ul>\t\t\t\t\t\t\t\t<\/div>\n\t\t\t\t<\/div>\n\t\t\t\t\t<\/div>\n\t\t<\/div>\n\t\t\t\t\t<\/div>\n\t\t<\/section>\n\t\t\t\t<\/div>","protected":false},"excerpt":{"rendered":"<p>Lemon Balm Melissase folium \u2013 Leaf of lemon balmMelissa officinalis L. \u2013 Lamiaceae Lemon balm is a perennial, herbaceous plant. The rhizome is short, the stem is upright, covered with mechanical hairs and glandular scales. The leaves are opposite, ovate to rhombic in shape, with net veins, covered with hairs and glands. The flowers are &hellip;<\/p>\n<p class=\"read-more\"> <a class=\"\" href=\"https:\/\/www.alivitpharm.com\/sq\/lemon-balm\/\"> <span class=\"screen-reader-text\">Melisa<\/span> Read More &raquo;<\/a><\/p>","protected":false},"author":9,"featured_media":0,"parent":0,"menu_order":0,"comment_status":"closed","ping_status":"closed","template":"","meta":{"site-sidebar-layout":"no-sidebar","site-content-layout":"page-builder","ast-global-header-display":"","ast-main-header-display":"","ast-hfb-above-header-display":"","ast-hfb-below-header-display":"","ast-hfb-mobile-header-display":"","site-post-title":"disabled","ast-breadcrumbs-content":"","ast-featured-img":"disabled","footer-sml-layout":"","theme-transparent-header-meta":"","adv-header-id-meta":"","stick-header-meta":"","header-above-stick-meta":"","header-main-stick-meta":"","header-below-stick-meta":"","footnotes":""},"class_list":["post-7769","page","type-page","status-publish","hentry"],"_links":{"self":[{"href":"https:\/\/www.alivitpharm.com\/sq\/wp-json\/wp\/v2\/pages\/7769","targetHints":{"allow":["GET"]}}],"collection":[{"href":"https:\/\/www.alivitpharm.com\/sq\/wp-json\/wp\/v2\/pages"}],"about":[{"href":"https:\/\/www.alivitpharm.com\/sq\/wp-json\/wp\/v2\/types\/page"}],"author":[{"embeddable":true,"href":"https:\/\/www.alivitpharm.com\/sq\/wp-json\/wp\/v2\/users\/9"}],"replies":[{"embeddable":true,"href":"https:\/\/www.alivitpharm.com\/sq\/wp-json\/wp\/v2\/comments?post=7769"}],"version-history":[{"count":0,"href":"https:\/\/www.alivitpharm.com\/sq\/wp-json\/wp\/v2\/pages\/7769\/revisions"}],"wp:attachment":[{"href":"https:\/\/www.alivitpharm.com\/sq\/wp-json\/wp\/v2\/media?parent=7769"}],"curies":[{"name":"wp","href":"https:\/\/api.w.org\/{rel}","templated":true}]}}