{"id":7880,"date":"2022-12-22T11:00:37","date_gmt":"2022-12-22T09:00:37","guid":{"rendered":"https:\/\/www.alivitpharm.com\/?page_id=7880"},"modified":"2023-01-11T14:19:23","modified_gmt":"2023-01-11T12:19:23","slug":"privacy-policy","status":"publish","type":"page","link":"https:\/\/www.alivitpharm.com\/sq\/privacy-policy\/","title":{"rendered":"Politika e Privat\u00ebsis\u00eb"},"content":{"rendered":"<h5 class=\"wp-block-heading\"><br>Siguria e pagesave me kart\u00eb krediti<\/h5>\n\n\n\n<p>Konfidencialiteti i t\u00eb dh\u00ebnave tuaja mbrohet dhe sigurohet duke p\u00ebrdorur enkriptimin TLS. Faqet e pagesave online sigurohen duke p\u00ebrdorur protokollin Secure Socket Layer (SSL) me enkriptim t\u00eb t\u00eb dh\u00ebnave 128-bit. Enkriptimi SSL \u00ebsht\u00eb nj\u00eb proces i enkriptimit t\u00eb t\u00eb dh\u00ebnave p\u00ebr t\u00eb parandaluar aksesin e paautorizuar gjat\u00eb transmetimit.<br>Kjo mund\u00ebson transmetimin e sigurt t\u00eb informacionit dhe parandalon aksesin e paautorizuar n\u00eb t\u00eb dh\u00ebna gjat\u00eb komunikimit midis kompjuterit t\u00eb p\u00ebrdoruesit dhe sh\u00ebrbimit Monri WebPay dhe anasjelltas.<br>Sh\u00ebrbimi Monri WebPay dhe institucionet financiare shk\u00ebmbejn\u00eb t\u00eb dh\u00ebna duke p\u00ebrdorur nj\u00eb rrjet privat virtual (VPN), i cili \u00ebsht\u00eb i mbrojtur nga qasja e paautorizuar.<br>Monri Payment Gateway \u00ebsht\u00eb i \u00e7ertifikuar sipas standardit t\u00eb siguris\u00eb PCI DSS Level 1 t\u00eb p\u00ebrcaktuar nga rregullat e Visa dhe Mastercard.<br>Tregtari nuk mbledh numra kartash krediti dhe numrat nuk u vihen n\u00eb dispozicion personave t\u00eb paautorizuar.<\/p>\n\n\n\n<h5 class=\"wp-block-heading\"><br>Deklarat\u00eb mbi mbrojtjen dhe mbledhjen e t\u00eb dh\u00ebnave personale<\/h5>\n\n\n\n<p>Ne jemi t\u00eb p\u00ebrkushtuar p\u00ebr t\u00eb mbrojtur t\u00eb dh\u00ebnat personale t\u00eb klient\u00ebve tan\u00eb duke mbledhur vet\u00ebm t\u00eb dh\u00ebnat e nevojshme dhe bazike n\u00eb lidhje me klient\u00ebt\/p\u00ebrdoruesit tan\u00eb q\u00eb jan\u00eb t\u00eb nevojshme p\u00ebr t\u00eb p\u00ebrmbushur detyrimet tona; ne i informojm\u00eb klient\u00ebt rreth p\u00ebrdorimit t\u00eb t\u00eb dh\u00ebnave t\u00eb mbledhura dhe u japim rregullisht klient\u00ebve mund\u00ebsin\u00eb t\u00eb zgjedhin se si p\u00ebrdoren t\u00eb dh\u00ebnat e tyre, duke p\u00ebrfshir\u00eb mund\u00ebsin\u00eb p\u00ebr t\u00eb vendosur n\u00ebse duan apo jo q\u00eb emri i tyre t\u00eb hiqet nga listat e p\u00ebrdorura p\u00ebr fushatat e marketingut.<br>T\u00eb gjitha t\u00eb dh\u00ebnat e p\u00ebrdoruesve jan\u00eb t\u00eb mbrojtura n\u00eb m\u00ebnyr\u00eb strikte dhe jan\u00eb t\u00eb arritshme vet\u00ebm p\u00ebr punonj\u00ebsit q\u00eb kan\u00eb nevoj\u00eb p\u00ebr k\u00ebto t\u00eb dh\u00ebna p\u00ebr t\u00eb kryer pun\u00ebn e tyre.<br>T\u00eb gjith\u00eb punonj\u00ebsit dhe partner\u00ebt tan\u00eb t\u00eb biznesit jan\u00eb p\u00ebrgjegj\u00ebs p\u00ebr respektimin e parimeve t\u00eb mbrojtjes s\u00eb privat\u00ebsis\u00eb.<\/p>","protected":false},"excerpt":{"rendered":"<p>Credit card purchase security statement Confidentiality of your information is protected and secured by using TLS encryption. Pages for web payment are secured by using Secure Socket Layer (SSL) protocol with 128-bit data encryption. SSL encryption is a data coding procedure for prevention of unauthorized access during data transfer.This enables a secure data transfer and &hellip;<\/p>\n<p class=\"read-more\"> <a class=\"\" href=\"https:\/\/www.alivitpharm.com\/sq\/privacy-policy\/\"> <span class=\"screen-reader-text\">Politika e Privat\u00ebsis\u00eb<\/span> Read More &raquo;<\/a><\/p>","protected":false},"author":9,"featured_media":0,"parent":0,"menu_order":0,"comment_status":"closed","ping_status":"closed","template":"","meta":{"site-sidebar-layout":"default","site-content-layout":"default","ast-global-header-display":"","ast-main-header-display":"","ast-hfb-above-header-display":"","ast-hfb-below-header-display":"","ast-hfb-mobile-header-display":"","site-post-title":"","ast-breadcrumbs-content":"","ast-featured-img":"","footer-sml-layout":"","theme-transparent-header-meta":"","adv-header-id-meta":"","stick-header-meta":"","header-above-stick-meta":"","header-main-stick-meta":"","header-below-stick-meta":"","footnotes":""},"class_list":["post-7880","page","type-page","status-publish","hentry"],"_links":{"self":[{"href":"https:\/\/www.alivitpharm.com\/sq\/wp-json\/wp\/v2\/pages\/7880","targetHints":{"allow":["GET"]}}],"collection":[{"href":"https:\/\/www.alivitpharm.com\/sq\/wp-json\/wp\/v2\/pages"}],"about":[{"href":"https:\/\/www.alivitpharm.com\/sq\/wp-json\/wp\/v2\/types\/page"}],"author":[{"embeddable":true,"href":"https:\/\/www.alivitpharm.com\/sq\/wp-json\/wp\/v2\/users\/9"}],"replies":[{"embeddable":true,"href":"https:\/\/www.alivitpharm.com\/sq\/wp-json\/wp\/v2\/comments?post=7880"}],"version-history":[{"count":0,"href":"https:\/\/www.alivitpharm.com\/sq\/wp-json\/wp\/v2\/pages\/7880\/revisions"}],"wp:attachment":[{"href":"https:\/\/www.alivitpharm.com\/sq\/wp-json\/wp\/v2\/media?parent=7880"}],"curies":[{"name":"wp","href":"https:\/\/api.w.org\/{rel}","templated":true}]}}