{"id":8179,"date":"2023-01-30T09:45:44","date_gmt":"2023-01-30T07:45:44","guid":{"rendered":"https:\/\/www.alivitpharm.com\/?page_id=8179"},"modified":"2023-01-30T10:05:46","modified_gmt":"2023-01-30T08:05:46","slug":"dandelion","status":"publish","type":"page","link":"https:\/\/www.alivitpharm.com\/sq\/dandelion\/","title":{"rendered":"Luleradhiqe"},"content":{"rendered":"<div data-elementor-type=\"wp-page\" data-elementor-id=\"8179\" class=\"elementor elementor-8179\">\n\t\t\t\t\t\t<section class=\"elementor-section elementor-top-section elementor-element elementor-element-bdd4c77 elementor-section-content-middle elementor-section-boxed elementor-section-height-default elementor-section-height-default\" data-id=\"bdd4c77\" data-element_type=\"section\" data-e-type=\"section\" data-settings=\"{&quot;background_background&quot;:&quot;classic&quot;}\">\n\t\t\t\t\t\t\t<div class=\"elementor-background-overlay\"><\/div>\n\t\t\t\t\t\t\t<div class=\"elementor-container elementor-column-gap-default\">\n\t\t\t\t\t<div class=\"elementor-column elementor-col-100 elementor-top-column elementor-element elementor-element-af3cb4a\" data-id=\"af3cb4a\" data-element_type=\"column\" data-e-type=\"column\">\n\t\t\t<div class=\"elementor-widget-wrap elementor-element-populated\">\n\t\t\t\t\t\t<div class=\"elementor-element elementor-element-c902a7b elementor-widget elementor-widget-heading\" data-id=\"c902a7b\" data-element_type=\"widget\" data-e-type=\"widget\" data-widget_type=\"heading.default\">\n\t\t\t\t<div class=\"elementor-widget-container\">\n\t\t\t\t\t<h1 class=\"elementor-heading-title elementor-size-default\">Luleradhiqe<\/h1>\t\t\t\t<\/div>\n\t\t\t\t<\/div>\n\t\t\t\t<div class=\"elementor-element elementor-element-0fe6aad elementor-widget elementor-widget-image\" data-id=\"0fe6aad\" data-element_type=\"widget\" data-e-type=\"widget\" data-widget_type=\"image.default\">\n\t\t\t\t<div class=\"elementor-widget-container\">\n\t\t\t\t\t\t\t\t\t\t\t\t\t\t\t<img decoding=\"async\" width=\"75\" height=\"33\" src=\"https:\/\/www.alivitpharm.com\/wp-content\/uploads\/2019\/07\/logo-leaf-new.png\" class=\"attachment-large size-large wp-image-2518\" alt=\"\" \/>\t\t\t\t\t\t\t\t\t\t\t\t\t\t\t<\/div>\n\t\t\t\t<\/div>\n\t\t\t\t<div class=\"elementor-element elementor-element-3c3ba9f elementor-widget elementor-widget-text-editor\" data-id=\"3c3ba9f\" data-element_type=\"widget\" data-e-type=\"widget\" data-widget_type=\"text-editor.default\">\n\t\t\t\t<div class=\"elementor-widget-container\">\n\t\t\t\t\t\t\t\t\t<p><em>Taraxacum officinale L. &#8211; Asteraceae<\/em><\/p>\t\t\t\t\t\t\t\t<\/div>\n\t\t\t\t<\/div>\n\t\t\t\t\t<\/div>\n\t\t<\/div>\n\t\t\t\t\t<\/div>\n\t\t<\/section>\n\t\t\t\t<section class=\"elementor-section elementor-top-section elementor-element elementor-element-0a991b1 elementor-section-boxed elementor-section-height-default elementor-section-height-default\" data-id=\"0a991b1\" data-element_type=\"section\" data-e-type=\"section\" data-settings=\"{&quot;background_background&quot;:&quot;classic&quot;}\">\n\t\t\t\t\t\t<div class=\"elementor-container elementor-column-gap-default\">\n\t\t\t\t\t<div class=\"elementor-column elementor-col-100 elementor-top-column elementor-element elementor-element-f160128\" data-id=\"f160128\" data-element_type=\"column\" data-e-type=\"column\">\n\t\t\t<div class=\"elementor-widget-wrap elementor-element-populated\">\n\t\t\t\t\t\t<div class=\"elementor-element elementor-element-b502009 elementor-widget elementor-widget-image\" data-id=\"b502009\" data-element_type=\"widget\" data-e-type=\"widget\" data-widget_type=\"image.default\">\n\t\t\t\t<div class=\"elementor-widget-container\">\n\t\t\t\t\t\t\t\t\t\t\t\t\t\t\t<img decoding=\"async\" src=\"https:\/\/www.alivitpharm.com\/wp-content\/uploads\/2023\/01\/dandelion.webp\" title=\"dandelion\" alt=\"Luleradhiqe\" loading=\"lazy\" \/>\t\t\t\t\t\t\t\t\t\t\t\t\t\t\t<\/div>\n\t\t\t\t<\/div>\n\t\t\t\t<div class=\"elementor-element elementor-element-075e468 elementor-widget elementor-widget-text-editor\" data-id=\"075e468\" data-element_type=\"widget\" data-e-type=\"widget\" data-widget_type=\"text-editor.default\">\n\t\t\t\t<div class=\"elementor-widget-container\">\n\t\t\t\t\t\t\t\t\t<p><span class=\"jCAhz ChMk0b\"><span class=\"ryNqvb\"><strong>Luleradhiqe<\/strong> \u00ebsht\u00eb nj\u00eb bim\u00eb barishtore shum\u00ebvje\u00e7are, qum\u00ebshtore.<\/span><\/span> <span class=\"jCAhz ChMk0b\"><span class=\"ryNqvb\">Pamja e bim\u00ebs \u00ebsht\u00eb e ndryshme n\u00eb var\u00ebsi t\u00eb habitatit dhe kushteve mjedisore.<\/span><\/span> <span class=\"jCAhz ChMk0b\"><span class=\"ryNqvb\">\u00cbsht\u00eb e p\u00ebrhapur n\u00eb t\u00eb gjith\u00eb Evrop\u00ebn dhe Azin\u00eb, lul\u00ebzon edhe n\u00eb male t\u00eb larta dhe shumohet me fara.<\/span><\/span><\/p><p><span class=\"jCAhz ChMk0b\"><span class=\"ryNqvb\">Rr\u00ebnja \u00ebsht\u00eb e holl\u00eb dhe e trash\u00eb dhe mund t\u00eb jet\u00eb deri n\u00eb 140 cm e gjat\u00eb, dhe me ndihm\u00ebn e rr\u00ebnj\u00ebve ushqehet me l\u00ebnd\u00eb ushqyese nga toka.<\/span><\/span> <span class=\"jCAhz ChMk0b\"><span class=\"ryNqvb\">Gjethet jan\u00eb t\u00eb p\u00ebrb\u00ebra, heshtakore ose lineare, ato mund t\u00eb jen\u00eb t\u00eb plota ose t\u00eb dh\u00ebmb\u00ebzuara.<\/span><\/span> <span class=\"jCAhz ChMk0b\"><span class=\"ryNqvb\">K\u00ebrcelli \u00ebsht\u00eb i drejt\u00eb, i rrumbullak\u00ebt, i zbraz\u00ebt dhe pa gjethe dhe mban nj\u00eb kok\u00eb luleje.<\/span><\/span> <span class=\"jCAhz ChMk0b\"><span class=\"ryNqvb\">Lulet mblidhen n\u00eb nj\u00eb kok\u00eb, me ngjyr\u00eb t\u00eb verdh\u00eb t\u00eb art\u00eb.<\/span><\/span> <span class=\"jCAhz ChMk0b\"><span class=\"ryNqvb\">Lulezon n\u00eb pranver\u00eb.<\/span><\/span> <span class=\"jCAhz ChMk0b\"><span class=\"ryNqvb\">Pas lul\u00ebzimit, lulja shnd\u00ebrrohet n\u00eb topa.<\/span><\/span><\/p><p><span class=\"jCAhz ChMk0b\"><span class=\"ryNqvb\">Luleradhiqe \u00ebsht\u00eb p\u00ebrdorur si bim\u00eb medicinale q\u00eb nga koh\u00ebrat e lashta.<\/span><\/span> <span class=\"jCAhz ChMk0b\"><span class=\"ryNqvb\">Pjes\u00ebt medicinale t\u00eb bim\u00ebs jan\u00eb: gjethet, rr\u00ebnja, lulet dhe k\u00ebrcelli.<\/span><\/span><\/p>\t\t\t\t\t\t\t\t<\/div>\n\t\t\t\t<\/div>\n\t\t\t\t<div class=\"elementor-element elementor-element-efce98b elementor-widget elementor-widget-image\" data-id=\"efce98b\" data-element_type=\"widget\" data-e-type=\"widget\" data-widget_type=\"image.default\">\n\t\t\t\t<div class=\"elementor-widget-container\">\n\t\t\t\t\t\t\t\t\t\t\t\t\t\t\t<img decoding=\"async\" src=\"https:\/\/www.alivitpharm.com\/wp-content\/uploads\/2022\/09\/leaves.png\" title=\"leaves\" alt=\"Leaves\" loading=\"lazy\" \/>\t\t\t\t\t\t\t\t\t\t\t\t\t\t\t<\/div>\n\t\t\t\t<\/div>\n\t\t\t\t<div class=\"elementor-element elementor-element-1a449be elementor-widget elementor-widget-text-editor\" data-id=\"1a449be\" data-element_type=\"widget\" data-e-type=\"widget\" data-widget_type=\"text-editor.default\">\n\t\t\t\t<div class=\"elementor-widget-container\">\n\t\t\t\t\t\t\t\t\t<p><span class=\"jCAhz ChMk0b\"><span class=\"ryNqvb\">Gjethet e luleradhiqes jan\u00eb t\u00eb pasura me vitamin\u00eb C, hekur, vitamin\u00eb A, karotenoide, proteina, yndyrna dhe karbohidrate dhe p\u00ebrdoren m\u00eb shpesh n\u00eb form\u00ebn e \u00e7ajit p\u00ebr t\u00eb nxjerr\u00eb l\u00ebngjet e tep\u00ebrta nga trupi (efekt diuretik).<\/span><\/span> <span class=\"jCAhz ChMk0b\"><span class=\"ryNqvb\">N\u00eb produktin ton\u00eb <strong>Black Garlic Hepato Care<\/strong> ne p\u00ebrdor\u00ebm rr\u00ebnj\u00eb luleradhiqe p\u00ebr t\u00eb b\u00ebr\u00eb ekstraktin, i cili gjithashtu ka nj\u00eb potencial t\u00eb lart\u00eb bioaktiv.<\/span><\/span> <span class=\"jCAhz ChMk0b\"><span class=\"ryNqvb\">Rr\u00ebnja nxirret n\u00eb fillim t\u00eb pranver\u00ebs ose vjesht\u00ebs (sipas disa rekomandimeve, vjeshta \u00ebsht\u00eb m\u00eb e mir\u00eb sepse at\u00ebher\u00eb p\u00ebrmban shum\u00eb m\u00eb tep\u00ebr inulin\u00eb sesa n\u00eb pranver\u00eb).<\/span><\/span> <span class=\"jCAhz ChMk0b\"><span class=\"ryNqvb\">Rr\u00ebnja konsiderohet pjesa m\u00eb medicinale e luleradhiqes dhe \u00ebsht\u00eb shum\u00eb e pasur me kalium, dhe p\u00ebrve\u00e7 kaliumit p\u00ebrmban edhe substanca t\u00eb hidhura, triterpene, glikozide flavone, inulin\u00eb, fitosterole, vitamin\u00eb A, karotenoide.<\/span><\/span><\/p><p><span class=\"jCAhz ChMk0b\"><span class=\"ryNqvb\">Si nj\u00eb agjent i hidhur, p\u00ebrdoret p\u00ebr t\u00eb stimuluar oreksin dhe sekretimin e t\u00ebmthit.<\/span><\/span> <span class=\"jCAhz ChMk0b\"><span class=\"ryNqvb\">Gjithashtu gjeti nj\u00eb vend shum\u00eb t\u00eb r\u00ebnd\u00ebsish\u00ebm n\u00eb trajtimin e shum\u00eb s\u00ebmundjeve gastrointestinale, si\u00e7 jan\u00eb urthi dhe dispepsia.<\/span><\/span><\/p><p><span class=\"jCAhz ChMk0b\"><span class=\"ryNqvb\">Luleradhiqe ka gjithashtu nj\u00eb efekt t\u00eb theksuar diuretik, k\u00ebshtu q\u00eb stimulon sekretimin e urin\u00ebs, dhe p\u00ebrdoret gjithashtu si laksativ, duke e b\u00ebr\u00eb m\u00eb t\u00eb leht\u00eb zbrazjen e zorr\u00ebve.<\/span><\/span> <span class=\"jCAhz ChMk0b\"><span class=\"ryNqvb\">Luleradhiqe ka nj\u00eb potencial t\u00eb theksuar antioksidues, anti-inflamator, anti-kanceroz dhe hepatoprotektiv (rekomandohet t\u00eb p\u00ebrdoret n\u00eb rast t\u00eb indit t\u00eb d\u00ebmtuar t\u00eb m\u00ebl\u00e7is\u00eb, d\u00ebmtimi i t\u00eb cilit shkaktohet nga alkooli dhe droga), dhe p\u00ebr shkak t\u00eb pranis\u00eb s\u00eb nj\u00eb p\u00ebrqendrimi t\u00eb lart\u00eb t\u00eb inulin\u00ebs, konsiderohet nj\u00eb prebiotik shum\u00eb i mir\u00eb.<\/span><\/span> <span class=\"jCAhz ChMk0b\"><span class=\"ryNqvb\">Mund t\u00eb rekomandohet gjithashtu p\u00ebr inflamacionin e fshik\u00ebz\u00ebs s\u00eb t\u00ebmthit, gur\u00ebt n\u00eb t\u00ebmth, \u00e7rregullimet e tretjes, dhe gjithashtu ka gjetur p\u00ebrdorim t\u00eb madh si nj\u00eb mjet ndihm\u00ebs n\u00eb trajtimin e hepatitit viral.<\/span><\/span> <span class=\"jCAhz ChMk0b\"><span class=\"ryNqvb\">Luleradhiqe mund t\u00eb p\u00ebrdoret edhe nga njer\u00ebzit q\u00eb vuajn\u00eb nga diabeti, sepse ka nj\u00eb potencial t\u00eb theksuar hipoglicemik.<\/span><\/span> <span class=\"jCAhz ChMk0b\"><span class=\"ryNqvb\">P\u00ebrve\u00e7 ndikimit n\u00eb nivelin e glukoz\u00ebs n\u00eb gjak, ajo gjithashtu ul nivelin e kolesterolit total dhe triglicerideve, k\u00ebshtu q\u00eb p\u00ebrdorimi i saj rekomandohet edhe p\u00ebr njer\u00ebzit obez\u00eb p\u00ebr trajtimin e obezitetit.<\/span><\/span><\/p><p>\u00cbsht\u00eb shum\u00eb e r\u00ebnd\u00ebsishme t\u00eb theksohet se njer\u00ebzit q\u00eb jan\u00eb t\u00eb prirur ndaj alergjive duhet ta marrin luleradhiqen dhe p\u00ebrgatitjet me baz\u00eb luleradhiqe me kujdes.<\/p>\t\t\t\t\t\t\t\t<\/div>\n\t\t\t\t<\/div>\n\t\t\t\t<div class=\"elementor-element elementor-element-33403b8 elementor-widget elementor-widget-heading\" data-id=\"33403b8\" data-element_type=\"widget\" data-e-type=\"widget\" data-widget_type=\"heading.default\">\n\t\t\t\t<div class=\"elementor-widget-container\">\n\t\t\t\t\t<h4 class=\"elementor-heading-title elementor-size-default\">Referencat<\/h4>\t\t\t\t<\/div>\n\t\t\t\t<\/div>\n\t\t\t\t<div class=\"elementor-element elementor-element-e9a6798 elementor-widget elementor-widget-text-editor\" data-id=\"e9a6798\" data-element_type=\"widget\" data-e-type=\"widget\" data-widget_type=\"text-editor.default\">\n\t\t\t\t<div class=\"elementor-widget-container\">\n\t\t\t\t\t\t\t\t\t<ul><li><a class=\"reference-link\" href=\"https:\/\/pubmed.ncbi.nlm.nih.gov\/16950583\/\" target=\"_blank\" rel=\"noopener\">Taraxacum &#8211; a review on its phytochemical and pharmacological profile<\/a><\/li><li><a class=\"reference-link\" href=\"https:\/\/pubmed.ncbi.nlm.nih.gov\/35405251\/\" target=\"_blank\" rel=\"noopener\">The potential of dandelion in the fight against gastrointestinal diseases: A review<\/a><\/li><li><a class=\"reference-link\" href=\"https:\/\/pubmed.ncbi.nlm.nih.gov\/28012278\/\" target=\"_blank\" rel=\"noopener\">The Physiological Effects of Dandelion (Taraxacum Officinale) in Type 2 Diabetes<\/a><\/li><li><a class=\"reference-link\" href=\"https:\/\/pubmed.ncbi.nlm.nih.gov\/33498684\/\" target=\"_blank\" rel=\"noopener\">Plants of the Spontaneous Flora with Beneficial Action in the Management of Diabetes, Hepatic Disorders, and Cardiovascular Disease<\/a><\/li><\/ul>\t\t\t\t\t\t\t\t<\/div>\n\t\t\t\t<\/div>\n\t\t\t\t\t<\/div>\n\t\t<\/div>\n\t\t\t\t\t<\/div>\n\t\t<\/section>\n\t\t\t\t<\/div>","protected":false},"excerpt":{"rendered":"<p>Dandelion Taraxacum officinale L. &#8211; Asteraceae Dandelion is a perennial herbaceous, milky plant. The appearance of the plant is different depending on the habitat and environmental conditions. It is widespread throughout Europe and Asia, thrives even on high mountains, and is propagated by seeds. The root is spindly and thickened and can be up to &hellip;<\/p>\n<p class=\"read-more\"> <a class=\"\" href=\"https:\/\/www.alivitpharm.com\/sq\/dandelion\/\"> <span class=\"screen-reader-text\">Luleradhiqe<\/span> Read More &raquo;<\/a><\/p>","protected":false},"author":9,"featured_media":0,"parent":0,"menu_order":0,"comment_status":"closed","ping_status":"closed","template":"","meta":{"site-sidebar-layout":"no-sidebar","site-content-layout":"page-builder","ast-global-header-display":"","ast-main-header-display":"","ast-hfb-above-header-display":"","ast-hfb-below-header-display":"","ast-hfb-mobile-header-display":"","site-post-title":"disabled","ast-breadcrumbs-content":"","ast-featured-img":"disabled","footer-sml-layout":"","theme-transparent-header-meta":"","adv-header-id-meta":"","stick-header-meta":"","header-above-stick-meta":"","header-main-stick-meta":"","header-below-stick-meta":"","footnotes":""},"class_list":["post-8179","page","type-page","status-publish","hentry"],"_links":{"self":[{"href":"https:\/\/www.alivitpharm.com\/sq\/wp-json\/wp\/v2\/pages\/8179","targetHints":{"allow":["GET"]}}],"collection":[{"href":"https:\/\/www.alivitpharm.com\/sq\/wp-json\/wp\/v2\/pages"}],"about":[{"href":"https:\/\/www.alivitpharm.com\/sq\/wp-json\/wp\/v2\/types\/page"}],"author":[{"embeddable":true,"href":"https:\/\/www.alivitpharm.com\/sq\/wp-json\/wp\/v2\/users\/9"}],"replies":[{"embeddable":true,"href":"https:\/\/www.alivitpharm.com\/sq\/wp-json\/wp\/v2\/comments?post=8179"}],"version-history":[{"count":0,"href":"https:\/\/www.alivitpharm.com\/sq\/wp-json\/wp\/v2\/pages\/8179\/revisions"}],"wp:attachment":[{"href":"https:\/\/www.alivitpharm.com\/sq\/wp-json\/wp\/v2\/media?parent=8179"}],"curies":[{"name":"wp","href":"https:\/\/api.w.org\/{rel}","templated":true}]}}