{"id":8206,"date":"2023-01-30T11:07:28","date_gmt":"2023-01-30T09:07:28","guid":{"rendered":"https:\/\/www.alivitpharm.com\/?page_id=8206"},"modified":"2023-01-30T12:05:10","modified_gmt":"2023-01-30T10:05:10","slug":"yarrow","status":"publish","type":"page","link":"https:\/\/www.alivitpharm.com\/sq\/yarrow\/","title":{"rendered":"P\u00ebrshesh"},"content":{"rendered":"<div data-elementor-type=\"wp-page\" data-elementor-id=\"8206\" class=\"elementor elementor-8206\">\n\t\t\t\t\t\t<section class=\"elementor-section elementor-top-section elementor-element elementor-element-5611358 elementor-section-content-middle elementor-section-boxed elementor-section-height-default elementor-section-height-default\" data-id=\"5611358\" data-element_type=\"section\" data-e-type=\"section\" data-settings=\"{&quot;background_background&quot;:&quot;classic&quot;}\">\n\t\t\t\t\t\t\t<div class=\"elementor-background-overlay\"><\/div>\n\t\t\t\t\t\t\t<div class=\"elementor-container elementor-column-gap-default\">\n\t\t\t\t\t<div class=\"elementor-column elementor-col-100 elementor-top-column elementor-element elementor-element-661c2d3\" data-id=\"661c2d3\" data-element_type=\"column\" data-e-type=\"column\">\n\t\t\t<div class=\"elementor-widget-wrap elementor-element-populated\">\n\t\t\t\t\t\t<div class=\"elementor-element elementor-element-e56401a elementor-widget elementor-widget-heading\" data-id=\"e56401a\" data-element_type=\"widget\" data-e-type=\"widget\" data-widget_type=\"heading.default\">\n\t\t\t\t<div class=\"elementor-widget-container\">\n\t\t\t\t\t<h1 class=\"elementor-heading-title elementor-size-default\">P\u00ebrshesh<\/h1>\t\t\t\t<\/div>\n\t\t\t\t<\/div>\n\t\t\t\t<div class=\"elementor-element elementor-element-f21896e elementor-widget elementor-widget-image\" data-id=\"f21896e\" data-element_type=\"widget\" data-e-type=\"widget\" data-widget_type=\"image.default\">\n\t\t\t\t<div class=\"elementor-widget-container\">\n\t\t\t\t\t\t\t\t\t\t\t\t\t\t\t<img decoding=\"async\" width=\"75\" height=\"33\" src=\"https:\/\/www.alivitpharm.com\/wp-content\/uploads\/2019\/07\/logo-leaf-new.png\" class=\"attachment-large size-large wp-image-2518\" alt=\"\" \/>\t\t\t\t\t\t\t\t\t\t\t\t\t\t\t<\/div>\n\t\t\t\t<\/div>\n\t\t\t\t<div class=\"elementor-element elementor-element-3f13065 elementor-widget elementor-widget-text-editor\" data-id=\"3f13065\" data-element_type=\"widget\" data-e-type=\"widget\" data-widget_type=\"text-editor.default\">\n\t\t\t\t<div class=\"elementor-widget-container\">\n\t\t\t\t\t\t\t\t\t<p><em>Achillea millefolium L. &#8211; Asteraceae<\/em><\/p>\t\t\t\t\t\t\t\t<\/div>\n\t\t\t\t<\/div>\n\t\t\t\t\t<\/div>\n\t\t<\/div>\n\t\t\t\t\t<\/div>\n\t\t<\/section>\n\t\t\t\t<section class=\"elementor-section elementor-top-section elementor-element elementor-element-e2b8868 elementor-section-boxed elementor-section-height-default elementor-section-height-default\" data-id=\"e2b8868\" data-element_type=\"section\" data-e-type=\"section\" data-settings=\"{&quot;background_background&quot;:&quot;classic&quot;}\">\n\t\t\t\t\t\t<div class=\"elementor-container elementor-column-gap-default\">\n\t\t\t\t\t<div class=\"elementor-column elementor-col-100 elementor-top-column elementor-element elementor-element-e52c24f\" data-id=\"e52c24f\" data-element_type=\"column\" data-e-type=\"column\">\n\t\t\t<div class=\"elementor-widget-wrap elementor-element-populated\">\n\t\t\t\t\t\t<div class=\"elementor-element elementor-element-a167bf4 elementor-widget elementor-widget-image\" data-id=\"a167bf4\" data-element_type=\"widget\" data-e-type=\"widget\" data-widget_type=\"image.default\">\n\t\t\t\t<div class=\"elementor-widget-container\">\n\t\t\t\t\t\t\t\t\t\t\t\t\t\t\t<img decoding=\"async\" src=\"https:\/\/www.alivitpharm.com\/wp-content\/uploads\/2023\/01\/yarrow.jpg\" title=\"yarrow\" alt=\"P\u00ebrshesh\" loading=\"lazy\" \/>\t\t\t\t\t\t\t\t\t\t\t\t\t\t\t<\/div>\n\t\t\t\t<\/div>\n\t\t\t\t<div class=\"elementor-element elementor-element-b50f6be elementor-widget elementor-widget-text-editor\" data-id=\"b50f6be\" data-element_type=\"widget\" data-e-type=\"widget\" data-widget_type=\"text-editor.default\">\n\t\t\t\t<div class=\"elementor-widget-container\">\n\t\t\t\t\t\t\t\t\t<p><span class=\"jCAhz ChMk0b\"><span class=\"ryNqvb\"><strong>P\u00ebrshesh<\/strong> \u00ebsht\u00eb nj\u00eb bim\u00eb shum\u00ebvje\u00e7are, me shport\u00eb t\u00eb rumbullak\u00ebt, ngjyr\u00eb jeshile, q\u00eb arrin deri n\u00eb 80 cm lart\u00ebsi.<\/span><\/span> <span class=\"jCAhz ChMk0b\"><span class=\"ryNqvb\">Ka shum\u00eb gjethe t\u00eb vendosura n\u00eb m\u00ebnyr\u00eb alternative, me skajet e grimcuara; gjethet m\u00eb t\u00eb ul\u00ebta jan\u00eb me petiol\u00eb, nd\u00ebrsa gjethet e sip\u00ebrme mb\u00ebshtjellin shport\u00ebn.<\/span><\/span> <span class=\"jCAhz ChMk0b\"><span class=\"ryNqvb\">E gjith\u00eb bima \u00ebsht\u00eb e mbuluar me qime dhe ka nj\u00eb arom\u00eb karakteristike.<\/span><\/span> <span class=\"jCAhz ChMk0b\"><span class=\"ryNqvb\">Lulezat jan\u00eb t\u00eb mbledhura n\u00eb nj\u00eb inflorescenc\u00eb n\u00eb maj\u00eb t\u00eb shport\u00ebs.<\/span><\/span> <span class=\"jCAhz ChMk0b\"><span class=\"ryNqvb\">Ajo rritet n\u00eb zon\u00ebn e but\u00eb t\u00eb hemisfer\u00ebs veriore, pran\u00eb rrug\u00ebve dhe n\u00eb vende t\u00eb thata.<\/span><\/span><\/p><p><span class=\"jCAhz ChMk0b\"><span class=\"ryNqvb\">Pjesa mjek\u00ebsore e bim\u00ebs \u00ebsht\u00eb pjesa ajrore e saj.<\/span><\/span> <span class=\"jCAhz ChMk0b\"><span class=\"ryNqvb\">Gjat\u00eb periudh\u00ebs s\u00eb lul\u00ebzimit, pjesa ajrore p\u00ebrmban vaj esencial, flavonoide, alkaloide, germacranolide, triterpene, vitamin\u00eb K, rezina, sterole, tanine, acide organike dhe sheqerna.<\/span><\/span> <span class=\"jCAhz ChMk0b\"><span class=\"ryNqvb\">Vaji esencial nxirret p\u00ebrmes distilimit me avull dhe p\u00ebrb\u00ebr\u00ebsit aktiv\u00eb t\u00eb vajit esencial jan\u00eb: pineni, tujoni, kamfora, cineoli, borneoli, limoneni.<\/span><\/span><\/p>\t\t\t\t\t\t\t\t<\/div>\n\t\t\t\t<\/div>\n\t\t\t\t<div class=\"elementor-element elementor-element-70ea92c elementor-widget elementor-widget-image\" data-id=\"70ea92c\" data-element_type=\"widget\" data-e-type=\"widget\" data-widget_type=\"image.default\">\n\t\t\t\t<div class=\"elementor-widget-container\">\n\t\t\t\t\t\t\t\t\t\t\t\t\t\t\t<img decoding=\"async\" src=\"https:\/\/www.alivitpharm.com\/wp-content\/uploads\/2022\/09\/leaves.png\" title=\"leaves\" alt=\"Leaves\" loading=\"lazy\" \/>\t\t\t\t\t\t\t\t\t\t\t\t\t\t\t<\/div>\n\t\t\t\t<\/div>\n\t\t\t\t<div class=\"elementor-element elementor-element-b471e6e elementor-widget elementor-widget-text-editor\" data-id=\"b471e6e\" data-element_type=\"widget\" data-e-type=\"widget\" data-widget_type=\"text-editor.default\">\n\t\t\t\t<div class=\"elementor-widget-container\">\n\t\t\t\t\t\t\t\t\t<p><span class=\"jCAhz ChMk0b\"><span class=\"ryNqvb\">P\u00ebrsheshi \u00ebsht\u00eb nj\u00eb bim\u00eb mjek\u00ebsore q\u00eb ka nj\u00eb potencial biologjik shum\u00eb t\u00eb pasur<\/span><\/span> <span class=\"jCAhz ChMk0b\"><span class=\"ryNqvb\">\u00cbsht\u00eb provuar nga shum\u00eb studime se ajo z\u00eb nj\u00eb vend t\u00eb r\u00ebnd\u00ebsish\u00ebm si mjet ndihm\u00ebs n\u00eb trajtimin e kushteve inflamatore t\u00eb traktit gastrointestinal dhe hepatobiliar (veprim anti-inflamator dhe hepatoprotectiv).<\/span><\/span> <span class=\"jCAhz ChMk0b\"><span class=\"ryNqvb\">Pjesa ajrore e bim\u00ebs p\u00ebrdoret p\u00ebr t\u00eb trajtuar problemet e zorr\u00ebve dhe stomakut (nj\u00eb mjet p\u00ebr eliminimin e gazrave dhe p\u00ebrmir\u00ebsimin e apetitet).<\/span><\/span> <span class=\"jCAhz ChMk0b\"><span class=\"ryNqvb\">Gjithashtu, ajo mund t\u00eb rekomandohet shpesh si nj\u00eb mjet q\u00eb neutralizon dhimbjet dhe spazmat n\u00eb traktin gastrointestinal, pasi ajo ndikon n\u00eb relaksimin e muskujve t\u00eb but\u00eb t\u00eb traktit t\u00eb tretjes, dhe p\u00ebrdorimi i p\u00ebrsheshit gjithashtu rekomandohet p\u00ebr leht\u00ebsimin e dhimbjeve menstruale, si dhe p\u00ebr ciklet menstruale t\u00eb parregullta (ashtuquajtura<\/span><\/span> <span class=\"jCAhz ChMk0b\"><span class=\"ryNqvb\">amenore \u2013 mungesa e menstruacioneve), dhe hemorragjit\u00eb e tepruara.<\/span><\/span><\/p><p>Po ashtu, p\u00ebrdorimi i p\u00ebrsheshit rekomandohet p\u00ebr njer\u00ebzit q\u00eb vuajn\u00eb nga diabeti, pasi ul nivelin e glukoz\u00ebs n\u00eb gjak, artriti reumatoid, podagra, osteoartriti, \u00e7rregullimet hemorragjike, ekzema, psoriaza, si dhe ul\u00e7era t\u00eb l\u00ebkur\u00ebs.<\/p>\t\t\t\t\t\t\t\t<\/div>\n\t\t\t\t<\/div>\n\t\t\t\t<div class=\"elementor-element elementor-element-7419496 elementor-widget elementor-widget-heading\" data-id=\"7419496\" data-element_type=\"widget\" data-e-type=\"widget\" data-widget_type=\"heading.default\">\n\t\t\t\t<div class=\"elementor-widget-container\">\n\t\t\t\t\t<h4 class=\"elementor-heading-title elementor-size-default\">Referencat<\/h4>\t\t\t\t<\/div>\n\t\t\t\t<\/div>\n\t\t\t\t<div class=\"elementor-element elementor-element-ec90ae5 elementor-widget elementor-widget-text-editor\" data-id=\"ec90ae5\" data-element_type=\"widget\" data-e-type=\"widget\" data-widget_type=\"text-editor.default\">\n\t\t\t\t<div class=\"elementor-widget-container\">\n\t\t\t\t\t\t\t\t\t<ul><li><a class=\"reference-link\" href=\"https:\/\/pubmed.ncbi.nlm.nih.gov\/17704978\/\" target=\"_blank\" rel=\"noopener\">Achillea millefolium L. s.l. revisited: recent findings confirm the traditional use<\/a><\/li><li><a class=\"reference-link\" href=\"https:\/\/pubmed.ncbi.nlm.nih.gov\/23959026\/\" target=\"_blank\" rel=\"noopener\">Minireview on Achillea millefolium Linn<\/a><\/li><li><a class=\"reference-link\" href=\"https:\/\/pubmed.ncbi.nlm.nih.gov\/19075697\/\" target=\"_blank\" rel=\"noopener\">Biological activities of yarrow species (Achillea spp.)<\/a><\/li><\/ul>\t\t\t\t\t\t\t\t<\/div>\n\t\t\t\t<\/div>\n\t\t\t\t\t<\/div>\n\t\t<\/div>\n\t\t\t\t\t<\/div>\n\t\t<\/section>\n\t\t\t\t<\/div>","protected":false},"excerpt":{"rendered":"<p>Yarrow Achillea millefolium L. &#8211; Asteraceae Yarrow is a perennial plant, whose stem is round, greenish, up to 80 cm tall. It has many leaves that are alternate, with toothed edges, the lower leaves are petioled, and the upper leaves enclose the stem. The whole plant is hairy and fragrant. The flowers are gathered in &hellip;<\/p>\n<p class=\"read-more\"> <a class=\"\" href=\"https:\/\/www.alivitpharm.com\/sq\/yarrow\/\"> <span class=\"screen-reader-text\">P\u00ebrshesh<\/span> Read More &raquo;<\/a><\/p>","protected":false},"author":9,"featured_media":0,"parent":0,"menu_order":0,"comment_status":"closed","ping_status":"closed","template":"","meta":{"site-sidebar-layout":"no-sidebar","site-content-layout":"page-builder","ast-global-header-display":"","ast-main-header-display":"","ast-hfb-above-header-display":"","ast-hfb-below-header-display":"","ast-hfb-mobile-header-display":"","site-post-title":"disabled","ast-breadcrumbs-content":"","ast-featured-img":"disabled","footer-sml-layout":"","theme-transparent-header-meta":"","adv-header-id-meta":"","stick-header-meta":"","header-above-stick-meta":"","header-main-stick-meta":"","header-below-stick-meta":"","footnotes":""},"class_list":["post-8206","page","type-page","status-publish","hentry"],"_links":{"self":[{"href":"https:\/\/www.alivitpharm.com\/sq\/wp-json\/wp\/v2\/pages\/8206","targetHints":{"allow":["GET"]}}],"collection":[{"href":"https:\/\/www.alivitpharm.com\/sq\/wp-json\/wp\/v2\/pages"}],"about":[{"href":"https:\/\/www.alivitpharm.com\/sq\/wp-json\/wp\/v2\/types\/page"}],"author":[{"embeddable":true,"href":"https:\/\/www.alivitpharm.com\/sq\/wp-json\/wp\/v2\/users\/9"}],"replies":[{"embeddable":true,"href":"https:\/\/www.alivitpharm.com\/sq\/wp-json\/wp\/v2\/comments?post=8206"}],"version-history":[{"count":0,"href":"https:\/\/www.alivitpharm.com\/sq\/wp-json\/wp\/v2\/pages\/8206\/revisions"}],"wp:attachment":[{"href":"https:\/\/www.alivitpharm.com\/sq\/wp-json\/wp\/v2\/media?parent=8206"}],"curies":[{"name":"wp","href":"https:\/\/api.w.org\/{rel}","templated":true}]}}