{"id":8231,"date":"2023-01-30T13:00:38","date_gmt":"2023-01-30T11:00:38","guid":{"rendered":"https:\/\/www.alivitpharm.com\/?page_id=8231"},"modified":"2023-01-31T10:12:20","modified_gmt":"2023-01-31T08:12:20","slug":"immortelle","status":"publish","type":"page","link":"https:\/\/www.alivitpharm.com\/sq\/immortelle\/","title":{"rendered":"Immortel"},"content":{"rendered":"<div data-elementor-type=\"wp-page\" data-elementor-id=\"8231\" class=\"elementor elementor-8231\">\n\t\t\t\t\t\t<section class=\"elementor-section elementor-top-section elementor-element elementor-element-d9dd501 elementor-section-content-middle elementor-section-boxed elementor-section-height-default elementor-section-height-default\" data-id=\"d9dd501\" data-element_type=\"section\" data-e-type=\"section\" data-settings=\"{&quot;background_background&quot;:&quot;classic&quot;}\">\n\t\t\t\t\t\t\t<div class=\"elementor-background-overlay\"><\/div>\n\t\t\t\t\t\t\t<div class=\"elementor-container elementor-column-gap-default\">\n\t\t\t\t\t<div class=\"elementor-column elementor-col-100 elementor-top-column elementor-element elementor-element-5482e0b\" data-id=\"5482e0b\" data-element_type=\"column\" data-e-type=\"column\">\n\t\t\t<div class=\"elementor-widget-wrap elementor-element-populated\">\n\t\t\t\t\t\t<div class=\"elementor-element elementor-element-95c4263 elementor-widget elementor-widget-heading\" data-id=\"95c4263\" data-element_type=\"widget\" data-e-type=\"widget\" data-widget_type=\"heading.default\">\n\t\t\t\t<div class=\"elementor-widget-container\">\n\t\t\t\t\t<h1 class=\"elementor-heading-title elementor-size-default\">Immortel<\/h1>\t\t\t\t<\/div>\n\t\t\t\t<\/div>\n\t\t\t\t<div class=\"elementor-element elementor-element-6f89795 elementor-widget elementor-widget-image\" data-id=\"6f89795\" data-element_type=\"widget\" data-e-type=\"widget\" data-widget_type=\"image.default\">\n\t\t\t\t<div class=\"elementor-widget-container\">\n\t\t\t\t\t\t\t\t\t\t\t\t\t\t\t<img decoding=\"async\" width=\"75\" height=\"33\" src=\"https:\/\/www.alivitpharm.com\/wp-content\/uploads\/2019\/07\/logo-leaf-new.png\" class=\"attachment-large size-large wp-image-2518\" alt=\"\" \/>\t\t\t\t\t\t\t\t\t\t\t\t\t\t\t<\/div>\n\t\t\t\t<\/div>\n\t\t\t\t<div class=\"elementor-element elementor-element-c012567 elementor-widget elementor-widget-text-editor\" data-id=\"c012567\" data-element_type=\"widget\" data-e-type=\"widget\" data-widget_type=\"text-editor.default\">\n\t\t\t\t<div class=\"elementor-widget-container\">\n\t\t\t\t\t\t\t\t\t<p><em>Helichrysum italicum L. &#8211; Asteraceae<\/em><\/p>\t\t\t\t\t\t\t\t<\/div>\n\t\t\t\t<\/div>\n\t\t\t\t\t<\/div>\n\t\t<\/div>\n\t\t\t\t\t<\/div>\n\t\t<\/section>\n\t\t\t\t<section class=\"elementor-section elementor-top-section elementor-element elementor-element-0c04425 elementor-section-boxed elementor-section-height-default elementor-section-height-default\" data-id=\"0c04425\" data-element_type=\"section\" data-e-type=\"section\" data-settings=\"{&quot;background_background&quot;:&quot;classic&quot;}\">\n\t\t\t\t\t\t<div class=\"elementor-container elementor-column-gap-default\">\n\t\t\t\t\t<div class=\"elementor-column elementor-col-100 elementor-top-column elementor-element elementor-element-768ad82\" data-id=\"768ad82\" data-element_type=\"column\" data-e-type=\"column\">\n\t\t\t<div class=\"elementor-widget-wrap elementor-element-populated\">\n\t\t\t\t\t\t<div class=\"elementor-element elementor-element-0468bcf elementor-widget elementor-widget-image\" data-id=\"0468bcf\" data-element_type=\"widget\" data-e-type=\"widget\" data-widget_type=\"image.default\">\n\t\t\t\t<div class=\"elementor-widget-container\">\n\t\t\t\t\t\t\t\t\t\t\t\t\t\t\t<img decoding=\"async\" src=\"https:\/\/www.alivitpharm.com\/wp-content\/uploads\/2023\/01\/immortelle.jpg\" title=\"immortelle\" alt=\"Immortel\" loading=\"lazy\" \/>\t\t\t\t\t\t\t\t\t\t\t\t\t\t\t<\/div>\n\t\t\t\t<\/div>\n\t\t\t\t<div class=\"elementor-element elementor-element-cafced7 elementor-widget elementor-widget-text-editor\" data-id=\"cafced7\" data-element_type=\"widget\" data-e-type=\"widget\" data-widget_type=\"text-editor.default\">\n\t\t\t\t<div class=\"elementor-widget-container\">\n\t\t\t\t\t\t\t\t\t<p><span class=\"jCAhz ChMk0b\"><span class=\"ryNqvb\"><strong>Immortel<\/strong> \u00ebsht\u00eb nj\u00eb bim\u00eb shum\u00ebvje\u00e7are, barishtore, karakteristike e zon\u00ebs mesdhetare.<\/span><\/span> <span class=\"jCAhz ChMk0b\"><span class=\"ryNqvb\">Ajo \u00ebsht\u00eb nj\u00eb gjysm\u00eb-shrub me shport\u00eb t\u00eb deg\u00ebzuar, deri n\u00eb 60 cm t\u00eb lart\u00eb.<\/span><\/span> <span class=\"jCAhz ChMk0b\"><span class=\"ryNqvb\">Gjethet jan\u00eb t\u00eb ulura, t\u00eb gjata dhe t\u00eb ngushta, ngjyr\u00eb jeshile t\u00eb leht\u00eb.<\/span><\/span> <span class=\"jCAhz ChMk0b\"><span class=\"ryNqvb\">Lulezat jan\u00eb biseksuale, t\u00eb verdha, t\u00eb mbledhura n\u00eb kok\u00ebza lulesh, dhe k\u00ebto kok\u00ebza mbledhen n\u00eb nj\u00eb infloreskenc\u00eb n\u00eb form\u00eb shileje n\u00eb maj\u00eb t\u00eb shport\u00ebs.<\/span><\/span> <span class=\"jCAhz ChMk0b\"><span class=\"ryNqvb\">Fruti \u00ebsht\u00eb nj\u00eb aken\u00eb i vog\u00ebl.<\/span><\/span><\/p><p><span class=\"jCAhz ChMk0b\"><span class=\"ryNqvb\">Immortel rritet natyrsh\u00ebm n\u00eb Evrop\u00ebn jugore, Afrik\u00ebn veriper\u00ebndimore dhe Azin\u00eb e Vog\u00ebl, n\u00eb tok\u00eb t\u00eb thate, shk\u00ebmbore ose t\u00eb r\u00ebr\u00ebs.<\/span><\/span> <span class=\"jCAhz ChMk0b\"><span class=\"ryNqvb\">N\u00eb vendin ton\u00eb, immortel rritet natyrsh\u00ebm n\u00eb zon\u00ebn bregdetare, por sot \u00ebsht\u00eb shum\u00eb m\u00eb e zakonshme kultivimi i disa llojeve t\u00eb immortelle.<\/span><\/span><\/p>\t\t\t\t\t\t\t\t<\/div>\n\t\t\t\t<\/div>\n\t\t\t\t<div class=\"elementor-element elementor-element-4b86bd0 elementor-widget elementor-widget-image\" data-id=\"4b86bd0\" data-element_type=\"widget\" data-e-type=\"widget\" data-widget_type=\"image.default\">\n\t\t\t\t<div class=\"elementor-widget-container\">\n\t\t\t\t\t\t\t\t\t\t\t\t\t\t\t<img decoding=\"async\" src=\"https:\/\/www.alivitpharm.com\/wp-content\/uploads\/2022\/09\/leaves.png\" title=\"leaves\" alt=\"Leaves\" loading=\"lazy\" \/>\t\t\t\t\t\t\t\t\t\t\t\t\t\t\t<\/div>\n\t\t\t\t<\/div>\n\t\t\t\t<div class=\"elementor-element elementor-element-1065092 elementor-widget elementor-widget-text-editor\" data-id=\"1065092\" data-element_type=\"widget\" data-e-type=\"widget\" data-widget_type=\"text-editor.default\">\n\t\t\t\t<div class=\"elementor-widget-container\">\n\t\t\t\t\t\t\t\t\t<p>Lloji <em>Heliccrysum italicum<\/em> nuk \u00ebsht\u00eb i p\u00ebrfshir\u00eb n\u00eb asnj\u00eb farmakope, por p\u00ebrdoret gjer\u00ebsisht n\u00eb mjek\u00ebsin\u00eb tradicionale t\u00eb shum\u00eb shteteve (Itali, Spanj\u00eb, Portugali, Bosnj\u00eb dhe Hercegovin\u00eb).<\/p><p><span class=\"jCAhz ChMk0b\"><span class=\"ryNqvb\">P\u00ebrb\u00ebr\u00ebsit aktiv\u00eb t\u00eb immortelle jan\u00eb: acetofenonat, flavonoidet dhe derivatet e fologlucinolit.<\/span><\/span> <span class=\"jCAhz ChMk0b\"><span class=\"ryNqvb\">Duhet t\u00eb kushtohet v\u00ebmendje t\u00eb ve\u00e7ant\u00eb pranis\u00eb s\u00eb acetofenonit, 4-hidroksi-3-(3-metil-2-butenil) acetofenonit dhe 4-hidroksi-3-(2-hidroksi-3-isopentenil) acetofenonit, tilirosidit, gnaphalinit, apigenin\u00ebs, luteolinit dhe<\/span><\/span> <span class=\"jCAhz ChMk0b\"><span class=\"ryNqvb\">heterodimerit arsanol t\u00eb preniluar t\u00eb alfa-piron\u00ebs-fologlucinolit, p\u00ebr shkak t\u00eb vetive t\u00eb tyre t\u00eb ndryshme dhe t\u00eb r\u00ebnd\u00ebsishme.<\/span><\/span><\/p><p><span class=\"jCAhz ChMk0b\"><span class=\"ryNqvb\">Lule dhe gjethet e immortel p\u00ebrdoren si pjes\u00eb mjek\u00ebsore e bim\u00ebs dhe ajo p\u00ebrdoret m\u00eb shpesh p\u00ebr trajtimin e s\u00ebmundjeve t\u00eb l\u00ebkur\u00ebs. <\/span><\/span><span class=\"jCAhz ChMk0b\"><span class=\"ryNqvb\">Literatura p\u00ebrmend p\u00ebrdorimin tradicional t\u00eb immortel n\u00eb \u00e7rregullimet e traktit respirator dhe tret\u00ebs, si dhe n\u00eb kushte t\u00eb ndryshme t\u00eb l\u00ebkur\u00ebs t\u00eb inflamuara.<\/span><\/span> <span class=\"jCAhz ChMk0b\"><span class=\"ryNqvb\">P\u00ebrdorime t\u00eb tjera terapeutike p\u00ebrfshijn\u00eb efektet antimikrobike dhe analgjezike (dhimbje dh\u00ebmbi, dhimbje koke, dhimbje stomaku), p\u00ebrdorimi p\u00ebr sh\u00ebrimin m\u00eb t\u00eb shpejt\u00eb t\u00eb plag\u00ebve dhe \u00e7rregullimet e traktit biliar. <\/span><\/span><span class=\"jCAhz ChMk0b\"><span class=\"ryNqvb\">Immortel p\u00ebrdoret gjer\u00ebsisht si ndihm\u00ebs n\u00eb trajtimin e problemeve me m\u00ebl\u00e7in\u00eb dhe fshik\u00ebz\u00ebn e t\u00ebmthit, inflamacionet dhe infeksionet (veprim antimikrobik).<\/span><\/span> <span class=\"jCAhz ChMk0b\"><span class=\"ryNqvb\">P\u00ebrdoret p\u00ebr pagjum\u00ebsi, alopeci dhe infeksione helminte.<\/span><\/span> <span class=\"jCAhz ChMk0b\"><span class=\"ryNqvb\">P\u00ebrve\u00e7 veprimeve anti-inflamatore dhe antimikrobike, Immortel gjithashtu tregon aktivitet antioksidant, neutralizon radikalet e lira dhe mbron kund\u00ebr stresit oksidativ.<\/span><\/span><\/p>\t\t\t\t\t\t\t\t<\/div>\n\t\t\t\t<\/div>\n\t\t\t\t<div class=\"elementor-element elementor-element-9aa9dd8 elementor-widget elementor-widget-heading\" data-id=\"9aa9dd8\" data-element_type=\"widget\" data-e-type=\"widget\" data-widget_type=\"heading.default\">\n\t\t\t\t<div class=\"elementor-widget-container\">\n\t\t\t\t\t<h4 class=\"elementor-heading-title elementor-size-default\">Referencat<\/h4>\t\t\t\t<\/div>\n\t\t\t\t<\/div>\n\t\t\t\t<div class=\"elementor-element elementor-element-7f8c8fe elementor-widget elementor-widget-text-editor\" data-id=\"7f8c8fe\" data-element_type=\"widget\" data-e-type=\"widget\" data-widget_type=\"text-editor.default\">\n\t\t\t\t<div class=\"elementor-widget-container\">\n\t\t\t\t\t\t\t\t\t<ul><li><a class=\"reference-link\" href=\"https:\/\/pubmed.ncbi.nlm.nih.gov\/24239849\/\" target=\"_blank\" rel=\"noopener\">Helichrysum italicum: from traditional use to scientific data<\/a><\/li><li><a class=\"reference-link\" href=\"https:\/\/pubmed.ncbi.nlm.nih.gov\/24140587\/\" target=\"_blank\" rel=\"noopener\">Intestinal antispasmodic effects of Helichrysum italicum (Roth) Don ssp. italicum and chemical identification of the active ingredients<\/a><\/li><\/ul>\t\t\t\t\t\t\t\t<\/div>\n\t\t\t\t<\/div>\n\t\t\t\t\t<\/div>\n\t\t<\/div>\n\t\t\t\t\t<\/div>\n\t\t<\/section>\n\t\t\t\t<\/div>","protected":false},"excerpt":{"rendered":"<p>Immortelle Helichrysum italicum L. &#8211; Asteraceae Immortelle is a perennial, herbaceous plant, characteristic of the Mediterranean area. It is a semi-shrub whose stem is branched, up to 60 cm high. The leaves are sessile, oblong and narrow, light green. The flowers are bisexual, yellow, collected in flower heads, and those heads are collected in a &hellip;<\/p>\n<p class=\"read-more\"> <a class=\"\" href=\"https:\/\/www.alivitpharm.com\/sq\/immortelle\/\"> <span class=\"screen-reader-text\">Immortel<\/span> Read More &raquo;<\/a><\/p>","protected":false},"author":9,"featured_media":0,"parent":0,"menu_order":0,"comment_status":"closed","ping_status":"closed","template":"","meta":{"site-sidebar-layout":"no-sidebar","site-content-layout":"page-builder","ast-global-header-display":"","ast-main-header-display":"","ast-hfb-above-header-display":"","ast-hfb-below-header-display":"","ast-hfb-mobile-header-display":"","site-post-title":"disabled","ast-breadcrumbs-content":"","ast-featured-img":"disabled","footer-sml-layout":"","theme-transparent-header-meta":"","adv-header-id-meta":"","stick-header-meta":"","header-above-stick-meta":"","header-main-stick-meta":"","header-below-stick-meta":"","footnotes":""},"class_list":["post-8231","page","type-page","status-publish","hentry"],"_links":{"self":[{"href":"https:\/\/www.alivitpharm.com\/sq\/wp-json\/wp\/v2\/pages\/8231","targetHints":{"allow":["GET"]}}],"collection":[{"href":"https:\/\/www.alivitpharm.com\/sq\/wp-json\/wp\/v2\/pages"}],"about":[{"href":"https:\/\/www.alivitpharm.com\/sq\/wp-json\/wp\/v2\/types\/page"}],"author":[{"embeddable":true,"href":"https:\/\/www.alivitpharm.com\/sq\/wp-json\/wp\/v2\/users\/9"}],"replies":[{"embeddable":true,"href":"https:\/\/www.alivitpharm.com\/sq\/wp-json\/wp\/v2\/comments?post=8231"}],"version-history":[{"count":0,"href":"https:\/\/www.alivitpharm.com\/sq\/wp-json\/wp\/v2\/pages\/8231\/revisions"}],"wp:attachment":[{"href":"https:\/\/www.alivitpharm.com\/sq\/wp-json\/wp\/v2\/media?parent=8231"}],"curies":[{"name":"wp","href":"https:\/\/api.w.org\/{rel}","templated":true}]}}