{"id":8397,"date":"2023-02-13T10:33:57","date_gmt":"2023-02-13T08:33:57","guid":{"rendered":"https:\/\/www.alivitpharm.com\/?page_id=8397"},"modified":"2023-02-13T11:45:21","modified_gmt":"2023-02-13T09:45:21","slug":"motherwort","status":"publish","type":"page","link":"https:\/\/www.alivitpharm.com\/sq\/motherwort\/","title":{"rendered":"Gjin\u00e7eri"},"content":{"rendered":"<div data-elementor-type=\"wp-page\" data-elementor-id=\"8397\" class=\"elementor elementor-8397\">\n\t\t\t\t\t\t<section class=\"elementor-section elementor-top-section elementor-element elementor-element-cf64ad7 elementor-section-content-middle elementor-section-boxed elementor-section-height-default elementor-section-height-default\" data-id=\"cf64ad7\" data-element_type=\"section\" data-e-type=\"section\" data-settings=\"{&quot;background_background&quot;:&quot;classic&quot;}\">\n\t\t\t\t\t\t\t<div class=\"elementor-background-overlay\"><\/div>\n\t\t\t\t\t\t\t<div class=\"elementor-container elementor-column-gap-default\">\n\t\t\t\t\t<div class=\"elementor-column elementor-col-100 elementor-top-column elementor-element elementor-element-9eac32d\" data-id=\"9eac32d\" data-element_type=\"column\" data-e-type=\"column\">\n\t\t\t<div class=\"elementor-widget-wrap elementor-element-populated\">\n\t\t\t\t\t\t<div class=\"elementor-element elementor-element-fb1de95 elementor-widget elementor-widget-heading\" data-id=\"fb1de95\" data-element_type=\"widget\" data-e-type=\"widget\" data-widget_type=\"heading.default\">\n\t\t\t\t<div class=\"elementor-widget-container\">\n\t\t\t\t\t<h1 class=\"elementor-heading-title elementor-size-default\">Gjin\u00e7eri<\/h1>\t\t\t\t<\/div>\n\t\t\t\t<\/div>\n\t\t\t\t<div class=\"elementor-element elementor-element-6365900 elementor-widget elementor-widget-image\" data-id=\"6365900\" data-element_type=\"widget\" data-e-type=\"widget\" data-widget_type=\"image.default\">\n\t\t\t\t<div class=\"elementor-widget-container\">\n\t\t\t\t\t\t\t\t\t\t\t\t\t\t\t<img decoding=\"async\" width=\"75\" height=\"33\" src=\"https:\/\/www.alivitpharm.com\/wp-content\/uploads\/2019\/07\/logo-leaf-new.png\" class=\"attachment-large size-large wp-image-2518\" alt=\"\" \/>\t\t\t\t\t\t\t\t\t\t\t\t\t\t\t<\/div>\n\t\t\t\t<\/div>\n\t\t\t\t<div class=\"elementor-element elementor-element-151cff1 elementor-widget elementor-widget-text-editor\" data-id=\"151cff1\" data-element_type=\"widget\" data-e-type=\"widget\" data-widget_type=\"text-editor.default\">\n\t\t\t\t<div class=\"elementor-widget-container\">\n\t\t\t\t\t\t\t\t\t<p><em>Leonurus cardiaca L. \u2013 Lamiaceae<\/em><\/p>\t\t\t\t\t\t\t\t<\/div>\n\t\t\t\t<\/div>\n\t\t\t\t\t<\/div>\n\t\t<\/div>\n\t\t\t\t\t<\/div>\n\t\t<\/section>\n\t\t\t\t<section class=\"elementor-section elementor-top-section elementor-element elementor-element-448c525 elementor-section-boxed elementor-section-height-default elementor-section-height-default\" data-id=\"448c525\" data-element_type=\"section\" data-e-type=\"section\" data-settings=\"{&quot;background_background&quot;:&quot;classic&quot;}\">\n\t\t\t\t\t\t<div class=\"elementor-container elementor-column-gap-default\">\n\t\t\t\t\t<div class=\"elementor-column elementor-col-100 elementor-top-column elementor-element elementor-element-dd5c3bc\" data-id=\"dd5c3bc\" data-element_type=\"column\" data-e-type=\"column\">\n\t\t\t<div class=\"elementor-widget-wrap elementor-element-populated\">\n\t\t\t\t\t\t<div class=\"elementor-element elementor-element-403ac5b elementor-widget elementor-widget-image\" data-id=\"403ac5b\" data-element_type=\"widget\" data-e-type=\"widget\" data-widget_type=\"image.default\">\n\t\t\t\t<div class=\"elementor-widget-container\">\n\t\t\t\t\t\t\t\t\t\t\t\t\t\t\t<img decoding=\"async\" src=\"https:\/\/www.alivitpharm.com\/wp-content\/uploads\/2023\/02\/motherwort.jpg\" title=\"motherwort\" alt=\"Gjin\u00e7eri\" loading=\"lazy\" \/>\t\t\t\t\t\t\t\t\t\t\t\t\t\t\t<\/div>\n\t\t\t\t<\/div>\n\t\t\t\t<div class=\"elementor-element elementor-element-f90fbec elementor-widget elementor-widget-text-editor\" data-id=\"f90fbec\" data-element_type=\"widget\" data-e-type=\"widget\" data-widget_type=\"text-editor.default\">\n\t\t\t\t<div class=\"elementor-widget-container\">\n\t\t\t\t\t\t\t\t\t<p><span class=\"jCAhz ChMk0b\"><span class=\"ryNqvb\"><strong>Gjin\u00e7eri<\/strong> \u00ebsht\u00eb nj\u00eb bim\u00eb shum\u00ebvje\u00e7are.<\/span><\/span> <span class=\"jCAhz ChMk0b\"><span class=\"ryNqvb\">Trungu i saj \u00ebsht\u00eb i drejtp\u00ebrdrejt\u00eb, i zbraz\u00ebt, me ngjyr\u00eb t\u00eb gjelb\u00ebr ose t\u00eb kuq\u00ebrreth\u00eb.<\/span><\/span> <span class=\"jCAhz ChMk0b\"><span class=\"ryNqvb\">Gjethet jan\u00eb me dh\u00ebmb\u00eb t\u00eb theksuar, t\u00eb ndara n\u00eb gjethe, nd\u00ebrsa lulet jan\u00eb t\u00eb ulura, t\u00eb vendosura n\u00eb qerpik\u00ebt e gjetheve n\u00eb maj\u00eb t\u00eb trungut.<\/span><\/span> <span class=\"jCAhz ChMk0b\"><span class=\"ryNqvb\">Kurora \u00ebsht\u00eb roz\u00eb, nd\u00ebrsa fruti \u00ebsht\u00eb i that\u00eb dhe ndahet n\u00eb kat\u00ebr pjes\u00eb.<\/span><\/span> <span class=\"jCAhz ChMk0b\"><span class=\"ryNqvb\">Ajo rritet n\u00eb zona me vegjetacion t\u00eb dendur, pran\u00eb rrug\u00ebve dhe pyjeve t\u00eb lagura.<\/span><\/span> <span class=\"jCAhz ChMk0b\"><span class=\"ryNqvb\">\u00cbsht\u00eb e p\u00ebrhapur n\u00eb t\u00eb gjith\u00eb Evrop\u00ebn.<\/span><\/span><\/p><p><span class=\"jCAhz ChMk0b\"><span class=\"ryNqvb\">N\u00eb fitofarmaci, pjesa ajrore e bim\u00ebs p\u00ebrdoret si pjes\u00eb mjek\u00ebsore.<\/span><\/span> <span class=\"jCAhz ChMk0b\"><span class=\"ryNqvb\">\u00c7ajrat ose p\u00ebrzierjet e \u00e7ajit p\u00ebrgatiten nga bima e that\u00eb, dhe gjithashtu b\u00ebhen tinktura alkoolike.<\/span><\/span><\/p><p><span class=\"jCAhz ChMk0b\"><span class=\"ryNqvb\">Kjo bim\u00eb p\u00ebrdoret gjer\u00ebsisht n\u00eb mjek\u00ebsin\u00eb tradicionale kineze.<\/span><\/span> <span class=\"jCAhz ChMk0b\"><span class=\"ryNqvb\">Efektet pozitive t\u00eb gjin\u00e7erit jan\u00eb provuar sot nga shum\u00eb studime n\u00eb bot\u00ebn moderne t\u00eb mjek\u00ebsis\u00eb dhe farmacis\u00eb.<\/span><\/span> <span class=\"jCAhz ChMk0b\"><span class=\"ryNqvb\">Besohet se leonurina zvog\u00eblon d\u00ebmtimet e shkaktuara gjat\u00eb s\u00ebmundjes ishemike t\u00eb zemr\u00ebs (infarkti i miokardit dhe angina pektoris), sepse ka nj\u00eb potencial t\u00eb lart\u00eb antioksidues dhe anti-inflamator.<\/span><\/span><\/p>\t\t\t\t\t\t\t\t<\/div>\n\t\t\t\t<\/div>\n\t\t\t\t<div class=\"elementor-element elementor-element-3644491 elementor-widget elementor-widget-image\" data-id=\"3644491\" data-element_type=\"widget\" data-e-type=\"widget\" data-widget_type=\"image.default\">\n\t\t\t\t<div class=\"elementor-widget-container\">\n\t\t\t\t\t\t\t\t\t\t\t\t\t\t\t<img decoding=\"async\" src=\"https:\/\/www.alivitpharm.com\/wp-content\/uploads\/2022\/09\/leaves.png\" title=\"leaves\" alt=\"Leaves\" loading=\"lazy\" \/>\t\t\t\t\t\t\t\t\t\t\t\t\t\t\t<\/div>\n\t\t\t\t<\/div>\n\t\t\t\t<div class=\"elementor-element elementor-element-c546661 elementor-widget elementor-widget-text-editor\" data-id=\"c546661\" data-element_type=\"widget\" data-e-type=\"widget\" data-widget_type=\"text-editor.default\">\n\t\t\t\t<div class=\"elementor-widget-container\">\n\t\t\t\t\t\t\t\t\t<p><span class=\"jCAhz ChMk0b\"><span class=\"ryNqvb\">P\u00ebrb\u00ebr\u00ebsit biologjikisht aktiv\u00eb q\u00eb gjenden n\u00eb pjes\u00ebn ajrore t\u00eb gjin\u00e7erit jan\u00eb: glikozidet buphenolide, alkaloidet (leonurina, leunoridina, leonurinina, betonicina, turicina, stahidrina), tanin\u00ebt, flavonoid\u00ebt, acidi ursolik, irdoidet, leokardina. Leonurina \u00ebsht\u00eb nj\u00eb alkaloid dhe ka provuar t\u00eb jet\u00eb nj\u00eb mjet i suksessh\u00ebm p\u00ebr relaksimin e muskujve t\u00eb l\u00ebmuar t\u00eb en\u00ebve t\u00eb gjakut. Tanin\u00ebt, t\u00eb cil\u00ebt gjenden n\u00eb p\u00ebrb\u00ebrjen e zemr\u00ebs, kan\u00eb nj\u00eb efekt bakterioostatik (ndalojn\u00eb rritjen e baktereve) dhe antioksidues (neutralizojn\u00eb radikalet e lira). Acidi ursolik ka nj\u00eb efekt shum\u00eb t\u00eb r\u00ebnd\u00ebsish\u00ebm n\u00eb pun\u00ebn e sistemit nervor qendror (ndikon pozitivisht n\u00eb funksionet kognitive), tregon potencial anti-kancerogjen, stimilon pun\u00ebn e muskujve dhe parandalon d\u00ebmtimet e shkaktuara nga infarkti i miokardit.<\/span><\/span><\/p><p>P\u00ebr shkak t\u00eb potencialit t\u00eb tij vasodilatator (q\u00eb zgjeron en\u00ebt e gjakut), gjin\u00e7eri gjithashtu kontribuon n\u00eb qarkullimin m\u00eb t\u00eb mir\u00eb t\u00eb gjakut n\u00eb sistemin nervor qendror, dhe mund t\u00eb p\u00ebrdoret si nj\u00eb mjet p\u00ebr parandalimin e shfaqjes s\u00eb s\u00ebmundjeve neurodegjenerative dhe goditjes n\u00eb tru. P\u00ebrve\u00e7 efekteve t\u00eb p\u00ebrmendura m\u00eb par\u00eb, leonurina ka provuar t\u00eb jet\u00eb nj\u00eb agjent i mir\u00eb anti-kancerogjen, k\u00ebshtu q\u00eb gjin\u00e7eri ka gjetur gjithashtu p\u00ebrdorim t\u00eb madh si nj\u00eb mjet ndihm\u00ebs n\u00eb trajtimin e formave t\u00eb ndryshme t\u00eb kancerit. <span class=\"jCAhz ChMk0b\"><span class=\"ryNqvb\">Nj\u00eb fakt shum\u00eb i r\u00ebnd\u00ebsish\u00ebm \u00ebsht\u00eb se kjo bim\u00eb parandalon shfaqjen e osteoporoz\u00ebs, ve\u00e7an\u00ebrisht tek grat\u00eb gjat\u00eb menopauz\u00ebs (kur niveli i estrogenit \u00ebsht\u00eb shum\u00eb i ul\u00ebt).<\/span><\/span> <span class=\"jCAhz ChMk0b\"><span class=\"ryNqvb\">P\u00ebrb\u00ebrja e gjin\u00e7erit p\u00ebrmban flavonoide, t\u00eb cilat ulin tensionin e lart\u00eb t\u00eb gjakut dhe jan\u00eb t\u00eb r\u00ebnd\u00ebsishme p\u00ebr leht\u00ebsimin e simptomave t\u00eb takikardis\u00eb ventrikulare.<\/span><\/span><\/p><p><span class=\"jCAhz ChMk0b\"><span class=\"ryNqvb\">N\u00eb tekstin e m\u00ebparsh\u00ebm, p\u00ebrshkruam gjin\u00e7erin si nj\u00eb bim\u00eb me potencial t\u00eb theksuar kardioprotektiv, por kjo bim\u00eb mund t\u00eb p\u00ebrdoret gjithashtu si ndihm\u00eb n\u00eb trajtimin e kushteve t\u00eb tjera patologjike, si: stresi, ankthi, sulmet paniku, nervozizmi, irritueshm\u00ebria, pagjum\u00ebsia, hipertiroidizmi,<\/span><\/span> <span class=\"jCAhz ChMk0b\"><span class=\"ryNqvb\">s\u00ebmundja e Graves.<\/span><\/span> <span class=\"jCAhz ChMk0b\"><span class=\"ryNqvb\">Gjin\u00e7eri ka gjithashtu nj\u00eb efekt t\u00eb dobish\u00ebm mbi simptomat e diabetit, stabilizon nivelin e insulin\u00ebs dhe ka nj\u00eb efekt t\u00eb dobish\u00ebm n\u00eb stabilizimin e ciklit menstrual.<\/span><\/span><\/p><p>\u00cbsht\u00eb e r\u00ebnd\u00ebsishme t\u00eb theksohet se gjin\u00e7eri \u00ebsht\u00eb nj\u00eb bim\u00eb q\u00eb nuk duhet p\u00ebrdorur gjat\u00eb shtatz\u00ebnis\u00eb, pasi mund t\u00eb shkaktoj\u00eb lindje t\u00eb parakohshme.<\/p>\t\t\t\t\t\t\t\t<\/div>\n\t\t\t\t<\/div>\n\t\t\t\t<div class=\"elementor-element elementor-element-cadf2c7 elementor-widget elementor-widget-heading\" data-id=\"cadf2c7\" data-element_type=\"widget\" data-e-type=\"widget\" data-widget_type=\"heading.default\">\n\t\t\t\t<div class=\"elementor-widget-container\">\n\t\t\t\t\t<h4 class=\"elementor-heading-title elementor-size-default\">Referencat<\/h4>\t\t\t\t<\/div>\n\t\t\t\t<\/div>\n\t\t\t\t<div class=\"elementor-element elementor-element-63dc82d elementor-widget elementor-widget-text-editor\" data-id=\"63dc82d\" data-element_type=\"widget\" data-e-type=\"widget\" data-widget_type=\"text-editor.default\">\n\t\t\t\t<div class=\"elementor-widget-container\">\n\t\t\t\t\t\t\t\t\t<ul><li><a class=\"reference-link\" href=\"https:\/\/pubmed.ncbi.nlm.nih.gov\/31119169\/\" target=\"_blank\" rel=\"noopener\">Leonurus cardiaca L. as a Source of Bioactive Compounds: An Update of the European Medicines Agency Assessment Report (2010)<\/a><\/li><li><a class=\"reference-link\" href=\"https:\/\/pubmed.ncbi.nlm.nih.gov\/23042598\/\" target=\"_blank\" rel=\"noopener\">Leonurus cardiaca L. (motherwort): a review of its phytochemistry and pharmacology<\/a><\/li><li><a class=\"reference-link\" href=\"https:\/\/pubmed.ncbi.nlm.nih.gov\/33494336\/\" target=\"_blank\" rel=\"noopener\">Phytochemical Profile and Biological Activities of Crude and Purified Leonurus cardiaca Extracts<\/a><\/li><li><a class=\"reference-link\" href=\"https:\/\/pubmed.ncbi.nlm.nih.gov\/24918490\/\" target=\"_blank\" rel=\"noopener\">Leonurus cardiaca L. herb&#8211;a derived extract and an ursolic acid as the factors affecting the adhesion capacity of Staphylococcus aureus in the context of infective endocarditis<\/a><\/li><\/ul>\t\t\t\t\t\t\t\t<\/div>\n\t\t\t\t<\/div>\n\t\t\t\t\t<\/div>\n\t\t<\/div>\n\t\t\t\t\t<\/div>\n\t\t<\/section>\n\t\t\t\t<\/div>","protected":false},"excerpt":{"rendered":"<p>Motherwort Leonurus cardiaca L. \u2013 Lamiaceae Motherwort is a perennial plant. Its trunk is upright, hollow, green or red-purple in color. Its leaves are coarsely toothed, lobed, while the flowers are sessile, located in the axil of the leaf at the top of the stem. The crown is pink, the fruit is dry and splits &hellip;<\/p>\n<p class=\"read-more\"> <a class=\"\" href=\"https:\/\/www.alivitpharm.com\/sq\/motherwort\/\"> <span class=\"screen-reader-text\">Gjin\u00e7eri<\/span> Read More &raquo;<\/a><\/p>","protected":false},"author":9,"featured_media":0,"parent":0,"menu_order":0,"comment_status":"closed","ping_status":"closed","template":"","meta":{"site-sidebar-layout":"no-sidebar","site-content-layout":"page-builder","ast-global-header-display":"","ast-main-header-display":"","ast-hfb-above-header-display":"","ast-hfb-below-header-display":"","ast-hfb-mobile-header-display":"","site-post-title":"disabled","ast-breadcrumbs-content":"","ast-featured-img":"disabled","footer-sml-layout":"","theme-transparent-header-meta":"","adv-header-id-meta":"","stick-header-meta":"","header-above-stick-meta":"","header-main-stick-meta":"","header-below-stick-meta":"","footnotes":""},"class_list":["post-8397","page","type-page","status-publish","hentry"],"_links":{"self":[{"href":"https:\/\/www.alivitpharm.com\/sq\/wp-json\/wp\/v2\/pages\/8397","targetHints":{"allow":["GET"]}}],"collection":[{"href":"https:\/\/www.alivitpharm.com\/sq\/wp-json\/wp\/v2\/pages"}],"about":[{"href":"https:\/\/www.alivitpharm.com\/sq\/wp-json\/wp\/v2\/types\/page"}],"author":[{"embeddable":true,"href":"https:\/\/www.alivitpharm.com\/sq\/wp-json\/wp\/v2\/users\/9"}],"replies":[{"embeddable":true,"href":"https:\/\/www.alivitpharm.com\/sq\/wp-json\/wp\/v2\/comments?post=8397"}],"version-history":[{"count":0,"href":"https:\/\/www.alivitpharm.com\/sq\/wp-json\/wp\/v2\/pages\/8397\/revisions"}],"wp:attachment":[{"href":"https:\/\/www.alivitpharm.com\/sq\/wp-json\/wp\/v2\/media?parent=8397"}],"curies":[{"name":"wp","href":"https:\/\/api.w.org\/{rel}","templated":true}]}}