{"id":8465,"date":"2023-02-20T09:40:25","date_gmt":"2023-02-20T07:40:25","guid":{"rendered":"https:\/\/www.alivitpharm.com\/?page_id=8465"},"modified":"2023-06-01T09:37:53","modified_gmt":"2023-06-01T07:37:53","slug":"lavender","status":"publish","type":"page","link":"https:\/\/www.alivitpharm.com\/sq\/lavender\/","title":{"rendered":"Livando"},"content":{"rendered":"<div data-elementor-type=\"wp-page\" data-elementor-id=\"8465\" class=\"elementor elementor-8465\">\n\t\t\t\t\t\t<section class=\"elementor-section elementor-top-section elementor-element elementor-element-01f54fe elementor-section-content-middle elementor-section-boxed elementor-section-height-default elementor-section-height-default\" data-id=\"01f54fe\" data-element_type=\"section\" data-e-type=\"section\" data-settings=\"{&quot;background_background&quot;:&quot;classic&quot;}\">\n\t\t\t\t\t\t\t<div class=\"elementor-background-overlay\"><\/div>\n\t\t\t\t\t\t\t<div class=\"elementor-container elementor-column-gap-default\">\n\t\t\t\t\t<div class=\"elementor-column elementor-col-100 elementor-top-column elementor-element elementor-element-9d91219\" data-id=\"9d91219\" data-element_type=\"column\" data-e-type=\"column\">\n\t\t\t<div class=\"elementor-widget-wrap elementor-element-populated\">\n\t\t\t\t\t\t<div class=\"elementor-element elementor-element-53c89f9 elementor-widget elementor-widget-heading\" data-id=\"53c89f9\" data-element_type=\"widget\" data-e-type=\"widget\" data-widget_type=\"heading.default\">\n\t\t\t\t<div class=\"elementor-widget-container\">\n\t\t\t\t\t<h1 class=\"elementor-heading-title elementor-size-default\">Livando<\/h1>\t\t\t\t<\/div>\n\t\t\t\t<\/div>\n\t\t\t\t<div class=\"elementor-element elementor-element-237afdd elementor-widget elementor-widget-image\" data-id=\"237afdd\" data-element_type=\"widget\" data-e-type=\"widget\" data-widget_type=\"image.default\">\n\t\t\t\t<div class=\"elementor-widget-container\">\n\t\t\t\t\t\t\t\t\t\t\t\t\t\t\t<img decoding=\"async\" width=\"75\" height=\"33\" src=\"https:\/\/www.alivitpharm.com\/wp-content\/uploads\/2019\/07\/logo-leaf-new.png\" class=\"attachment-large size-large wp-image-2518\" alt=\"\" \/>\t\t\t\t\t\t\t\t\t\t\t\t\t\t\t<\/div>\n\t\t\t\t<\/div>\n\t\t\t\t<div class=\"elementor-element elementor-element-b0471b8 elementor-widget elementor-widget-text-editor\" data-id=\"b0471b8\" data-element_type=\"widget\" data-e-type=\"widget\" data-widget_type=\"text-editor.default\">\n\t\t\t\t<div class=\"elementor-widget-container\">\n\t\t\t\t\t\t\t\t\t<p><em>Lavandula angustifolia &#8211; Lamiaceae<\/em><\/p>\t\t\t\t\t\t\t\t<\/div>\n\t\t\t\t<\/div>\n\t\t\t\t\t<\/div>\n\t\t<\/div>\n\t\t\t\t\t<\/div>\n\t\t<\/section>\n\t\t\t\t<section class=\"elementor-section elementor-top-section elementor-element elementor-element-72d585c elementor-section-boxed elementor-section-height-default elementor-section-height-default\" data-id=\"72d585c\" data-element_type=\"section\" data-e-type=\"section\" data-settings=\"{&quot;background_background&quot;:&quot;classic&quot;}\">\n\t\t\t\t\t\t<div class=\"elementor-container elementor-column-gap-default\">\n\t\t\t\t\t<div class=\"elementor-column elementor-col-100 elementor-top-column elementor-element elementor-element-7f041e8\" data-id=\"7f041e8\" data-element_type=\"column\" data-e-type=\"column\">\n\t\t\t<div class=\"elementor-widget-wrap elementor-element-populated\">\n\t\t\t\t\t\t<div class=\"elementor-element elementor-element-2678765 elementor-widget elementor-widget-image\" data-id=\"2678765\" data-element_type=\"widget\" data-e-type=\"widget\" data-widget_type=\"image.default\">\n\t\t\t\t<div class=\"elementor-widget-container\">\n\t\t\t\t\t\t\t\t\t\t\t\t\t\t\t<img decoding=\"async\" src=\"https:\/\/www.alivitpharm.com\/wp-content\/uploads\/2023\/02\/lavender.png\" title=\"lavender\" alt=\"Livando\" loading=\"lazy\" \/>\t\t\t\t\t\t\t\t\t\t\t\t\t\t\t<\/div>\n\t\t\t\t<\/div>\n\t\t\t\t<div class=\"elementor-element elementor-element-46c8523 elementor-widget elementor-widget-text-editor\" data-id=\"46c8523\" data-element_type=\"widget\" data-e-type=\"widget\" data-widget_type=\"text-editor.default\">\n\t\t\t\t<div class=\"elementor-widget-container\">\n\t\t\t\t\t\t\t\t\t<p><span class=\"jCAhz ChMk0b\"><span class=\"ryNqvb\"><strong>Livando<\/strong> \u00ebsht\u00eb nj\u00eb bim\u00eb shum\u00ebvje\u00e7are barishtore.<\/span><\/span> <span class=\"jCAhz ChMk0b\"><span class=\"ryNqvb\">Pema \u00ebsht\u00eb e deg\u00ebzuar, gjethet jan\u00eb t\u00eb thjeshta, lineare, t\u00eb mbuluara me qime mekanike, me ngjyr\u00eb gri-jeshile.<\/span><\/span> <span class=\"jCAhz ChMk0b\"><span class=\"ryNqvb\">Lulet mblidhen n\u00eb dikazium, t\u00eb gjitha pjes\u00ebt e lules jan\u00eb t\u00eb mbuluara me luspa gj\u00ebndrore.<\/span><\/span> <span class=\"jCAhz ChMk0b\"><span class=\"ryNqvb\">Fruti \u00ebsht\u00eb nj\u00eb merikarp, i p\u00ebrb\u00ebr\u00eb nga kat\u00ebr arra.<\/span><\/span> <span class=\"jCAhz ChMk0b\"><span class=\"ryNqvb\">\u00cbsht\u00eb i p\u00ebrhapur n\u00eb zon\u00ebn mesdhetare, n\u00eb tok\u00eb gurore, g\u00eblqerore.<\/span><\/span><\/p><p><span class=\"jCAhz ChMk0b\"><span class=\"ryNqvb\">Si pjes\u00eb medicinale e bim\u00ebs, p\u00ebrdoret nj\u00eb lule e thar\u00eb, e pazhvilluar plot\u00ebsisht e livandos s\u00eb eg\u00ebr ose e livandos s\u00eb kultivuar.<\/span><\/span> <span class=\"jCAhz ChMk0b\"><span class=\"ryNqvb\">Lulja e livandos p\u00ebrmban 1.5-3% vaj esencial.<\/span><\/span> <span class=\"jCAhz ChMk0b\"><span class=\"ryNqvb\">P\u00ebrb\u00ebr\u00ebsit m\u00eb t\u00eb r\u00ebnd\u00ebsish\u00ebm jan\u00eb linalooli, acetati i linalilit, limoneni, cineoli, kamfori.<\/span><\/span> <span class=\"jCAhz ChMk0b\"><span class=\"ryNqvb\">Livandoja \u00ebsht\u00eb nj\u00eb bim\u00eb q\u00eb \u00ebsht\u00eb gjithashtu e pasur me tanine.<\/span><\/span><\/p>\t\t\t\t\t\t\t\t<\/div>\n\t\t\t\t<\/div>\n\t\t\t\t<div class=\"elementor-element elementor-element-b8176bb elementor-widget elementor-widget-image\" data-id=\"b8176bb\" data-element_type=\"widget\" data-e-type=\"widget\" data-widget_type=\"image.default\">\n\t\t\t\t<div class=\"elementor-widget-container\">\n\t\t\t\t\t\t\t\t\t\t\t\t\t\t\t<img decoding=\"async\" src=\"https:\/\/www.alivitpharm.com\/wp-content\/uploads\/2022\/09\/leaves.png\" title=\"leaves\" alt=\"Leaves\" loading=\"lazy\" \/>\t\t\t\t\t\t\t\t\t\t\t\t\t\t\t<\/div>\n\t\t\t\t<\/div>\n\t\t\t\t<div class=\"elementor-element elementor-element-3578b19 elementor-widget elementor-widget-text-editor\" data-id=\"3578b19\" data-element_type=\"widget\" data-e-type=\"widget\" data-widget_type=\"text-editor.default\">\n\t\t\t\t<div class=\"elementor-widget-container\">\n\t\t\t\t\t\t\t\t\t<p>Vaji esencial i livandos merret me distilim me avull nga lulet e fresk\u00ebta ose lulet e plota. Vaji esencial i livandos \u00ebsht\u00eb p\u00ebrgjegj\u00ebs p\u00ebr efektin qet\u00ebsues t\u00eb livandos. <span class=\"jCAhz ChMk0b\"><span class=\"ryNqvb\">Livandoja \u00ebsht\u00eb nj\u00eb barishte q\u00eb mund t\u00eb p\u00ebrdoret p\u00ebr t\u00eb neutralizuar gazrat dhe fryrjen.<\/span><\/span> <span class=\"jCAhz ChMk0b\"><span class=\"ryNqvb\">P\u00ebrdorimi i k\u00ebsaj bime rekomandohet p\u00ebr \u00e7rregullimet e humorit, lodhjen dhe pagjum\u00ebsin\u00eb.<\/span><\/span> <span class=\"jCAhz ChMk0b\"><span class=\"ryNqvb\">\u00cbsht\u00eb provuar t\u00eb jet\u00eb ve\u00e7an\u00ebrisht i dobish\u00ebm n\u00eb trajtimin e pagjum\u00ebsis\u00eb tek grat\u00eb pas lindjes.<\/span><\/span> <span class=\"jCAhz ChMk0b\"><span class=\"ryNqvb\">Gjithashtu, efektet e dobishme t\u00eb aplikimit jan\u00eb regjistruar n\u00eb probleme t\u00eb ndryshme t\u00eb tretjes, t\u00eb tilla si dispepsia, dhimbjet e barkut, fryrja. Livandoja mund t\u00eb p\u00ebrdoret gjithashtu p\u00ebr t\u00eb b\u00ebr\u00eb p\u00ebrgatitje p\u00ebr aplikim lokal, t\u00eb tilla si p\u00ebrgatitjet p\u00ebr \u00e7rregullimet e qarkullimit periferik, sepse livandoja konsiderohet nj\u00eb rubifacient i but\u00eb. Vaji esencial i livandos p\u00ebrdoret gjithashtu gjer\u00ebsisht n\u00eb industrin\u00eb kozmetike, p\u00ebr prodhimin e p\u00ebrgatitjeve t\u00eb ndryshme kozmetike (serume, parfume, kremra).<\/span><\/span><\/p><p><span class=\"jCAhz ChMk0b\"><span class=\"ryNqvb\">P\u00ebrdorimi i vajrave esencial\u00eb dhe p\u00ebrb\u00ebr\u00ebsve t\u00eb tyre \u00ebsht\u00eb i njohur q\u00eb nga koh\u00ebrat e lashta n\u00eb mjek\u00ebsin\u00eb tradicionale dhe aromaterapin\u00eb.<\/span><\/span> <span class=\"jCAhz ChMk0b\"><span class=\"ryNqvb\">Potenciali neurombrojt\u00ebs dhe anti-plakje i vajrave esencial\u00eb ka qen\u00eb objekt i shum\u00eb studimeve shkencore, nd\u00ebr to ishte vaji esencial i livandos, i cili \u00ebsht\u00eb provuar t\u00eb ket\u00eb efektet e lartp\u00ebrmendura.<\/span><\/span> <span class=\"jCAhz ChMk0b\"><span class=\"ryNqvb\">\u00cbsht\u00eb v\u00ebrtetuar se livandoja ka nj\u00eb efekt shum\u00eb t\u00eb r\u00ebnd\u00ebsish\u00ebm n\u00eb parandalimin dhe si ndihm\u00eb n\u00eb trajtimin e s\u00ebmundjes s\u00eb Alzheimerit dhe demenc\u00ebs, por edhe n\u00eb gjendje t\u00eb tjera patofiziologjike si\u00e7 jan\u00eb \u00e7rregullimet psikiatrike si ankthi dhe depresioni, pastaj hipofunksioni kognitiv.<\/span><\/span><\/p>\t\t\t\t\t\t\t\t<\/div>\n\t\t\t\t<\/div>\n\t\t\t\t<div class=\"elementor-element elementor-element-2c7ce54 elementor-widget elementor-widget-heading\" data-id=\"2c7ce54\" data-element_type=\"widget\" data-e-type=\"widget\" data-widget_type=\"heading.default\">\n\t\t\t\t<div class=\"elementor-widget-container\">\n\t\t\t\t\t<h4 class=\"elementor-heading-title elementor-size-default\">Referencat<\/h4>\t\t\t\t<\/div>\n\t\t\t\t<\/div>\n\t\t\t\t<div class=\"elementor-element elementor-element-ab765d6 elementor-widget elementor-widget-text-editor\" data-id=\"ab765d6\" data-element_type=\"widget\" data-e-type=\"widget\" data-widget_type=\"text-editor.default\">\n\t\t\t\t<div class=\"elementor-widget-container\">\n\t\t\t\t\t\t\t\t\t<ul><li><a class=\"reference-link\" href=\"https:\/\/pubmed.ncbi.nlm.nih.gov\/28611658\/\" target=\"_blank\" rel=\"noopener\">Neuroprotective and Anti-Aging Potentials of Essential Oils from Aromatic and Medicinal Plants<\/a><\/li><li><a class=\"reference-link\" href=\"https:\/\/pubmed.ncbi.nlm.nih.gov\/30360002\/\" target=\"_blank\" rel=\"noopener\">Essential Oils as Treatment Strategy for Alzheimer&#8217;s Disease: Current and Future Perspectives<\/a><\/li><li><a class=\"reference-link\" href=\"https:\/\/pubmed.ncbi.nlm.nih.gov\/26092515\/\" target=\"_blank\" rel=\"noopener\">Phytopharmaceutical treatment of anxiety, depression, and dementia in the elderly: evidence from randomized, controlled clinical trials<\/a><\/li><\/ul>\t\t\t\t\t\t\t\t<\/div>\n\t\t\t\t<\/div>\n\t\t\t\t\t<\/div>\n\t\t<\/div>\n\t\t\t\t\t<\/div>\n\t\t<\/section>\n\t\t\t\t<\/div>","protected":false},"excerpt":{"rendered":"<p>Lavender Lavandula angustifolia &#8211; Lamiaceae Lavender is a perennial, herbaceous plant. The tree is branched, the leaves are simple, linear, covered with mechanical hairs, gray-green in color. The flowers are collected in dichasium, all parts of the flower are covered with glandular scales. The fruit is a mericarp, composed of four nutlets. It is widespread &hellip;<\/p>\n<p class=\"read-more\"> <a class=\"\" href=\"https:\/\/www.alivitpharm.com\/sq\/lavender\/\"> <span class=\"screen-reader-text\">Livando<\/span> Read More &raquo;<\/a><\/p>","protected":false},"author":9,"featured_media":0,"parent":0,"menu_order":0,"comment_status":"closed","ping_status":"closed","template":"","meta":{"site-sidebar-layout":"no-sidebar","site-content-layout":"page-builder","ast-global-header-display":"","ast-main-header-display":"","ast-hfb-above-header-display":"","ast-hfb-below-header-display":"","ast-hfb-mobile-header-display":"","site-post-title":"disabled","ast-breadcrumbs-content":"","ast-featured-img":"disabled","footer-sml-layout":"","theme-transparent-header-meta":"","adv-header-id-meta":"","stick-header-meta":"","header-above-stick-meta":"","header-main-stick-meta":"","header-below-stick-meta":"","footnotes":""},"class_list":["post-8465","page","type-page","status-publish","hentry"],"_links":{"self":[{"href":"https:\/\/www.alivitpharm.com\/sq\/wp-json\/wp\/v2\/pages\/8465","targetHints":{"allow":["GET"]}}],"collection":[{"href":"https:\/\/www.alivitpharm.com\/sq\/wp-json\/wp\/v2\/pages"}],"about":[{"href":"https:\/\/www.alivitpharm.com\/sq\/wp-json\/wp\/v2\/types\/page"}],"author":[{"embeddable":true,"href":"https:\/\/www.alivitpharm.com\/sq\/wp-json\/wp\/v2\/users\/9"}],"replies":[{"embeddable":true,"href":"https:\/\/www.alivitpharm.com\/sq\/wp-json\/wp\/v2\/comments?post=8465"}],"version-history":[{"count":0,"href":"https:\/\/www.alivitpharm.com\/sq\/wp-json\/wp\/v2\/pages\/8465\/revisions"}],"wp:attachment":[{"href":"https:\/\/www.alivitpharm.com\/sq\/wp-json\/wp\/v2\/media?parent=8465"}],"curies":[{"name":"wp","href":"https:\/\/api.w.org\/{rel}","templated":true}]}}