{"id":9022,"date":"2023-04-27T10:26:19","date_gmt":"2023-04-27T08:26:19","guid":{"rendered":"https:\/\/www.alivitpharm.com\/?page_id=9022"},"modified":"2023-04-28T11:43:22","modified_gmt":"2023-04-28T09:43:22","slug":"black-pepper","status":"publish","type":"page","link":"https:\/\/www.alivitpharm.com\/sq\/black-pepper\/","title":{"rendered":"Piper i zi"},"content":{"rendered":"<div data-elementor-type=\"wp-page\" data-elementor-id=\"9022\" class=\"elementor elementor-9022\">\n\t\t\t\t\t\t<section class=\"elementor-section elementor-top-section elementor-element elementor-element-6235dad elementor-section-content-middle elementor-section-boxed elementor-section-height-default elementor-section-height-default\" data-id=\"6235dad\" data-element_type=\"section\" data-e-type=\"section\" data-settings=\"{&quot;background_background&quot;:&quot;classic&quot;}\">\n\t\t\t\t\t\t\t<div class=\"elementor-background-overlay\"><\/div>\n\t\t\t\t\t\t\t<div class=\"elementor-container elementor-column-gap-default\">\n\t\t\t\t\t<div class=\"elementor-column elementor-col-100 elementor-top-column elementor-element elementor-element-f7147c1\" data-id=\"f7147c1\" data-element_type=\"column\" data-e-type=\"column\">\n\t\t\t<div class=\"elementor-widget-wrap elementor-element-populated\">\n\t\t\t\t\t\t<div class=\"elementor-element elementor-element-f4f088c elementor-widget elementor-widget-heading\" data-id=\"f4f088c\" data-element_type=\"widget\" data-e-type=\"widget\" data-widget_type=\"heading.default\">\n\t\t\t\t<div class=\"elementor-widget-container\">\n\t\t\t\t\t<h1 class=\"elementor-heading-title elementor-size-default\">Piper i zi<\/h1>\t\t\t\t<\/div>\n\t\t\t\t<\/div>\n\t\t\t\t<div class=\"elementor-element elementor-element-d50f9ba elementor-widget elementor-widget-image\" data-id=\"d50f9ba\" data-element_type=\"widget\" data-e-type=\"widget\" data-widget_type=\"image.default\">\n\t\t\t\t<div class=\"elementor-widget-container\">\n\t\t\t\t\t\t\t\t\t\t\t\t\t\t\t<img decoding=\"async\" width=\"75\" height=\"33\" src=\"https:\/\/www.alivitpharm.com\/wp-content\/uploads\/2019\/07\/logo-leaf-new.png\" class=\"attachment-large size-large wp-image-2518\" alt=\"\" \/>\t\t\t\t\t\t\t\t\t\t\t\t\t\t\t<\/div>\n\t\t\t\t<\/div>\n\t\t\t\t<div class=\"elementor-element elementor-element-d3eed3e elementor-widget elementor-widget-text-editor\" data-id=\"d3eed3e\" data-element_type=\"widget\" data-e-type=\"widget\" data-widget_type=\"text-editor.default\">\n\t\t\t\t<div class=\"elementor-widget-container\">\n\t\t\t\t\t\t\t\t\t<p><em>Piper nigrum L. &#8211; Piperaceae<\/em><\/p>\t\t\t\t\t\t\t\t<\/div>\n\t\t\t\t<\/div>\n\t\t\t\t\t<\/div>\n\t\t<\/div>\n\t\t\t\t\t<\/div>\n\t\t<\/section>\n\t\t\t\t<section class=\"elementor-section elementor-top-section elementor-element elementor-element-55c5dfd elementor-section-boxed elementor-section-height-default elementor-section-height-default\" data-id=\"55c5dfd\" data-element_type=\"section\" data-e-type=\"section\" data-settings=\"{&quot;background_background&quot;:&quot;classic&quot;}\">\n\t\t\t\t\t\t<div class=\"elementor-container elementor-column-gap-default\">\n\t\t\t\t\t<div class=\"elementor-column elementor-col-100 elementor-top-column elementor-element elementor-element-a1cadcb\" data-id=\"a1cadcb\" data-element_type=\"column\" data-e-type=\"column\">\n\t\t\t<div class=\"elementor-widget-wrap elementor-element-populated\">\n\t\t\t\t\t\t<div class=\"elementor-element elementor-element-d545444 elementor-widget elementor-widget-image\" data-id=\"d545444\" data-element_type=\"widget\" data-e-type=\"widget\" data-widget_type=\"image.default\">\n\t\t\t\t<div class=\"elementor-widget-container\">\n\t\t\t\t\t\t\t\t\t\t\t\t\t\t\t<img decoding=\"async\" src=\"https:\/\/www.alivitpharm.com\/wp-content\/uploads\/2023\/04\/black-pepper.png\" title=\"black-pepper\" alt=\"Piper i zi\" loading=\"lazy\" \/>\t\t\t\t\t\t\t\t\t\t\t\t\t\t\t<\/div>\n\t\t\t\t<\/div>\n\t\t\t\t<div class=\"elementor-element elementor-element-2324d8a elementor-widget elementor-widget-text-editor\" data-id=\"2324d8a\" data-element_type=\"widget\" data-e-type=\"widget\" data-widget_type=\"text-editor.default\">\n\t\t\t\t<div class=\"elementor-widget-container\">\n\t\t\t\t\t\t\t\t\t<p><span class=\"jCAhz ChMk0b\"><span class=\"ryNqvb\"><strong>Piper i zi<\/strong> \u00ebsht\u00eb nj\u00eb bim\u00eb shum\u00ebvje\u00e7are barishtore.<\/span><\/span> <span class=\"jCAhz ChMk0b\"><span class=\"ryNqvb\">Fruti \u00ebsht\u00eb drupe dhe gjat\u00eb pjekjes fruti ndryshon ngjyr\u00ebn nga jeshile n\u00eb t\u00eb kuqe.<\/span><\/span> <span class=\"jCAhz ChMk0b\"><span class=\"ryNqvb\">Piperi \u00ebsht\u00eb vendas n\u00eb Indin\u00eb jugper\u00ebndimore dhe tani kultivohet kryesisht n\u00eb Indi, Indonezi, Malajzi, Cejlon dhe Brazil.<\/span><\/span> <span class=\"jCAhz ChMk0b\"><span class=\"ryNqvb\">Pjesa medicinale e bim\u00ebs \u00ebsht\u00eb fruti i thar\u00eb dhe i papjekur i bim\u00ebve t\u00eb kultivuara.<\/span><\/span><\/p><p><span class=\"jCAhz ChMk0b\"><span class=\"ryNqvb\">P\u00ebrb\u00ebr\u00ebsit kryesor\u00eb t\u00eb specit jan\u00eb alkaloide amide n\u00eb nj\u00eb p\u00ebrqendrim prej 5 deri n\u00eb 10%.<\/span><\/span> <span class=\"jCAhz ChMk0b\"><span class=\"ryNqvb\">K\u00ebto jan\u00eb amide piperidine me acide stereoizomerike, piperike dhe kavicinike.<\/span><\/span> <span class=\"jCAhz ChMk0b\"><span class=\"ryNqvb\">Alkaloidet m\u00eb t\u00eb r\u00ebnd\u00ebsishme jan\u00eb piperina dhe kavicina.<\/span><\/span> <span class=\"jCAhz ChMk0b\"><span class=\"ryNqvb\">Piperina \u00ebsht\u00eb m\u00eb e p\u00ebrhapur n\u00eb frutin e specit, dhe shija pikante vjen nga kavicina dhe ka nj\u00eb konsistenc\u00eb rr\u00ebshirore.<\/span><\/span> <span class=\"jCAhz ChMk0b\"><span class=\"ryNqvb\">Piperi \u00ebsht\u00eb nj\u00eb burim i pasur i substancave t\u00eb shumta biologjikisht aktive, t\u00eb tilla si monoterpenet dhe seskuiterpenet, si dhe komponime t\u00eb tjera t\u00eb paq\u00ebndrueshme.<\/span><\/span> <span class=\"jCAhz ChMk0b\"><span class=\"ryNqvb\">Fruti i specit gjithashtu p\u00ebrmban vaj esencial, i cili \u00ebsht\u00eb nga 1 deri n\u00eb 3.5% dhe p\u00ebrb\u00ebhet kryesisht nga hidrokarbure monoterpene.<\/span><\/span><\/p>\t\t\t\t\t\t\t\t<\/div>\n\t\t\t\t<\/div>\n\t\t\t\t<div class=\"elementor-element elementor-element-bdad4e9 elementor-widget elementor-widget-image\" data-id=\"bdad4e9\" data-element_type=\"widget\" data-e-type=\"widget\" data-widget_type=\"image.default\">\n\t\t\t\t<div class=\"elementor-widget-container\">\n\t\t\t\t\t\t\t\t\t\t\t\t\t\t\t<img decoding=\"async\" src=\"https:\/\/www.alivitpharm.com\/wp-content\/uploads\/2022\/09\/leaves.png\" title=\"leaves\" alt=\"Leaves\" loading=\"lazy\" \/>\t\t\t\t\t\t\t\t\t\t\t\t\t\t\t<\/div>\n\t\t\t\t<\/div>\n\t\t\t\t<div class=\"elementor-element elementor-element-04df373 elementor-widget elementor-widget-text-editor\" data-id=\"04df373\" data-element_type=\"widget\" data-e-type=\"widget\" data-widget_type=\"text-editor.default\">\n\t\t\t\t<div class=\"elementor-widget-container\">\n\t\t\t\t\t\t\t\t\t<p><span class=\"jCAhz ChMk0b\"><span class=\"ryNqvb\">Piperi i zi \u00ebsht\u00eb nj\u00eb nga er\u00ebzat m\u00eb t\u00eb p\u00ebrdorura gjer\u00ebsisht n\u00eb bot\u00eb.<\/span><\/span> <span class=\"jCAhz ChMk0b\"><span class=\"ryNqvb\">Efektet e ndryshme t\u00eb dobishme n\u00eb sh\u00ebndetin e njeriut jan\u00eb v\u00ebrtetuar nga studime t\u00eb shumta, t\u00eb testuara si n\u00eb kafsh\u00eb ashtu edhe n\u00eb njer\u00ebz.<\/span><\/span> <span class=\"jCAhz ChMk0b\"><span class=\"ryNqvb\">Piperina \u00ebsht\u00eb p\u00ebrb\u00ebrja kryesore bioaktive e piperit t\u00eb zi, nga e cila burojn\u00eb efektet imunomoduluese, antikancerogjene, antiastmatike, hepatoprotektive, antiinflamatore dhe antimikotike.<\/span><\/span> <span class=\"jCAhz ChMk0b\"><span class=\"ryNqvb\">Gjithashtu, kjo bim\u00eb ka nj\u00eb potencial t\u00eb fort\u00eb antioksidues dhe ka aft\u00ebsin\u00eb t\u00eb p\u00ebrmir\u00ebsoj\u00eb thithjen e disa barnave si rifampicina, sulfadiazina, tetraciklinat dhe fenitoina.<\/span><\/span> <span class=\"jCAhz ChMk0b\"><span class=\"ryNqvb\">N\u00eb mjek\u00ebsin\u00eb e lasht\u00eb indiane, piperi i zi p\u00ebrdoret p\u00ebr t\u00eb kontrolluar diabetin, p\u00ebr t\u00eb stimuluar sistemin nervor qendror, si tonik tret\u00ebs, si afrodiziak dhe si antipiretik, dhe ka nj\u00eb efekt pozitiv n\u00eb gjendjen e lipideve (normalizon nivelet e kolesterolit n\u00eb gjak).<\/span><\/span> <span class=\"jCAhz ChMk0b\"><span class=\"ryNqvb\">Kjo bim\u00eb p\u00ebrfshihet n\u00eb shum\u00eb formulime t\u00eb tjera, sepse p\u00ebrmir\u00ebson biodisponueshm\u00ebrin\u00eb e shum\u00eb substancave aktive, p\u00ebrfshir\u00eb kurkumin\u00ebn.<\/span><\/span> <span class=\"jCAhz ChMk0b\"><span class=\"ryNqvb\">Piperi dihet se ka p\u00ebrfitime t\u00eb shumta sh\u00ebndet\u00ebsore.<\/span><\/span> <span class=\"jCAhz ChMk0b\"><span class=\"ryNqvb\">Tradicionalisht p\u00ebrdoret n\u00eb trajtimin e dhimbjeve, dridhjeve, reumatizmit, gripit, dhimbjeve muskulore, ftohjes, etheve, lodhjes, p\u00ebr t\u00eb p\u00ebrmir\u00ebsuar qarkullimin e gjakut, p\u00ebr t\u00eb p\u00ebrmir\u00ebsuar p\u00ebshtym\u00ebn, p\u00ebr t\u00eb stimuluar oreksin dhe p\u00ebr t\u00eb stimuluar peristaltik\u00ebn e zorr\u00ebve.<\/span><\/span> <span class=\"jCAhz ChMk0b\"><span class=\"ryNqvb\">Gjithashtu ka aktivitet antimikrobik me spekt\u00ebr t\u00eb gjer\u00eb (aktivitet antibakterial dhe antifungal), mund t\u00eb p\u00ebrdoret p\u00ebr t\u00eb shp\u00eblar\u00eb dhimbjet e fytit.<\/span><\/span> <span class=\"jCAhz ChMk0b\"><span class=\"ryNqvb\">Sot, k\u00ebrkimet p\u00ebrqendrohen gjithnj\u00eb e m\u00eb shum\u00eb n\u00eb rolin e piperit t\u00eb zi si nj\u00eb antioksidant p\u00ebr parandalimin e \u00e7rregullimeve degjenerative dhe si nj\u00eb p\u00ebrforcues i biodisponueshm\u00ebris\u00eb s\u00eb substancave t\u00eb tjera bioaktive, duke p\u00ebrfshir\u00eb ila\u00e7et bimore.<\/span><\/span><\/p>\t\t\t\t\t\t\t\t<\/div>\n\t\t\t\t<\/div>\n\t\t\t\t<div class=\"elementor-element elementor-element-b74b821 elementor-widget elementor-widget-heading\" data-id=\"b74b821\" data-element_type=\"widget\" data-e-type=\"widget\" data-widget_type=\"heading.default\">\n\t\t\t\t<div class=\"elementor-widget-container\">\n\t\t\t\t\t<h4 class=\"elementor-heading-title elementor-size-default\">Referencat<\/h4>\t\t\t\t<\/div>\n\t\t\t\t<\/div>\n\t\t\t\t<div class=\"elementor-element elementor-element-aaefe63 elementor-widget elementor-widget-text-editor\" data-id=\"aaefe63\" data-element_type=\"widget\" data-e-type=\"widget\" data-widget_type=\"text-editor.default\">\n\t\t\t\t<div class=\"elementor-widget-container\">\n\t\t\t\t\t\t\t\t\t<ul><li><a class=\"reference-link\" href=\"https:\/\/pubmed.ncbi.nlm.nih.gov\/35349239\/\" target=\"_blank\" rel=\"noopener\">Piper i zi<\/a><\/li><li><a class=\"reference-link\" href=\"https:\/\/pubmed.ncbi.nlm.nih.gov\/23625885\/\" target=\"_blank\" rel=\"noopener\">Piper nigrum and piperine: an update<\/a><\/li><\/ul>\t\t\t\t\t\t\t\t<\/div>\n\t\t\t\t<\/div>\n\t\t\t\t\t<\/div>\n\t\t<\/div>\n\t\t\t\t\t<\/div>\n\t\t<\/section>\n\t\t\t\t<\/div>","protected":false},"excerpt":{"rendered":"<p>Black Pepper Piper nigrum L. &#8211; Piperaceae Black pepper is a perennial, herbaceous liana. The fruit is a drupe and during ripening the fruit changes color from green to red. Pepper is native to southwestern India, and is now mostly grown in India, Indonesia, Malaysia, Ceylon and Brazil. The medicinal part of the plant is &hellip;<\/p>\n<p class=\"read-more\"> <a class=\"\" href=\"https:\/\/www.alivitpharm.com\/sq\/black-pepper\/\"> <span class=\"screen-reader-text\">Piper i zi<\/span> Read More &raquo;<\/a><\/p>","protected":false},"author":9,"featured_media":0,"parent":0,"menu_order":0,"comment_status":"closed","ping_status":"closed","template":"","meta":{"site-sidebar-layout":"no-sidebar","site-content-layout":"page-builder","ast-global-header-display":"","ast-main-header-display":"","ast-hfb-above-header-display":"","ast-hfb-below-header-display":"","ast-hfb-mobile-header-display":"","site-post-title":"disabled","ast-breadcrumbs-content":"","ast-featured-img":"disabled","footer-sml-layout":"","theme-transparent-header-meta":"","adv-header-id-meta":"","stick-header-meta":"","header-above-stick-meta":"","header-main-stick-meta":"","header-below-stick-meta":"","footnotes":""},"class_list":["post-9022","page","type-page","status-publish","hentry"],"_links":{"self":[{"href":"https:\/\/www.alivitpharm.com\/sq\/wp-json\/wp\/v2\/pages\/9022","targetHints":{"allow":["GET"]}}],"collection":[{"href":"https:\/\/www.alivitpharm.com\/sq\/wp-json\/wp\/v2\/pages"}],"about":[{"href":"https:\/\/www.alivitpharm.com\/sq\/wp-json\/wp\/v2\/types\/page"}],"author":[{"embeddable":true,"href":"https:\/\/www.alivitpharm.com\/sq\/wp-json\/wp\/v2\/users\/9"}],"replies":[{"embeddable":true,"href":"https:\/\/www.alivitpharm.com\/sq\/wp-json\/wp\/v2\/comments?post=9022"}],"version-history":[{"count":0,"href":"https:\/\/www.alivitpharm.com\/sq\/wp-json\/wp\/v2\/pages\/9022\/revisions"}],"wp:attachment":[{"href":"https:\/\/www.alivitpharm.com\/sq\/wp-json\/wp\/v2\/media?parent=9022"}],"curies":[{"name":"wp","href":"https:\/\/api.w.org\/{rel}","templated":true}]}}