{"id":9049,"date":"2023-05-03T14:14:14","date_gmt":"2023-05-03T12:14:14","guid":{"rendered":"https:\/\/www.alivitpharm.com\/?page_id=9049"},"modified":"2023-05-04T08:32:14","modified_gmt":"2023-05-04T06:32:14","slug":"nettle","status":"publish","type":"page","link":"https:\/\/www.alivitpharm.com\/sq\/nettle\/","title":{"rendered":"Urtic\u00eb"},"content":{"rendered":"<div data-elementor-type=\"wp-page\" data-elementor-id=\"9049\" class=\"elementor elementor-9049\">\n\t\t\t\t\t\t<section class=\"elementor-section elementor-top-section elementor-element elementor-element-f45c3fe elementor-section-content-middle elementor-section-boxed elementor-section-height-default elementor-section-height-default\" data-id=\"f45c3fe\" data-element_type=\"section\" data-e-type=\"section\" data-settings=\"{&quot;background_background&quot;:&quot;classic&quot;}\">\n\t\t\t\t\t\t\t<div class=\"elementor-background-overlay\"><\/div>\n\t\t\t\t\t\t\t<div class=\"elementor-container elementor-column-gap-default\">\n\t\t\t\t\t<div class=\"elementor-column elementor-col-100 elementor-top-column elementor-element elementor-element-32e93a7\" data-id=\"32e93a7\" data-element_type=\"column\" data-e-type=\"column\">\n\t\t\t<div class=\"elementor-widget-wrap elementor-element-populated\">\n\t\t\t\t\t\t<div class=\"elementor-element elementor-element-7e0c237 elementor-widget elementor-widget-heading\" data-id=\"7e0c237\" data-element_type=\"widget\" data-e-type=\"widget\" data-widget_type=\"heading.default\">\n\t\t\t\t<div class=\"elementor-widget-container\">\n\t\t\t\t\t<h1 class=\"elementor-heading-title elementor-size-default\">Urtic\u00eb<\/h1>\t\t\t\t<\/div>\n\t\t\t\t<\/div>\n\t\t\t\t<div class=\"elementor-element elementor-element-295dd0c elementor-widget elementor-widget-image\" data-id=\"295dd0c\" data-element_type=\"widget\" data-e-type=\"widget\" data-widget_type=\"image.default\">\n\t\t\t\t<div class=\"elementor-widget-container\">\n\t\t\t\t\t\t\t\t\t\t\t\t\t\t\t<img decoding=\"async\" width=\"75\" height=\"33\" src=\"https:\/\/www.alivitpharm.com\/wp-content\/uploads\/2019\/07\/logo-leaf-new.png\" class=\"attachment-large size-large wp-image-2518\" alt=\"\" \/>\t\t\t\t\t\t\t\t\t\t\t\t\t\t\t<\/div>\n\t\t\t\t<\/div>\n\t\t\t\t<div class=\"elementor-element elementor-element-4eaace3 elementor-widget elementor-widget-text-editor\" data-id=\"4eaace3\" data-element_type=\"widget\" data-e-type=\"widget\" data-widget_type=\"text-editor.default\">\n\t\t\t\t<div class=\"elementor-widget-container\">\n\t\t\t\t\t\t\t\t\t<p><em>Urtica dioica L. &#8211; Urticaceae<\/em><\/p>\t\t\t\t\t\t\t\t<\/div>\n\t\t\t\t<\/div>\n\t\t\t\t\t<\/div>\n\t\t<\/div>\n\t\t\t\t\t<\/div>\n\t\t<\/section>\n\t\t\t\t<section class=\"elementor-section elementor-top-section elementor-element elementor-element-b1420ef elementor-section-boxed elementor-section-height-default elementor-section-height-default\" data-id=\"b1420ef\" data-element_type=\"section\" data-e-type=\"section\" data-settings=\"{&quot;background_background&quot;:&quot;classic&quot;}\">\n\t\t\t\t\t\t<div class=\"elementor-container elementor-column-gap-default\">\n\t\t\t\t\t<div class=\"elementor-column elementor-col-100 elementor-top-column elementor-element elementor-element-fc7a4fc\" data-id=\"fc7a4fc\" data-element_type=\"column\" data-e-type=\"column\">\n\t\t\t<div class=\"elementor-widget-wrap elementor-element-populated\">\n\t\t\t\t\t\t<div class=\"elementor-element elementor-element-0a08528 elementor-widget elementor-widget-image\" data-id=\"0a08528\" data-element_type=\"widget\" data-e-type=\"widget\" data-widget_type=\"image.default\">\n\t\t\t\t<div class=\"elementor-widget-container\">\n\t\t\t\t\t\t\t\t\t\t\t\t\t\t\t<img decoding=\"async\" src=\"https:\/\/www.alivitpharm.com\/wp-content\/uploads\/2023\/05\/nettle.png\" title=\"nettle\" alt=\"Urtic\u00eb\" loading=\"lazy\" \/>\t\t\t\t\t\t\t\t\t\t\t\t\t\t\t<\/div>\n\t\t\t\t<\/div>\n\t\t\t\t<div class=\"elementor-element elementor-element-8a79aef elementor-widget elementor-widget-text-editor\" data-id=\"8a79aef\" data-element_type=\"widget\" data-e-type=\"widget\" data-widget_type=\"text-editor.default\">\n\t\t\t\t<div class=\"elementor-widget-container\">\n\t\t\t\t\t\t\t\t\t<p><span class=\"jCAhz ChMk0b\"><span class=\"ryNqvb\"><strong>Urtic\u00eb<\/strong> \u00ebsht\u00eb nj\u00eb bim\u00eb barishtore shum\u00ebvje\u00e7are q\u00eb i p\u00ebrket <em>Urticaceae<\/em> familjes.<\/span><\/span> <span class=\"jCAhz ChMk0b\"><span class=\"ryNqvb\">Pema \u00ebsht\u00eb e drejt\u00eb dhe katrore, gjethet jan\u00eb n\u00eb bisht t\u00eb gjetheve, p\u00ebrball\u00eb, vezake-heshtakore.<\/span><\/span> <span class=\"jCAhz ChMk0b\"><span class=\"ryNqvb\">K\u00ebrcelli dhe gjethet jan\u00eb t\u00eb mbuluara me qime.<\/span><\/span> <span class=\"jCAhz ChMk0b\"><span class=\"ryNqvb\">Lulet jan\u00eb t\u00eb gjelbra, t\u00eb mbledhura n\u00eb tufa lulesh, dhe fruti \u00ebsht\u00eb nj\u00eb arr\u00eb.<\/span><\/span> <span class=\"jCAhz ChMk0b\"><span class=\"ryNqvb\">Specia kozmopolite rritet rreth sht\u00ebpive, p\u00ebrgjat\u00eb rrug\u00ebve, n\u00eb habitate t\u00eb pasura me nitrite. <\/span><\/span><span class=\"jCAhz ChMk0b\"><span class=\"ryNqvb\">\u00cbsht\u00eb e banuar n\u00eb shum\u00eb vende t\u00eb Azis\u00eb Jugore, n\u00eb n\u00ebnkontinentin Indian dhe \u00ebsht\u00eb p\u00ebrdorur prej koh\u00ebsh si bim\u00eb medicinale n\u00eb mjek\u00ebsin\u00eb tradicionale.<\/span><\/span><\/p><p><span class=\"jCAhz ChMk0b\"><span class=\"ryNqvb\">Pjes\u00ebt medicinale t\u00eb bim\u00ebs jan\u00eb farat, gjethet dhe rr\u00ebnj\u00ebt.<\/span><\/span> <span class=\"jCAhz ChMk0b\"><span class=\"ryNqvb\">N\u00eb p\u00ebrgatitjen ton\u00eb, p\u00ebrdor\u00ebm nj\u00eb ekstrakt t\u00eb nj\u00eb p\u00ebrzierjeje gjethesh dhe rr\u00ebnj\u00ebsh hithre.<\/span><\/span> <span class=\"jCAhz ChMk0b\"><span class=\"ryNqvb\">Urtica p\u00ebrdoret si ndihm\u00eb n\u00eb trajtimin e s\u00ebmundjeve t\u00eb ndryshme, si nefriti, hematuria, ikteri (t\u00eb verdh\u00ebt), artriti dhe reumatizmi.<\/span><\/span> <span class=\"jCAhz ChMk0b\"><span class=\"ryNqvb\">Gjethet e urtic\u00ebs p\u00ebrmbajn\u00eb acide organike (acidi mrizor dhe oksalik), amina t\u00eb lira (acetilkolin\u00eb, betain\u00eb, kolin\u00eb, histamin\u00eb, serotonin), flavonoide, karotenoide, tanin\u00eb dhe kumarine, nd\u00ebrsa rr\u00ebnja e urtic\u00ebs p\u00ebrmban polisaharide, lektin\u00eb, kumarina dhe triterpene.<\/span><\/span>\u00a0<span class=\"jCAhz ChMk0b\"><span class=\"ryNqvb\">Gjithashtu, urtica \u00ebsht\u00eb e pasur me hekur dhe vitamin\u00eb C.<\/span><\/span><\/p>\t\t\t\t\t\t\t\t<\/div>\n\t\t\t\t<\/div>\n\t\t\t\t<div class=\"elementor-element elementor-element-10bc6f2 elementor-widget elementor-widget-image\" data-id=\"10bc6f2\" data-element_type=\"widget\" data-e-type=\"widget\" data-widget_type=\"image.default\">\n\t\t\t\t<div class=\"elementor-widget-container\">\n\t\t\t\t\t\t\t\t\t\t\t\t\t\t\t<img decoding=\"async\" src=\"https:\/\/www.alivitpharm.com\/wp-content\/uploads\/2022\/09\/leaves.png\" title=\"leaves\" alt=\"Leaves\" loading=\"lazy\" \/>\t\t\t\t\t\t\t\t\t\t\t\t\t\t\t<\/div>\n\t\t\t\t<\/div>\n\t\t\t\t<div class=\"elementor-element elementor-element-39d2f54 elementor-widget elementor-widget-text-editor\" data-id=\"39d2f54\" data-element_type=\"widget\" data-e-type=\"widget\" data-widget_type=\"text-editor.default\">\n\t\t\t\t<div class=\"elementor-widget-container\">\n\t\t\t\t\t\t\t\t\t<p>P\u00ebr shkak t\u00eb numrit t\u00eb madh t\u00eb p\u00ebrb\u00ebr\u00ebsve biologjikisht aktiv\u00eb, urtica ka aktivitete t\u00eb ndryshme farmakologjike, si aktivitete antibakteriale, antioksiduese, analgjezike, anti-inflamatore, antivirale, imunomoduluese, hepatoprotektive, anti-kancerogjene dhe antialergjike. Ekstraktet e gjetheve dhe rr\u00ebnj\u00ebve t\u00eb urtic\u00ebs kan\u00eb qen\u00eb objekt i shum\u00eb studimeve, k\u00ebshtu q\u00eb aktivitetet e saj farmakologjike jan\u00eb njohur prej koh\u00ebsh. P\u00ebrmes studimeve, \u00ebsht\u00eb provuar se urtica p\u00ebrdoret tradicionalisht n\u00eb kontrollin e s\u00ebmundjeve kardiovaskulare, ve\u00e7an\u00ebrisht hipertensionit. Gjithashtu, \u00ebsht\u00eb provuar se ekstrakti i gjetheve t\u00eb urtic\u00ebs ka nj\u00eb efekt t\u00eb dobish\u00ebm n\u00eb nivelet e glukoz\u00ebs n\u00eb gjak, si dhe p\u00ebrdoret si nj\u00eb ila\u00e7 anti-inflamator n\u00eb trajtimin e artritit reumatoid. Nj\u00eb fakt shum\u00eb i r\u00ebnd\u00ebsish\u00ebm \u00ebsht\u00eb q\u00eb ekstrakti i k\u00ebsaj bime ka treguar nj\u00eb efekt t\u00eb r\u00ebnd\u00ebsish\u00ebm n\u00eb trajtimin e kancerit t\u00eb gjirit, ve\u00e7an\u00ebrisht tek pacient\u00ebt q\u00eb ishin n\u00eb terapin\u00eb me paclitaxel, pasi urtica rriti ndjeshm\u00ebrin\u00eb e qelizave kanceroze ndaj ila\u00e7it paclitaxel. <span class=\"jCAhz ChMk0b\"><span class=\"ryNqvb\">Urtica mund t\u00eb rekomandohet p\u00ebr gjakderdhje t\u00eb shtuar menstruale, p\u00ebr gjakderdhje nga hemorroidet, si diuretik (ajo p\u00ebrmir\u00ebson largimin e l\u00ebngjeve nga trupi, k\u00ebshtu q\u00eb mund t\u00eb rekomandohet edhe p\u00ebr infeksione urinare t\u00eb llojeve t\u00eb ndryshme), dhe gjithashtu \u00ebsht\u00eb p\u00ebrdorur si ndihm\u00eb n\u00eb trajtimin e adenom\u00ebs beninje ose malinje t\u00eb prostat\u00ebs.<\/span><\/span> <span class=\"jCAhz ChMk0b\"><span class=\"ryNqvb\">.<\/span><\/span><\/p>\t\t\t\t\t\t\t\t<\/div>\n\t\t\t\t<\/div>\n\t\t\t\t<div class=\"elementor-element elementor-element-98ec0d6 elementor-widget elementor-widget-heading\" data-id=\"98ec0d6\" data-element_type=\"widget\" data-e-type=\"widget\" data-widget_type=\"heading.default\">\n\t\t\t\t<div class=\"elementor-widget-container\">\n\t\t\t\t\t<h4 class=\"elementor-heading-title elementor-size-default\">Referencat<\/h4>\t\t\t\t<\/div>\n\t\t\t\t<\/div>\n\t\t\t\t<div class=\"elementor-element elementor-element-93dfb46 elementor-widget elementor-widget-text-editor\" data-id=\"93dfb46\" data-element_type=\"widget\" data-e-type=\"widget\" data-widget_type=\"text-editor.default\">\n\t\t\t\t<div class=\"elementor-widget-container\">\n\t\t\t\t\t\t\t\t\t<ul><li><a class=\"reference-link\" href=\"https:\/\/pubmed.ncbi.nlm.nih.gov\/32981268\/\" target=\"_blank\" rel=\"noopener\">Urtica Dioica Root Extract on Clinical and Biochemical Parameters in Patients with Benign Prostatic Hyperplasia, Randomized Controlled Trial<\/a><\/li><li><a class=\"reference-link\" href=\"http:\/\/www.greenpharmacy.info\/index.php\/ijgp\/article\/view\/414\" target=\"_blank\" rel=\"noopener\">PHARMACOGNOSTICAL REVIEW OF URTICA DIOICA L.<\/a><\/li><li><a class=\"reference-link\" href=\"https:\/\/www.sciencedirect.com\/science\/article\/abs\/pii\/S0079610719300987\" target=\"_blank\" rel=\"noopener\">Screening of pharmacological uses of Urtica dioica and others benefits<\/a><\/li><li><a class=\"reference-link\" href=\"https:\/\/www.scirp.org\/html\/4-8801106_22709.htm\" target=\"_blank\" rel=\"noopener\">Pharmacognostic Evaluation and Antioxidant Activity of Urtica dioica L.<\/a><\/li><\/ul>\t\t\t\t\t\t\t\t<\/div>\n\t\t\t\t<\/div>\n\t\t\t\t\t<\/div>\n\t\t<\/div>\n\t\t\t\t\t<\/div>\n\t\t<\/section>\n\t\t\t\t<\/div>","protected":false},"excerpt":{"rendered":"<p>Nettle Urtica dioica L. &#8211; Urticaceae Nettle is a herbaceous, perennial plant that belongs to the Urticaceae family. The tree is upright and square, the leaves are on petioles, opposite, ovate-lanceolate. Stems and leaves are covered with hairs. The flowers are greenish, collected in inflorescences, and the fruit is a nut. The cosmopolitan species grows &hellip;<\/p>\n<p class=\"read-more\"> <a class=\"\" href=\"https:\/\/www.alivitpharm.com\/sq\/nettle\/\"> <span class=\"screen-reader-text\">Urtic\u00eb<\/span> Read More &raquo;<\/a><\/p>","protected":false},"author":9,"featured_media":0,"parent":0,"menu_order":0,"comment_status":"closed","ping_status":"closed","template":"","meta":{"site-sidebar-layout":"no-sidebar","site-content-layout":"page-builder","ast-global-header-display":"","ast-main-header-display":"","ast-hfb-above-header-display":"","ast-hfb-below-header-display":"","ast-hfb-mobile-header-display":"","site-post-title":"disabled","ast-breadcrumbs-content":"","ast-featured-img":"disabled","footer-sml-layout":"","theme-transparent-header-meta":"","adv-header-id-meta":"","stick-header-meta":"","header-above-stick-meta":"","header-main-stick-meta":"","header-below-stick-meta":"","footnotes":""},"class_list":["post-9049","page","type-page","status-publish","hentry"],"_links":{"self":[{"href":"https:\/\/www.alivitpharm.com\/sq\/wp-json\/wp\/v2\/pages\/9049","targetHints":{"allow":["GET"]}}],"collection":[{"href":"https:\/\/www.alivitpharm.com\/sq\/wp-json\/wp\/v2\/pages"}],"about":[{"href":"https:\/\/www.alivitpharm.com\/sq\/wp-json\/wp\/v2\/types\/page"}],"author":[{"embeddable":true,"href":"https:\/\/www.alivitpharm.com\/sq\/wp-json\/wp\/v2\/users\/9"}],"replies":[{"embeddable":true,"href":"https:\/\/www.alivitpharm.com\/sq\/wp-json\/wp\/v2\/comments?post=9049"}],"version-history":[{"count":0,"href":"https:\/\/www.alivitpharm.com\/sq\/wp-json\/wp\/v2\/pages\/9049\/revisions"}],"wp:attachment":[{"href":"https:\/\/www.alivitpharm.com\/sq\/wp-json\/wp\/v2\/media?parent=9049"}],"curies":[{"name":"wp","href":"https:\/\/api.w.org\/{rel}","templated":true}]}}