{"id":9078,"date":"2023-05-04T09:48:25","date_gmt":"2023-05-04T07:48:25","guid":{"rendered":"https:\/\/www.alivitpharm.com\/?page_id=9078"},"modified":"2023-05-04T13:00:38","modified_gmt":"2023-05-04T11:00:38","slug":"hoary-willowherb","status":"publish","type":"page","link":"https:\/\/www.alivitpharm.com\/sq\/hoary-willowherb\/","title":{"rendered":"Shelg i thinjur"},"content":{"rendered":"<div data-elementor-type=\"wp-page\" data-elementor-id=\"9078\" class=\"elementor elementor-9078\">\n\t\t\t\t\t\t<section class=\"elementor-section elementor-top-section elementor-element elementor-element-8b91b07 elementor-section-content-middle elementor-section-boxed elementor-section-height-default elementor-section-height-default\" data-id=\"8b91b07\" data-element_type=\"section\" data-e-type=\"section\" data-settings=\"{&quot;background_background&quot;:&quot;classic&quot;}\">\n\t\t\t\t\t\t\t<div class=\"elementor-background-overlay\"><\/div>\n\t\t\t\t\t\t\t<div class=\"elementor-container elementor-column-gap-default\">\n\t\t\t\t\t<div class=\"elementor-column elementor-col-100 elementor-top-column elementor-element elementor-element-3d8d1c0\" data-id=\"3d8d1c0\" data-element_type=\"column\" data-e-type=\"column\">\n\t\t\t<div class=\"elementor-widget-wrap elementor-element-populated\">\n\t\t\t\t\t\t<div class=\"elementor-element elementor-element-84f16a6 elementor-widget elementor-widget-heading\" data-id=\"84f16a6\" data-element_type=\"widget\" data-e-type=\"widget\" data-widget_type=\"heading.default\">\n\t\t\t\t<div class=\"elementor-widget-container\">\n\t\t\t\t\t<h1 class=\"elementor-heading-title elementor-size-default\">Shelg i thinjur<\/h1>\t\t\t\t<\/div>\n\t\t\t\t<\/div>\n\t\t\t\t<div class=\"elementor-element elementor-element-e79260b elementor-widget elementor-widget-image\" data-id=\"e79260b\" data-element_type=\"widget\" data-e-type=\"widget\" data-widget_type=\"image.default\">\n\t\t\t\t<div class=\"elementor-widget-container\">\n\t\t\t\t\t\t\t\t\t\t\t\t\t\t\t<img decoding=\"async\" width=\"75\" height=\"33\" src=\"https:\/\/www.alivitpharm.com\/wp-content\/uploads\/2019\/07\/logo-leaf-new.png\" class=\"attachment-large size-large wp-image-2518\" alt=\"\" \/>\t\t\t\t\t\t\t\t\t\t\t\t\t\t\t<\/div>\n\t\t\t\t<\/div>\n\t\t\t\t<div class=\"elementor-element elementor-element-636e740 elementor-widget elementor-widget-text-editor\" data-id=\"636e740\" data-element_type=\"widget\" data-e-type=\"widget\" data-widget_type=\"text-editor.default\">\n\t\t\t\t<div class=\"elementor-widget-container\">\n\t\t\t\t\t\t\t\t\t<p><em>Epilobium parviflorum L. &#8211; Onagraceae<\/em><\/p>\t\t\t\t\t\t\t\t<\/div>\n\t\t\t\t<\/div>\n\t\t\t\t\t<\/div>\n\t\t<\/div>\n\t\t\t\t\t<\/div>\n\t\t<\/section>\n\t\t\t\t<section class=\"elementor-section elementor-top-section elementor-element elementor-element-32f898c elementor-section-boxed elementor-section-height-default elementor-section-height-default\" data-id=\"32f898c\" data-element_type=\"section\" data-e-type=\"section\" data-settings=\"{&quot;background_background&quot;:&quot;classic&quot;}\">\n\t\t\t\t\t\t<div class=\"elementor-container elementor-column-gap-default\">\n\t\t\t\t\t<div class=\"elementor-column elementor-col-100 elementor-top-column elementor-element elementor-element-4c2299e\" data-id=\"4c2299e\" data-element_type=\"column\" data-e-type=\"column\">\n\t\t\t<div class=\"elementor-widget-wrap elementor-element-populated\">\n\t\t\t\t\t\t<div class=\"elementor-element elementor-element-7386a41 elementor-widget elementor-widget-image\" data-id=\"7386a41\" data-element_type=\"widget\" data-e-type=\"widget\" data-widget_type=\"image.default\">\n\t\t\t\t<div class=\"elementor-widget-container\">\n\t\t\t\t\t\t\t\t\t\t\t\t\t\t\t<img decoding=\"async\" src=\"https:\/\/www.alivitpharm.com\/wp-content\/uploads\/2023\/05\/hoary-willowherb.jpg\" title=\"hoary-willowherb\" alt=\"Shelg i thinjur\" loading=\"lazy\" \/>\t\t\t\t\t\t\t\t\t\t\t\t\t\t\t<\/div>\n\t\t\t\t<\/div>\n\t\t\t\t<div class=\"elementor-element elementor-element-b4475f1 elementor-widget elementor-widget-text-editor\" data-id=\"b4475f1\" data-element_type=\"widget\" data-e-type=\"widget\" data-widget_type=\"text-editor.default\">\n\t\t\t\t<div class=\"elementor-widget-container\">\n\t\t\t\t\t\t\t\t\t<p><span class=\"jCAhz ChMk0b\"><span class=\"ryNqvb\"><strong>Shelgu i thinjur<\/strong> p\u00ebrdoret zakonisht si bim\u00eb medicinale n\u00eb Evrop\u00ebn Qendrore.<\/span><\/span> <span class=\"jCAhz ChMk0b\"><span class=\"ryNqvb\">\u00cbsht\u00eb nj\u00eb bim\u00eb shum\u00ebvje\u00e7are dhe \u00ebsht\u00eb e p\u00ebrhapur n\u00eb t\u00eb gjith\u00eb Evrop\u00ebn.<\/span><\/span> <span class=\"jCAhz ChMk0b\"><span class=\"ryNqvb\">Pema e saj arrin nj\u00eb lart\u00ebsi prej 30 cm deri n\u00eb 80 cm, \u00ebsht\u00eb e drejt\u00eb dhe e mbuluar me qime.<\/span><\/span> <span class=\"jCAhz ChMk0b\"><span class=\"ryNqvb\">Gjethet jan\u00eb t\u00eb gjata, ovale dhe t\u00eb dh\u00ebmb\u00ebzuara, duke u rritur p\u00ebrball\u00eb nj\u00ebra-tjetr\u00ebs.<\/span><\/span> <span class=\"jCAhz ChMk0b\"><span class=\"ryNqvb\">Lulet e vogla jan\u00eb kat\u00ebr petale, me ngjyr\u00eb roz\u00eb t\u00eb zbeht\u00eb ose vjollc\u00eb, zakonisht lul\u00ebzojn\u00eb nga qershori deri n\u00eb gusht.<\/span><\/span> <span class=\"jCAhz ChMk0b\"><span class=\"ryNqvb\">Fruti \u00ebsht\u00eb nj\u00eb bishtaj\u00eb q\u00eb p\u00ebrmban fara t\u00eb vogla t\u00eb zeza.<\/span><\/span><\/p><p><span class=\"jCAhz ChMk0b\"><span class=\"ryNqvb\">Pjesa medicinale \u00ebsht\u00eb pjesa ajrore e shelgut dhe p\u00ebrmban shum\u00eb p\u00ebrb\u00ebr\u00ebs aktiv\u00eb, p\u00ebrkat\u00ebsisht: fitosterole, polifenole, tanine, flavonoide (miricetin\u00eb, kuercetin\u00eb, kempferol), beta-sitosterole dhe esteret dhe glikozidet e tyre, si dhe acide organike (galike, egalike, kafeike<\/span><\/span><span class=\"jCAhz ChMk0b\"><span class=\"ryNqvb\">, klorogjenike).<\/span><\/span> <span class=\"jCAhz ChMk0b\"><span class=\"ryNqvb\">Hulumtimet kan\u00eb treguar se p\u00ebrb\u00ebr\u00ebsi kryesor tanik i shelgut \u00ebsht\u00eb tanina makrociklike, oenoteina B, dhe p\u00ebrb\u00ebr\u00ebsi kryesor flavonoid \u00ebsht\u00eb miricitrina.<\/span><\/span><\/p>\t\t\t\t\t\t\t\t<\/div>\n\t\t\t\t<\/div>\n\t\t\t\t<div class=\"elementor-element elementor-element-f274646 elementor-widget elementor-widget-image\" data-id=\"f274646\" data-element_type=\"widget\" data-e-type=\"widget\" data-widget_type=\"image.default\">\n\t\t\t\t<div class=\"elementor-widget-container\">\n\t\t\t\t\t\t\t\t\t\t\t\t\t\t\t<img decoding=\"async\" src=\"https:\/\/www.alivitpharm.com\/wp-content\/uploads\/2022\/09\/leaves.png\" title=\"leaves\" alt=\"Leaves\" loading=\"lazy\" \/>\t\t\t\t\t\t\t\t\t\t\t\t\t\t\t<\/div>\n\t\t\t\t<\/div>\n\t\t\t\t<div class=\"elementor-element elementor-element-df45833 elementor-widget elementor-widget-text-editor\" data-id=\"df45833\" data-element_type=\"widget\" data-e-type=\"widget\" data-widget_type=\"text-editor.default\">\n\t\t\t\t<div class=\"elementor-widget-container\">\n\t\t\t\t\t\t\t\t\t<p><span class=\"jCAhz ChMk0b\"><span class=\"ryNqvb\">Kjo bim\u00eb p\u00ebrdoret n\u00eb trajtimin e \u00e7rregullimeve t\u00eb prostat\u00ebs dhe p\u00ebrdorimi i saj rekomandohet ve\u00e7an\u00ebrisht p\u00ebr pacient\u00ebt e diagnostikuar me hiperplazi beninje t\u00eb prostat\u00ebs.<\/span><\/span> <span class=\"jCAhz ChMk0b\"><span class=\"ryNqvb\">Literatura p\u00ebrmend aktivitetin antimikrobik dhe anti-inflamator (COX-frenues) t\u00eb shelgut, k\u00ebshtu q\u00eb p\u00ebrve\u00e7 efektit t\u00eb tij pozitiv n\u00eb s\u00ebmundjet e prostat\u00ebs, rekomandohet edhe p\u00ebr s\u00ebmundjet e fshik\u00ebz\u00ebs dhe veshkave.<\/span><\/span> <span class=\"jCAhz ChMk0b\"><span class=\"ryNqvb\">Sa i p\u00ebrket aktivitetit antimikrobik, \u00ebsht\u00eb v\u00ebrtetuar se shelgu ka nj\u00eb efekt t\u00eb fort\u00eb n\u00eb bakteret dhe k\u00ebrpudhat, t\u00eb tilla si: <em>Staphylococcus aureus<\/em>, <em>Enterococcus faecalis<\/em>, <em>Escherichia coli<\/em>, <em>Pseudomonas aeruginosa<\/em> dhe <em>Candida albicans<\/em>.<\/span><\/span> <span class=\"jCAhz ChMk0b\"><span class=\"ryNqvb\">Prania e flavonoideve dhe sitosterolit pengon sintez\u00ebn e prostaglandinave dhe k\u00ebshtu pengon fillimin e nj\u00eb reaksioni inflamator.<\/span><\/span> <span class=\"jCAhz ChMk0b\"><span class=\"ryNqvb\">\u00cbsht\u00eb v\u00ebrtetuar se p\u00ebrb\u00ebr\u00ebsi kryesor i tanin\u00ebs, oenoteina B, pengon enzim\u00ebn 5\u03b1-reduktaz\u00eb, nj\u00eb nga mekanizmat kryesor\u00eb t\u00eb veprimit t\u00eb barnave konvencionale p\u00ebr trajtimin e hiperplazis\u00eb beninje t\u00eb prostat\u00ebs.<\/span><\/span> <span class=\"jCAhz ChMk0b\"><span class=\"ryNqvb\">Hiperplazia beninje e prostat\u00ebs konsiderohet nj\u00eb s\u00ebmundje komplekse, me nj\u00eb num\u00ebr simptomash.<\/span><\/span> <span class=\"jCAhz ChMk0b\"><span class=\"ryNqvb\">Konsiderohet si nj\u00eb \u00e7rregullim endokrinologjik i shkaktuar nga nj\u00eb \u00e7ekuilib\u00ebr i hormoneve, por edhe nga nj\u00eb p\u00ebrqendrim i rritur i prostaglandinave dhe leukotrieneve.<\/span><\/span> <span class=\"jCAhz ChMk0b\"><span class=\"ryNqvb\">E gjith\u00eb kjo sugjeron q\u00eb shelgu n\u00eb kushte t\u00eb tilla ka nj\u00eb aplikim shum\u00eb t\u00eb justifikuar, p\u00ebr shkak t\u00eb efekteve t\u00eb tij antioksiduese dhe anti-inflamatore.<\/span><\/span><\/p><p><span class=\"jCAhz ChMk0b\"><span class=\"ryNqvb\">Kanceri \u00ebsht\u00eb shkaku i dyt\u00eb kryesor i vdekjes n\u00eb bot\u00eb, pas s\u00ebmundjeve kardiovaskulare.<\/span><\/span> <span class=\"jCAhz ChMk0b\"><span class=\"ryNqvb\">Procedurat aktuale terapeutike t\u00eb p\u00ebrdorura n\u00eb trajtimin e s\u00ebmundjeve onkologjike mbartin me vete nj\u00eb num\u00ebr t\u00eb madh reaksionesh t\u00eb pad\u00ebshiruara, k\u00ebshtu q\u00eb ka nj\u00eb p\u00ebrpjekje n\u00eb rritje p\u00ebr t\u00eb zhvilluar preparate natyrale q\u00eb do t\u00eb kishin r\u00ebnd\u00ebsi t\u00eb madhe n\u00eb parandalimin dhe trajtimin e k\u00ebtyre s\u00ebmundjeve.<\/span><\/span> <span class=\"jCAhz ChMk0b\"><span class=\"ryNqvb\">Midis k\u00ebtyre bim\u00ebve, bima e shelgut, lloji <em>Epilobium parviflorum<\/em>, u gjet si objekt k\u00ebrkimi, e cila tregoi nj\u00eb efekt t\u00eb r\u00ebnd\u00ebsish\u00ebm pozitiv n\u00eb trajtimin e kancerit t\u00eb prostat\u00ebs p\u00ebr shkak t\u00eb efektit t\u00eb saj antiproliferativ dhe apoptotik.<\/span><\/span><\/p>\t\t\t\t\t\t\t\t<\/div>\n\t\t\t\t<\/div>\n\t\t\t\t<div class=\"elementor-element elementor-element-d0ee5bf elementor-widget elementor-widget-heading\" data-id=\"d0ee5bf\" data-element_type=\"widget\" data-e-type=\"widget\" data-widget_type=\"heading.default\">\n\t\t\t\t<div class=\"elementor-widget-container\">\n\t\t\t\t\t<h4 class=\"elementor-heading-title elementor-size-default\">Referencat<\/h4>\t\t\t\t<\/div>\n\t\t\t\t<\/div>\n\t\t\t\t<div class=\"elementor-element elementor-element-87bfaf1 elementor-widget elementor-widget-text-editor\" data-id=\"87bfaf1\" data-element_type=\"widget\" data-e-type=\"widget\" data-widget_type=\"text-editor.default\">\n\t\t\t\t<div class=\"elementor-widget-container\">\n\t\t\t\t\t\t\t\t\t<ul><li><a class=\"reference-link\" href=\"https:\/\/pubmed.ncbi.nlm.nih.gov\/19107731\/\" target=\"_blank\" rel=\"noopener\">Antioxidant and antiinflammatory effect of Epilobium parviflorum Schreb<\/a><\/li><li><a class=\"reference-link\" href=\"https:\/\/europepmc.org\/article\/med\/19526676\" target=\"_blank\" rel=\"noopener\">Epilobium parviflorum&#8211;in vitro study of biological action<\/a><\/li><li><a class=\"reference-link\" href=\"http:\/\/ijt.arakmu.ac.ir\/browse.php?a_id=918&amp;slc_lang=en&amp;sid=1&amp;ftxt=1&amp;html=1\" target=\"_blank\" rel=\"noopener\">The Extracts of Epilobium Parviflorum Inhibit MCF-7 Breast Cancer Cells<\/a><\/li><\/ul>\t\t\t\t\t\t\t\t<\/div>\n\t\t\t\t<\/div>\n\t\t\t\t\t<\/div>\n\t\t<\/div>\n\t\t\t\t\t<\/div>\n\t\t<\/section>\n\t\t\t\t<\/div>","protected":false},"excerpt":{"rendered":"<p>Hoary Willowherb Epilobium parviflorum L. &#8211; Onagraceae Hoary willowherb is commonly used as a medicinal plant in Central Europe. It is a perennial plant, and it is widespread throughout Europe. Its tree reaches a height of 30 cm to 80 cm, it is upright and covered with hairs. The leaves are long, oval and toothed, &hellip;<\/p>\n<p class=\"read-more\"> <a class=\"\" href=\"https:\/\/www.alivitpharm.com\/sq\/hoary-willowherb\/\"> <span class=\"screen-reader-text\">Shelg i thinjur<\/span> Read More &raquo;<\/a><\/p>","protected":false},"author":9,"featured_media":0,"parent":0,"menu_order":0,"comment_status":"closed","ping_status":"closed","template":"","meta":{"site-sidebar-layout":"no-sidebar","site-content-layout":"page-builder","ast-global-header-display":"","ast-main-header-display":"","ast-hfb-above-header-display":"","ast-hfb-below-header-display":"","ast-hfb-mobile-header-display":"","site-post-title":"disabled","ast-breadcrumbs-content":"","ast-featured-img":"disabled","footer-sml-layout":"","theme-transparent-header-meta":"","adv-header-id-meta":"","stick-header-meta":"","header-above-stick-meta":"","header-main-stick-meta":"","header-below-stick-meta":"","footnotes":""},"class_list":["post-9078","page","type-page","status-publish","hentry"],"_links":{"self":[{"href":"https:\/\/www.alivitpharm.com\/sq\/wp-json\/wp\/v2\/pages\/9078","targetHints":{"allow":["GET"]}}],"collection":[{"href":"https:\/\/www.alivitpharm.com\/sq\/wp-json\/wp\/v2\/pages"}],"about":[{"href":"https:\/\/www.alivitpharm.com\/sq\/wp-json\/wp\/v2\/types\/page"}],"author":[{"embeddable":true,"href":"https:\/\/www.alivitpharm.com\/sq\/wp-json\/wp\/v2\/users\/9"}],"replies":[{"embeddable":true,"href":"https:\/\/www.alivitpharm.com\/sq\/wp-json\/wp\/v2\/comments?post=9078"}],"version-history":[{"count":0,"href":"https:\/\/www.alivitpharm.com\/sq\/wp-json\/wp\/v2\/pages\/9078\/revisions"}],"wp:attachment":[{"href":"https:\/\/www.alivitpharm.com\/sq\/wp-json\/wp\/v2\/media?parent=9078"}],"curies":[{"name":"wp","href":"https:\/\/api.w.org\/{rel}","templated":true}]}}