{"id":9985,"date":"2023-12-22T12:43:13","date_gmt":"2023-12-22T10:43:13","guid":{"rendered":"https:\/\/www.alivitpharm.com\/?page_id=9985"},"modified":"2023-12-22T14:05:37","modified_gmt":"2023-12-22T12:05:37","slug":"cornel","status":"publish","type":"page","link":"https:\/\/www.alivitpharm.com\/sq\/cornel\/","title":{"rendered":"Qershi e eg\u00ebr"},"content":{"rendered":"<div data-elementor-type=\"wp-page\" data-elementor-id=\"9985\" class=\"elementor elementor-9985\">\n\t\t\t\t\t\t<section class=\"elementor-section elementor-top-section elementor-element elementor-element-9bb58fc elementor-section-content-middle elementor-section-boxed elementor-section-height-default elementor-section-height-default\" data-id=\"9bb58fc\" data-element_type=\"section\" data-e-type=\"section\" data-settings=\"{&quot;background_background&quot;:&quot;classic&quot;}\">\n\t\t\t\t\t\t\t<div class=\"elementor-background-overlay\"><\/div>\n\t\t\t\t\t\t\t<div class=\"elementor-container elementor-column-gap-default\">\n\t\t\t\t\t<div class=\"elementor-column elementor-col-100 elementor-top-column elementor-element elementor-element-d5f69e8\" data-id=\"d5f69e8\" data-element_type=\"column\" data-e-type=\"column\">\n\t\t\t<div class=\"elementor-widget-wrap elementor-element-populated\">\n\t\t\t\t\t\t<div class=\"elementor-element elementor-element-f3e01f7 elementor-widget elementor-widget-heading\" data-id=\"f3e01f7\" data-element_type=\"widget\" data-e-type=\"widget\" data-widget_type=\"heading.default\">\n\t\t\t\t<div class=\"elementor-widget-container\">\n\t\t\t\t\t<h1 class=\"elementor-heading-title elementor-size-default\">Qershi e eg\u00ebr<\/h1>\t\t\t\t<\/div>\n\t\t\t\t<\/div>\n\t\t\t\t<div class=\"elementor-element elementor-element-52ff3ce elementor-widget elementor-widget-image\" data-id=\"52ff3ce\" data-element_type=\"widget\" data-e-type=\"widget\" data-widget_type=\"image.default\">\n\t\t\t\t<div class=\"elementor-widget-container\">\n\t\t\t\t\t\t\t\t\t\t\t\t\t\t\t<img decoding=\"async\" width=\"75\" height=\"33\" src=\"https:\/\/www.alivitpharm.com\/wp-content\/uploads\/2019\/07\/logo-leaf-new.png\" class=\"attachment-large size-large wp-image-2518\" alt=\"\" \/>\t\t\t\t\t\t\t\t\t\t\t\t\t\t\t<\/div>\n\t\t\t\t<\/div>\n\t\t\t\t<div class=\"elementor-element elementor-element-5de7d1f elementor-widget elementor-widget-text-editor\" data-id=\"5de7d1f\" data-element_type=\"widget\" data-e-type=\"widget\" data-widget_type=\"text-editor.default\">\n\t\t\t\t<div class=\"elementor-widget-container\">\n\t\t\t\t\t\t\t\t\t<p><em>Cornus mas, L. &#8211; Cornaceae<\/em><\/p>\t\t\t\t\t\t\t\t<\/div>\n\t\t\t\t<\/div>\n\t\t\t\t\t<\/div>\n\t\t<\/div>\n\t\t\t\t\t<\/div>\n\t\t<\/section>\n\t\t\t\t<section class=\"elementor-section elementor-top-section elementor-element elementor-element-3961a07 elementor-section-boxed elementor-section-height-default elementor-section-height-default\" data-id=\"3961a07\" data-element_type=\"section\" data-e-type=\"section\" data-settings=\"{&quot;background_background&quot;:&quot;classic&quot;}\">\n\t\t\t\t\t\t<div class=\"elementor-container elementor-column-gap-default\">\n\t\t\t\t\t<div class=\"elementor-column elementor-col-100 elementor-top-column elementor-element elementor-element-ab6f399\" data-id=\"ab6f399\" data-element_type=\"column\" data-e-type=\"column\">\n\t\t\t<div class=\"elementor-widget-wrap elementor-element-populated\">\n\t\t\t\t\t\t<div class=\"elementor-element elementor-element-67141de elementor-widget elementor-widget-image\" data-id=\"67141de\" data-element_type=\"widget\" data-e-type=\"widget\" data-widget_type=\"image.default\">\n\t\t\t\t<div class=\"elementor-widget-container\">\n\t\t\t\t\t\t\t\t\t\t\t\t\t\t\t<img decoding=\"async\" src=\"https:\/\/www.alivitpharm.com\/wp-content\/uploads\/2023\/12\/cornel.jpg\" title=\"cornel\" alt=\"Qershi e eg\u00ebr\" loading=\"lazy\" \/>\t\t\t\t\t\t\t\t\t\t\t\t\t\t\t<\/div>\n\t\t\t\t<\/div>\n\t\t\t\t<div class=\"elementor-element elementor-element-1df18da elementor-widget elementor-widget-text-editor\" data-id=\"1df18da\" data-element_type=\"widget\" data-e-type=\"widget\" data-widget_type=\"text-editor.default\">\n\t\t\t\t<div class=\"elementor-widget-container\">\n\t\t\t\t\t\t\t\t\t<p><span class=\"jCAhz ChMk0b\"><span class=\"ryNqvb\"><strong>Qershi e eg\u00ebr<\/strong> \u00ebsht\u00eb nj\u00eb bim\u00eb e eg\u00ebr, e cila \u00ebsht\u00eb e shp\u00ebrndar\u00eb gjer\u00ebsisht n\u00eb Evrop\u00eb dhe Azi.<\/span><\/span> <span class=\"jCAhz ChMk0b\"><span class=\"ryNqvb\">Fruti \u00ebsht\u00eb nj\u00eb drupe, me ngjyr\u00eb t\u00eb kuqe, dhe p\u00ebrdoret gjer\u00ebsisht n\u00eb ushqim.<\/span><\/span> <span class=\"jCAhz ChMk0b\"><span class=\"ryNqvb\">Fruti mund t\u00eb hahet i fresk\u00ebt, por koh\u00ebt e fundit p\u00ebrdoret gjithnj\u00eb e m\u00eb shum\u00eb i that\u00eb.<\/span><\/span> <span class=\"jCAhz ChMk0b\"><span class=\"ryNqvb\">Fruti i qershis\u00eb s\u00eb eg\u00ebr \u00ebsht\u00eb shum\u00eb i pasur me vitamin\u00eb C, tanine, sheqerna dhe acide organike.<\/span><\/span> <span class=\"jCAhz ChMk0b\"><span class=\"ryNqvb\">Kjo bim\u00eb p\u00ebrmban nj\u00eb koncentrim shum\u00eb m\u00eb t\u00eb lart\u00eb t\u00eb vitamin\u00ebs C sesa portokajt\u00eb.<\/span><\/span> <span class=\"jCAhz ChMk0b\"><span class=\"ryNqvb\">P\u00ebr shkak t\u00eb kompozit\u00ebs s\u00eb saj shum\u00eb t\u00eb komplikuar, dhe numrit t\u00eb madh t\u00eb p\u00ebrb\u00ebr\u00ebsve aktiv\u00eb, fruti i qershis\u00eb s\u00eb eg\u00ebr p\u00ebrdoret gjer\u00ebsisht n\u00eb mjek\u00ebsin\u00eb tradicionale t\u00eb bim\u00ebve.<\/span><\/span><\/p>\t\t\t\t\t\t\t\t<\/div>\n\t\t\t\t<\/div>\n\t\t\t\t<div class=\"elementor-element elementor-element-c52a517 elementor-widget elementor-widget-image\" data-id=\"c52a517\" data-element_type=\"widget\" data-e-type=\"widget\" data-widget_type=\"image.default\">\n\t\t\t\t<div class=\"elementor-widget-container\">\n\t\t\t\t\t\t\t\t\t\t\t\t\t\t\t<img decoding=\"async\" src=\"https:\/\/www.alivitpharm.com\/wp-content\/uploads\/2022\/09\/leaves.png\" title=\"leaves\" alt=\"Leaves\" loading=\"lazy\" \/>\t\t\t\t\t\t\t\t\t\t\t\t\t\t\t<\/div>\n\t\t\t\t<\/div>\n\t\t\t\t<div class=\"elementor-element elementor-element-521de91 elementor-widget elementor-widget-text-editor\" data-id=\"521de91\" data-element_type=\"widget\" data-e-type=\"widget\" data-widget_type=\"text-editor.default\">\n\t\t\t\t<div class=\"elementor-widget-container\">\n\t\t\t\t\t\t\t\t\t<p><span class=\"jCAhz ChMk0b\"><span class=\"ryNqvb\">Nj\u00eb num\u00ebr i madh hulumtimesh \u00ebsht\u00eb kryer nga viti 2000<\/span><\/span>\u00a0<span class=\"jCAhz ChMk0b\"><span class=\"ryNqvb\">deri n\u00eb vitin 2016,<\/span><\/span> <span class=\"jCAhz ChMk0b\"><span class=\"ryNqvb\">ku u zbulua se qershia e eg\u00ebr ka nj\u00eb efekt shum\u00eb t\u00eb fort\u00eb antioksidant, anti-inflamator (mund t\u00eb p\u00ebrdoret si nj\u00eb agjent ndihm\u00ebs n\u00eb trajtimin e s\u00ebmundjeve t\u00eb zorr\u00ebve t\u00eb inflamuara), si dhe aktivitet antimikrobik (ka treguar efekt pozitiv n\u00eb trajtimin e malaries \u2013 kjo tregon se qershia e eg\u00ebr \u00ebsht\u00eb antiprotozoike).<\/span><\/span> <span class=\"jCAhz ChMk0b\"><span class=\"ryNqvb\">Ajo luan nj\u00eb rol shum\u00eb t\u00eb r\u00ebnd\u00ebsish\u00ebm n\u00eb trajtimin e infeksioneve t\u00eb traktit urinar te meshkujt dhe femrat, dhe gjithashtu mund t\u00eb rekomandohet si nj\u00eb ndihm\u00ebs n\u00eb trajtimin e gur\u00ebve n\u00eb veshka.<\/span><\/span> <span class=\"jCAhz ChMk0b\"><span class=\"ryNqvb\">Fruti i qershis\u00eb s\u00eb eg\u00ebr ka gjithashtu efekt anti-kancerogjen.<\/span><\/span> <span class=\"jCAhz ChMk0b\"><span class=\"ryNqvb\">Ka treguar efekt pozitiv n\u00eb trajtimin e ankesave t\u00eb traktit t\u00eb tretjes, ndihmon n\u00eb tretje, mbron m\u00ebl\u00e7in\u00eb (efekti hepatoprotectiv), ndalon diarreen dhe ndihmon funksionin e sistemit kardiovaskular.<\/span><\/span> <span class=\"jCAhz ChMk0b\"><span class=\"ryNqvb\">N\u00ebse, p\u00ebrve\u00e7 \u00e7rregullimeve t\u00eb zorr\u00ebve dhe diarres\u00eb, shfaqet ethe, rekomandohet \u00e7aji i l\u00ebvor\u00ebs s\u00eb qershis\u00eb s\u00eb eg\u00ebr, dhe fruti i qershis\u00eb s\u00eb eg\u00ebr mund t\u00eb rekomandohet n\u00eb trajtimin e anemis\u00eb, rezistenc\u00ebs ndaj insulin\u00ebs, diabetit, si dhe p\u00ebr sh\u00ebrimin m\u00eb t\u00eb shpejt\u00eb t\u00eb plag\u00ebve.<\/span><\/span><\/p>\t\t\t\t\t\t\t\t<\/div>\n\t\t\t\t<\/div>\n\t\t\t\t<div class=\"elementor-element elementor-element-b221124 elementor-widget elementor-widget-heading\" data-id=\"b221124\" data-element_type=\"widget\" data-e-type=\"widget\" data-widget_type=\"heading.default\">\n\t\t\t\t<div class=\"elementor-widget-container\">\n\t\t\t\t\t<h4 class=\"elementor-heading-title elementor-size-default\">Referencat<\/h4>\t\t\t\t<\/div>\n\t\t\t\t<\/div>\n\t\t\t\t<div class=\"elementor-element elementor-element-c2d24a4 elementor-widget elementor-widget-text-editor\" data-id=\"c2d24a4\" data-element_type=\"widget\" data-e-type=\"widget\" data-widget_type=\"text-editor.default\">\n\t\t\t\t<div class=\"elementor-widget-container\">\n\t\t\t\t\t\t\t\t\t<ul><li><a class=\"reference-link\" href=\"https:\/\/pubmed.ncbi.nlm.nih.gov\/28782352\/\" target=\"_blank\" rel=\"noopener\">Cornus mas: a review on traditional uses and pharmacological properties<\/a><\/li><li><a class=\"reference-link\" href=\"https:\/\/pubmed.ncbi.nlm.nih.gov\/35684107\/\" target=\"_blank\" rel=\"noopener\">Cornus mas L. Increases Glucose Uptake and the Expression of PPARG in Insulin-Resistant Adipocytes<\/a><\/li><li><a class=\"reference-link\" href=\"https:\/\/pubmed.ncbi.nlm.nih.gov\/32986349\/\" target=\"_blank\" rel=\"noopener\">Cornus Mas L improves Antioxidant Status in the Liver, Lung, Kidney, Testis and Brain of Ehrlich Ascites Tumor Bearing Mice<\/a><\/li><li><a class=\"reference-link\" href=\"https:\/\/pubmed.ncbi.nlm.nih.gov\/35204262\/\" target=\"_blank\" rel=\"noopener\">Potential for Prebiotic Stabilized Cornus mas L. Lyophilized Extract in the Prophylaxis of Diabetes Mellitus in Streptozotocin Diabetic Rats<\/a><\/li><\/ul>\t\t\t\t\t\t\t\t<\/div>\n\t\t\t\t<\/div>\n\t\t\t\t\t<\/div>\n\t\t<\/div>\n\t\t\t\t\t<\/div>\n\t\t<\/section>\n\t\t\t\t<\/div>","protected":false},"excerpt":{"rendered":"<p>Cornel Cornus mas, L. &#8211; Cornaceae Cornel is a wild plant, which is widely distributed in Europe and Asia. The fruit is a drupe, red in color, which is widely used in food. The fruit can be eaten fresh, but recently it is increasingly used dried. Cornel fruit is very rich in vitamin C, tannins, &hellip;<\/p>\n<p class=\"read-more\"> <a class=\"\" href=\"https:\/\/www.alivitpharm.com\/sq\/cornel\/\"> <span class=\"screen-reader-text\">Qershi e eg\u00ebr<\/span> Read More &raquo;<\/a><\/p>","protected":false},"author":9,"featured_media":0,"parent":0,"menu_order":0,"comment_status":"closed","ping_status":"closed","template":"","meta":{"site-sidebar-layout":"no-sidebar","site-content-layout":"page-builder","ast-global-header-display":"","ast-main-header-display":"","ast-hfb-above-header-display":"","ast-hfb-below-header-display":"","ast-hfb-mobile-header-display":"","site-post-title":"disabled","ast-breadcrumbs-content":"","ast-featured-img":"disabled","footer-sml-layout":"","theme-transparent-header-meta":"","adv-header-id-meta":"","stick-header-meta":"","header-above-stick-meta":"","header-main-stick-meta":"","header-below-stick-meta":"","footnotes":""},"class_list":["post-9985","page","type-page","status-publish","hentry"],"_links":{"self":[{"href":"https:\/\/www.alivitpharm.com\/sq\/wp-json\/wp\/v2\/pages\/9985","targetHints":{"allow":["GET"]}}],"collection":[{"href":"https:\/\/www.alivitpharm.com\/sq\/wp-json\/wp\/v2\/pages"}],"about":[{"href":"https:\/\/www.alivitpharm.com\/sq\/wp-json\/wp\/v2\/types\/page"}],"author":[{"embeddable":true,"href":"https:\/\/www.alivitpharm.com\/sq\/wp-json\/wp\/v2\/users\/9"}],"replies":[{"embeddable":true,"href":"https:\/\/www.alivitpharm.com\/sq\/wp-json\/wp\/v2\/comments?post=9985"}],"version-history":[{"count":0,"href":"https:\/\/www.alivitpharm.com\/sq\/wp-json\/wp\/v2\/pages\/9985\/revisions"}],"wp:attachment":[{"href":"https:\/\/www.alivitpharm.com\/sq\/wp-json\/wp\/v2\/media?parent=9985"}],"curies":[{"name":"wp","href":"https:\/\/api.w.org\/{rel}","templated":true}]}}