{"id":10418,"date":"2024-02-06T13:21:57","date_gmt":"2024-02-06T11:21:57","guid":{"rendered":"https:\/\/www.alivitpharm.com\/?post_type=product&#038;p=10418"},"modified":"2026-02-26T16:22:56","modified_gmt":"2026-02-26T14:22:56","slug":"diabetstop","status":"publish","type":"product","link":"https:\/\/www.alivitpharm.com\/sq\/product\/diabetstop\/","title":{"rendered":"DIABETSTOP"},"content":{"rendered":"<div class=\"product-accordion\">\n<div class=\"btn\">RRETH DIABETSTOP<\/div>\n<div class=\"board\">\n<div>\n      <b>DIABETSTOP\u00ae<\/b> \u00ebsht\u00eb projektuar p\u00ebr individ\u00eb me diabet t\u00eb tipit I dhe tipit II, si dhe p\u00ebr ata me metaboliz\u00ebm t\u00eb d\u00ebmtuar t\u00eb glukoz\u00ebs ose histori familjare t\u00eb diabetit.<\/p>\n<p>Ky preparat ndihmon n\u00eb rregullimin e niveleve t\u00eb glukoz\u00ebs, fal\u00eb pranis\u00eb s\u00eb hudhr\u00ebs s\u00eb fermentuar, kanell\u00ebs, kromit dhe zinkut. Hudhra e fermentuar kontribuon n\u00eb funksionimin normal t\u00eb sistemit imunitar, ndihmon n\u00eb ruajtjen e sh\u00ebndetit t\u00eb zemr\u00ebs dhe en\u00ebve t\u00eb gjakut duke ruajtur nivele normale t\u00eb kolesterolit dhe homocistein\u00ebs n\u00eb gjak. Kanella ndihmon n\u00eb ruajtjen e niveleve normale t\u00eb glukoz\u00ebs dhe yndyr\u00ebs n\u00eb gjak, sh\u00ebndetin e zemr\u00ebs dhe en\u00ebve t\u00eb gjakut, p\u00ebrmir\u00ebson tretjen dhe neutralizon gazrat. Rrit ndjeshm\u00ebrin\u00eb e qelizave ndaj insulin\u00ebs, prandaj \u00ebsht\u00eb e p\u00ebrshtatshme p\u00ebr njer\u00ebzit me rezistenc\u00eb ndaj insulin\u00ebs. Zvog\u00eblon sasin\u00eb e sheqerit q\u00eb hyn n\u00eb qarkullimin e gjakut pas nj\u00eb vakti duke ngadal\u00ebsuar zb\u00ebrthimin e karbohidrateve n\u00eb traktin ton\u00eb tret\u00ebs. Vitamina B6 kontribuon n\u00eb metabolizmin normal t\u00eb proteinave dhe karbohidrateve. Gjithashtu, vitamina B6, s\u00eb bashku me vitaminat B1 dhe B12, kontribuon n\u00eb metabolizmin normal t\u00eb prodhimit t\u00eb energjis\u00eb. Acidi folik dhe vitamina B12 luajn\u00eb nj\u00eb rol n\u00eb ndarjen qelizore, duke kontribuar n\u00eb uljen e lodhjes dhe rraskapitjes. Zinku kontribuon n\u00eb metabolizmin normal t\u00eb acideve yndyrore dhe karbohidrateve duke ndihmuar n\u00eb transportimin e glukoz\u00ebs n\u00eb qeliza, ku p\u00ebrdoret si energji. Kromi kontribuon n\u00eb ruajtjen e niveleve normale t\u00eb glukoz\u00ebs n\u00eb gjak. Acidi alfa-lipoik parandalon dhe zvog\u00eblon nd\u00ebrlikimet e diabetit, si\u00e7 \u00ebsht\u00eb d\u00ebmtimi i nervave periferik\u00eb, i cili manifestohet si ndjesi shpimi gjilp\u00ebrash, djegie, kruarje, mpirje dhe dhimbje n\u00eb duar dhe k\u00ebmb\u00eb. Prandaj, t\u00eb gjith\u00eb p\u00ebrb\u00ebr\u00ebsit n\u00eb produkt veprojn\u00eb n\u00eb m\u00ebnyr\u00eb sinergjike dhe kontribuojn\u00eb n\u00eb uljen e niveleve t\u00eb glukoz\u00ebs n\u00eb gjak, marrin pjes\u00eb n\u00eb mbrojtjen e nervave nga stresi oksidativ (parandalimin e zhvillimit t\u00eb polineuropatis\u00eb) dhe k\u00ebshtu vonojn\u00eb dhe parandalojn\u00eb nd\u00ebrlikimet e diabetit.\n    <\/p><\/div>\n<\/p><\/div>\n<div class=\"btn\">P\u00cbRB\u00cbRJE<\/div>\n<div class=\"board\">\n<div>\n      90 kapsula xhelatine t\u00eb buta<\/p>\n<p>      <b>\u2022<\/b> Pluhur i <a class=\"custom-link\" href=\"\/sq\/black-garlic\/\">bulbit t\u00eb hudhr\u00ebs s\u00eb fermentuar <i>(Allium sativum)<\/i><\/a>;<br \/>\n      <b>\u2022<\/b> Pluhur i <a class=\"custom-link\" href=\"\/sq\/ceylon-cinnamon\/\">l\u00ebvores s\u00eb kanell\u00ebs s\u00eb Ceilonit <i>(Cinnamomum ceylonicum)<\/i><\/a>;<br \/>\n      <b>\u2022<\/b> <a class=\"custom-link\" href=\"\/sq\/alpha-lipoic-acid\/\">Acid alfa-lipoik<\/a>;<br \/>\n      <b>\u2022<\/b> <a class=\"custom-link\" href=\"\/sq\/zinc\/\">Trihidrat citrati zinku<\/a>;<br \/>\n      <b>\u2022<\/b> <a class=\"custom-link\" href=\"\/sq\/chromium\/\">Heksahidrat klorur kromi(III)<\/a>;<br \/>\n      <b>\u2022<\/b> <a class=\"custom-link\" href=\"\/sq\/vitamin-b1\/\">Mononitrat tiamine (vitamina B1)<\/a>;<br \/>\n      <b>\u2022<\/b> <a class=\"custom-link\" href=\"\/sq\/vitamin-b6\/\">Hidroklorur piridoksine (vitamina B6)<\/a>;<br \/>\n      <b>\u2022<\/b> <a class=\"custom-link\" href=\"\/sq\/vitamin-b12\/\">Cianokobalamina (vitamina B12)<\/a>;<br \/>\n      <b>\u2022<\/b> <a class=\"custom-link\" href=\"\/sq\/folic-acid\/\">Acidi folik<\/a>;<br \/>\n      <b>\u2022<\/b> Kapsul\u00eb (xhelatin\u00eb, uj\u00eb i pastruar, ngjyr\u00eb: karbonat kalciumi), dioksid silikoni, stearat magnezi;\n    <\/div>\n<\/p><\/div>\n<div class=\"btn\">SI T\u00cb P\u00cbRDORET<\/div>\n<div class=\"board\">\n<div>\n      T\u00eb rriturit mbi 14 vje\u00e7 rekomandohet t\u00eb marrin nj\u00eb kapsul\u00eb tri her\u00eb n\u00eb dit\u00eb, gjat\u00eb ose pas vakteve. Produkti mund t\u00eb merret p\u00ebr nj\u00eb koh\u00eb t\u00eb gjat\u00eb. G\u00eblltisni kapsul\u00ebn e plot\u00eb me l\u00ebng.<\/p>\n<p>      <b>PARALAJM\u00cbRIME:<\/b><br \/>\n      <b>\u2022<\/b> Doza e rekomanduar ditore nuk duhet t\u00eb tejkalohet.<br \/>\n      <b>\u2022<\/b> Produkti nuk \u00ebsht\u00eb i destinuar p\u00ebr persona n\u00ebn 14 vje\u00e7, persona me funksion t\u00eb d\u00ebmtuar t\u00eb m\u00ebl\u00e7is\u00eb, gra shtatz\u00ebna ose q\u00eb ushqejn\u00eb me gji.<br \/>\n      <b>\u2022<\/b> Produkti nuk duhet t\u00eb p\u00ebrdoret nga persona q\u00eb jan\u00eb t\u00eb mbindjesh\u00ebm ndaj ndonj\u00ebrit prej p\u00ebrb\u00ebr\u00ebsve t\u00eb produktit.<br \/>\n      <b>\u2022<\/b> Personat q\u00eb marrin ila\u00e7e duhet t\u00eb konsultohen me nj\u00eb mjek.<br \/>\n      <b>\u2022<\/b> Mos e merrni nj\u00ebkoh\u00ebsisht me ila\u00e7e antikoagulante.<br \/>\n      <b>\u2022<\/b> Para nj\u00eb nd\u00ebrhyrjeje kirurgjikale t\u00eb planifikuar, \u00ebsht\u00eb e nevojshme t\u00eb nd\u00ebrpritet p\u00ebrdorimi i produktit.<br \/>\n      <b>\u2022<\/b> Diabetik\u00ebt k\u00ebshillohen t\u00eb monitorojn\u00eb nivelin e sheqerit n\u00eb gjak gjat\u00eb p\u00ebrdorimit t\u00eb produktit.\n    <\/div>\n<\/p><\/div>\n<\/div>","protected":false},"excerpt":{"rendered":"<div class=\"my-product-info\">\n<div class=\"two-categories\">\n<div>\n            <img decoding=\"async\" src=\"https:\/\/www.alivitpharm.com\/wp-content\/uploads\/2025\/05\/icon-9.png\" alt=\"100% natyral\" width=\"50px\" height=\"50px\" \/><\/p>\n<div>100% natyral<\/div>\n<\/p><\/div>\n<div>\n            <img decoding=\"async\" src=\"https:\/\/www.alivitpharm.com\/wp-content\/uploads\/2025\/05\/icon-10.png\" alt=\"Jo-OMGJ\" width=\"50px\" height=\"50px\" \/><\/p>\n<div>Jo-OMGJ<\/div>\n<\/p><\/div>\n<div>\n            <img decoding=\"async\" src=\"https:\/\/www.alivitpharm.com\/wp-content\/uploads\/2025\/05\/icon-15.png\" alt=\"Pa gluten\" width=\"50px\" height=\"50px\" \/><\/p>\n<div>Pa gluten<\/div>\n<\/p><\/div>\n<\/p><\/div>\n<\/div>\n<ul>\n<li>Rekomandohet p\u00ebr sheqer t\u00eb lart\u00eb n\u00eb gjak.<\/li>\n<li>Ndihmon pacient\u00ebt me rezistenc\u00eb ndaj insulin\u00ebs.<\/li>\n<li>Parandalimi i rezistenc\u00ebs ndaj insulin\u00ebs tek pacient\u00ebt me sindrom\u00ebn e vezoreve policistike.<\/li>\n<li>Parandalon zhvillimin e polineuropatis\u00eb diabetike.<\/li>\n<\/ul>\n<p><a class=\"category-pdf-btn\" href=\"https:\/\/www.alivitpharm.com\/wp-content\/uploads\/2026\/01\/phytotherapy_in_managing_the_endocrine_disorders_and_hormonal_balance_sq.pdf\" target=\"_blank\" rel=\"noopener\">M\u00ebsoni m\u00eb shum\u00eb rreth \u00e7rregullimeve endokrine dhe ekuilibrit hormonal<\/a><\/p>","protected":false},"featured_media":13126,"comment_status":"open","ping_status":"closed","template":"","meta":{"site-sidebar-layout":"default","site-content-layout":"default","ast-global-header-display":"","ast-main-header-display":"","ast-hfb-above-header-display":"","ast-hfb-below-header-display":"","ast-hfb-mobile-header-display":"","site-post-title":"","ast-breadcrumbs-content":"","ast-featured-img":"","footer-sml-layout":"","theme-transparent-header-meta":"default","adv-header-id-meta":"","stick-header-meta":"","header-above-stick-meta":"","header-main-stick-meta":"","header-below-stick-meta":""},"product_brand":[],"product_cat":[172,183],"product_tag":[],"class_list":{"0":"post-10418","1":"product","2":"type-product","3":"status-publish","4":"has-post-thumbnail","6":"product_cat-hormonal-balance","7":"product_cat-womens-health","8":"desktop-align-center","9":"tablet-align-center","10":"mobile-align-center","12":"first","13":"instock","14":"shipping-taxable","15":"purchasable","16":"product-type-simple"},"_links":{"self":[{"href":"https:\/\/www.alivitpharm.com\/sq\/wp-json\/wp\/v2\/product\/10418","targetHints":{"allow":["GET"]}}],"collection":[{"href":"https:\/\/www.alivitpharm.com\/sq\/wp-json\/wp\/v2\/product"}],"about":[{"href":"https:\/\/www.alivitpharm.com\/sq\/wp-json\/wp\/v2\/types\/product"}],"replies":[{"embeddable":true,"href":"https:\/\/www.alivitpharm.com\/sq\/wp-json\/wp\/v2\/comments?post=10418"}],"wp:featuredmedia":[{"embeddable":true,"href":"https:\/\/www.alivitpharm.com\/sq\/wp-json\/wp\/v2\/media\/13126"}],"wp:attachment":[{"href":"https:\/\/www.alivitpharm.com\/sq\/wp-json\/wp\/v2\/media?parent=10418"}],"wp:term":[{"taxonomy":"product_brand","embeddable":true,"href":"https:\/\/www.alivitpharm.com\/sq\/wp-json\/wp\/v2\/product_brand?post=10418"},{"taxonomy":"product_cat","embeddable":true,"href":"https:\/\/www.alivitpharm.com\/sq\/wp-json\/wp\/v2\/product_cat?post=10418"},{"taxonomy":"product_tag","embeddable":true,"href":"https:\/\/www.alivitpharm.com\/sq\/wp-json\/wp\/v2\/product_tag?post=10418"}],"curies":[{"name":"wp","href":"https:\/\/api.w.org\/{rel}","templated":true}]}}