{"id":11264,"date":"2024-12-20T10:26:38","date_gmt":"2024-12-20T08:26:38","guid":{"rendered":"https:\/\/www.alivitpharm.com\/?post_type=product&#038;p=11264"},"modified":"2026-03-30T08:44:54","modified_gmt":"2026-03-30T06:44:54","slug":"vitamin-d3-4000-iu","status":"publish","type":"product","link":"https:\/\/www.alivitpharm.com\/sq\/product\/vitamin-d3-4000-iu\/","title":{"rendered":"VITAMIN D3 4000 IU"},"content":{"rendered":"<div class=\"product-accordion\">\n<div class=\"btn\">RRETH VITAMIN D3 4000 IU<\/div>\n<div class=\"board\">\n<div>\n      <b>VITAMIN D3 4000 IU\u00ae<\/b> kapsulat e buta t\u00eb xhelatin\u00ebs ndihmojn\u00eb n\u00eb ruajtjen e funksionit normal t\u00eb kockave dhe muskujve. Ato mb\u00ebshtesin thithjen dhe shfryt\u00ebzimin e duhur t\u00eb kalciumit dhe fosforit. Vitamina D3 luan nj\u00eb rol n\u00eb ndarjen qelizore dhe kontribuon n\u00eb funksionimin normal t\u00eb sistemit imunitar. Studimet shkencore kan\u00eb treguar se mungesa e vitamin\u00ebs D mund t\u00eb shoq\u00ebrohet me zhvillimin e s\u00ebmundjeve autoimune, duke p\u00ebrfshir\u00eb skleroz\u00ebn e shum\u00ebfisht\u00eb, diabetin e tipit 1, artritin reumatoid, psoriaz\u00ebn dhe s\u00ebmundjen inflamatore t\u00eb zorr\u00ebve. Vitamina D gjithashtu luan nj\u00eb rol n\u00eb uljen e inflamacionit dhe rregullimin e rritjes s\u00eb qelizave t\u00eb l\u00ebkur\u00ebs, prandaj p\u00ebrdoret shpesh n\u00eb terapin\u00eb e psoriaz\u00ebs. P\u00ebrve\u00e7 k\u00ebsaj, vitamina D ka nj\u00eb ndikim t\u00eb fort\u00eb n\u00eb sh\u00ebndetin kardiovaskular, ndihmon n\u00eb rregullimin e presionit t\u00eb gjakut dhe zvog\u00eblon rrezikun e s\u00ebmundjeve t\u00eb zemr\u00ebs.\n    <\/div>\n<\/p><\/div>\n<div class=\"btn\">P\u00cbRB\u00cbRJE<\/div>\n<div class=\"board\">\n<div>\n      90 kapsula xhelatine t\u00eb buta<\/p>\n<p>      <b>\u2022<\/b> <a class=\"custom-link\" href=\"\/sq\/vitamin-d3\/\">Kolekalciferoli (vitamina D3)<\/a>;<br \/>\n      <b>\u2022<\/b> <a class=\"custom-link\" href=\"\/sq\/olive-oil\/\">Vaji i ullirit<\/a>;<br \/>\n      <b>\u2022<\/b> Xhelatin\u00eb gjedhi, hidratues: glicerin\u00eb, uj\u00eb i pastruar, antioksidant: acetat DL-alfa-tokoferil;\n    <\/div>\n<\/p><\/div>\n<div class=\"btn\">SI T\u00cb P\u00cbRDORET<\/div>\n<div class=\"board\">\n<div>\n      T\u00eb rriturit mbi 18 vje\u00e7 rekomandohet t\u00eb marrin nj\u00eb kapsul\u00eb n\u00eb dit\u00eb, gjat\u00eb ose pas vaktit. G\u00eblltisni kapsul\u00ebn e plot\u00eb me l\u00ebng. Produkti mund t\u00eb merret edhe nga personat me diabet.<\/p>\n<p>      <b>PARALAJM\u00cbRIME:<\/b><br \/>\n      <b>\u2022<\/b> Produkti nuk \u00ebsht\u00eb i destinuar p\u00ebr persona n\u00ebn mosh\u00ebn 18 vje\u00e7.<br \/>\n      <b>\u2022<\/b> Produkti nuk duhet t\u00eb p\u00ebrdoret nga persona q\u00eb jan\u00eb t\u00eb mbindjesh\u00ebm ndaj ndonj\u00ebrit prej p\u00ebrb\u00ebr\u00ebsve t\u00eb produktit.<br \/>\n      <b>\u2022<\/b> Produkti nuk \u00ebsht\u00eb i destinuar p\u00ebr njer\u00ebzit me hiperkalcemi dhe hipertiroidiz\u00ebm.<br \/>\n      <b>\u2022<\/b> Masat paraprake jan\u00eb t\u00eb nevojshme p\u00ebr njer\u00ebzit q\u00eb p\u00ebrdorin tiazide, glikozide kardiotonike, rifampicin\u00eb, izoniazid, fenitoin\u00eb, barbiturate dhe kortikosteroide n\u00eb terapin\u00eb e tyre.<br \/>\n      <b>\u2022<\/b> Grat\u00eb shtatz\u00ebna dhe ato q\u00eb ushqejn\u00eb me gji duhet t\u00eb konsultohen me mjekun e tyre para se t\u00eb p\u00ebrdorin k\u00ebt\u00eb produkt.<br \/>\n      <b>\u2022<\/b> Ky ila\u00e7 duhet t\u00eb p\u00ebrdoret n\u00ebn mbik\u00ebqyrjen e nj\u00eb mjeku!\n    <\/div>\n<\/p><\/div>\n<\/div>","protected":false},"excerpt":{"rendered":"<div class=\"my-product-info\">\n<div class=\"two-categories\">\n<div>\n            <img decoding=\"async\" src=\"https:\/\/www.alivitpharm.com\/wp-content\/uploads\/2025\/05\/icon-9.png\" alt=\"100% natyral\" width=\"50px\" height=\"50px\" \/><\/p>\n<div>100% natyral<\/div>\n<\/p><\/div>\n<div>\n            <img decoding=\"async\" src=\"https:\/\/www.alivitpharm.com\/wp-content\/uploads\/2025\/05\/icon-10.png\" alt=\"Jo-OMGJ\" width=\"50px\" height=\"50px\" \/><\/p>\n<div>Jo-OMGJ<\/div>\n<\/p><\/div>\n<div>\n            <img decoding=\"async\" src=\"https:\/\/www.alivitpharm.com\/wp-content\/uploads\/2025\/05\/icon-15.png\" alt=\"Pa gluten\" width=\"50px\" height=\"50px\" \/><\/p>\n<div>Pa gluten<\/div>\n<\/p><\/div>\n<\/p><\/div>\n<\/div>\n<ul>\n<li>Mund\u00ebson funksionimin normal t\u00eb sistemit imunitar.<\/li>\n<li>Kontribuon n\u00eb ruajtjen e sh\u00ebndetit t\u00eb kockave.<\/li>\n<li>Kontribuon n\u00eb ruajtjen e funksionit normal t\u00eb muskujve.<\/li>\n<li>Ndihmon n\u00eb thithjen\/shfryt\u00ebzimin normal t\u00eb kalciumit dhe fosforit.<\/li>\n<\/ul>","protected":false},"featured_media":13112,"comment_status":"open","ping_status":"closed","template":"","meta":{"site-sidebar-layout":"default","site-content-layout":"default","ast-global-header-display":"","ast-main-header-display":"","ast-hfb-above-header-display":"","ast-hfb-below-header-display":"","ast-hfb-mobile-header-display":"","site-post-title":"","ast-breadcrumbs-content":"","ast-featured-img":"","footer-sml-layout":"","theme-transparent-header-meta":"default","adv-header-id-meta":"","stick-header-meta":"","header-above-stick-meta":"","header-main-stick-meta":"","header-below-stick-meta":""},"product_brand":[],"product_cat":[172,174],"product_tag":[],"class_list":{"0":"post-11264","1":"product","2":"type-product","3":"status-publish","4":"has-post-thumbnail","6":"product_cat-hormonal-balance","7":"product_cat-immune-system","8":"desktop-align-center","9":"tablet-align-center","10":"mobile-align-center","12":"first","13":"instock","14":"shipping-taxable","15":"purchasable","16":"product-type-simple"},"_links":{"self":[{"href":"https:\/\/www.alivitpharm.com\/sq\/wp-json\/wp\/v2\/product\/11264","targetHints":{"allow":["GET"]}}],"collection":[{"href":"https:\/\/www.alivitpharm.com\/sq\/wp-json\/wp\/v2\/product"}],"about":[{"href":"https:\/\/www.alivitpharm.com\/sq\/wp-json\/wp\/v2\/types\/product"}],"replies":[{"embeddable":true,"href":"https:\/\/www.alivitpharm.com\/sq\/wp-json\/wp\/v2\/comments?post=11264"}],"wp:featuredmedia":[{"embeddable":true,"href":"https:\/\/www.alivitpharm.com\/sq\/wp-json\/wp\/v2\/media\/13112"}],"wp:attachment":[{"href":"https:\/\/www.alivitpharm.com\/sq\/wp-json\/wp\/v2\/media?parent=11264"}],"wp:term":[{"taxonomy":"product_brand","embeddable":true,"href":"https:\/\/www.alivitpharm.com\/sq\/wp-json\/wp\/v2\/product_brand?post=11264"},{"taxonomy":"product_cat","embeddable":true,"href":"https:\/\/www.alivitpharm.com\/sq\/wp-json\/wp\/v2\/product_cat?post=11264"},{"taxonomy":"product_tag","embeddable":true,"href":"https:\/\/www.alivitpharm.com\/sq\/wp-json\/wp\/v2\/product_tag?post=11264"}],"curies":[{"name":"wp","href":"https:\/\/api.w.org\/{rel}","templated":true}]}}